{"id":23792,"date":"2025-06-11T11:39:19","date_gmt":"2025-06-11T11:39:19","guid":{"rendered":"https:\/\/www.unavets.com\/bierzoo\/?page_id=23792"},"modified":"2026-02-03T09:47:17","modified_gmt":"2026-02-03T09:47:17","slug":"clinica-amable-con-los-gatos","status":"publish","type":"page","link":"https:\/\/www.unavets.com\/bierzoo\/es\/clinica-amable-con-los-gatos\/","title":{"rendered":"Cl\u00ednica amable con los gatos"},"content":{"rendered":"\t\t<div data-elementor-type=\"wp-page\" data-elementor-id=\"23792\" class=\"elementor elementor-23792\" data-elementor-post-type=\"page\">\n\t\t\t\t\t\t<section class=\"elementor-section elementor-top-section elementor-element elementor-element-40dfa60 elementor-section-boxed elementor-section-height-default elementor-section-height-default\" data-id=\"40dfa60\" data-element_type=\"section\" data-e-type=\"section\">\n\t\t\t\t\t\t<div class=\"elementor-container elementor-column-gap-default\">\n\t\t\t\t\t<div class=\"elementor-column elementor-col-50 elementor-top-column elementor-element elementor-element-b08f2bf\" data-id=\"b08f2bf\" data-element_type=\"column\" data-e-type=\"column\">\n\t\t\t<div class=\"elementor-widget-wrap elementor-element-populated\">\n\t\t\t\t\t\t<div class=\"elementor-element elementor-element-ea92074 elementor-widget elementor-widget-text-editor\" data-id=\"ea92074\" data-element_type=\"widget\" data-e-type=\"widget\" data-widget_type=\"text-editor.default\">\n\t\t\t\t<div class=\"elementor-widget-container\">\n\t\t\t\t\t\t\t\t\t<p data-start=\"73\" data-end=\"413\">En<strong> el Hospital Veterinario Bierzoo Ponferrada<\/strong>, hemos obtenido la certificaci\u00f3n <strong data-start=\"143\" data-end=\"164\">CAT FRIENDLY GOLD<\/strong> y en nuestras <strong>Cl\u00ednicas Veterinarias Bierzoo Bembibre y Bierzoo Cacabelos<\/strong> hemos obtenido la certificaci\u00f3n <strong data-start=\"143\" data-end=\"164\">CAT FRIENDLY SILVER,<\/strong> otorgadas por la organizaci\u00f3n <strong data-start=\"194\" data-end=\"258\">International Cat Care | For the love of cats (icatcare.org)<\/strong>. Este reconocimiento nos acredita como un centro de referencia en el cuidado y bienestar de los gatos, asegurando un entorno adaptado a sus necesidades.<\/p><p data-start=\"415\" data-end=\"669\">El programa <strong data-start=\"427\" data-end=\"450\">Cat Friendly Clinic<\/strong>, impulsado por la Sociedad Internacional de Medicina Felina, busca mejorar la experiencia de los gatos en las cl\u00ednicas veterinarias, reduciendo su estr\u00e9s y facilitando su visita al veterinario junto a sus cuidadores.<\/p>\t\t\t\t\t\t\t\t<\/div>\n\t\t\t\t<\/div>\n\t\t\t\t\t<\/div>\n\t\t<\/div>\n\t\t\t\t<div class=\"elementor-column elementor-col-50 elementor-top-column elementor-element elementor-element-0265cdd\" data-id=\"0265cdd\" data-element_type=\"column\" data-e-type=\"column\">\n\t\t\t<div class=\"elementor-widget-wrap elementor-element-populated\">\n\t\t\t\t\t\t<div class=\"elementor-element elementor-element-17c8d34 elementor-widget elementor-widget-image\" data-id=\"17c8d34\" data-element_type=\"widget\" data-e-type=\"widget\" data-widget_type=\"image.default\">\n\t\t\t\t<div class=\"elementor-widget-container\">\n\t\t\t\t\t\t\t\t\t\t\t\t\t\t\t<img fetchpriority=\"high\" width=\"300\" height=\"176\" class=\"attachment-medium size-medium wp-image-24074 lazy\" alt=\"\" data-src=\"https:\/\/www.unavets.com\/bierzoo\/wp-content\/uploads\/sites\/29\/2026\/02\/CatFriendly-Logos-1-1-300x176.png\" data-lazy=\"https:\/\/www.unavets.com\/bierzoo\/wp-content\/uploads\/sites\/29\/2026\/02\/CatFriendly-Logos-1-1-300x176.png\" \/>\t\t\t\t\t\t\t\t\t\t\t\t\t\t\t<\/div>\n\t\t\t\t<\/div>\n\t\t\t\t<div class=\"elementor-element elementor-element-e4ed6d8 elementor-widget elementor-widget-image\" data-id=\"e4ed6d8\" data-element_type=\"widget\" data-e-type=\"widget\" data-widget_type=\"image.default\">\n\t\t\t\t<div class=\"elementor-widget-container\">\n\t\t\t\t\t\t\t\t\t\t\t\t\t\t\t<img width=\"300\" height=\"163\" class=\"attachment-medium size-medium wp-image-24073 lazy\" alt=\"\" data-src=\"https:\/\/www.unavets.com\/bierzoo\/wp-content\/uploads\/sites\/29\/2026\/02\/CatFriendly-Logos-2-1-300x163.png\" data-lazy=\"https:\/\/www.unavets.com\/bierzoo\/wp-content\/uploads\/sites\/29\/2026\/02\/CatFriendly-Logos-2-1-300x163.png\" \/>\t\t\t\t\t\t\t\t\t\t\t\t\t\t\t<\/div>\n\t\t\t\t<\/div>\n\t\t\t\t\t<\/div>\n\t\t<\/div>\n\t\t\t\t\t<\/div>\n\t\t<\/section>\n\t\t\t\t<section class=\"elementor-section elementor-top-section elementor-element elementor-element-9c3ccfe elementor-section-boxed elementor-section-height-default elementor-section-height-default\" data-id=\"9c3ccfe\" data-element_type=\"section\" data-e-type=\"section\">\n\t\t\t\t\t\t<div class=\"elementor-container elementor-column-gap-default\">\n\t\t\t\t\t<div class=\"elementor-column elementor-col-33 elementor-top-column elementor-element elementor-element-3c26b1f\" data-id=\"3c26b1f\" data-element_type=\"column\" data-e-type=\"column\">\n\t\t\t<div class=\"elementor-widget-wrap elementor-element-populated\">\n\t\t\t\t\t\t<div class=\"elementor-element elementor-element-558905e elementor-align-center round-button elementor-widget elementor-widget-button\" data-id=\"558905e\" data-element_type=\"widget\" data-e-type=\"widget\" data-widget_type=\"button.default\">\n\t\t\t\t<div class=\"elementor-widget-container\">\n\t\t\t\t\t\t\t\t\t<div class=\"elementor-button-wrapper\">\n\t\t\t\t\t<a class=\"elementor-button elementor-button-link elementor-size-md\" href=\"tel:987427683\">\n\t\t\t\t\t\t<span class=\"elementor-button-content-wrapper\">\n\t\t\t\t\t\t<span class=\"elementor-button-icon\">\n\t\t\t\t<i aria-hidden=\"true\" class=\"far fa-calendar-alt\"><\/i>\t\t\t<\/span>\n\t\t\t\t\t\t\t\t\t<span class=\"elementor-button-text\">Pide cita en Ponferrada<\/span>\n\t\t\t\t\t<\/span>\n\t\t\t\t\t<\/a>\n\t\t\t\t<\/div>\n\t\t\t\t\t\t\t\t<\/div>\n\t\t\t\t<\/div>\n\t\t\t\t\t<\/div>\n\t\t<\/div>\n\t\t\t\t<div class=\"elementor-column elementor-col-33 elementor-top-column elementor-element elementor-element-db97c76\" data-id=\"db97c76\" data-element_type=\"column\" data-e-type=\"column\">\n\t\t\t<div class=\"elementor-widget-wrap elementor-element-populated\">\n\t\t\t\t\t\t<div class=\"elementor-element elementor-element-d83cbca elementor-align-center round-button elementor-widget elementor-widget-button\" data-id=\"d83cbca\" data-element_type=\"widget\" data-e-type=\"widget\" data-widget_type=\"button.default\">\n\t\t\t\t<div class=\"elementor-widget-container\">\n\t\t\t\t\t\t\t\t\t<div class=\"elementor-button-wrapper\">\n\t\t\t\t\t<a class=\"elementor-button elementor-button-link elementor-size-md\" href=\"tel:987620035\">\n\t\t\t\t\t\t<span class=\"elementor-button-content-wrapper\">\n\t\t\t\t\t\t<span class=\"elementor-button-icon\">\n\t\t\t\t<i aria-hidden=\"true\" class=\"far fa-calendar-alt\"><\/i>\t\t\t<\/span>\n\t\t\t\t\t\t\t\t\t<span class=\"elementor-button-text\">Pide cita en Bembibre<\/span>\n\t\t\t\t\t<\/span>\n\t\t\t\t\t<\/a>\n\t\t\t\t<\/div>\n\t\t\t\t\t\t\t\t<\/div>\n\t\t\t\t<\/div>\n\t\t\t\t\t<\/div>\n\t\t<\/div>\n\t\t\t\t<div class=\"elementor-column elementor-col-33 elementor-top-column elementor-element elementor-element-fb5e59f\" data-id=\"fb5e59f\" data-element_type=\"column\" data-e-type=\"column\">\n\t\t\t<div class=\"elementor-widget-wrap elementor-element-populated\">\n\t\t\t\t\t\t<div class=\"elementor-element elementor-element-f56851a elementor-align-center round-button elementor-widget elementor-widget-button\" data-id=\"f56851a\" data-element_type=\"widget\" data-e-type=\"widget\" data-widget_type=\"button.default\">\n\t\t\t\t<div class=\"elementor-widget-container\">\n\t\t\t\t\t\t\t\t\t<div class=\"elementor-button-wrapper\">\n\t\t\t\t\t<a class=\"elementor-button elementor-button-link elementor-size-md\" href=\"tel:987549132\">\n\t\t\t\t\t\t<span class=\"elementor-button-content-wrapper\">\n\t\t\t\t\t\t<span class=\"elementor-button-icon\">\n\t\t\t\t<i aria-hidden=\"true\" class=\"far fa-calendar-alt\"><\/i>\t\t\t<\/span>\n\t\t\t\t\t\t\t\t\t<span class=\"elementor-button-text\">Pide cita en Cacabelos<\/span>\n\t\t\t\t\t<\/span>\n\t\t\t\t\t<\/a>\n\t\t\t\t<\/div>\n\t\t\t\t\t\t\t\t<\/div>\n\t\t\t\t<\/div>\n\t\t\t\t\t<\/div>\n\t\t<\/div>\n\t\t\t\t\t<\/div>\n\t\t<\/section>\n\t\t\t\t<section class=\"elementor-section elementor-top-section elementor-element elementor-element-d4a3277 elementor-section-boxed elementor-section-height-default elementor-section-height-default\" data-id=\"d4a3277\" data-element_type=\"section\" data-e-type=\"section\">\n\t\t\t\t\t\t<div class=\"elementor-container elementor-column-gap-default\">\n\t\t\t\t\t<div class=\"elementor-column elementor-col-100 elementor-top-column elementor-element elementor-element-70e2c79\" data-id=\"70e2c79\" data-element_type=\"column\" data-e-type=\"column\">\n\t\t\t<div class=\"elementor-widget-wrap elementor-element-populated\">\n\t\t\t\t\t\t<div class=\"elementor-element elementor-element-ff8d46d elementor-widget elementor-widget-toggle\" data-id=\"ff8d46d\" data-element_type=\"widget\" data-e-type=\"widget\" data-widget_type=\"toggle.default\">\n\t\t\t\t<div class=\"elementor-widget-container\">\n\t\t\t\t\t\t\t<div class=\"elementor-toggle\">\n\t\t\t\t\t\t\t<div class=\"elementor-toggle-item\">\n\t\t\t\t\t<h3 id=\"elementor-tab-title-2671\" class=\"elementor-tab-title\" data-tab=\"1\" role=\"button\" aria-controls=\"elementor-tab-content-2671\" aria-expanded=\"false\">\n\t\t\t\t\t\t\t\t\t\t\t\t<span class=\"elementor-toggle-icon elementor-toggle-icon-left\" aria-hidden=\"true\">\n\t\t\t\t\t\t\t\t\t\t\t\t\t\t\t<span class=\"elementor-toggle-icon-closed\"><i class=\"fas fa-chevron-down\"><\/i><\/span>\n\t\t\t\t\t\t\t\t<span class=\"elementor-toggle-icon-opened\"><i class=\"elementor-toggle-icon-opened fas fa-chevron-up\"><\/i><\/span>\n\t\t\t\t\t\t\t\t\t\t\t\t\t<\/span>\n\t\t\t\t\t\t\t\t\t\t\t\t<a class=\"elementor-toggle-title\" tabindex=\"0\">\u00bfQu\u00e9 significa la Certificaci\u00f3n Oro para ti y tu gato?<\/a>\n\t\t\t\t\t<\/h3>\n\n\t\t\t\t\t<div id=\"elementor-tab-content-2671\" class=\"elementor-tab-content elementor-clearfix\" data-tab=\"1\" role=\"region\" aria-labelledby=\"elementor-tab-title-2671\"><p data-sourcepos=\"13:1-13:82\">Nuestro nivel Oro garantiza el bienestar de tu gato en cada paso de la visita:<\/p><p data-sourcepos=\"13:1-13:82\"><strong>Un entorno adecuado desde la llegada:<\/strong><\/p><ul><li style=\"list-style-type: none;\"><ul><li>Contamos con una <strong>sala de espera separada y exclusiva para gatos<\/strong>, garantizando que no haya contacto estresante con perros u otros animales.<\/li><li><strong>Disponemos de mantas para cubrir los transportines<\/strong>, proporcionando un refugio seguro y minimizando la visibilidad de extra\u00f1os.<\/li><li>Facilitamos espacios para que los transportines puedan mantenerse fuera del suelo.<\/li><\/ul><\/li><\/ul><p><strong>Hospitalizaci\u00f3n dise\u00f1ada para gatos:<\/strong><\/p><ul><li style=\"list-style-type: none;\"><ul><li>En caso de que tu gato necesite ser hospitalizado, disponemos de una <strong>sala de hospitalizaci\u00f3n independiente, solo para felinos.<\/strong><\/li><li>Nuestras <strong>jaulas son m\u00e1s grandes<\/strong> y cumplen con los est\u00e1ndares de bienestar, permitiendo a tu gato sentirse c\u00f3modo durante su estancia.<\/li><\/ul><\/li><\/ul><p><strong>Consultas personalizadas y sin prisas:<\/strong><\/p><ul><li style=\"list-style-type: none;\"><ul><li>Ofrecemos una <strong>sala de consulta\/examen dedicada solo para gatos<\/strong>, libre de olores de otros animales y dise\u00f1ada para su tranquilidad.<\/li><li>Nuestras citas tienen una duraci\u00f3n m\u00ednima de <strong>15 minutos<\/strong>, y dedicamos a\u00fan m\u00e1s tiempo a gatos enfermos, mayores, ansiosos, o para consultas de comportamiento y casos complejos.<\/li><\/ul><\/li><\/ul><p><strong>Quir\u00f3fano exclusivo y seguro:<\/strong><\/p><ul><li style=\"list-style-type: none;\"><ul><li>Disponemos de un <strong>quir\u00f3fano separado y dedicado<\/strong> \u00fanicamente a procedimientos quir\u00fargicos felinos, asegurando un ambiente est\u00e9ril y tranquilo para la cirug\u00eda.<\/li><\/ul><\/li><\/ul><p data-sourcepos=\"31:3-31:55\"><strong>Equipamiento para gatos:<\/strong><\/p><ul><li style=\"list-style-type: none;\"><ul><li style=\"list-style-type: none;\"><ul><li>Contamos con un<strong>\u00a0equipamiento<\/strong> adaptado a sus necesidades, incluyendo tecnolog\u00eda de laboratorio y herramientas diagn\u00f3sticas que nos permiten ofrecer el mejor cuidado posible.<\/li><\/ul><\/li><\/ul><\/li><\/ul><\/div>\n\t\t\t\t<\/div>\n\t\t\t\t\t\t\t\t<\/div>\n\t\t\t\t\t\t<\/div>\n\t\t\t\t<\/div>\n\t\t\t\t<div class=\"elementor-element elementor-element-97b61c5 elementor-widget elementor-widget-toggle\" data-id=\"97b61c5\" data-element_type=\"widget\" data-e-type=\"widget\" data-widget_type=\"toggle.default\">\n\t\t\t\t<div class=\"elementor-widget-container\">\n\t\t\t\t\t\t\t<div class=\"elementor-toggle\">\n\t\t\t\t\t\t\t<div class=\"elementor-toggle-item\">\n\t\t\t\t\t<h3 id=\"elementor-tab-title-1591\" class=\"elementor-tab-title\" data-tab=\"1\" role=\"button\" aria-controls=\"elementor-tab-content-1591\" aria-expanded=\"false\">\n\t\t\t\t\t\t\t\t\t\t\t\t<span class=\"elementor-toggle-icon elementor-toggle-icon-left\" aria-hidden=\"true\">\n\t\t\t\t\t\t\t\t\t\t\t\t\t\t\t<span class=\"elementor-toggle-icon-closed\"><i class=\"fas fa-chevron-down\"><\/i><\/span>\n\t\t\t\t\t\t\t\t<span class=\"elementor-toggle-icon-opened\"><i class=\"elementor-toggle-icon-opened fas fa-chevron-up\"><\/i><\/span>\n\t\t\t\t\t\t\t\t\t\t\t\t\t<\/span>\n\t\t\t\t\t\t\t\t\t\t\t\t<a class=\"elementor-toggle-title\" tabindex=\"0\">\u00bfQu\u00e9 significa la Certificaci\u00f3n Plata para ti y tu gato?<\/a>\n\t\t\t\t\t<\/h3>\n\n\t\t\t\t\t<div id=\"elementor-tab-content-1591\" class=\"elementor-tab-content elementor-clearfix\" data-tab=\"1\" role=\"region\" aria-labelledby=\"elementor-tab-title-1591\"><p data-sourcepos=\"13:1-13:82\">Nuestro nivel plata garantiza un cuidado considerado y adaptado a las necesidades de tu gato:<\/p><p data-sourcepos=\"13:1-13:82\"><strong>Un entorno adecuado desde la llegada:<\/strong><\/p><ul><li style=\"list-style-type: none;\"><ul><li>Contamos con una <strong>sala de espera separada y exclusiva para gatos<\/strong>, garantizando que no haya contacto estresante con perros u otros animales.<\/li><li><strong>Disponemos de mantas para cubrir los transportines<\/strong>, proporcionando un refugio seguro y minimizando la visibilidad de extra\u00f1os.<\/li><li>Facilitamos espacios para que los transportines puedan mantenerse fuera del suelo.<\/li><\/ul><\/li><\/ul><p><strong>Hospitalizaci\u00f3n con separaci\u00f3n:<\/strong><\/p><ul><li style=\"list-style-type: none;\"><ul><li>En caso de que tu gato necesite ser hospitalizado, disponemos de <strong>\u00e1reas de hospitalizaci\u00f3n donde perros y gatos est\u00e1n separados<\/strong>, evitando as\u00ed estr\u00e9s innecesario.<\/li><li>Nuestras <strong>jaulas cumplen o superan los tama\u00f1os m\u00ednimos<\/strong> establecidos, asegurando que tu gato tenga espacio adecuado para su comodidad durante su estancia.<\/li><\/ul><\/li><\/ul><p><strong>Consultas confortables:<\/strong><\/p><ul><li style=\"list-style-type: none;\"><ul><li>Ofrecemos una <strong>sala de consulta\/examen segura, protegida y bien equipada<\/strong>.<\/li><li>Nuestras citas tienen una duraci\u00f3n m\u00ednima de <strong>10 minutos<\/strong>, y dedicamos a\u00fan m\u00e1s tiempo a gatos enfermos, mayores, ansiosos, o para consultas de comportamiento y casos complejos.<\/li><\/ul><\/li><\/ul><p><strong>Instalaciones:<\/strong><\/p><ul><li style=\"list-style-type: none;\"><ul><li>Contamos con las <strong>instalaciones necesarias para anestesiar gatos<\/strong>, si es requerido para alg\u00fan procedimiento.<\/li><\/ul><\/li><\/ul><p data-sourcepos=\"31:3-31:55\"><strong>Equipamiento para gatos:<\/strong><\/p><ul><li style=\"list-style-type: none;\"><ul><li>Contamos con un<strong>\u00a0equipamiento<\/strong> <strong>adicional amigable con gatos<\/strong>, incluyendo herramientas para la atenci\u00f3n dental, lo que nos permite abordar una gama m\u00e1s amplia de necesidades m\u00e9dicas.<\/li><\/ul><\/li><\/ul><\/div>\n\t\t\t\t<\/div>\n\t\t\t\t\t\t\t\t<\/div>\n\t\t\t\t\t\t<\/div>\n\t\t\t\t<\/div>\n\t\t\t\t\t<\/div>\n\t\t<\/div>\n\t\t\t\t\t<\/div>\n\t\t<\/section>\n\t\t\t\t<\/div>\n\t\t","protected":false},"excerpt":{"rendered":"<p>En el Hospital Veterinario Bierzoo Ponferrada, hemos obtenido la certificaci\u00f3n CAT FRIENDLY GOLD y en nuestras Cl\u00ednicas Veterinarias Bierzoo Bembibre y Bierzoo Cacabelos hemos obtenido la certificaci\u00f3n CAT FRIENDLY SILVER, otorgadas por la organizaci\u00f3n International Cat Care | For the love of cats (icatcare.org). Este reconocimiento nos acredita como un centro de referencia en el &hellip; <\/p>\n","protected":false},"author":60,"featured_media":0,"parent":0,"menu_order":0,"comment_status":"closed","ping_status":"closed","template":"page-fullwidth.php","meta":{"_acf_changed":false,"content-type":"","footnotes":""},"class_list":["post-23792","page","type-page","status-publish","hentry"],"acf":[],"_links":{"self":[{"href":"https:\/\/www.unavets.com\/bierzoo\/es\/wp-json\/wp\/v2\/pages\/23792","targetHints":{"allow":["GET"]}}],"collection":[{"href":"https:\/\/www.unavets.com\/bierzoo\/es\/wp-json\/wp\/v2\/pages"}],"about":[{"href":"https:\/\/www.unavets.com\/bierzoo\/es\/wp-json\/wp\/v2\/types\/page"}],"author":[{"embeddable":true,"href":"https:\/\/www.unavets.com\/bierzoo\/es\/wp-json\/wp\/v2\/users\/60"}],"replies":[{"embeddable":true,"href":"https:\/\/www.unavets.com\/bierzoo\/es\/wp-json\/wp\/v2\/comments?post=23792"}],"version-history":[{"count":43,"href":"https:\/\/www.unavets.com\/bierzoo\/es\/wp-json\/wp\/v2\/pages\/23792\/revisions"}],"predecessor-version":[{"id":24077,"href":"https:\/\/www.unavets.com\/bierzoo\/es\/wp-json\/wp\/v2\/pages\/23792\/revisions\/24077"}],"wp:attachment":[{"href":"https:\/\/www.unavets.com\/bierzoo\/es\/wp-json\/wp\/v2\/media?parent=23792"}],"curies":[{"name":"wp","href":"https:\/\/api.w.org\/{rel}","templated":true}]}}