{"id":15234,"date":"2021-06-15T11:31:27","date_gmt":"2021-06-15T11:31:27","guid":{"rendered":"http:\/\/www.unavets.com\/bierzoo\/?page_id=15234"},"modified":"2024-06-27T07:42:58","modified_gmt":"2024-06-27T07:42:58","slug":"hospitalizacion","status":"publish","type":"page","link":"https:\/\/www.unavets.com\/bierzoo\/es\/servicios\/hospitalizacion\/","title":{"rendered":"Hospitalizaci\u00f3n"},"content":{"rendered":"\t\t<div data-elementor-type=\"wp-page\" data-elementor-id=\"15234\" class=\"elementor elementor-15234 elementor-523\" data-elementor-post-type=\"page\">\n\t\t\t\t\t\t<section class=\"elementor-section elementor-top-section elementor-element elementor-element-d47bece pad-top-0 elementor-section-boxed elementor-section-height-default elementor-section-height-default\" data-id=\"d47bece\" data-element_type=\"section\" data-e-type=\"section\" id=\"main-sec\">\n\t\t\t\t\t\t<div class=\"elementor-container elementor-column-gap-wide\">\n\t\t\t\t\t<div class=\"elementor-column elementor-col-50 elementor-top-column elementor-element elementor-element-17d14fe\" data-id=\"17d14fe\" data-element_type=\"column\" data-e-type=\"column\">\n\t\t\t<div class=\"elementor-widget-wrap elementor-element-populated\">\n\t\t\t\t\t\t<div class=\"elementor-element elementor-element-aea8b6d elementor-widget elementor-widget-image\" data-id=\"aea8b6d\" data-element_type=\"widget\" data-e-type=\"widget\" data-widget_type=\"image.default\">\n\t\t\t\t<div class=\"elementor-widget-container\">\n\t\t\t\t\t\t\t\t\t\t\t\t\t\t\t<img fetchpriority=\"high\" width=\"879\" height=\"701\" class=\"attachment-full size-full wp-image-23418 lazy\" alt=\"\" data-src=\"https:\/\/www.unavets.com\/bierzoo\/wp-content\/uploads\/sites\/29\/2024\/06\/2.jpg\" data-lazy=\"https:\/\/www.unavets.com\/bierzoo\/wp-content\/uploads\/sites\/29\/2024\/06\/2.jpg\" \/>\t\t\t\t\t\t\t\t\t\t\t\t\t\t\t<\/div>\n\t\t\t\t<\/div>\n\t\t\t\t\t<\/div>\n\t\t<\/div>\n\t\t\t\t<div class=\"elementor-column elementor-col-50 elementor-top-column elementor-element elementor-element-c7280af\" data-id=\"c7280af\" data-element_type=\"column\" data-e-type=\"column\">\n\t\t\t<div class=\"elementor-widget-wrap elementor-element-populated\">\n\t\t\t\t\t\t<div class=\"elementor-element elementor-element-feb8866 elementor-widget elementor-widget-text-editor\" data-id=\"feb8866\" data-element_type=\"widget\" data-e-type=\"widget\" data-widget_type=\"text-editor.default\">\n\t\t\t\t<div class=\"elementor-widget-container\">\n\t\t\t\t\t\t\t\t\t<p>En <span data-sheets-value=\"{\" data-sheets-userformat=\"{\">Centros Veterinarios Bierzoo n<\/span>uestro servicio de hospitalizaci\u00f3n est\u00e1 dedicado al cuidado intensivo del paciente todos los d\u00edas del a\u00f1o. El equipo veterinario de nuestras cl\u00ednicas de <span data-sheets-value=\"{\" data-sheets-userformat=\"{\">Ponferrada <\/span>vigila constantemente a los pacientes.<\/p><p>Disponemos de equipos de fluidoterapia con infusi\u00f3n constante, nutrici\u00f3n a trav\u00e9s de sonda nasoesof\u00e1gica, drenajes, cat\u00e9teres, oxigenoterapia, l\u00e1mparas de infrarrojos, etc.<\/p><p>\u00a0<\/p>\t\t\t\t\t\t\t\t<\/div>\n\t\t\t\t<\/div>\n\t\t\t\t\t<\/div>\n\t\t<\/div>\n\t\t\t\t\t<\/div>\n\t\t<\/section>\n\t\t\t\t<section class=\"elementor-section elementor-top-section elementor-element elementor-element-f1f8860 elementor-section-boxed elementor-section-height-default elementor-section-height-default\" data-id=\"f1f8860\" data-element_type=\"section\" data-e-type=\"section\">\n\t\t\t\t\t\t<div class=\"elementor-container elementor-column-gap-default\">\n\t\t\t\t\t<div class=\"elementor-column elementor-col-100 elementor-top-column elementor-element elementor-element-a371cb8\" data-id=\"a371cb8\" data-element_type=\"column\" data-e-type=\"column\">\n\t\t\t<div class=\"elementor-widget-wrap elementor-element-populated\">\n\t\t\t\t\t\t<div class=\"elementor-element elementor-element-98700a0 elementor-widget elementor-widget-text-editor\" data-id=\"98700a0\" data-element_type=\"widget\" data-e-type=\"widget\" data-widget_type=\"text-editor.default\">\n\t\t\t\t<div class=\"elementor-widget-container\">\n\t\t\t\t\t\t\t\t\t<p style=\"text-align: left\">La hospitalizaci\u00f3n es imprescindible en animales que acaban de ser intervenidos quir\u00fargicamente, en enfermedades que requieren un tratamiento y supervisi\u00f3n continua (insuficiencias renales, procesos infecciosos severos, cuadros digestivos\u2026) donde reciben fluidoterapia intravenosa, nutrici\u00f3n parenteral y medicaci\u00f3n.<\/p>\n<p style=\"text-align: left\">Todo ello bajo la constante supervisi\u00f3n de veterinarios y auxiliares de <span data-sheets-value=\"{\" data-sheets-userformat=\"{\">Centros Veterinarios Bierzoo <\/span>que comprueban su grado de hidrataci\u00f3n, su alimentaci\u00f3n, sus constantes vitales, realizando las curas necesarias, administrando oxigenoterapia, estando alerta de cualquier variaci\u00f3n en el estado del paciente para poder realizar las pruebas necesarias o modificar el tratamiento en funci\u00f3n de su evoluci\u00f3n.<\/p>\n<p style=\"text-align: left\">Contamos con dos espacios diferenciados para hospitalizar los perros y los gatos.<\/p>\n<p style=\"text-align: left\">La sala de hospitalizaci\u00f3n cuenta con un completo equipamiento para la monitorizaci\u00f3n y el tratamiento de todo tipo de animales (l\u00e1mparas de calor, equipos de infusi\u00f3n, y una jaula de unidad de cuidados intensivos (UCI) en las que se controla ox\u00edgeno y temperatura).<\/p>\t\t\t\t\t\t\t\t<\/div>\n\t\t\t\t<\/div>\n\t\t\t\t\t<\/div>\n\t\t<\/div>\n\t\t\t\t\t<\/div>\n\t\t<\/section>\n\t\t\t\t<section class=\"elementor-section elementor-top-section elementor-element elementor-element-b58a431 elementor-section-boxed elementor-section-height-default elementor-section-height-default\" data-id=\"b58a431\" data-element_type=\"section\" data-e-type=\"section\">\n\t\t\t\t\t\t<div class=\"elementor-container elementor-column-gap-default\">\n\t\t\t\t\t<div class=\"elementor-column elementor-col-33 elementor-top-column elementor-element elementor-element-f7eb006\" data-id=\"f7eb006\" data-element_type=\"column\" data-e-type=\"column\">\n\t\t\t<div class=\"elementor-widget-wrap elementor-element-populated\">\n\t\t\t\t\t\t<div class=\"elementor-element elementor-element-d6bc8d2 elementor-align-center round-button elementor-widget elementor-widget-button\" data-id=\"d6bc8d2\" data-element_type=\"widget\" data-e-type=\"widget\" data-widget_type=\"button.default\">\n\t\t\t\t<div class=\"elementor-widget-container\">\n\t\t\t\t\t\t\t\t\t<div class=\"elementor-button-wrapper\">\n\t\t\t\t\t<a class=\"elementor-button elementor-button-link elementor-size-md\" href=\"tel:987427683\">\n\t\t\t\t\t\t<span class=\"elementor-button-content-wrapper\">\n\t\t\t\t\t\t<span class=\"elementor-button-icon\">\n\t\t\t\t<i aria-hidden=\"true\" class=\"far fa-calendar-alt\"><\/i>\t\t\t<\/span>\n\t\t\t\t\t\t\t\t\t<span class=\"elementor-button-text\">Pide cita en Ponferrada<\/span>\n\t\t\t\t\t<\/span>\n\t\t\t\t\t<\/a>\n\t\t\t\t<\/div>\n\t\t\t\t\t\t\t\t<\/div>\n\t\t\t\t<\/div>\n\t\t\t\t\t<\/div>\n\t\t<\/div>\n\t\t\t\t<div class=\"elementor-column elementor-col-33 elementor-top-column elementor-element elementor-element-9e7aa97\" data-id=\"9e7aa97\" data-element_type=\"column\" data-e-type=\"column\">\n\t\t\t<div class=\"elementor-widget-wrap elementor-element-populated\">\n\t\t\t\t\t\t<div class=\"elementor-element elementor-element-44194a1 elementor-align-center round-button elementor-widget elementor-widget-button\" data-id=\"44194a1\" data-element_type=\"widget\" data-e-type=\"widget\" data-widget_type=\"button.default\">\n\t\t\t\t<div class=\"elementor-widget-container\">\n\t\t\t\t\t\t\t\t\t<div class=\"elementor-button-wrapper\">\n\t\t\t\t\t<a class=\"elementor-button elementor-button-link elementor-size-md\" href=\"tel:987620035\">\n\t\t\t\t\t\t<span class=\"elementor-button-content-wrapper\">\n\t\t\t\t\t\t<span class=\"elementor-button-icon\">\n\t\t\t\t<i aria-hidden=\"true\" class=\"far fa-calendar-alt\"><\/i>\t\t\t<\/span>\n\t\t\t\t\t\t\t\t\t<span class=\"elementor-button-text\">Pide cita en Bembibre<\/span>\n\t\t\t\t\t<\/span>\n\t\t\t\t\t<\/a>\n\t\t\t\t<\/div>\n\t\t\t\t\t\t\t\t<\/div>\n\t\t\t\t<\/div>\n\t\t\t\t\t<\/div>\n\t\t<\/div>\n\t\t\t\t<div class=\"elementor-column elementor-col-33 elementor-top-column elementor-element elementor-element-ef0b886\" data-id=\"ef0b886\" data-element_type=\"column\" data-e-type=\"column\">\n\t\t\t<div class=\"elementor-widget-wrap elementor-element-populated\">\n\t\t\t\t\t\t<div class=\"elementor-element elementor-element-e2251a9 elementor-align-center round-button elementor-widget elementor-widget-button\" data-id=\"e2251a9\" data-element_type=\"widget\" data-e-type=\"widget\" data-widget_type=\"button.default\">\n\t\t\t\t<div class=\"elementor-widget-container\">\n\t\t\t\t\t\t\t\t\t<div class=\"elementor-button-wrapper\">\n\t\t\t\t\t<a class=\"elementor-button elementor-button-link elementor-size-md\" href=\"tel:987549132\">\n\t\t\t\t\t\t<span class=\"elementor-button-content-wrapper\">\n\t\t\t\t\t\t<span class=\"elementor-button-icon\">\n\t\t\t\t<i aria-hidden=\"true\" class=\"far fa-calendar-alt\"><\/i>\t\t\t<\/span>\n\t\t\t\t\t\t\t\t\t<span class=\"elementor-button-text\">Pide cita en Cacabelos<\/span>\n\t\t\t\t\t<\/span>\n\t\t\t\t\t<\/a>\n\t\t\t\t<\/div>\n\t\t\t\t\t\t\t\t<\/div>\n\t\t\t\t<\/div>\n\t\t\t\t\t<\/div>\n\t\t<\/div>\n\t\t\t\t\t<\/div>\n\t\t<\/section>\n\t\t\t\t<\/div>\n\t\t","protected":false},"excerpt":{"rendered":"<p>En nuestro servicio de hospitalizaci\u00f3n est\u00e1 dedicado al cuidado intensivo del paciente todos los d\u00edas del a\u00f1o. El equipo veterinario de nuestras cl\u00ednicas de vigila constantemente a los pacientes. Disponemos de equipos de fluidoterapia con infusi\u00f3n constante, nutrici\u00f3n a trav\u00e9s de sonda nasoesof\u00e1gica, drenajes, cat\u00e9teres, oxigenoterapia, l\u00e1mparas de infrarrojos, etc. \u00a0 La hospitalizaci\u00f3n es imprescindible &hellip; <\/p>\n","protected":false},"author":4,"featured_media":0,"parent":13564,"menu_order":0,"comment_status":"closed","ping_status":"closed","template":"page-fullwidth.php","meta":{"_acf_changed":false,"content-type":"","footnotes":""},"class_list":["post-15234","page","type-page","status-publish","hentry"],"acf":[],"_links":{"self":[{"href":"https:\/\/www.unavets.com\/bierzoo\/es\/wp-json\/wp\/v2\/pages\/15234","targetHints":{"allow":["GET"]}}],"collection":[{"href":"https:\/\/www.unavets.com\/bierzoo\/es\/wp-json\/wp\/v2\/pages"}],"about":[{"href":"https:\/\/www.unavets.com\/bierzoo\/es\/wp-json\/wp\/v2\/types\/page"}],"author":[{"embeddable":true,"href":"https:\/\/www.unavets.com\/bierzoo\/es\/wp-json\/wp\/v2\/users\/4"}],"replies":[{"embeddable":true,"href":"https:\/\/www.unavets.com\/bierzoo\/es\/wp-json\/wp\/v2\/comments?post=15234"}],"version-history":[{"count":3,"href":"https:\/\/www.unavets.com\/bierzoo\/es\/wp-json\/wp\/v2\/pages\/15234\/revisions"}],"predecessor-version":[{"id":23440,"href":"https:\/\/www.unavets.com\/bierzoo\/es\/wp-json\/wp\/v2\/pages\/15234\/revisions\/23440"}],"up":[{"embeddable":true,"href":"https:\/\/www.unavets.com\/bierzoo\/es\/wp-json\/wp\/v2\/pages\/13564"}],"wp:attachment":[{"href":"https:\/\/www.unavets.com\/bierzoo\/es\/wp-json\/wp\/v2\/media?parent=15234"}],"curies":[{"name":"wp","href":"https:\/\/api.w.org\/{rel}","templated":true}]}}