{"id":14798,"date":"2021-06-11T11:40:44","date_gmt":"2021-06-11T11:40:44","guid":{"rendered":"http:\/\/www.unavets.com\/bierzoo\/?page_id=14798"},"modified":"2023-05-22T11:43:23","modified_gmt":"2023-05-22T11:43:23","slug":"tienda-especializada","status":"publish","type":"page","link":"https:\/\/www.unavets.com\/bierzoo\/es\/tienda-especializada\/","title":{"rendered":"Tienda Especializada"},"content":{"rendered":"\t\t<div data-elementor-type=\"wp-page\" data-elementor-id=\"14798\" class=\"elementor elementor-14798 elementor-14795\" data-elementor-post-type=\"page\">\n\t\t\t\t\t\t<section class=\"elementor-section elementor-top-section elementor-element elementor-element-d993722 elementor-section-boxed elementor-section-height-default elementor-section-height-default\" data-id=\"d993722\" data-element_type=\"section\" data-e-type=\"section\" id=\"main-sec\">\n\t\t\t\t\t\t<div class=\"elementor-container elementor-column-gap-default\">\n\t\t\t\t\t<div class=\"elementor-column elementor-col-100 elementor-top-column elementor-element elementor-element-065811d\" data-id=\"065811d\" data-element_type=\"column\" data-e-type=\"column\">\n\t\t\t<div class=\"elementor-widget-wrap elementor-element-populated\">\n\t\t\t\t\t\t<div class=\"elementor-element elementor-element-63d99ac elementor-widget elementor-widget-text-editor\" data-id=\"63d99ac\" data-element_type=\"widget\" data-e-type=\"widget\" data-widget_type=\"text-editor.default\">\n\t\t\t\t<div class=\"elementor-widget-container\">\n\t\t\t\t\t\t\t\t\t<div><div><div>Centros Veterinarios Bierzoo dispone de una completa tienda donde podr\u00e1s encontrar las mejores marcas de alimentaci\u00f3n para tu mascota, y una gran variedad de accesorios como correas, collares, comederos, champ\u00fa, colonia, etc y mucho m\u00e1s.<\/div><div><div class=\"wpb_column vc_column_container vc_col-sm-4\"><div class=\"vc_column-inner \"><div class=\"wpb_wrapper\"><div class=\"wpb_text_column wpb_content_element \"><div class=\"wpb_wrapper\"><h3>Los B\u00e1sicos<\/h3><\/div><\/div><div class=\"wpb_text_column wpb_content_element \"><div class=\"wpb_wrapper\"><p>Es muy importante que tu mascota tenga los accesorios basicos imprescindibles para el paseo. Una buena correa y un collar ser\u00e1n suficientes. Por eso, en Bierzoo contamos con una gran variedad de productos de paseo que se adaptar\u00e1n a la perfecci\u00f3n a cada tipo de mascota.<\/p><\/div><\/div><\/div><\/div><\/div><div class=\"wpb_column vc_column_container vc_col-sm-4\"><div class=\"vc_column-inner \"><div class=\"wpb_wrapper\"><div class=\"vc_icon_element vc_icon_element-outer vc_icon_element-align-center\"><div class=\"vc_icon_element-inner vc_icon_element-color-custom vc_icon_element-size-xl vc_icon_element-style- vc_icon_element-background-color-grey\">\u00a0<\/div><\/div><div class=\"wpb_text_column wpb_content_element \"><div class=\"wpb_wrapper\"><h3>Para Disfrutar<\/h3><\/div><\/div><div class=\"wpb_text_column wpb_content_element \"><div class=\"wpb_wrapper\"><p>Otro tipo de objetos te ayudar\u00e1n a que su vida sea m\u00e1s c\u00f3moda y placentera. Cuando tu perro es un cachorro tendr\u00e1 tendencia a morder lo que le rodea hasta que le muden los dientes. Un mordedor le ayudar\u00e1 a aliviar el dolor y evitar\u00e1 que te destroce parte de los muebles.<\/p><\/div><\/div><\/div><\/div><\/div><div class=\"wpb_column vc_column_container vc_col-sm-4\"><div class=\"vc_column-inner \"><div class=\"wpb_wrapper\"><div class=\"vc_icon_element vc_icon_element-outer vc_icon_element-align-center\"><div class=\"vc_icon_element-inner vc_icon_element-color-custom vc_icon_element-size-xl vc_icon_element-style- vc_icon_element-background-color-grey\">\u00a0<\/div><\/div><div class=\"wpb_text_column wpb_content_element \"><div class=\"wpb_wrapper\"><h3>Lo Necesario<\/h3><\/div><\/div><div class=\"wpb_text_column wpb_content_element \"><div class=\"wpb_wrapper\"><p>No hay que olvidarse tampoco de sus comederos para la alimentaci\u00f3n y el agua. Mantener sus cuencos llenos y limpios es una tarea diaria que no debemos olvidar. Una buena higiene y elecci\u00f3n de comida de calidad es necesario para el bienestar de nuestros peludos.<\/p><\/div><\/div><\/div><\/div><\/div><\/div><div>\u00a0<\/div><\/div><\/div>\t\t\t\t\t\t\t\t<\/div>\n\t\t\t\t<\/div>\n\t\t\t\t<div class=\"elementor-element elementor-element-dc7c821 elementor-widget elementor-widget-image\" data-id=\"dc7c821\" data-element_type=\"widget\" data-e-type=\"widget\" data-widget_type=\"image.default\">\n\t\t\t\t<div class=\"elementor-widget-container\">\n\t\t\t\t\t\t\t\t\t\t\t\t\t\t\t<img fetchpriority=\"high\" width=\"1360\" height=\"398\" class=\"attachment-2048x2048 size-2048x2048 wp-image-20848 lazy\" alt=\"tienda bierzoo\" data-src=\"https:\/\/www.unavets.com\/bierzoo\/wp-content\/uploads\/sites\/29\/2023\/05\/tienda-bierzoo-1.png\" data-lazy=\"https:\/\/www.unavets.com\/bierzoo\/wp-content\/uploads\/sites\/29\/2023\/05\/tienda-bierzoo-1.png\" \/>\t\t\t\t\t\t\t\t\t\t\t\t\t\t\t<\/div>\n\t\t\t\t<\/div>\n\t\t\t\t\t<\/div>\n\t\t<\/div>\n\t\t\t\t\t<\/div>\n\t\t<\/section>\n\t\t\t\t<section class=\"elementor-section elementor-top-section elementor-element elementor-element-8fe1191 elementor-section-boxed elementor-section-height-default elementor-section-height-default\" data-id=\"8fe1191\" data-element_type=\"section\" data-e-type=\"section\">\n\t\t\t\t\t\t<div class=\"elementor-container elementor-column-gap-default\">\n\t\t\t\t\t<div class=\"elementor-column elementor-col-33 elementor-top-column elementor-element elementor-element-f7fcc67\" data-id=\"f7fcc67\" data-element_type=\"column\" data-e-type=\"column\">\n\t\t\t<div class=\"elementor-widget-wrap elementor-element-populated\">\n\t\t\t\t\t\t<div class=\"elementor-element elementor-element-6463cc3 elementor-align-center round-button elementor-widget elementor-widget-button\" data-id=\"6463cc3\" data-element_type=\"widget\" data-e-type=\"widget\" data-widget_type=\"button.default\">\n\t\t\t\t<div class=\"elementor-widget-container\">\n\t\t\t\t\t\t\t\t\t<div class=\"elementor-button-wrapper\">\n\t\t\t\t\t<a class=\"elementor-button elementor-button-link elementor-size-md\" href=\"tel:987427683\">\n\t\t\t\t\t\t<span class=\"elementor-button-content-wrapper\">\n\t\t\t\t\t\t<span class=\"elementor-button-icon\">\n\t\t\t\t<i aria-hidden=\"true\" class=\"far fa-calendar-alt\"><\/i>\t\t\t<\/span>\n\t\t\t\t\t\t\t\t\t<span class=\"elementor-button-text\">Pide cita en Ponferrada<\/span>\n\t\t\t\t\t<\/span>\n\t\t\t\t\t<\/a>\n\t\t\t\t<\/div>\n\t\t\t\t\t\t\t\t<\/div>\n\t\t\t\t<\/div>\n\t\t\t\t\t<\/div>\n\t\t<\/div>\n\t\t\t\t<div class=\"elementor-column elementor-col-33 elementor-top-column elementor-element elementor-element-00a0492\" data-id=\"00a0492\" data-element_type=\"column\" data-e-type=\"column\">\n\t\t\t<div class=\"elementor-widget-wrap elementor-element-populated\">\n\t\t\t\t\t\t<div class=\"elementor-element elementor-element-4922c45 elementor-align-center round-button elementor-widget elementor-widget-button\" data-id=\"4922c45\" data-element_type=\"widget\" data-e-type=\"widget\" data-widget_type=\"button.default\">\n\t\t\t\t<div class=\"elementor-widget-container\">\n\t\t\t\t\t\t\t\t\t<div class=\"elementor-button-wrapper\">\n\t\t\t\t\t<a class=\"elementor-button elementor-button-link elementor-size-md\" href=\"tel:987620035\">\n\t\t\t\t\t\t<span class=\"elementor-button-content-wrapper\">\n\t\t\t\t\t\t<span class=\"elementor-button-icon\">\n\t\t\t\t<i aria-hidden=\"true\" class=\"far fa-calendar-alt\"><\/i>\t\t\t<\/span>\n\t\t\t\t\t\t\t\t\t<span class=\"elementor-button-text\">Pide cita en Bembibre<\/span>\n\t\t\t\t\t<\/span>\n\t\t\t\t\t<\/a>\n\t\t\t\t<\/div>\n\t\t\t\t\t\t\t\t<\/div>\n\t\t\t\t<\/div>\n\t\t\t\t\t<\/div>\n\t\t<\/div>\n\t\t\t\t<div class=\"elementor-column elementor-col-33 elementor-top-column elementor-element elementor-element-c164e31\" data-id=\"c164e31\" data-element_type=\"column\" data-e-type=\"column\">\n\t\t\t<div class=\"elementor-widget-wrap elementor-element-populated\">\n\t\t\t\t\t\t<div class=\"elementor-element elementor-element-f4da90f elementor-align-center round-button elementor-widget elementor-widget-button\" data-id=\"f4da90f\" data-element_type=\"widget\" data-e-type=\"widget\" data-widget_type=\"button.default\">\n\t\t\t\t<div class=\"elementor-widget-container\">\n\t\t\t\t\t\t\t\t\t<div class=\"elementor-button-wrapper\">\n\t\t\t\t\t<a class=\"elementor-button elementor-button-link elementor-size-md\" href=\"tel:987549132\">\n\t\t\t\t\t\t<span class=\"elementor-button-content-wrapper\">\n\t\t\t\t\t\t<span class=\"elementor-button-icon\">\n\t\t\t\t<i aria-hidden=\"true\" class=\"far fa-calendar-alt\"><\/i>\t\t\t<\/span>\n\t\t\t\t\t\t\t\t\t<span class=\"elementor-button-text\">Pide cita en Cacabelos<\/span>\n\t\t\t\t\t<\/span>\n\t\t\t\t\t<\/a>\n\t\t\t\t<\/div>\n\t\t\t\t\t\t\t\t<\/div>\n\t\t\t\t<\/div>\n\t\t\t\t\t<\/div>\n\t\t<\/div>\n\t\t\t\t\t<\/div>\n\t\t<\/section>\n\t\t\t\t<\/div>\n\t\t","protected":false},"excerpt":{"rendered":"<p>dispone de una completa tienda donde podr\u00e1s encontrar las mejores marcas de alimentaci\u00f3n para tu mascota, y una gran variedad de accesorios como correas, collares, comederos, champ\u00fa, colonia, etc y mucho m\u00e1s. Los B\u00e1sicos Es muy importante que tu mascota tenga los accesorios basicos imprescindibles para el paseo. Una buena correa y un collar ser\u00e1n &hellip; <\/p>\n","protected":false},"author":8,"featured_media":0,"parent":0,"menu_order":0,"comment_status":"closed","ping_status":"closed","template":"page-fullwidth.php","meta":{"_acf_changed":false,"content-type":"","footnotes":""},"class_list":["post-14798","page","type-page","status-publish","hentry"],"acf":[],"_links":{"self":[{"href":"https:\/\/www.unavets.com\/bierzoo\/es\/wp-json\/wp\/v2\/pages\/14798","targetHints":{"allow":["GET"]}}],"collection":[{"href":"https:\/\/www.unavets.com\/bierzoo\/es\/wp-json\/wp\/v2\/pages"}],"about":[{"href":"https:\/\/www.unavets.com\/bierzoo\/es\/wp-json\/wp\/v2\/types\/page"}],"author":[{"embeddable":true,"href":"https:\/\/www.unavets.com\/bierzoo\/es\/wp-json\/wp\/v2\/users\/8"}],"replies":[{"embeddable":true,"href":"https:\/\/www.unavets.com\/bierzoo\/es\/wp-json\/wp\/v2\/comments?post=14798"}],"version-history":[{"count":0,"href":"https:\/\/www.unavets.com\/bierzoo\/es\/wp-json\/wp\/v2\/pages\/14798\/revisions"}],"wp:attachment":[{"href":"https:\/\/www.unavets.com\/bierzoo\/es\/wp-json\/wp\/v2\/media?parent=14798"}],"curies":[{"name":"wp","href":"https:\/\/api.w.org\/{rel}","templated":true}]}}