{"id":12946,"date":"2020-10-15T12:40:09","date_gmt":"2020-10-15T12:40:09","guid":{"rendered":"http:\/\/www.unavets.com\/bierzoo\/surgery\/"},"modified":"2023-07-11T10:28:32","modified_gmt":"2023-07-11T10:28:32","slug":"cirugia","status":"publish","type":"page","link":"https:\/\/www.unavets.com\/bierzoo\/es\/servicios\/cirugia\/","title":{"rendered":"Cirug\u00eda"},"content":{"rendered":"\t\t<div data-elementor-type=\"wp-page\" data-elementor-id=\"12946\" class=\"elementor elementor-12946 elementor-819\" data-elementor-post-type=\"page\">\n\t\t\t\t\t\t<section class=\"elementor-section elementor-top-section elementor-element elementor-element-3b7f1f2 elementor-section-boxed elementor-section-height-default elementor-section-height-default\" data-id=\"3b7f1f2\" data-element_type=\"section\" data-e-type=\"section\" id=\"main-sec\">\n\t\t\t\t\t\t<div class=\"elementor-container elementor-column-gap-default\">\n\t\t\t\t\t<div class=\"elementor-column elementor-col-100 elementor-top-column elementor-element elementor-element-138c88c\" data-id=\"138c88c\" data-element_type=\"column\" data-e-type=\"column\">\n\t\t\t<div class=\"elementor-widget-wrap elementor-element-populated\">\n\t\t\t\t\t\t<div class=\"elementor-element elementor-element-ec83cf0 elementor-widget elementor-widget-section_titleleft\" data-id=\"ec83cf0\" data-element_type=\"widget\" data-e-type=\"widget\" data-widget_type=\"section_titleleft.default\">\n\t\t\t\t<div class=\"elementor-widget-container\">\n\t\t\t\t\t        <div class=\"ab_text-title fl-wrap\">\n            <h3>Servicio de cirug\u00eda y quir\u00f3fanos<\/h3>En Centros Veterinarios Bierzoo de Le\u00f3n disponemos de pre-quir\u00f3fano y quir\u00f3fano dotado con equipamiento anest\u00e9sico, monitorizaci\u00f3n, material avanzado y con personal cualificado para supervisar de manera segura a todos nuestros pacientes.\n<span class=\"section-separator fl-sec-sep\"><\/span>        <\/div>\n        \t\t\t\t<\/div>\n\t\t\t\t<\/div>\n\t\t\t\t\t<\/div>\n\t\t<\/div>\n\t\t\t\t\t<\/div>\n\t\t<\/section>\n\t\t\t\t<section class=\"elementor-section elementor-top-section elementor-element elementor-element-d993722 elementor-section-boxed elementor-section-height-default elementor-section-height-default\" data-id=\"d993722\" data-element_type=\"section\" data-e-type=\"section\">\n\t\t\t\t\t\t<div class=\"elementor-container elementor-column-gap-wide\">\n\t\t\t\t\t<div class=\"elementor-column elementor-col-50 elementor-top-column elementor-element elementor-element-065811d\" data-id=\"065811d\" data-element_type=\"column\" data-e-type=\"column\">\n\t\t\t<div class=\"elementor-widget-wrap elementor-element-populated\">\n\t\t\t\t\t\t<div class=\"elementor-element elementor-element-63d99ac elementor-widget elementor-widget-text-editor\" data-id=\"63d99ac\" data-element_type=\"widget\" data-e-type=\"widget\" data-widget_type=\"text-editor.default\">\n\t\t\t\t<div class=\"elementor-widget-container\">\n\t\t\t\t\t\t\t\t\t<p>Nuestro equipo de cirujanos cuenta con\u00a0<strong>m\u00e1s de 20 a\u00f1os de experiencia<\/strong>\u00a0y est\u00e1n altamente especializados en\u00a0<strong>cirug\u00eda de urgencia<\/strong>: pneumot\u00f3rax, sangrados abdominales, traumatismos por golpes, torsiones de est\u00f3mago y m\u00e1s. Son situaciones muy cr\u00edticas en las que la toma r\u00e1pida de decisiones es vital para la vida del paciente.<\/p><p>En Centros Veterinarios Bierzoo para garantizar la salud y el bienestar de nuestros pacientes, realizamos cirug\u00edas rutinarias y otras menos comunes. Algunos procedimientos de cirug\u00eda general y otros m\u00e1s avanzados incluyen cirug\u00eda del o\u00eddo, cirug\u00eda de la piel, cirug\u00eda traumatol\u00f3gica, cirug\u00eda oral y la mayor\u00eda de cirug\u00edas de los tejidos blandos. Estamos orgullosos del equipo de profesionales, experimentados y amantes de los animales, que tienes a tu disposici\u00f3n para ayudarte, a ti y a tus mascotas.<\/p><p>Contamos con un <strong>quir\u00f3fano<\/strong> totalmente equipado y, adem\u00e1s, para llevar a cabo una anestesia segura, tenemos un\u00a0<strong>equipo completo de monitorizaci\u00f3n con anestesia inhalatoria y ventilaci\u00f3n mec\u00e1nica.<\/strong><\/p><p><strong>Servicios de cirug\u00eda:<\/strong><\/p><ul><li>Consulta de cirug\u00eda<\/li><li>Traumatolog\u00eda y ortopedia<\/li><li>Reparaci\u00f3n de fracturas y cirug\u00eda de reconstrucci\u00f3n de heridas traum\u00e1ticas complejas.<\/li><li>Cirug\u00eda de tejidos blandos de rutina: esterilizaci\u00f3n, extracci\u00f3n de cuerpos extra\u00f1os abdominales, cirug\u00edas urinarias, etc.<\/li><li>Cirug\u00eda oncol\u00f3gica \u23e4incluye la piel y los procedimientos reconstructivos\u23e4.<\/li><li>Procedimientos intervencionistas: introducci\u00f3n de cat\u00e9ter endotraqueal y sondas ureteral y uretral.<\/li><\/ul>\t\t\t\t\t\t\t\t<\/div>\n\t\t\t\t<\/div>\n\t\t\t\t\t<\/div>\n\t\t<\/div>\n\t\t\t\t<div class=\"elementor-column elementor-col-50 elementor-top-column elementor-element elementor-element-2048e61\" data-id=\"2048e61\" data-element_type=\"column\" data-e-type=\"column\">\n\t\t\t<div class=\"elementor-widget-wrap elementor-element-populated\">\n\t\t\t\t\t\t<div class=\"elementor-element elementor-element-dc7c821 elementor-widget elementor-widget-image\" data-id=\"dc7c821\" data-element_type=\"widget\" data-e-type=\"widget\" data-widget_type=\"image.default\">\n\t\t\t\t<div class=\"elementor-widget-container\">\n\t\t\t\t\t\t\t\t\t\t\t\t\t\t\t<img fetchpriority=\"high\" width=\"697\" height=\"893\" class=\"attachment-large size-large wp-image-20793 lazy\" alt=\"\" data-src=\"https:\/\/www.unavets.com\/bierzoo\/wp-content\/uploads\/sites\/29\/2023\/05\/Diseno-sin-titulo-21-e1684747847595.png\" data-lazy=\"https:\/\/www.unavets.com\/bierzoo\/wp-content\/uploads\/sites\/29\/2023\/05\/Diseno-sin-titulo-21-e1684747847595.png\" \/>\t\t\t\t\t\t\t\t\t\t\t\t\t\t\t<\/div>\n\t\t\t\t<\/div>\n\t\t\t\t\t<\/div>\n\t\t<\/div>\n\t\t\t\t\t<\/div>\n\t\t<\/section>\n\t\t\t\t<section class=\"elementor-section elementor-top-section elementor-element elementor-element-c6e8d26 elementor-section-boxed elementor-section-height-default elementor-section-height-default\" data-id=\"c6e8d26\" data-element_type=\"section\" data-e-type=\"section\">\n\t\t\t\t\t\t<div class=\"elementor-container elementor-column-gap-default\">\n\t\t\t\t\t<div class=\"elementor-column elementor-col-100 elementor-top-column elementor-element elementor-element-d92d362\" data-id=\"d92d362\" data-element_type=\"column\" data-e-type=\"column\">\n\t\t\t<div class=\"elementor-widget-wrap elementor-element-populated\">\n\t\t\t\t\t\t<div class=\"elementor-element elementor-element-70fb1ad elementor-widget elementor-widget-section_titleleft\" data-id=\"70fb1ad\" data-element_type=\"widget\" data-e-type=\"widget\" data-widget_type=\"section_titleleft.default\">\n\t\t\t\t<div class=\"elementor-widget-container\">\n\t\t\t\t\t        <div class=\"ab_text-title fl-wrap\">\n            <h3>\u00bfCu\u00e1ndo considerar la cirug\u00eda?<\/h3><span class=\"section-separator fl-sec-sep\"><\/span>        <\/div>\n        \t\t\t\t<\/div>\n\t\t\t\t<\/div>\n\t\t\t\t\t<\/div>\n\t\t<\/div>\n\t\t\t\t\t<\/div>\n\t\t<\/section>\n\t\t\t\t<section class=\"elementor-section elementor-top-section elementor-element elementor-element-149f379 elementor-section-boxed elementor-section-height-default elementor-section-height-default\" data-id=\"149f379\" data-element_type=\"section\" data-e-type=\"section\">\n\t\t\t\t\t\t<div class=\"elementor-container elementor-column-gap-wide\">\n\t\t\t\t\t<div class=\"elementor-column elementor-col-50 elementor-top-column elementor-element elementor-element-2a8ea5b\" data-id=\"2a8ea5b\" data-element_type=\"column\" data-e-type=\"column\">\n\t\t\t<div class=\"elementor-widget-wrap elementor-element-populated\">\n\t\t\t\t\t\t<div class=\"elementor-element elementor-element-01118fc elementor-widget elementor-widget-image\" data-id=\"01118fc\" data-element_type=\"widget\" data-e-type=\"widget\" data-widget_type=\"image.default\">\n\t\t\t\t<div class=\"elementor-widget-container\">\n\t\t\t\t\t\t\t\t\t\t\t\t\t\t\t<img width=\"786\" height=\"524\" class=\"attachment-townhub-featured-image size-townhub-featured-image wp-image-20791 lazy\" alt=\"especialidad cirug\u00eda bierzoo\" data-src=\"https:\/\/www.unavets.com\/bierzoo\/wp-content\/uploads\/sites\/29\/2023\/05\/Pink-Blue-Watercolor-Valentine-Car-Rectangle-Sticker-22-786x524.png\" data-lazy=\"https:\/\/www.unavets.com\/bierzoo\/wp-content\/uploads\/sites\/29\/2023\/05\/Pink-Blue-Watercolor-Valentine-Car-Rectangle-Sticker-22-786x524.png\" \/>\t\t\t\t\t\t\t\t\t\t\t\t\t\t\t<\/div>\n\t\t\t\t<\/div>\n\t\t\t\t\t<\/div>\n\t\t<\/div>\n\t\t\t\t<div class=\"elementor-column elementor-col-50 elementor-top-column elementor-element elementor-element-08b8459\" data-id=\"08b8459\" data-element_type=\"column\" data-e-type=\"column\">\n\t\t\t<div class=\"elementor-widget-wrap elementor-element-populated\">\n\t\t\t\t\t\t<div class=\"elementor-element elementor-element-e1b240e elementor-widget elementor-widget-text-editor\" data-id=\"e1b240e\" data-element_type=\"widget\" data-e-type=\"widget\" data-widget_type=\"text-editor.default\">\n\t\t\t\t<div class=\"elementor-widget-container\">\n\t\t\t\t\t\t\t\t\t<ul><li>Por lesiones traumatol\u00f3gicas<\/li><li>Diagn\u00f3stico y tratamiento quir\u00fargico de la cojera<\/li><li>Diagn\u00f3stico y tratamiento de las enfermedades del desarrollo: displasia de cadera y codo.<\/li><li>Presencia de tumores<\/li><li>Abdomen agudo<\/li><li>Enfermedad del tracto urinario<\/li><li>Enfermedad intrator\u00e1cica<\/li><li>Enfermedad de las v\u00edas respiratorias<\/li><li>Tratamiento de heridas complejas<\/li><li>Tratamiento preventivo m\u00ednimamente invasivo<\/li><\/ul>\t\t\t\t\t\t\t\t<\/div>\n\t\t\t\t<\/div>\n\t\t\t\t\t<\/div>\n\t\t<\/div>\n\t\t\t\t\t<\/div>\n\t\t<\/section>\n\t\t\t\t<section class=\"elementor-section elementor-top-section elementor-element elementor-element-b1bdc84 elementor-section-boxed elementor-section-height-default elementor-section-height-default\" data-id=\"b1bdc84\" data-element_type=\"section\" data-e-type=\"section\">\n\t\t\t\t\t\t<div class=\"elementor-container elementor-column-gap-default\">\n\t\t\t\t\t<div class=\"elementor-column elementor-col-33 elementor-top-column elementor-element elementor-element-4c7442c\" data-id=\"4c7442c\" data-element_type=\"column\" data-e-type=\"column\">\n\t\t\t<div class=\"elementor-widget-wrap elementor-element-populated\">\n\t\t\t\t\t\t<div class=\"elementor-element elementor-element-941260d elementor-align-center round-button elementor-widget elementor-widget-button\" data-id=\"941260d\" data-element_type=\"widget\" data-e-type=\"widget\" data-widget_type=\"button.default\">\n\t\t\t\t<div class=\"elementor-widget-container\">\n\t\t\t\t\t\t\t\t\t<div class=\"elementor-button-wrapper\">\n\t\t\t\t\t<a class=\"elementor-button elementor-button-link elementor-size-md\" href=\"tel:987427683\">\n\t\t\t\t\t\t<span class=\"elementor-button-content-wrapper\">\n\t\t\t\t\t\t<span class=\"elementor-button-icon\">\n\t\t\t\t<i aria-hidden=\"true\" class=\"far fa-calendar-alt\"><\/i>\t\t\t<\/span>\n\t\t\t\t\t\t\t\t\t<span class=\"elementor-button-text\">Pide cita en Ponferrada<\/span>\n\t\t\t\t\t<\/span>\n\t\t\t\t\t<\/a>\n\t\t\t\t<\/div>\n\t\t\t\t\t\t\t\t<\/div>\n\t\t\t\t<\/div>\n\t\t\t\t\t<\/div>\n\t\t<\/div>\n\t\t\t\t<div class=\"elementor-column elementor-col-33 elementor-top-column elementor-element elementor-element-080f83a\" data-id=\"080f83a\" data-element_type=\"column\" data-e-type=\"column\">\n\t\t\t<div class=\"elementor-widget-wrap elementor-element-populated\">\n\t\t\t\t\t\t<div class=\"elementor-element elementor-element-6e32dbe elementor-align-center round-button elementor-widget elementor-widget-button\" data-id=\"6e32dbe\" data-element_type=\"widget\" data-e-type=\"widget\" data-widget_type=\"button.default\">\n\t\t\t\t<div class=\"elementor-widget-container\">\n\t\t\t\t\t\t\t\t\t<div class=\"elementor-button-wrapper\">\n\t\t\t\t\t<a class=\"elementor-button elementor-button-link elementor-size-md\" href=\"tel:987620035\">\n\t\t\t\t\t\t<span class=\"elementor-button-content-wrapper\">\n\t\t\t\t\t\t<span class=\"elementor-button-icon\">\n\t\t\t\t<i aria-hidden=\"true\" class=\"far fa-calendar-alt\"><\/i>\t\t\t<\/span>\n\t\t\t\t\t\t\t\t\t<span class=\"elementor-button-text\">Pide cita en Bembibre<\/span>\n\t\t\t\t\t<\/span>\n\t\t\t\t\t<\/a>\n\t\t\t\t<\/div>\n\t\t\t\t\t\t\t\t<\/div>\n\t\t\t\t<\/div>\n\t\t\t\t\t<\/div>\n\t\t<\/div>\n\t\t\t\t<div class=\"elementor-column elementor-col-33 elementor-top-column elementor-element elementor-element-d0f5db6\" data-id=\"d0f5db6\" data-element_type=\"column\" data-e-type=\"column\">\n\t\t\t<div class=\"elementor-widget-wrap elementor-element-populated\">\n\t\t\t\t\t\t<div class=\"elementor-element elementor-element-7777559 elementor-align-center round-button elementor-widget elementor-widget-button\" data-id=\"7777559\" data-element_type=\"widget\" data-e-type=\"widget\" data-widget_type=\"button.default\">\n\t\t\t\t<div class=\"elementor-widget-container\">\n\t\t\t\t\t\t\t\t\t<div class=\"elementor-button-wrapper\">\n\t\t\t\t\t<a class=\"elementor-button elementor-button-link elementor-size-md\" href=\"tel:987549132\">\n\t\t\t\t\t\t<span class=\"elementor-button-content-wrapper\">\n\t\t\t\t\t\t<span class=\"elementor-button-icon\">\n\t\t\t\t<i aria-hidden=\"true\" class=\"far fa-calendar-alt\"><\/i>\t\t\t<\/span>\n\t\t\t\t\t\t\t\t\t<span class=\"elementor-button-text\">Pide cita en Cacabelos<\/span>\n\t\t\t\t\t<\/span>\n\t\t\t\t\t<\/a>\n\t\t\t\t<\/div>\n\t\t\t\t\t\t\t\t<\/div>\n\t\t\t\t<\/div>\n\t\t\t\t\t<\/div>\n\t\t<\/div>\n\t\t\t\t\t<\/div>\n\t\t<\/section>\n\t\t\t\t<\/div>\n\t\t","protected":false},"excerpt":{"rendered":"<p>Servicio de cirug\u00eda y quir\u00f3fanos En de disponemos de pre-quir\u00f3fano y quir\u00f3fano dotado con equipamiento anest\u00e9sico, monitorizaci\u00f3n, material avanzado y con personal cualificado para supervisar de manera segura a todos nuestros pacientes. Nuestro equipo de cirujanos cuenta con\u00a0m\u00e1s de 20 a\u00f1os de experiencia\u00a0y est\u00e1n altamente especializados en\u00a0cirug\u00eda de urgencia: pneumot\u00f3rax, sangrados abdominales, traumatismos por golpes, &hellip; <\/p>\n","protected":false},"author":4,"featured_media":0,"parent":13564,"menu_order":0,"comment_status":"closed","ping_status":"closed","template":"page-fullwidth.php","meta":{"_acf_changed":false,"content-type":"","footnotes":""},"class_list":["post-12946","page","type-page","status-publish","hentry"],"acf":[],"_links":{"self":[{"href":"https:\/\/www.unavets.com\/bierzoo\/es\/wp-json\/wp\/v2\/pages\/12946","targetHints":{"allow":["GET"]}}],"collection":[{"href":"https:\/\/www.unavets.com\/bierzoo\/es\/wp-json\/wp\/v2\/pages"}],"about":[{"href":"https:\/\/www.unavets.com\/bierzoo\/es\/wp-json\/wp\/v2\/types\/page"}],"author":[{"embeddable":true,"href":"https:\/\/www.unavets.com\/bierzoo\/es\/wp-json\/wp\/v2\/users\/4"}],"replies":[{"embeddable":true,"href":"https:\/\/www.unavets.com\/bierzoo\/es\/wp-json\/wp\/v2\/comments?post=12946"}],"version-history":[{"count":0,"href":"https:\/\/www.unavets.com\/bierzoo\/es\/wp-json\/wp\/v2\/pages\/12946\/revisions"}],"up":[{"embeddable":true,"href":"https:\/\/www.unavets.com\/bierzoo\/es\/wp-json\/wp\/v2\/pages\/13564"}],"wp:attachment":[{"href":"https:\/\/www.unavets.com\/bierzoo\/es\/wp-json\/wp\/v2\/media?parent=12946"}],"curies":[{"name":"wp","href":"https:\/\/api.w.org\/{rel}","templated":true}]}}