{"id":13558,"date":"2020-10-03T08:10:58","date_gmt":"2020-10-03T08:10:58","guid":{"rendered":"http:\/\/www.unavets.com\/babieca\/our-facilities\/"},"modified":"2023-09-18T10:26:11","modified_gmt":"2023-09-18T10:26:11","slug":"instalaciones","status":"publish","type":"page","link":"https:\/\/www.unavets.com\/babieca\/es\/instalaciones\/","title":{"rendered":"Instalaciones"},"content":{"rendered":"\t\t<div data-elementor-type=\"wp-page\" data-elementor-id=\"13558\" class=\"elementor elementor-13558 elementor-281\" data-elementor-post-type=\"page\">\n\t\t\t\t\t\t<section class=\"elementor-section elementor-top-section elementor-element elementor-element-54cf215 pad-top-0 elementor-section-boxed elementor-section-height-default elementor-section-height-default\" data-id=\"54cf215\" data-element_type=\"section\" data-e-type=\"section\" id=\"main-sec\" data-settings=\"{&quot;background_background&quot;:&quot;classic&quot;}\">\n\t\t\t\t\t\t<div class=\"elementor-container elementor-column-gap-wide\">\n\t\t\t\t\t<div class=\"elementor-column elementor-col-100 elementor-top-column elementor-element elementor-element-d926441\" data-id=\"d926441\" data-element_type=\"column\" data-e-type=\"column\">\n\t\t\t<div class=\"elementor-widget-wrap elementor-element-populated\">\n\t\t\t\t\t\t<div class=\"elementor-element elementor-element-843d3ec elementor-widget elementor-widget-text-editor\" data-id=\"843d3ec\" data-element_type=\"widget\" data-e-type=\"widget\" data-widget_type=\"text-editor.default\">\n\t\t\t\t<div class=\"elementor-widget-container\">\n\t\t\t\t\t\t\t\t\t<p>La cl\u00ednica Babieca est\u00e1 comprometida a brindar a sus pacientes un cuidado de alta calidad. Disponemos de un centro equipado con todo lo necesario para el cuidado de sus mascotas, incluyendo consulta, vacunaci\u00f3n, an\u00e1lisis de sangre, radiograf\u00eda, ecograf\u00eda, cirug\u00eda y hospitalizaci\u00f3n.<\/p>\t\t\t\t\t\t\t\t<\/div>\n\t\t\t\t<\/div>\n\t\t\t\t<section class=\"elementor-section elementor-inner-section elementor-element elementor-element-98275a1 elementor-section-boxed elementor-section-height-default elementor-section-height-default\" data-id=\"98275a1\" data-element_type=\"section\" data-e-type=\"section\">\n\t\t\t\t\t\t<div class=\"elementor-container elementor-column-gap-default\">\n\t\t\t\t\t<div class=\"elementor-column elementor-col-50 elementor-inner-column elementor-element elementor-element-07b222c\" data-id=\"07b222c\" data-element_type=\"column\" data-e-type=\"column\">\n\t\t\t<div class=\"elementor-widget-wrap elementor-element-populated\">\n\t\t\t\t\t\t<div class=\"elementor-element elementor-element-44b52f4 elementor-widget elementor-widget-image\" data-id=\"44b52f4\" data-element_type=\"widget\" data-e-type=\"widget\" data-widget_type=\"image.default\">\n\t\t\t\t<div class=\"elementor-widget-container\">\n\t\t\t\t\t\t\t\t\t\t\t\t\t\t\t<img fetchpriority=\"high\" width=\"519\" height=\"546\" class=\"attachment-large size-large wp-image-20525 lazy\" alt=\"\" data-src=\"https:\/\/www.unavets.com\/babieca\/wp-content\/uploads\/sites\/34\/2023\/08\/INSTALACIONES-BABIECA-HERO-e1690970589186.jpg\" data-lazy=\"https:\/\/www.unavets.com\/babieca\/wp-content\/uploads\/sites\/34\/2023\/08\/INSTALACIONES-BABIECA-HERO-e1690970589186.jpg\" \/>\t\t\t\t\t\t\t\t\t\t\t\t\t\t\t<\/div>\n\t\t\t\t<\/div>\n\t\t\t\t\t<\/div>\n\t\t<\/div>\n\t\t\t\t<div class=\"elementor-column elementor-col-50 elementor-inner-column elementor-element elementor-element-e32254f\" data-id=\"e32254f\" data-element_type=\"column\" data-e-type=\"column\">\n\t\t\t<div class=\"elementor-widget-wrap elementor-element-populated\">\n\t\t\t\t\t\t<div class=\"elementor-element elementor-element-6494dd8 elementor-widget elementor-widget-text-editor\" data-id=\"6494dd8\" data-element_type=\"widget\" data-e-type=\"widget\" data-widget_type=\"text-editor.default\">\n\t\t\t\t<div class=\"elementor-widget-container\">\n\t\t\t\t\t\t\t\t\t<ul><li><strong>Salas de consulta:<\/strong>\u00a0La cl\u00ednica Babieca cuenta con dos salas de consulta, donde los veterinarios pueden examinar a sus pacientes y realizar un diagn\u00f3stico. Las salas est\u00e1n equipadas con todo el equipo necesario para brindar una atenci\u00f3n de alta calidad a las mascotas.<\/li><li><strong>Quir\u00f3fano:<\/strong>\u00a0La cl\u00ednica Babieca cuenta con un quir\u00f3fano equipado con anestesia inhalatoria y un monitor anest\u00e9sico multiparam\u00e9trico. Esto permite realizar cirug\u00edas de forma segura y efectiva.<\/li><li><strong>Laboratorio:<\/strong>\u00a0El laboratorio de la cl\u00ednica Babieca est\u00e1 equipado para realizar an\u00e1lisis de sangre, orina y heces. Esto permite diagnosticar enfermedades y controlar la salud de las mascotas.<\/li><li><strong>Sala de hospitalizaci\u00f3n:<\/strong>\u00a0La cl\u00ednica Babieca cuenta con una sala de hospitalizaci\u00f3n con cinco jaulas. Esta sala est\u00e1 equipada para cuidar a las mascotas que necesitan atenci\u00f3n hospitalaria.<\/li><li><strong>Instalaci\u00f3n de radiodiagn\u00f3stico:<\/strong>\u00a0La cl\u00ednica Babieca cuenta con una instalaci\u00f3n de radiodiagn\u00f3stico que permite realizar radiograf\u00edas y ecograf\u00edas. Esto permite diagnosticar enfermedades y lesiones.<\/li><li><strong>Sala de espera:<\/strong>\u00a0La cl\u00ednica Babieca cuenta con una sala de espera amplia y acogedora. Esta sala est\u00e1 decorada con un mural de la reconocida artista santanderina Paula Vallar Garate.<\/li><li><strong>Peluquer\u00eda:<\/strong>\u00a0La cl\u00ednica Babieca cuenta con un servicio de peluquer\u00eda que ofrece una variedad de servicios para mascotas, incluyendo corte de pelo, ba\u00f1o y secado.<\/li><\/ul>\t\t\t\t\t\t\t\t<\/div>\n\t\t\t\t<\/div>\n\t\t\t\t\t<\/div>\n\t\t<\/div>\n\t\t\t\t\t<\/div>\n\t\t<\/section>\n\t\t\t\t<section class=\"elementor-section elementor-inner-section elementor-element elementor-element-cbd28ac elementor-section-boxed elementor-section-height-default elementor-section-height-default\" data-id=\"cbd28ac\" data-element_type=\"section\" data-e-type=\"section\">\n\t\t\t\t\t\t<div class=\"elementor-container elementor-column-gap-default\">\n\t\t\t\t\t<div class=\"elementor-column elementor-col-50 elementor-inner-column elementor-element elementor-element-e54cc90\" data-id=\"e54cc90\" data-element_type=\"column\" data-e-type=\"column\">\n\t\t\t<div class=\"elementor-widget-wrap elementor-element-populated\">\n\t\t\t\t\t\t<div class=\"elementor-element elementor-element-5db3b67 elementor-align-center elementor-widget elementor-widget-button\" data-id=\"5db3b67\" data-element_type=\"widget\" data-e-type=\"widget\" data-widget_type=\"button.default\">\n\t\t\t\t<div class=\"elementor-widget-container\">\n\t\t\t\t\t\t\t\t\t<div class=\"elementor-button-wrapper\">\n\t\t\t\t\t<a class=\"elementor-button elementor-button-link elementor-size-sm\" href=\"https:\/\/www.unavets.com\/babieca\/es\/nuestro-equipo\/\">\n\t\t\t\t\t\t<span class=\"elementor-button-content-wrapper\">\n\t\t\t\t\t\t\t\t\t<span class=\"elementor-button-text\">Nuestro Equipo<\/span>\n\t\t\t\t\t<\/span>\n\t\t\t\t\t<\/a>\n\t\t\t\t<\/div>\n\t\t\t\t\t\t\t\t<\/div>\n\t\t\t\t<\/div>\n\t\t\t\t\t<\/div>\n\t\t<\/div>\n\t\t\t\t<div class=\"elementor-column elementor-col-50 elementor-inner-column elementor-element elementor-element-dc3e6b5\" data-id=\"dc3e6b5\" data-element_type=\"column\" data-e-type=\"column\">\n\t\t\t<div class=\"elementor-widget-wrap elementor-element-populated\">\n\t\t\t\t\t\t<div class=\"elementor-element elementor-element-ebe1efe elementor-align-center elementor-widget elementor-widget-button\" data-id=\"ebe1efe\" data-element_type=\"widget\" data-e-type=\"widget\" data-widget_type=\"button.default\">\n\t\t\t\t<div class=\"elementor-widget-container\">\n\t\t\t\t\t\t\t\t\t<div class=\"elementor-button-wrapper\">\n\t\t\t\t\t<a class=\"elementor-button elementor-button-link elementor-size-sm\" href=\"https:\/\/www.unavets.com\/babieca\/es\/servicios\/\">\n\t\t\t\t\t\t<span class=\"elementor-button-content-wrapper\">\n\t\t\t\t\t\t\t\t\t<span class=\"elementor-button-text\">Servicios<\/span>\n\t\t\t\t\t<\/span>\n\t\t\t\t\t<\/a>\n\t\t\t\t<\/div>\n\t\t\t\t\t\t\t\t<\/div>\n\t\t\t\t<\/div>\n\t\t\t\t\t<\/div>\n\t\t<\/div>\n\t\t\t\t\t<\/div>\n\t\t<\/section>\n\t\t\t\t\t<\/div>\n\t\t<\/div>\n\t\t\t\t\t<\/div>\n\t\t<\/section>\n\t\t\t\t<section class=\"elementor-section elementor-top-section elementor-element elementor-element-c64bf4c elementor-section-boxed elementor-section-height-default elementor-section-height-default\" data-id=\"c64bf4c\" data-element_type=\"section\" data-e-type=\"section\">\n\t\t\t\t\t\t<div class=\"elementor-container elementor-column-gap-default\">\n\t\t\t\t\t<div class=\"elementor-column elementor-col-100 elementor-top-column elementor-element elementor-element-46ea748\" data-id=\"46ea748\" data-element_type=\"column\" data-e-type=\"column\">\n\t\t\t<div class=\"elementor-widget-wrap elementor-element-populated\">\n\t\t\t\t\t\t<div class=\"elementor-element elementor-element-ad3e405 elementor-widget elementor-widget-gallery\" data-id=\"ad3e405\" data-element_type=\"widget\" data-e-type=\"widget\" data-settings=\"{&quot;columns&quot;:&quot;3&quot;,&quot;aspect_ratio&quot;:&quot;1:1&quot;,&quot;lazyload&quot;:&quot;yes&quot;,&quot;gallery_layout&quot;:&quot;grid&quot;,&quot;columns_tablet&quot;:2,&quot;columns_mobile&quot;:1,&quot;gap&quot;:{&quot;unit&quot;:&quot;px&quot;,&quot;size&quot;:10,&quot;sizes&quot;:[]},&quot;gap_tablet&quot;:{&quot;unit&quot;:&quot;px&quot;,&quot;size&quot;:10,&quot;sizes&quot;:[]},&quot;gap_mobile&quot;:{&quot;unit&quot;:&quot;px&quot;,&quot;size&quot;:10,&quot;sizes&quot;:[]},&quot;link_to&quot;:&quot;file&quot;,&quot;overlay_background&quot;:&quot;yes&quot;,&quot;content_hover_animation&quot;:&quot;fade-in&quot;}\" data-widget_type=\"gallery.default\">\n\t\t\t\t<div class=\"elementor-widget-container\">\n\t\t\t\t\t\t\t<div class=\"elementor-gallery__container\">\n\t\t\t\t\t\t\t<a class=\"e-gallery-item elementor-gallery-item elementor-animated-content\" href=\"https:\/\/www.unavets.com\/babieca\/wp-content\/uploads\/sites\/34\/2023\/08\/CIRUGIA-BABIECA.jpg\" data-elementor-open-lightbox=\"yes\" data-elementor-lightbox-slideshow=\"ad3e405\" data-elementor-lightbox-title=\"INSTALACIONES BABIECA\" data-e-action-hash=\"#elementor-action%3Aaction%3Dlightbox%26settings%3DeyJpZCI6MjA0NjMsInVybCI6Imh0dHBzOlwvXC93d3cudW5hdmV0cy5jb21cL2JhYmllY2FcL3dwLWNvbnRlbnRcL3VwbG9hZHNcL3NpdGVzXC8zNFwvMjAyM1wvMDhcL0NJUlVHSUEtQkFCSUVDQS5qcGciLCJzbGlkZXNob3ciOiJhZDNlNDA1In0%3D\">\n\t\t\t\t\t<div class=\"e-gallery-image elementor-gallery-item__image\" data-thumbnail=\"https:\/\/www.unavets.com\/babieca\/wp-content\/uploads\/sites\/34\/2023\/08\/CIRUGIA-BABIECA.jpg\" data-width=\"600\" data-height=\"400\" aria-label=\"\" role=\"img\" ><\/div>\n\t\t\t\t\t\t\t\t\t\t\t<div class=\"elementor-gallery-item__overlay\"><\/div>\n\t\t\t\t\t\t\t\t\t\t\t\t\t\t<\/a>\n\t\t\t\t\t\t\t<a class=\"e-gallery-item elementor-gallery-item elementor-animated-content\" href=\"https:\/\/www.unavets.com\/babieca\/wp-content\/uploads\/sites\/34\/2023\/08\/DIAGNOSTICO-POR-IMAGEN-BABIECA.jpg\" data-elementor-open-lightbox=\"yes\" data-elementor-lightbox-slideshow=\"ad3e405\" data-elementor-lightbox-title=\"INSTALACIONES BABIECA\" data-e-action-hash=\"#elementor-action%3Aaction%3Dlightbox%26settings%3DeyJpZCI6MjA0NjUsInVybCI6Imh0dHBzOlwvXC93d3cudW5hdmV0cy5jb21cL2JhYmllY2FcL3dwLWNvbnRlbnRcL3VwbG9hZHNcL3NpdGVzXC8zNFwvMjAyM1wvMDhcL0RJQUdOT1NUSUNPLVBPUi1JTUFHRU4tQkFCSUVDQS5qcGciLCJzbGlkZXNob3ciOiJhZDNlNDA1In0%3D\">\n\t\t\t\t\t<div class=\"e-gallery-image elementor-gallery-item__image\" data-thumbnail=\"https:\/\/www.unavets.com\/babieca\/wp-content\/uploads\/sites\/34\/2023\/08\/DIAGNOSTICO-POR-IMAGEN-BABIECA.jpg\" data-width=\"724\" data-height=\"483\" aria-label=\"\" role=\"img\" ><\/div>\n\t\t\t\t\t\t\t\t\t\t\t<div class=\"elementor-gallery-item__overlay\"><\/div>\n\t\t\t\t\t\t\t\t\t\t\t\t\t\t<\/a>\n\t\t\t\t\t\t\t<a class=\"e-gallery-item elementor-gallery-item elementor-animated-content\" href=\"https:\/\/www.unavets.com\/babieca\/wp-content\/uploads\/sites\/34\/2023\/08\/TIENDA-BABIECA.jpg\" data-elementor-open-lightbox=\"yes\" data-elementor-lightbox-slideshow=\"ad3e405\" data-elementor-lightbox-title=\"INSTALACIONES BABIECA\" data-e-action-hash=\"#elementor-action%3Aaction%3Dlightbox%26settings%3DeyJpZCI6MjA0NjcsInVybCI6Imh0dHBzOlwvXC93d3cudW5hdmV0cy5jb21cL2JhYmllY2FcL3dwLWNvbnRlbnRcL3VwbG9hZHNcL3NpdGVzXC8zNFwvMjAyM1wvMDhcL1RJRU5EQS1CQUJJRUNBLmpwZyIsInNsaWRlc2hvdyI6ImFkM2U0MDUifQ%3D%3D\">\n\t\t\t\t\t<div class=\"e-gallery-image elementor-gallery-item__image\" data-thumbnail=\"https:\/\/www.unavets.com\/babieca\/wp-content\/uploads\/sites\/34\/2023\/08\/TIENDA-BABIECA.jpg\" data-width=\"600\" data-height=\"400\" aria-label=\"\" role=\"img\" ><\/div>\n\t\t\t\t\t\t\t\t\t\t\t<div class=\"elementor-gallery-item__overlay\"><\/div>\n\t\t\t\t\t\t\t\t\t\t\t\t\t\t<\/a>\n\t\t\t\t\t\t\t<a class=\"e-gallery-item elementor-gallery-item elementor-animated-content\" href=\"https:\/\/www.unavets.com\/babieca\/wp-content\/uploads\/sites\/34\/2023\/08\/Unavets-INSTALACIONES.jpg\" data-elementor-open-lightbox=\"yes\" data-elementor-lightbox-slideshow=\"ad3e405\" data-elementor-lightbox-title=\"INSTALACIONES BABIECA\" data-e-action-hash=\"#elementor-action%3Aaction%3Dlightbox%26settings%3DeyJpZCI6MjA0NjksInVybCI6Imh0dHBzOlwvXC93d3cudW5hdmV0cy5jb21cL2JhYmllY2FcL3dwLWNvbnRlbnRcL3VwbG9hZHNcL3NpdGVzXC8zNFwvMjAyM1wvMDhcL1VuYXZldHMtSU5TVEFMQUNJT05FUy5qcGciLCJzbGlkZXNob3ciOiJhZDNlNDA1In0%3D\">\n\t\t\t\t\t<div class=\"e-gallery-image elementor-gallery-item__image\" data-thumbnail=\"https:\/\/www.unavets.com\/babieca\/wp-content\/uploads\/sites\/34\/2023\/08\/Unavets-INSTALACIONES.jpg\" data-width=\"500\" data-height=\"333\" aria-label=\"\" role=\"img\" ><\/div>\n\t\t\t\t\t\t\t\t\t\t\t<div class=\"elementor-gallery-item__overlay\"><\/div>\n\t\t\t\t\t\t\t\t\t\t\t\t\t\t<\/a>\n\t\t\t\t\t\t\t<a class=\"e-gallery-item elementor-gallery-item elementor-animated-content\" href=\"https:\/\/www.unavets.com\/babieca\/wp-content\/uploads\/sites\/34\/2023\/08\/Unavets-INSTALACIONES2.jpg\" data-elementor-open-lightbox=\"yes\" data-elementor-lightbox-slideshow=\"ad3e405\" data-elementor-lightbox-title=\"INSTALACIONES BABIECA\" data-e-action-hash=\"#elementor-action%3Aaction%3Dlightbox%26settings%3DeyJpZCI6MjA0NzEsInVybCI6Imh0dHBzOlwvXC93d3cudW5hdmV0cy5jb21cL2JhYmllY2FcL3dwLWNvbnRlbnRcL3VwbG9hZHNcL3NpdGVzXC8zNFwvMjAyM1wvMDhcL1VuYXZldHMtSU5TVEFMQUNJT05FUzIuanBnIiwic2xpZGVzaG93IjoiYWQzZTQwNSJ9\">\n\t\t\t\t\t<div class=\"e-gallery-image elementor-gallery-item__image\" data-thumbnail=\"https:\/\/www.unavets.com\/babieca\/wp-content\/uploads\/sites\/34\/2023\/08\/Unavets-INSTALACIONES2.jpg\" data-width=\"600\" data-height=\"400\" aria-label=\"\" role=\"img\" ><\/div>\n\t\t\t\t\t\t\t\t\t\t\t<div class=\"elementor-gallery-item__overlay\"><\/div>\n\t\t\t\t\t\t\t\t\t\t\t\t\t\t<\/a>\n\t\t\t\t\t\t\t<a class=\"e-gallery-item elementor-gallery-item elementor-animated-content\" href=\"https:\/\/www.unavets.com\/babieca\/wp-content\/uploads\/sites\/34\/2023\/08\/Unavets-INSTALACIONES3.jpg\" data-elementor-open-lightbox=\"yes\" data-elementor-lightbox-slideshow=\"ad3e405\" data-elementor-lightbox-title=\"INSTALACIONES BABIECA\" data-e-action-hash=\"#elementor-action%3Aaction%3Dlightbox%26settings%3DeyJpZCI6MjA0NzMsInVybCI6Imh0dHBzOlwvXC93d3cudW5hdmV0cy5jb21cL2JhYmllY2FcL3dwLWNvbnRlbnRcL3VwbG9hZHNcL3NpdGVzXC8zNFwvMjAyM1wvMDhcL1VuYXZldHMtSU5TVEFMQUNJT05FUzMuanBnIiwic2xpZGVzaG93IjoiYWQzZTQwNSJ9\">\n\t\t\t\t\t<div class=\"e-gallery-image elementor-gallery-item__image\" data-thumbnail=\"https:\/\/www.unavets.com\/babieca\/wp-content\/uploads\/sites\/34\/2023\/08\/Unavets-INSTALACIONES3.jpg\" data-width=\"600\" data-height=\"400\" aria-label=\"\" role=\"img\" ><\/div>\n\t\t\t\t\t\t\t\t\t\t\t<div class=\"elementor-gallery-item__overlay\"><\/div>\n\t\t\t\t\t\t\t\t\t\t\t\t\t\t<\/a>\n\t\t\t\t\t<\/div>\n\t\t\t\t\t<\/div>\n\t\t\t\t<\/div>\n\t\t\t\t\t<\/div>\n\t\t<\/div>\n\t\t\t\t\t<\/div>\n\t\t<\/section>\n\t\t\t\t<\/div>\n\t\t","protected":false},"excerpt":{"rendered":"<p>La cl\u00ednica Babieca est\u00e1 comprometida a brindar a sus pacientes un cuidado de alta calidad. Disponemos de un centro equipado con todo lo necesario para el cuidado de sus mascotas, incluyendo consulta, vacunaci\u00f3n, an\u00e1lisis de sangre, radiograf\u00eda, ecograf\u00eda, cirug\u00eda y hospitalizaci\u00f3n. Salas de consulta:\u00a0La cl\u00ednica Babieca cuenta con dos salas de consulta, donde los veterinarios &hellip; <\/p>\n","protected":false},"author":1,"featured_media":0,"parent":0,"menu_order":0,"comment_status":"closed","ping_status":"closed","template":"page-fullwidth.php","meta":{"_acf_changed":false,"content-type":"","footnotes":""},"class_list":["post-13558","page","type-page","status-publish","hentry"],"acf":[],"_links":{"self":[{"href":"https:\/\/www.unavets.com\/babieca\/es\/wp-json\/wp\/v2\/pages\/13558","targetHints":{"allow":["GET"]}}],"collection":[{"href":"https:\/\/www.unavets.com\/babieca\/es\/wp-json\/wp\/v2\/pages"}],"about":[{"href":"https:\/\/www.unavets.com\/babieca\/es\/wp-json\/wp\/v2\/types\/page"}],"author":[{"embeddable":true,"href":"https:\/\/www.unavets.com\/babieca\/es\/wp-json\/wp\/v2\/users\/1"}],"replies":[{"embeddable":true,"href":"https:\/\/www.unavets.com\/babieca\/es\/wp-json\/wp\/v2\/comments?post=13558"}],"version-history":[{"count":0,"href":"https:\/\/www.unavets.com\/babieca\/es\/wp-json\/wp\/v2\/pages\/13558\/revisions"}],"wp:attachment":[{"href":"https:\/\/www.unavets.com\/babieca\/es\/wp-json\/wp\/v2\/media?parent=13558"}],"curies":[{"name":"wp","href":"https:\/\/api.w.org\/{rel}","templated":true}]}}