{"id":12997,"date":"2021-01-04T08:19:34","date_gmt":"2021-01-04T08:19:34","guid":{"rendered":"http:\/\/www.unavets.com\/babieca\/?page_id=12997"},"modified":"2023-08-29T11:46:17","modified_gmt":"2023-08-29T11:46:17","slug":"quienes-somos","status":"publish","type":"page","link":"https:\/\/www.unavets.com\/babieca\/es\/quienes-somos\/","title":{"rendered":"Qui\u00e9nes Somos"},"content":{"rendered":"\t\t<div data-elementor-type=\"wp-page\" data-elementor-id=\"12997\" class=\"elementor elementor-12997 elementor-268\" data-elementor-post-type=\"page\">\n\t\t\t\t\t\t<section class=\"elementor-section elementor-top-section elementor-element elementor-element-54cf215 pad-top-0 elementor-section-boxed elementor-section-height-default elementor-section-height-default\" data-id=\"54cf215\" data-element_type=\"section\" data-e-type=\"section\" id=\"main-sec\" data-settings=\"{&quot;background_background&quot;:&quot;classic&quot;}\">\n\t\t\t\t\t\t<div class=\"elementor-container elementor-column-gap-default\">\n\t\t\t\t\t<div class=\"elementor-column elementor-col-100 elementor-top-column elementor-element elementor-element-d926441\" data-id=\"d926441\" data-element_type=\"column\" data-e-type=\"column\">\n\t\t\t<div class=\"elementor-widget-wrap elementor-element-populated\">\n\t\t\t\t\t\t<div class=\"elementor-element elementor-element-9725bcd elementor-widget elementor-widget-section_titleleft\" data-id=\"9725bcd\" data-element_type=\"widget\" data-e-type=\"widget\" data-widget_type=\"section_titleleft.default\">\n\t\t\t\t<div class=\"elementor-widget-container\">\n\t\t\t\t\t        <div class=\"ab_text-title fl-wrap\">\n            <h3>Cl\u00ednica Veterinaria con equipos de \u00faltima tecnolog\u00eda y con un servicio de Fisioterapia, Quiropr\u00e1ctica y Rehabilitaci\u00f3n<\/h3><span class=\"section-separator fl-sec-sep\"><\/span>        <\/div>\n        \t\t\t\t<\/div>\n\t\t\t\t<\/div>\n\t\t\t\t<section class=\"elementor-section elementor-inner-section elementor-element elementor-element-35814f4 elementor-section-full_width elementor-section-height-default elementor-section-height-default\" data-id=\"35814f4\" data-element_type=\"section\" data-e-type=\"section\">\n\t\t\t\t\t\t<div class=\"elementor-container elementor-column-gap-wide\">\n\t\t\t\t\t<div class=\"elementor-column elementor-col-50 elementor-inner-column elementor-element elementor-element-7fa3f34\" data-id=\"7fa3f34\" data-element_type=\"column\" data-e-type=\"column\">\n\t\t\t<div class=\"elementor-widget-wrap elementor-element-populated\">\n\t\t\t\t\t\t<div class=\"elementor-element elementor-element-9e79898 elementor-widget elementor-widget-image\" data-id=\"9e79898\" data-element_type=\"widget\" data-e-type=\"widget\" data-widget_type=\"image.default\">\n\t\t\t\t<div class=\"elementor-widget-container\">\n\t\t\t\t\t\t\t\t\t\t\t\t\t\t\t<img fetchpriority=\"high\" width=\"600\" height=\"400\" class=\"attachment-medium_large size-medium_large wp-image-20381 lazy\" alt=\"\" data-src=\"https:\/\/www.unavets.com\/babieca\/wp-content\/uploads\/sites\/34\/2023\/08\/quienes-somos-babieca.jpg\" data-lazy=\"https:\/\/www.unavets.com\/babieca\/wp-content\/uploads\/sites\/34\/2023\/08\/quienes-somos-babieca.jpg\" \/>\t\t\t\t\t\t\t\t\t\t\t\t\t\t\t<\/div>\n\t\t\t\t<\/div>\n\t\t\t\t\t<\/div>\n\t\t<\/div>\n\t\t\t\t<div class=\"elementor-column elementor-col-50 elementor-inner-column elementor-element elementor-element-202374d\" data-id=\"202374d\" data-element_type=\"column\" data-e-type=\"column\">\n\t\t\t<div class=\"elementor-widget-wrap elementor-element-populated\">\n\t\t\t\t\t\t<div class=\"elementor-element elementor-element-2077247 about-wrap elementor-widget elementor-widget-text-editor\" data-id=\"2077247\" data-element_type=\"widget\" data-e-type=\"widget\" data-widget_type=\"text-editor.default\">\n\t\t\t\t<div class=\"elementor-widget-container\">\n\t\t\t\t\t\t\t\t\t<p>La Cl\u00ednica Veterinaria Babieca es tu sitio de referencia en Los Corrales de Buelna. Dirigida por dos veterinarias colegiadas, ofrecemos un trato cercano y cari\u00f1oso a nuestros clientes y sus mascotas.<\/p><p>Estamos abiertos de lunes a viernes de lunes a viernes de\u00a0\u00a0<span style=\"font-size: 1em;\">10:00h-18:00h.<\/span><\/p><p>Contamos con un centro equipado con todo lo necesario para el cuidado de tus mascotas, incluyendo consulta, vacunaci\u00f3n, anal\u00edticas, radiograf\u00eda, ecograf\u00eda, cirug\u00eda y hospitalizaci\u00f3n. Adem\u00e1s, ofrecemos un servicio de fisioterapia, quiropr\u00e1ctica y rehabilitaci\u00f3n, en colaboraci\u00f3n con una veterinaria especializada.<\/p><p>Tambi\u00e9n disponemos de una amplia gama de productos para el cuidado de tu mascota, incluyendo alimentos, accesorios, medicamentos y juguetes.<\/p><p>\u00a0<\/p>\t\t\t\t\t\t\t\t<\/div>\n\t\t\t\t<\/div>\n\t\t\t\t\t<\/div>\n\t\t<\/div>\n\t\t\t\t\t<\/div>\n\t\t<\/section>\n\t\t\t\t<section class=\"elementor-section elementor-inner-section elementor-element elementor-element-31d68ae elementor-section-boxed elementor-section-height-default elementor-section-height-default\" data-id=\"31d68ae\" data-element_type=\"section\" data-e-type=\"section\">\n\t\t\t\t\t\t<div class=\"elementor-container elementor-column-gap-default\">\n\t\t\t\t\t<div class=\"elementor-column elementor-col-50 elementor-inner-column elementor-element elementor-element-8ddd41b\" data-id=\"8ddd41b\" data-element_type=\"column\" data-e-type=\"column\">\n\t\t\t<div class=\"elementor-widget-wrap elementor-element-populated\">\n\t\t\t\t\t\t<div class=\"elementor-element elementor-element-c87b63e elementor-align-center elementor-widget elementor-widget-button\" data-id=\"c87b63e\" data-element_type=\"widget\" data-e-type=\"widget\" data-widget_type=\"button.default\">\n\t\t\t\t<div class=\"elementor-widget-container\">\n\t\t\t\t\t\t\t\t\t<div class=\"elementor-button-wrapper\">\n\t\t\t\t\t<a class=\"elementor-button elementor-button-link elementor-size-sm\" href=\"https:\/\/www.unavets.com\/babieca\/es\/instalaciones\/\">\n\t\t\t\t\t\t<span class=\"elementor-button-content-wrapper\">\n\t\t\t\t\t\t\t\t\t<span class=\"elementor-button-text\">Instalaciones<\/span>\n\t\t\t\t\t<\/span>\n\t\t\t\t\t<\/a>\n\t\t\t\t<\/div>\n\t\t\t\t\t\t\t\t<\/div>\n\t\t\t\t<\/div>\n\t\t\t\t\t<\/div>\n\t\t<\/div>\n\t\t\t\t<div class=\"elementor-column elementor-col-50 elementor-inner-column elementor-element elementor-element-d044a7e\" data-id=\"d044a7e\" data-element_type=\"column\" data-e-type=\"column\">\n\t\t\t<div class=\"elementor-widget-wrap elementor-element-populated\">\n\t\t\t\t\t\t<div class=\"elementor-element elementor-element-75ee515 elementor-align-center elementor-widget elementor-widget-button\" data-id=\"75ee515\" data-element_type=\"widget\" data-e-type=\"widget\" data-widget_type=\"button.default\">\n\t\t\t\t<div class=\"elementor-widget-container\">\n\t\t\t\t\t\t\t\t\t<div class=\"elementor-button-wrapper\">\n\t\t\t\t\t<a class=\"elementor-button elementor-button-link elementor-size-sm\" href=\"https:\/\/www.unavets.com\/babieca\/es\/nuestro-equipo\/\">\n\t\t\t\t\t\t<span class=\"elementor-button-content-wrapper\">\n\t\t\t\t\t\t\t\t\t<span class=\"elementor-button-text\">Equipo<\/span>\n\t\t\t\t\t<\/span>\n\t\t\t\t\t<\/a>\n\t\t\t\t<\/div>\n\t\t\t\t\t\t\t\t<\/div>\n\t\t\t\t<\/div>\n\t\t\t\t\t<\/div>\n\t\t<\/div>\n\t\t\t\t\t<\/div>\n\t\t<\/section>\n\t\t\t\t\t<\/div>\n\t\t<\/div>\n\t\t\t\t\t<\/div>\n\t\t<\/section>\n\t\t\t\t<section class=\"elementor-section elementor-top-section elementor-element elementor-element-38295de elementor-section-boxed elementor-section-height-default elementor-section-height-default\" data-id=\"38295de\" data-element_type=\"section\" data-e-type=\"section\">\n\t\t\t\t\t\t<div class=\"elementor-container elementor-column-gap-default\">\n\t\t\t\t\t<div class=\"elementor-column elementor-col-100 elementor-top-column elementor-element elementor-element-c3d38f1\" data-id=\"c3d38f1\" data-element_type=\"column\" data-e-type=\"column\">\n\t\t\t<div class=\"elementor-widget-wrap elementor-element-populated\">\n\t\t\t\t\t\t<div class=\"elementor-element elementor-element-d803770 elementor-widget elementor-widget-gallery\" data-id=\"d803770\" data-element_type=\"widget\" data-e-type=\"widget\" data-settings=\"{&quot;columns&quot;:&quot;3&quot;,&quot;aspect_ratio&quot;:&quot;1:1&quot;,&quot;lazyload&quot;:&quot;yes&quot;,&quot;gallery_layout&quot;:&quot;grid&quot;,&quot;columns_tablet&quot;:2,&quot;columns_mobile&quot;:1,&quot;gap&quot;:{&quot;unit&quot;:&quot;px&quot;,&quot;size&quot;:10,&quot;sizes&quot;:[]},&quot;gap_tablet&quot;:{&quot;unit&quot;:&quot;px&quot;,&quot;size&quot;:10,&quot;sizes&quot;:[]},&quot;gap_mobile&quot;:{&quot;unit&quot;:&quot;px&quot;,&quot;size&quot;:10,&quot;sizes&quot;:[]},&quot;link_to&quot;:&quot;file&quot;,&quot;overlay_background&quot;:&quot;yes&quot;,&quot;content_hover_animation&quot;:&quot;fade-in&quot;}\" data-widget_type=\"gallery.default\">\n\t\t\t\t<div class=\"elementor-widget-container\">\n\t\t\t\t\t\t\t<div class=\"elementor-gallery__container\">\n\t\t\t\t\t\t\t<a class=\"e-gallery-item elementor-gallery-item elementor-animated-content\" href=\"https:\/\/www.unavets.com\/babieca\/wp-content\/uploads\/sites\/34\/2023\/08\/babieca-veterinarios-en-santander2.jpg\" data-elementor-open-lightbox=\"yes\" data-elementor-lightbox-slideshow=\"d803770\" data-elementor-lightbox-title=\"babieca veterinarios en santander2\" data-e-action-hash=\"#elementor-action%3Aaction%3Dlightbox%26settings%3DeyJpZCI6MjAzOTQsInVybCI6Imh0dHBzOlwvXC93d3cudW5hdmV0cy5jb21cL2JhYmllY2FcL3dwLWNvbnRlbnRcL3VwbG9hZHNcL3NpdGVzXC8zNFwvMjAyM1wvMDhcL2JhYmllY2EtdmV0ZXJpbmFyaW9zLWVuLXNhbnRhbmRlcjIuanBnIiwic2xpZGVzaG93IjoiZDgwMzc3MCJ9\">\n\t\t\t\t\t<div class=\"e-gallery-image elementor-gallery-item__image\" data-thumbnail=\"https:\/\/www.unavets.com\/babieca\/wp-content\/uploads\/sites\/34\/2023\/08\/babieca-veterinarios-en-santander2.jpg\" data-width=\"600\" data-height=\"400\" aria-label=\"\" role=\"img\" ><\/div>\n\t\t\t\t\t\t\t\t\t\t\t<div class=\"elementor-gallery-item__overlay\"><\/div>\n\t\t\t\t\t\t\t\t\t\t\t\t\t\t<\/a>\n\t\t\t\t\t\t\t<a class=\"e-gallery-item elementor-gallery-item elementor-animated-content\" href=\"https:\/\/www.unavets.com\/babieca\/wp-content\/uploads\/sites\/34\/2023\/08\/clinica-veterinaria-babieca5_medicina-perros-3.jpg\" data-elementor-open-lightbox=\"yes\" data-elementor-lightbox-slideshow=\"d803770\" data-elementor-lightbox-title=\"clinica veterinaria babieca5_medicina perros 3\" data-e-action-hash=\"#elementor-action%3Aaction%3Dlightbox%26settings%3DeyJpZCI6MjAzOTYsInVybCI6Imh0dHBzOlwvXC93d3cudW5hdmV0cy5jb21cL2JhYmllY2FcL3dwLWNvbnRlbnRcL3VwbG9hZHNcL3NpdGVzXC8zNFwvMjAyM1wvMDhcL2NsaW5pY2EtdmV0ZXJpbmFyaWEtYmFiaWVjYTVfbWVkaWNpbmEtcGVycm9zLTMuanBnIiwic2xpZGVzaG93IjoiZDgwMzc3MCJ9\">\n\t\t\t\t\t<div class=\"e-gallery-image elementor-gallery-item__image\" data-thumbnail=\"https:\/\/www.unavets.com\/babieca\/wp-content\/uploads\/sites\/34\/2023\/08\/clinica-veterinaria-babieca5_medicina-perros-3.jpg\" data-width=\"600\" data-height=\"400\" aria-label=\"\" role=\"img\" ><\/div>\n\t\t\t\t\t\t\t\t\t\t\t<div class=\"elementor-gallery-item__overlay\"><\/div>\n\t\t\t\t\t\t\t\t\t\t\t\t\t\t<\/a>\n\t\t\t\t\t\t\t<a class=\"e-gallery-item elementor-gallery-item elementor-animated-content\" href=\"https:\/\/www.unavets.com\/babieca\/wp-content\/uploads\/sites\/34\/2023\/08\/cuidados-dentales.jpg\" data-elementor-open-lightbox=\"yes\" data-elementor-lightbox-slideshow=\"d803770\" data-elementor-lightbox-title=\"cuidados dentales\" data-e-action-hash=\"#elementor-action%3Aaction%3Dlightbox%26settings%3DeyJpZCI6MjAzOTgsInVybCI6Imh0dHBzOlwvXC93d3cudW5hdmV0cy5jb21cL2JhYmllY2FcL3dwLWNvbnRlbnRcL3VwbG9hZHNcL3NpdGVzXC8zNFwvMjAyM1wvMDhcL2N1aWRhZG9zLWRlbnRhbGVzLmpwZyIsInNsaWRlc2hvdyI6ImQ4MDM3NzAifQ%3D%3D\">\n\t\t\t\t\t<div class=\"e-gallery-image elementor-gallery-item__image\" data-thumbnail=\"https:\/\/www.unavets.com\/babieca\/wp-content\/uploads\/sites\/34\/2023\/08\/cuidados-dentales.jpg\" data-width=\"724\" data-height=\"483\" aria-label=\"\" role=\"img\" ><\/div>\n\t\t\t\t\t\t\t\t\t\t\t<div class=\"elementor-gallery-item__overlay\"><\/div>\n\t\t\t\t\t\t\t\t\t\t\t\t\t\t<\/a>\n\t\t\t\t\t\t\t<a class=\"e-gallery-item elementor-gallery-item elementor-animated-content\" href=\"https:\/\/www.unavets.com\/babieca\/wp-content\/uploads\/sites\/34\/2023\/08\/fotos-perros.jpg\" data-elementor-open-lightbox=\"yes\" data-elementor-lightbox-slideshow=\"d803770\" data-elementor-lightbox-title=\"fotos perros\" data-e-action-hash=\"#elementor-action%3Aaction%3Dlightbox%26settings%3DeyJpZCI6MjA0MDAsInVybCI6Imh0dHBzOlwvXC93d3cudW5hdmV0cy5jb21cL2JhYmllY2FcL3dwLWNvbnRlbnRcL3VwbG9hZHNcL3NpdGVzXC8zNFwvMjAyM1wvMDhcL2ZvdG9zLXBlcnJvcy5qcGciLCJzbGlkZXNob3ciOiJkODAzNzcwIn0%3D\">\n\t\t\t\t\t<div class=\"e-gallery-image elementor-gallery-item__image\" data-thumbnail=\"https:\/\/www.unavets.com\/babieca\/wp-content\/uploads\/sites\/34\/2023\/08\/fotos-perros.jpg\" data-width=\"700\" data-height=\"467\" aria-label=\"\" role=\"img\" ><\/div>\n\t\t\t\t\t\t\t\t\t\t\t<div class=\"elementor-gallery-item__overlay\"><\/div>\n\t\t\t\t\t\t\t\t\t\t\t\t\t\t<\/a>\n\t\t\t\t\t\t\t<a class=\"e-gallery-item elementor-gallery-item elementor-animated-content\" href=\"https:\/\/www.unavets.com\/babieca\/wp-content\/uploads\/sites\/34\/2023\/08\/laboratorio-2.jpg\" data-elementor-open-lightbox=\"yes\" data-elementor-lightbox-slideshow=\"d803770\" data-elementor-lightbox-title=\"laboratorio 2\" data-e-action-hash=\"#elementor-action%3Aaction%3Dlightbox%26settings%3DeyJpZCI6MjA0MDIsInVybCI6Imh0dHBzOlwvXC93d3cudW5hdmV0cy5jb21cL2JhYmllY2FcL3dwLWNvbnRlbnRcL3VwbG9hZHNcL3NpdGVzXC8zNFwvMjAyM1wvMDhcL2xhYm9yYXRvcmlvLTIuanBnIiwic2xpZGVzaG93IjoiZDgwMzc3MCJ9\">\n\t\t\t\t\t<div class=\"e-gallery-image elementor-gallery-item__image\" data-thumbnail=\"https:\/\/www.unavets.com\/babieca\/wp-content\/uploads\/sites\/34\/2023\/08\/laboratorio-2.jpg\" data-width=\"600\" data-height=\"400\" aria-label=\"\" role=\"img\" ><\/div>\n\t\t\t\t\t\t\t\t\t\t\t<div class=\"elementor-gallery-item__overlay\"><\/div>\n\t\t\t\t\t\t\t\t\t\t\t\t\t\t<\/a>\n\t\t\t\t\t\t\t<a class=\"e-gallery-item elementor-gallery-item elementor-animated-content\" href=\"https:\/\/www.unavets.com\/babieca\/wp-content\/uploads\/sites\/34\/2023\/08\/quienes-somos-babieca-1.jpg\" data-elementor-open-lightbox=\"yes\" data-elementor-lightbox-slideshow=\"d803770\" data-elementor-lightbox-title=\"quienes somos babieca\" data-e-action-hash=\"#elementor-action%3Aaction%3Dlightbox%26settings%3DeyJpZCI6MjA0MDQsInVybCI6Imh0dHBzOlwvXC93d3cudW5hdmV0cy5jb21cL2JhYmllY2FcL3dwLWNvbnRlbnRcL3VwbG9hZHNcL3NpdGVzXC8zNFwvMjAyM1wvMDhcL3F1aWVuZXMtc29tb3MtYmFiaWVjYS0xLmpwZyIsInNsaWRlc2hvdyI6ImQ4MDM3NzAifQ%3D%3D\">\n\t\t\t\t\t<div class=\"e-gallery-image elementor-gallery-item__image\" data-thumbnail=\"https:\/\/www.unavets.com\/babieca\/wp-content\/uploads\/sites\/34\/2023\/08\/quienes-somos-babieca-1.jpg\" data-width=\"600\" data-height=\"400\" aria-label=\"\" role=\"img\" ><\/div>\n\t\t\t\t\t\t\t\t\t\t\t<div class=\"elementor-gallery-item__overlay\"><\/div>\n\t\t\t\t\t\t\t\t\t\t\t\t\t\t<\/a>\n\t\t\t\t\t<\/div>\n\t\t\t\t\t<\/div>\n\t\t\t\t<\/div>\n\t\t\t\t\t<\/div>\n\t\t<\/div>\n\t\t\t\t\t<\/div>\n\t\t<\/section>\n\t\t\t\t<\/div>\n\t\t","protected":false},"excerpt":{"rendered":"<p>Cl\u00ednica Veterinaria con equipos de \u00faltima tecnolog\u00eda y con un servicio de Fisioterapia, Quiropr\u00e1ctica y Rehabilitaci\u00f3n La Cl\u00ednica Veterinaria Babieca es tu sitio de referencia en Los Corrales de Buelna. Dirigida por dos veterinarias colegiadas, ofrecemos un trato cercano y cari\u00f1oso a nuestros clientes y sus mascotas. Estamos abiertos de lunes a viernes de lunes &hellip; <\/p>\n","protected":false},"author":1,"featured_media":0,"parent":0,"menu_order":0,"comment_status":"closed","ping_status":"closed","template":"page-fullwidth.php","meta":{"_acf_changed":false,"content-type":"","footnotes":""},"class_list":["post-12997","page","type-page","status-publish","hentry"],"acf":[],"_links":{"self":[{"href":"https:\/\/www.unavets.com\/babieca\/es\/wp-json\/wp\/v2\/pages\/12997","targetHints":{"allow":["GET"]}}],"collection":[{"href":"https:\/\/www.unavets.com\/babieca\/es\/wp-json\/wp\/v2\/pages"}],"about":[{"href":"https:\/\/www.unavets.com\/babieca\/es\/wp-json\/wp\/v2\/types\/page"}],"author":[{"embeddable":true,"href":"https:\/\/www.unavets.com\/babieca\/es\/wp-json\/wp\/v2\/users\/1"}],"replies":[{"embeddable":true,"href":"https:\/\/www.unavets.com\/babieca\/es\/wp-json\/wp\/v2\/comments?post=12997"}],"version-history":[{"count":0,"href":"https:\/\/www.unavets.com\/babieca\/es\/wp-json\/wp\/v2\/pages\/12997\/revisions"}],"wp:attachment":[{"href":"https:\/\/www.unavets.com\/babieca\/es\/wp-json\/wp\/v2\/media?parent=12997"}],"curies":[{"name":"wp","href":"https:\/\/api.w.org\/{rel}","templated":true}]}}