{"id":19592,"date":"2025-06-13T07:03:38","date_gmt":"2025-06-13T07:03:38","guid":{"rendered":"https:\/\/www.unavets.com\/anubis\/?page_id=19592"},"modified":"2026-02-03T09:15:23","modified_gmt":"2026-02-03T09:15:23","slug":"clinica-amable-con-los-gatos","status":"publish","type":"page","link":"https:\/\/www.unavets.com\/anubis\/es\/clinica-amable-con-los-gatos\/","title":{"rendered":"Cl\u00ednica amable con los gatos"},"content":{"rendered":"\t\t<div data-elementor-type=\"wp-page\" data-elementor-id=\"19592\" class=\"elementor elementor-19592 elementor-19568\" data-elementor-post-type=\"page\">\n\t\t\t\t\t\t<section class=\"elementor-section elementor-top-section elementor-element elementor-element-3c1672b elementor-section-boxed elementor-section-height-default elementor-section-height-default\" data-id=\"3c1672b\" data-element_type=\"section\" data-e-type=\"section\">\n\t\t\t\t\t\t<div class=\"elementor-container elementor-column-gap-default\">\n\t\t\t\t\t<div class=\"elementor-column elementor-col-50 elementor-top-column elementor-element elementor-element-122fa27\" data-id=\"122fa27\" data-element_type=\"column\" data-e-type=\"column\">\n\t\t\t<div class=\"elementor-widget-wrap elementor-element-populated\">\n\t\t\t\t\t\t<div class=\"elementor-element elementor-element-accee50 elementor-widget elementor-widget-text-editor\" data-id=\"accee50\" data-element_type=\"widget\" data-e-type=\"widget\" data-widget_type=\"text-editor.default\">\n\t\t\t\t<div class=\"elementor-widget-container\">\n\t\t\t\t\t\t\t\t\t<p data-start=\"73\" data-end=\"413\">En<strong>\u00a0la Cl\u00ednica Veterinaria Anubis<\/strong>, hemos obtenido la certificaci\u00f3n\u00a0<strong data-start=\"143\" data-end=\"164\">CAT FRIENDLY SILVER<\/strong>\u00a0otorgada por la organizaci\u00f3n\u00a0<strong data-start=\"194\" data-end=\"258\">International Cat Care | For the love of cats (icatcare.org)<\/strong>. Este reconocimiento nos acredita como un centro de referencia en el cuidado y bienestar de los gatos, asegurando un entorno adaptado a sus necesidades.<\/p>\n<p data-start=\"73\" data-end=\"413\">El programa <strong>Cat Friendly Clinic<\/strong>, impulsado por la Sociedad Internacional de Medicina Felina, busca mejorar la experiencia de los gatos en las cl\u00ednicas veterinarias, reduciendo su estr\u00e9s y facilitando su visita al veterinario junto a sus cuidadores.<\/p>\t\t\t\t\t\t\t\t<\/div>\n\t\t\t\t<\/div>\n\t\t\t\t<div class=\"elementor-element elementor-element-71e0839 elementor-widget elementor-widget-image\" data-id=\"71e0839\" data-element_type=\"widget\" data-e-type=\"widget\" data-widget_type=\"image.default\">\n\t\t\t\t<div class=\"elementor-widget-container\">\n\t\t\t\t\t\t\t\t\t\t\t\t\t\t\t<img width=\"300\" height=\"163\" class=\"attachment-medium size-medium wp-image-19861 lazy\" alt=\"\" data-src=\"https:\/\/www.unavets.com\/anubis\/wp-content\/uploads\/sites\/3\/2026\/02\/CatFriendly-Logos-2-2-300x163.png\" data-lazy=\"https:\/\/www.unavets.com\/anubis\/wp-content\/uploads\/sites\/3\/2026\/02\/CatFriendly-Logos-2-2-300x163.png\" \/>\t\t\t\t\t\t\t\t\t\t\t\t\t\t\t<\/div>\n\t\t\t\t<\/div>\n\t\t\t\t\t<\/div>\n\t\t<\/div>\n\t\t\t\t<div class=\"elementor-column elementor-col-50 elementor-top-column elementor-element elementor-element-4af7a52\" data-id=\"4af7a52\" data-element_type=\"column\" data-e-type=\"column\">\n\t\t\t<div class=\"elementor-widget-wrap elementor-element-populated\">\n\t\t\t\t\t\t<div class=\"elementor-element elementor-element-a8a3332 elementor-widget elementor-widget-image\" data-id=\"a8a3332\" data-element_type=\"widget\" data-e-type=\"widget\" data-widget_type=\"image.default\">\n\t\t\t\t<div class=\"elementor-widget-container\">\n\t\t\t\t\t\t\t\t\t\t\t\t\t\t\t<img decoding=\"async\" src=\"https:\/\/www.unavets.com\/anubis\/wp-content\/uploads\/sites\/3\/elementor\/thumbs\/Fotos-Horizontales-10-scaled-1-r78j82mck5kxki4cbjb6fax8kyxjz59czrj0aevma0.jpg\" title=\"Fotos-Horizontales-10-scaled.jpg\" alt=\"Fotos-Horizontales-10-scaled.jpg\" loading=\"lazy\" \/>\t\t\t\t\t\t\t\t\t\t\t\t\t\t\t<\/div>\n\t\t\t\t<\/div>\n\t\t\t\t\t<\/div>\n\t\t<\/div>\n\t\t\t\t\t<\/div>\n\t\t<\/section>\n\t\t\t\t<section class=\"elementor-section elementor-top-section elementor-element elementor-element-4fda2ee elementor-section-boxed elementor-section-height-default elementor-section-height-default\" data-id=\"4fda2ee\" data-element_type=\"section\" data-e-type=\"section\">\n\t\t\t\t\t\t<div class=\"elementor-container elementor-column-gap-default\">\n\t\t\t\t\t<div class=\"elementor-column elementor-col-100 elementor-top-column elementor-element elementor-element-6e62cee\" data-id=\"6e62cee\" data-element_type=\"column\" data-e-type=\"column\">\n\t\t\t<div class=\"elementor-widget-wrap elementor-element-populated\">\n\t\t\t\t\t\t<div class=\"elementor-element elementor-element-91f2bd6 elementor-widget elementor-widget-text-editor\" data-id=\"91f2bd6\" data-element_type=\"widget\" data-e-type=\"widget\" data-widget_type=\"text-editor.default\">\n\t\t\t\t<div class=\"elementor-widget-container\">\n\t\t\t\t\t\t\t\t\t<h3>\u00bfQu\u00e9 significa la Certificaci\u00f3n Plata para ti y tu gato?<\/h3>\n\t\t\t\t\t\t\t\t<\/div>\n\t\t\t\t<\/div>\n\t\t\t\t<div class=\"elementor-element elementor-element-239857b elementor-widget elementor-widget-text-editor\" data-id=\"239857b\" data-element_type=\"widget\" data-e-type=\"widget\" data-widget_type=\"text-editor.default\">\n\t\t\t\t<div class=\"elementor-widget-container\">\n\t\t\t\t\t\t\t\t\t<p data-sourcepos=\"13:1-13:82\">Nuestro nivel plata garantiza un cuidado considerado y adaptado a las necesidades de tu gato:<\/p>\n<p><\/p>\n<p data-sourcepos=\"13:1-13:82\"><strong>Un entorno adecuado desde la llegada:<\/strong><\/p>\n<ul>\n<li style=\"list-style-type: none;\">\n<ul>\n<li>Contamos con una\u00a0<strong>sala de espera separada y exclusiva para gatos<\/strong>, garantizando que no haya contacto estresante con perros u otros animales.<\/li>\n<li><strong>Disponemos de mantas para cubrir los transportines<\/strong>, proporcionando un refugio seguro y minimizando la visibilidad de extra\u00f1os.<\/li>\n<li>Facilitamos espacios para que los transportines puedan mantenerse fuera del suelo.<\/li>\n<\/ul>\n<p><\/li>\n<p><\/ul>\n<p><strong>Hospitalizaci\u00f3n con separaci\u00f3n:<\/strong><\/p>\n<ul>\n<li style=\"list-style-type: none;\">\n<ul>\n<li>En caso de que tu gato necesite ser hospitalizado, disponemos de\u00a0<strong>\u00e1reas de hospitalizaci\u00f3n donde perros y gatos est\u00e1n separados<\/strong>, evitando as\u00ed estr\u00e9s innecesario.<\/li>\n<li>Nuestras\u00a0<strong>jaulas cumplen o superan los tama\u00f1os m\u00ednimos<\/strong>\u00a0establecidos, asegurando que tu gato tenga espacio adecuado para su comodidad durante su estancia.<\/li>\n<\/ul>\n<p><\/li>\n<p><\/ul>\n<p><strong>Consultas confortables:<\/strong><\/p>\n<ul>\n<li style=\"list-style-type: none;\">\n<ul>\n<li>Ofrecemos una\u00a0<strong>sala de consulta\/examen segura, protegida y bien equipada<\/strong>.<\/li>\n<li>Nuestras citas tienen una duraci\u00f3n m\u00ednima de\u00a0<strong>10 minutos<\/strong>, y dedicamos a\u00fan m\u00e1s tiempo a gatos enfermos, mayores, ansiosos, o para consultas de comportamiento y casos complejos.<\/li>\n<\/ul>\n<p><\/li>\n<p><\/ul>\n<p><strong>Instalaciones:<\/strong><\/p>\n<ul>\n<li style=\"list-style-type: none;\">\n<ul>\n<li>Contamos con las\u00a0<strong>instalaciones necesarias para anestesiar gatos<\/strong>, si es requerido para alg\u00fan procedimiento.<\/li>\n<\/ul>\n<p><\/li>\n<p><\/ul>\n<p><\/p>\n<p data-sourcepos=\"31:3-31:55\"><strong>Equipamiento para gatos:<\/strong><\/p>\n<ul>\n<li style=\"list-style-type: none;\">\n<ul>\n<li>Contamos con un<strong>\u00a0equipamiento<\/strong>\u00a0<strong>adicional amigable con gatos<\/strong>, incluyendo herramientas para la atenci\u00f3n dental, lo que nos permite abordar una gama m\u00e1s amplia de necesidades m\u00e9dicas.<\/li>\n<\/ul>\n<p><\/li>\n<p><\/ul>\n\t\t\t\t\t\t\t\t<\/div>\n\t\t\t\t<\/div>\n\t\t\t\t<div class=\"elementor-element elementor-element-a6f8d62 elementor-align-center elementor-widget elementor-widget-button\" data-id=\"a6f8d62\" data-element_type=\"widget\" data-e-type=\"widget\" data-widget_type=\"button.default\">\n\t\t\t\t<div class=\"elementor-widget-container\">\n\t\t\t\t\t\t\t\t\t<div class=\"elementor-button-wrapper\">\n\t\t\t\t\t<a class=\"elementor-button elementor-button-link elementor-size-md\" href=\"tel:934086143\">\n\t\t\t\t\t\t<span class=\"elementor-button-content-wrapper\">\n\t\t\t\t\t\t<span class=\"elementor-button-icon\">\n\t\t\t\t<i aria-hidden=\"true\" class=\"far fa-calendar-alt\"><\/i>\t\t\t<\/span>\n\t\t\t\t\t\t\t\t\t<span class=\"elementor-button-text\">Pide Cita<\/span>\n\t\t\t\t\t<\/span>\n\t\t\t\t\t<\/a>\n\t\t\t\t<\/div>\n\t\t\t\t\t\t\t\t<\/div>\n\t\t\t\t<\/div>\n\t\t\t\t\t<\/div>\n\t\t<\/div>\n\t\t\t\t\t<\/div>\n\t\t<\/section>\n\t\t\t\t<\/div>\n\t\t","protected":false},"excerpt":{"rendered":"<p>En\u00a0la Cl\u00ednica Veterinaria Anubis, hemos obtenido la certificaci\u00f3n\u00a0CAT FRIENDLY SILVER\u00a0otorgada por la organizaci\u00f3n\u00a0International Cat Care | For the love of cats (icatcare.org). Este reconocimiento nos acredita como un centro de referencia en el cuidado y bienestar de los gatos, asegurando un entorno adaptado a sus necesidades. El programa Cat Friendly Clinic, impulsado por la Sociedad &hellip; <\/p>\n","protected":false},"author":60,"featured_media":0,"parent":0,"menu_order":0,"comment_status":"closed","ping_status":"closed","template":"page-fullwidth.php","meta":{"_acf_changed":false,"content-type":"","footnotes":""},"class_list":["post-19592","page","type-page","status-publish","hentry"],"acf":[],"_links":{"self":[{"href":"https:\/\/www.unavets.com\/anubis\/es\/wp-json\/wp\/v2\/pages\/19592","targetHints":{"allow":["GET"]}}],"collection":[{"href":"https:\/\/www.unavets.com\/anubis\/es\/wp-json\/wp\/v2\/pages"}],"about":[{"href":"https:\/\/www.unavets.com\/anubis\/es\/wp-json\/wp\/v2\/types\/page"}],"author":[{"embeddable":true,"href":"https:\/\/www.unavets.com\/anubis\/es\/wp-json\/wp\/v2\/users\/60"}],"replies":[{"embeddable":true,"href":"https:\/\/www.unavets.com\/anubis\/es\/wp-json\/wp\/v2\/comments?post=19592"}],"version-history":[{"count":9,"href":"https:\/\/www.unavets.com\/anubis\/es\/wp-json\/wp\/v2\/pages\/19592\/revisions"}],"predecessor-version":[{"id":19865,"href":"https:\/\/www.unavets.com\/anubis\/es\/wp-json\/wp\/v2\/pages\/19592\/revisions\/19865"}],"wp:attachment":[{"href":"https:\/\/www.unavets.com\/anubis\/es\/wp-json\/wp\/v2\/media?parent=19592"}],"curies":[{"name":"wp","href":"https:\/\/api.w.org\/{rel}","templated":true}]}}