{"id":14607,"date":"2021-06-09T14:56:04","date_gmt":"2021-06-09T14:56:04","guid":{"rendered":"http:\/\/www.unavets.com\/anubis\/?page_id=14607"},"modified":"2023-07-13T12:52:14","modified_gmt":"2023-07-13T12:52:14","slug":"medicina-felina","status":"publish","type":"page","link":"https:\/\/www.unavets.com\/anubis\/es\/medicina-felina\/","title":{"rendered":"Medicina Felina en Barcelona Catalu\u00f1a"},"content":{"rendered":"\t\t<div data-elementor-type=\"wp-page\" data-elementor-id=\"14607\" class=\"elementor elementor-14607 elementor-14603\" data-elementor-post-type=\"page\">\n\t\t\t\t\t\t<section class=\"elementor-section elementor-top-section elementor-element elementor-element-d993722 elementor-section-boxed elementor-section-height-default elementor-section-height-default\" data-id=\"d993722\" data-element_type=\"section\" data-e-type=\"section\" id=\"main-sec\">\n\t\t\t\t\t\t<div class=\"elementor-container elementor-column-gap-default\">\n\t\t\t\t\t<div class=\"elementor-column elementor-col-100 elementor-top-column elementor-element elementor-element-2048e61\" data-id=\"2048e61\" data-element_type=\"column\" data-e-type=\"column\">\n\t\t\t<div class=\"elementor-widget-wrap elementor-element-populated\">\n\t\t\t\t\t\t<div class=\"elementor-element elementor-element-1d02c2d elementor-widget elementor-widget-text-editor\" data-id=\"1d02c2d\" data-element_type=\"widget\" data-e-type=\"widget\" data-widget_type=\"text-editor.default\">\n\t\t\t\t<div class=\"elementor-widget-container\">\n\t\t\t\t\t\t\t\t\t<p>El gato es un animal muy diferente del perro, su comportamiento, manejo e incluso sus enfermedades son totalmente distintas a las de los perros, es por ello que en Cl\u00ednica Veterinaria Anubis, Barcelona disponemos de instalaciones dise\u00f1adas espec\u00edficamente para los gatos, sala de espera, consulta y hospitalizaciones exclusivas para ellos.<\/p>\n<p>Cl\u00ednica Veterinaria Anubis cuenta con veterinarios y auxiliares con formaci\u00f3n espec\u00edfica en medicina felina, que adoran a los gatos y saben c\u00f3mo manejarlos y tratarlos.<\/p>\n<h2 style=\"margin-bottom: 1em;\"><strong>Anubis Cl\u00ednica veterinaria, ha obtenido el certificado internacional de Cl\u00ednica amable con los gatos<\/strong><\/h2>\n<p style=\"margin-bottom: 1em;\">LLevar a los gatos a la cl\u00ednica veterinaria puede ser muy estresante, tanto para ellos como para sus cuidadores.<\/p><p style=\"margin-bottom: 1em;\"><b>El programa Cat Friendly Clinic<\/b> est\u00e1 dise\u00f1ado para ayudar a resolver estos problemas mediante la creaci\u00f3n de cl\u00ednicas veterinarias m\u00e1s acogedoras para los gatos, reduciendo as\u00ed su estr\u00e9s y facilitando las visitas veterinarias tambi\u00e9n a sus cuidadores.<\/p><p style=\"margin-bottom: 1em;\">Las instalaciones, personal y manejo de los gatos en Anubis, le ha hecho merecedora de esta distinci\u00f3n, solo 12 cl\u00ednicas en Barcelona lo poseen.<\/p>\t\t\t\t\t\t\t\t<\/div>\n\t\t\t\t<\/div>\n\t\t\t\t<div class=\"elementor-element elementor-element-02838e3 elementor-align-center elementor-widget elementor-widget-button\" data-id=\"02838e3\" data-element_type=\"widget\" data-e-type=\"widget\" data-widget_type=\"button.default\">\n\t\t\t\t<div class=\"elementor-widget-container\">\n\t\t\t\t\t\t\t\t\t<div class=\"elementor-button-wrapper\">\n\t\t\t\t\t<a class=\"elementor-button elementor-button-link elementor-size-md\" href=\"https:\/\/www.unavets.com\/anubis\/es\/pide-cita\/\">\n\t\t\t\t\t\t<span class=\"elementor-button-content-wrapper\">\n\t\t\t\t\t\t<span class=\"elementor-button-icon\">\n\t\t\t\t<i aria-hidden=\"true\" class=\"far fa-calendar-alt\"><\/i>\t\t\t<\/span>\n\t\t\t\t\t\t\t\t\t<span class=\"elementor-button-text\">Pide Cita<\/span>\n\t\t\t\t\t<\/span>\n\t\t\t\t\t<\/a>\n\t\t\t\t<\/div>\n\t\t\t\t\t\t\t\t<\/div>\n\t\t\t\t<\/div>\n\t\t\t\t\t<\/div>\n\t\t<\/div>\n\t\t\t\t\t<\/div>\n\t\t<\/section>\n\t\t\t\t<section class=\"elementor-section elementor-top-section elementor-element elementor-element-6eb37c2 elementor-section-boxed elementor-section-height-default elementor-section-height-default\" data-id=\"6eb37c2\" data-element_type=\"section\" data-e-type=\"section\">\n\t\t\t\t\t\t<div class=\"elementor-container elementor-column-gap-default\">\n\t\t\t\t\t<div class=\"elementor-column elementor-col-33 elementor-top-column elementor-element elementor-element-2e40db9\" data-id=\"2e40db9\" data-element_type=\"column\" data-e-type=\"column\">\n\t\t\t<div class=\"elementor-widget-wrap elementor-element-populated\">\n\t\t\t\t\t\t<div class=\"elementor-element elementor-element-ef55b18 elementor-widget elementor-widget-image\" data-id=\"ef55b18\" data-element_type=\"widget\" data-e-type=\"widget\" data-widget_type=\"image.default\">\n\t\t\t\t<div class=\"elementor-widget-container\">\n\t\t\t\t\t\t\t\t\t\t\t\t\t\t\t<img fetchpriority=\"high\" width=\"500\" height=\"313\" class=\"attachment-large size-large wp-image-18415 lazy\" alt=\"silver cat friendly clinic amables con los gatos expertos en medicina felina\" data-src=\"https:\/\/www.unavets.com\/anubis\/wp-content\/uploads\/sites\/3\/2023\/07\/silver-cat-friendly-clinic.png\" data-lazy=\"https:\/\/www.unavets.com\/anubis\/wp-content\/uploads\/sites\/3\/2023\/07\/silver-cat-friendly-clinic.png\" \/>\t\t\t\t\t\t\t\t\t\t\t\t\t\t\t<\/div>\n\t\t\t\t<\/div>\n\t\t\t\t\t<\/div>\n\t\t<\/div>\n\t\t\t\t<div class=\"elementor-column elementor-col-66 elementor-top-column elementor-element elementor-element-0b1e60c\" data-id=\"0b1e60c\" data-element_type=\"column\" data-e-type=\"column\">\n\t\t\t<div class=\"elementor-widget-wrap elementor-element-populated\">\n\t\t\t\t\t\t<div class=\"elementor-element elementor-element-513b48f elementor-widget elementor-widget-image\" data-id=\"513b48f\" data-element_type=\"widget\" data-e-type=\"widget\" data-widget_type=\"image.default\">\n\t\t\t\t<div class=\"elementor-widget-container\">\n\t\t\t\t\t\t\t\t\t\t\t\t\t\t\t<img width=\"724\" height=\"763\" class=\"attachment-large size-large wp-image-18404 lazy\" alt=\"medicina felina expertos en barcelona\" data-src=\"https:\/\/www.unavets.com\/anubis\/wp-content\/uploads\/sites\/3\/2023\/07\/MicrosoftTeams-image-13-e1689252345688-972x1024.jpg\" data-lazy=\"https:\/\/www.unavets.com\/anubis\/wp-content\/uploads\/sites\/3\/2023\/07\/MicrosoftTeams-image-13-e1689252345688-972x1024.jpg\" \/>\t\t\t\t\t\t\t\t\t\t\t\t\t\t\t<\/div>\n\t\t\t\t<\/div>\n\t\t\t\t\t<\/div>\n\t\t<\/div>\n\t\t\t\t\t<\/div>\n\t\t<\/section>\n\t\t\t\t<\/div>\n\t\t","protected":false},"excerpt":{"rendered":"<p>El gato es un animal muy diferente del perro, su comportamiento, manejo e incluso sus enfermedades son totalmente distintas a las de los perros, es por ello que en , disponemos de instalaciones dise\u00f1adas espec\u00edficamente para los gatos, sala de espera, consulta y hospitalizaciones exclusivas para ellos. cuenta con veterinarios y auxiliares con formaci\u00f3n espec\u00edfica &hellip; <\/p>\n","protected":false},"author":4,"featured_media":0,"parent":0,"menu_order":0,"comment_status":"closed","ping_status":"closed","template":"page-fullwidth.php","meta":{"_acf_changed":false,"content-type":"","footnotes":""},"class_list":["post-14607","page","type-page","status-publish","hentry"],"acf":[],"_links":{"self":[{"href":"https:\/\/www.unavets.com\/anubis\/es\/wp-json\/wp\/v2\/pages\/14607","targetHints":{"allow":["GET"]}}],"collection":[{"href":"https:\/\/www.unavets.com\/anubis\/es\/wp-json\/wp\/v2\/pages"}],"about":[{"href":"https:\/\/www.unavets.com\/anubis\/es\/wp-json\/wp\/v2\/types\/page"}],"author":[{"embeddable":true,"href":"https:\/\/www.unavets.com\/anubis\/es\/wp-json\/wp\/v2\/users\/4"}],"replies":[{"embeddable":true,"href":"https:\/\/www.unavets.com\/anubis\/es\/wp-json\/wp\/v2\/comments?post=14607"}],"version-history":[{"count":0,"href":"https:\/\/www.unavets.com\/anubis\/es\/wp-json\/wp\/v2\/pages\/14607\/revisions"}],"wp:attachment":[{"href":"https:\/\/www.unavets.com\/anubis\/es\/wp-json\/wp\/v2\/media?parent=14607"}],"curies":[{"name":"wp","href":"https:\/\/api.w.org\/{rel}","templated":true}]}}