{"id":13051,"date":"2021-01-08T14:17:03","date_gmt":"2021-01-08T14:17:03","guid":{"rendered":"http:\/\/www.unavets.com\/anubis\/?page_id=13051"},"modified":"2024-09-30T16:13:08","modified_gmt":"2024-09-30T16:13:08","slug":"cardiologia","status":"publish","type":"page","link":"https:\/\/www.unavets.com\/anubis\/es\/cardiologia\/","title":{"rendered":"Cardiolog\u00eda"},"content":{"rendered":"\t\t<div data-elementor-type=\"wp-page\" data-elementor-id=\"13051\" class=\"elementor elementor-13051 elementor-1118\" data-elementor-post-type=\"page\">\n\t\t\t\t\t\t<section class=\"elementor-section elementor-top-section elementor-element elementor-element-3b7f1f2 elementor-section-boxed elementor-section-height-default elementor-section-height-default\" data-id=\"3b7f1f2\" data-element_type=\"section\" data-e-type=\"section\" id=\"main-sec\">\n\t\t\t\t\t\t<div class=\"elementor-container elementor-column-gap-default\">\n\t\t\t\t\t<div class=\"elementor-column elementor-col-100 elementor-top-column elementor-element elementor-element-138c88c\" data-id=\"138c88c\" data-element_type=\"column\" data-e-type=\"column\">\n\t\t\t<div class=\"elementor-widget-wrap elementor-element-populated\">\n\t\t\t\t\t\t<div class=\"elementor-element elementor-element-ec83cf0 elementor-widget elementor-widget-section_titleleft\" data-id=\"ec83cf0\" data-element_type=\"widget\" data-e-type=\"widget\" data-widget_type=\"section_titleleft.default\">\n\t\t\t\t<div class=\"elementor-widget-container\">\n\t\t\t\t\t        <div class=\"ab_text-title fl-wrap\">\n            Nuestros veterinarios de Cl\u00ednica Veterinaria Anubis, en Barcelona, ofrecen atenci\u00f3n m\u00e9dica especializada a mascotas con problemas de coraz\u00f3n.<span class=\"section-separator fl-sec-sep\"><\/span>        <\/div>\n        \t\t\t\t<\/div>\n\t\t\t\t<\/div>\n\t\t\t\t\t<\/div>\n\t\t<\/div>\n\t\t\t\t\t<\/div>\n\t\t<\/section>\n\t\t\t\t<section class=\"elementor-section elementor-top-section elementor-element elementor-element-d993722 elementor-section-boxed elementor-section-height-default elementor-section-height-default\" data-id=\"d993722\" data-element_type=\"section\" data-e-type=\"section\">\n\t\t\t\t\t\t<div class=\"elementor-container elementor-column-gap-default\">\n\t\t\t\t\t<div class=\"elementor-column elementor-col-50 elementor-top-column elementor-element elementor-element-065811d\" data-id=\"065811d\" data-element_type=\"column\" data-e-type=\"column\">\n\t\t\t<div class=\"elementor-widget-wrap elementor-element-populated\">\n\t\t\t\t\t\t<div class=\"elementor-element elementor-element-5517f01 elementor-widget elementor-widget-text-editor\" data-id=\"5517f01\" data-element_type=\"widget\" data-e-type=\"widget\" data-widget_type=\"text-editor.default\">\n\t\t\t\t<div class=\"elementor-widget-container\">\n\t\t\t\t\t\t\t\t\t<p>La cardiolog\u00eda es la especialidad m\u00e9dica dedicada al estudio de las enfermedades del coraz\u00f3n y las repercusiones que otras enfermedades sist\u00e9micas pueden producir sobre este \u00f3rgano. En Cl\u00ednica Veterinaria Anubis, nuestros cardi\u00f3logos est\u00e1n comprometidos en mantener y mejorar la calidad de vida de nuestros pacientes y ofrecen un servicio integral excelente para el diagn\u00f3stico y tratamiento de las enfermedades card\u00edacas y respiratorias. Los procedimientos de diagn\u00f3stico de uso m\u00e1s frecuente son t\u00e9cnicas no invasivas que se utilizan de forma segura y r\u00e1pida, para examinar a las mascotas que pueden padecer una enfermedad card\u00edaca o pulmonar:<\/p><ul><li>La <strong>ecocardiograf\u00eda<\/strong>, la ecocardiograf\u00eda Doppler: utiliza ondas de sonido para obtener im\u00e1genes del coraz\u00f3n, las v\u00e1lvulas y el flujo sangu\u00edneo. Esto puede determinar la causa de los soplos card\u00edacos y evaluar la fuerza y la salud del m\u00fasculo del coraz\u00f3n y sus c\u00e1maras.<\/li><li><strong>Radiograf\u00eda<\/strong>: proporciona informaci\u00f3n esencial sobre el t\u00f3rax y todas sus estructuras.<\/li><li>El <strong>electrocardiograma<\/strong> (ECG): eval\u00faa la frecuencia card\u00edaca, el ritmo y la presencia de posibles irregularidades (arritmias).<\/li><li><strong>Anal\u00edtica sangu\u00ednea<\/strong>: sirve para evaluar la funci\u00f3n renal, el estado de la tiroides y otros par\u00e1metros importantes.<\/li><\/ul>\t\t\t\t\t\t\t\t<\/div>\n\t\t\t\t<\/div>\n\t\t\t\t\t<\/div>\n\t\t<\/div>\n\t\t\t\t<div class=\"elementor-column elementor-col-50 elementor-top-column elementor-element elementor-element-2048e61\" data-id=\"2048e61\" data-element_type=\"column\" data-e-type=\"column\">\n\t\t\t<div class=\"elementor-widget-wrap elementor-element-populated\">\n\t\t\t\t\t\t<div class=\"elementor-element elementor-element-dc7c821 elementor-widget elementor-widget-image\" data-id=\"dc7c821\" data-element_type=\"widget\" data-e-type=\"widget\" data-widget_type=\"image.default\">\n\t\t\t\t<div class=\"elementor-widget-container\">\n\t\t\t\t\t\t\t\t\t\t\t\t\t\t\t<img fetchpriority=\"high\" width=\"786\" height=\"524\" class=\"attachment-townhub-featured-image size-townhub-featured-image wp-image-19386 lazy\" alt=\"\" data-src=\"https:\/\/www.unavets.com\/anubis\/wp-content\/uploads\/sites\/3\/2024\/09\/Foto-cardio-2-786x524.jpg\" data-lazy=\"https:\/\/www.unavets.com\/anubis\/wp-content\/uploads\/sites\/3\/2024\/09\/Foto-cardio-2-786x524.jpg\" \/>\t\t\t\t\t\t\t\t\t\t\t\t\t\t\t<\/div>\n\t\t\t\t<\/div>\n\t\t\t\t<div class=\"elementor-element elementor-element-162a811 elementor-align-center elementor-widget elementor-widget-button\" data-id=\"162a811\" data-element_type=\"widget\" data-e-type=\"widget\" data-widget_type=\"button.default\">\n\t\t\t\t<div class=\"elementor-widget-container\">\n\t\t\t\t\t\t\t\t\t<div class=\"elementor-button-wrapper\">\n\t\t\t\t\t<a class=\"elementor-button elementor-button-link elementor-size-md\" href=\"tel:%20%20934%20086%20143\">\n\t\t\t\t\t\t<span class=\"elementor-button-content-wrapper\">\n\t\t\t\t\t\t<span class=\"elementor-button-icon\">\n\t\t\t\t<i aria-hidden=\"true\" class=\"far fa-calendar-alt\"><\/i>\t\t\t<\/span>\n\t\t\t\t\t\t\t\t\t<span class=\"elementor-button-text\">Pide cita<\/span>\n\t\t\t\t\t<\/span>\n\t\t\t\t\t<\/a>\n\t\t\t\t<\/div>\n\t\t\t\t\t\t\t\t<\/div>\n\t\t\t\t<\/div>\n\t\t\t\t\t<\/div>\n\t\t<\/div>\n\t\t\t\t\t<\/div>\n\t\t<\/section>\n\t\t\t\t<section class=\"elementor-section elementor-top-section elementor-element elementor-element-7439845 elementor-section-boxed elementor-section-height-default elementor-section-height-default\" data-id=\"7439845\" data-element_type=\"section\" data-e-type=\"section\">\n\t\t\t\t\t\t<div class=\"elementor-container elementor-column-gap-default\">\n\t\t\t\t\t<div class=\"elementor-column elementor-col-100 elementor-top-column elementor-element elementor-element-d3033cc\" data-id=\"d3033cc\" data-element_type=\"column\" data-e-type=\"column\">\n\t\t\t<div class=\"elementor-widget-wrap elementor-element-populated\">\n\t\t\t\t\t\t<div class=\"elementor-element elementor-element-f495596 elementor-widget elementor-widget-text-editor\" data-id=\"f495596\" data-element_type=\"widget\" data-e-type=\"widget\" data-widget_type=\"text-editor.default\">\n\t\t\t\t<div class=\"elementor-widget-container\">\n\t\t\t\t\t\t\t\t\t<p>La Cardiolog\u00eda en Veterinaria es una especialidad en crecimiento debido al aumento de la longevidad de nuestras mascotas.<\/p><p>\u00a0<\/p><p>Los problemas de coraz\u00f3n pueden aparecer desde el nacimiento, debido a un defecto cong\u00e9nito o desarrollarse al cabo de los a\u00f1os.<\/p><p>El diagn\u00f3stico parte de algo tan b\u00e1sico, como una buena auscultaci\u00f3n en todas las visitas para detectar sonidos anormales como soplos o irregularidades en el latido como las arritmias.<\/p><p>Encontrar la enfermedad a tiempo aumenta la supervivencia de nuestras mascotas.<\/p><p>La radiograf\u00eda de t\u00f3rax, la electrocardiograf\u00eda y la ecocardiograf\u00eda son servicios que podemos ofrecer a Anubis para saber a qu\u00e9 tipo de enfermedad nos enfrentamos, si es necesario medicarla o no y los controles que tendr\u00e9is que hacer en un futuro.<\/p><p>\u00a0<\/p><p>Estamos a su disposici\u00f3n ante cualquier duda.<\/p><p>\u00a0<\/p><p>\u00a0<\/p><p>\u00a0<\/p>\t\t\t\t\t\t\t\t<\/div>\n\t\t\t\t<\/div>\n\t\t\t\t<div class=\"elementor-element elementor-element-4c42b5c elementor-align-center elementor-widget elementor-widget-button\" data-id=\"4c42b5c\" data-element_type=\"widget\" data-e-type=\"widget\" data-widget_type=\"button.default\">\n\t\t\t\t<div class=\"elementor-widget-container\">\n\t\t\t\t\t\t\t\t\t<div class=\"elementor-button-wrapper\">\n\t\t\t\t\t<a class=\"elementor-button elementor-button-link elementor-size-md\" href=\"tel:%20%20934%20086%20143\">\n\t\t\t\t\t\t<span class=\"elementor-button-content-wrapper\">\n\t\t\t\t\t\t<span class=\"elementor-button-icon\">\n\t\t\t\t<i aria-hidden=\"true\" class=\"far fa-calendar-alt\"><\/i>\t\t\t<\/span>\n\t\t\t\t\t\t\t\t\t<span class=\"elementor-button-text\">Pide cita<\/span>\n\t\t\t\t\t<\/span>\n\t\t\t\t\t<\/a>\n\t\t\t\t<\/div>\n\t\t\t\t\t\t\t\t<\/div>\n\t\t\t\t<\/div>\n\t\t\t\t\t<\/div>\n\t\t<\/div>\n\t\t\t\t\t<\/div>\n\t\t<\/section>\n\t\t\t\t<\/div>\n\t\t","protected":false},"excerpt":{"rendered":"<p>Nuestros veterinarios de , en , ofrecen atenci\u00f3n m\u00e9dica especializada a mascotas con problemas de coraz\u00f3n. La cardiolog\u00eda es la especialidad m\u00e9dica dedicada al estudio de las enfermedades del coraz\u00f3n y las repercusiones que otras enfermedades sist\u00e9micas pueden producir sobre este \u00f3rgano. En , nuestros cardi\u00f3logos est\u00e1n comprometidos en mantener y mejorar la calidad de &hellip; <\/p>\n","protected":false},"author":1,"featured_media":0,"parent":0,"menu_order":0,"comment_status":"closed","ping_status":"closed","template":"page-fullwidth.php","meta":{"_acf_changed":false,"content-type":"","footnotes":""},"class_list":["post-13051","page","type-page","status-publish","hentry"],"acf":[],"_links":{"self":[{"href":"https:\/\/www.unavets.com\/anubis\/es\/wp-json\/wp\/v2\/pages\/13051","targetHints":{"allow":["GET"]}}],"collection":[{"href":"https:\/\/www.unavets.com\/anubis\/es\/wp-json\/wp\/v2\/pages"}],"about":[{"href":"https:\/\/www.unavets.com\/anubis\/es\/wp-json\/wp\/v2\/types\/page"}],"author":[{"embeddable":true,"href":"https:\/\/www.unavets.com\/anubis\/es\/wp-json\/wp\/v2\/users\/1"}],"replies":[{"embeddable":true,"href":"https:\/\/www.unavets.com\/anubis\/es\/wp-json\/wp\/v2\/comments?post=13051"}],"version-history":[{"count":11,"href":"https:\/\/www.unavets.com\/anubis\/es\/wp-json\/wp\/v2\/pages\/13051\/revisions"}],"predecessor-version":[{"id":19401,"href":"https:\/\/www.unavets.com\/anubis\/es\/wp-json\/wp\/v2\/pages\/13051\/revisions\/19401"}],"wp:attachment":[{"href":"https:\/\/www.unavets.com\/anubis\/es\/wp-json\/wp\/v2\/media?parent=13051"}],"curies":[{"name":"wp","href":"https:\/\/api.w.org\/{rel}","templated":true}]}}