{"id":19568,"date":"2025-06-27T09:51:59","date_gmt":"2025-06-27T09:51:59","guid":{"rendered":"https:\/\/www.unavets.com\/anubis\/?page_id=19568"},"modified":"2026-02-03T09:13:35","modified_gmt":"2026-02-03T09:13:35","slug":"clinica-amigable-amb-els-gats","status":"publish","type":"page","link":"https:\/\/www.unavets.com\/anubis\/ca\/clinica-amigable-amb-els-gats\/","title":{"rendered":"Cl\u00ednica amigable amb els gats"},"content":{"rendered":"\t\t<div data-elementor-type=\"wp-page\" data-elementor-id=\"19568\" class=\"elementor elementor-19568\" data-elementor-post-type=\"page\">\n\t\t\t\t\t\t<section class=\"elementor-section elementor-top-section elementor-element elementor-element-3c1672b elementor-section-boxed elementor-section-height-default elementor-section-height-default\" data-id=\"3c1672b\" data-element_type=\"section\" data-e-type=\"section\">\n\t\t\t\t\t\t<div class=\"elementor-container elementor-column-gap-default\">\n\t\t\t\t\t<div class=\"elementor-column elementor-col-50 elementor-top-column elementor-element elementor-element-122fa27\" data-id=\"122fa27\" data-element_type=\"column\" data-e-type=\"column\">\n\t\t\t<div class=\"elementor-widget-wrap elementor-element-populated\">\n\t\t\t\t\t\t<div class=\"elementor-element elementor-element-accee50 elementor-widget elementor-widget-text-editor\" data-id=\"accee50\" data-element_type=\"widget\" data-e-type=\"widget\" data-widget_type=\"text-editor.default\">\n\t\t\t\t<div class=\"elementor-widget-container\">\n\t\t\t\t\t\t\t\t\t<p data-start=\"73\" data-end=\"413\">A la<strong>\u00a0Cl\u00ednica Veterin\u00e0ria Anubis<\/strong>, hem obtingut la certificaci\u00f3 <b>CAT FRIENDLY SILVER<\/b>\u00a0atorgada per l\u2019organitzaci\u00f3 International Cat Care | For the love of cats (icatcare.org). Aquest reconeixement ens acredita com un <strong>centre de refer\u00e8ncia en la cura i el benestar dels gats,<\/strong> assegurant un entorn adaptat a les seves necessitats.<\/p><p>El programa <strong>Cat Friendly Clinic,<\/strong> impulsat per la Societat Internacional de Medicina Felina, busca millorar l\u2019experi\u00e8ncia dels gats a les cl\u00edniques veterin\u00e0ries, reduint el seu estr\u00e8s i facilitant la seva visita al veterinari juntament amb els seus cuidadors.<\/p>\t\t\t\t\t\t\t\t<\/div>\n\t\t\t\t<\/div>\n\t\t\t\t<div class=\"elementor-element elementor-element-71e0839 elementor-widget elementor-widget-image\" data-id=\"71e0839\" data-element_type=\"widget\" data-e-type=\"widget\" data-widget_type=\"image.default\">\n\t\t\t\t<div class=\"elementor-widget-container\">\n\t\t\t\t\t\t\t\t\t\t\t\t\t\t\t<img width=\"300\" height=\"163\" class=\"attachment-medium size-medium wp-image-19852 lazy\" alt=\"\" data-src=\"https:\/\/www.unavets.com\/anubis\/wp-content\/uploads\/sites\/3\/2026\/02\/CatFriendly-Logos-2-300x163.png\" data-lazy=\"https:\/\/www.unavets.com\/anubis\/wp-content\/uploads\/sites\/3\/2026\/02\/CatFriendly-Logos-2-300x163.png\" \/>\t\t\t\t\t\t\t\t\t\t\t\t\t\t\t<\/div>\n\t\t\t\t<\/div>\n\t\t\t\t\t<\/div>\n\t\t<\/div>\n\t\t\t\t<div class=\"elementor-column elementor-col-50 elementor-top-column elementor-element elementor-element-4af7a52\" data-id=\"4af7a52\" data-element_type=\"column\" data-e-type=\"column\">\n\t\t\t<div class=\"elementor-widget-wrap elementor-element-populated\">\n\t\t\t\t\t\t<div class=\"elementor-element elementor-element-a8a3332 elementor-widget elementor-widget-image\" data-id=\"a8a3332\" data-element_type=\"widget\" data-e-type=\"widget\" data-widget_type=\"image.default\">\n\t\t\t\t<div class=\"elementor-widget-container\">\n\t\t\t\t\t\t\t\t\t\t\t\t\t\t\t<img decoding=\"async\" src=\"https:\/\/www.unavets.com\/anubis\/wp-content\/uploads\/sites\/3\/elementor\/thumbs\/Fotos-Horizontales-10-scaled-1-r78j82mck5kxki4cbjb6fax8kyxjz59czrj0aevma0.jpg\" title=\"Fotos-Horizontales-10-scaled.jpg\" alt=\"Fotos-Horizontales-10-scaled.jpg\" loading=\"lazy\" \/>\t\t\t\t\t\t\t\t\t\t\t\t\t\t\t<\/div>\n\t\t\t\t<\/div>\n\t\t\t\t\t<\/div>\n\t\t<\/div>\n\t\t\t\t\t<\/div>\n\t\t<\/section>\n\t\t\t\t<section class=\"elementor-section elementor-top-section elementor-element elementor-element-4fda2ee elementor-section-boxed elementor-section-height-default elementor-section-height-default\" data-id=\"4fda2ee\" data-element_type=\"section\" data-e-type=\"section\">\n\t\t\t\t\t\t<div class=\"elementor-container elementor-column-gap-default\">\n\t\t\t\t\t<div class=\"elementor-column elementor-col-100 elementor-top-column elementor-element elementor-element-6e62cee\" data-id=\"6e62cee\" data-element_type=\"column\" data-e-type=\"column\">\n\t\t\t<div class=\"elementor-widget-wrap elementor-element-populated\">\n\t\t\t\t\t\t<div class=\"elementor-element elementor-element-91f2bd6 elementor-widget elementor-widget-text-editor\" data-id=\"91f2bd6\" data-element_type=\"widget\" data-e-type=\"widget\" data-widget_type=\"text-editor.default\">\n\t\t\t\t<div class=\"elementor-widget-container\">\n\t\t\t\t\t\t\t\t\t<h3>Qu\u00e8 significa la Certificaci\u00f3 Plata per a tu i el teu gat?<\/h3>\t\t\t\t\t\t\t\t<\/div>\n\t\t\t\t<\/div>\n\t\t\t\t<div class=\"elementor-element elementor-element-239857b elementor-widget elementor-widget-text-editor\" data-id=\"239857b\" data-element_type=\"widget\" data-e-type=\"widget\" data-widget_type=\"text-editor.default\">\n\t\t\t\t<div class=\"elementor-widget-container\">\n\t\t\t\t\t\t\t\t\t<p>El nostre nivell plata garanteix una atenci\u00f3 considerada i adaptada a les necessitats del teu gat:<\/p><p><b>Un entorn adequat des de l\u2019arribada:<\/b><\/p><ul><li style=\"list-style-type: none;\"><ul><li>Disposem d\u2019una\u00a0<b>sala d\u2019espera separada i exclusiva per a gats<\/b>, garantint que no hi hagi contacte estressant amb gossos o altres animals.<\/li><\/ul><\/li><\/ul><ul><li style=\"list-style-type: none;\"><ul><li>Tenim mantes per cobrir els transportins, proporcionant un refugi segur i minimitzant la visibilitat d\u2019estranys.<\/li><\/ul><\/li><\/ul><ul><li style=\"list-style-type: none;\"><ul><li>Facilitem espais perqu\u00e8 els transportins puguin mantenir-se fora del terra.<\/li><\/ul><\/li><\/ul><p><b>Hospitalitzaci\u00f3 amb separaci\u00f3:<\/b><\/p><ul><li style=\"list-style-type: none;\"><ul><li>En cas que el teu gat necessiti ser hospitalitzat, disposem d\u2019<b>\u00e0rees d\u2019hospitalitzaci\u00f3 on gossos i gats estan separats<\/b>, evitant aix\u00ed estr\u00e8s innecessari.<\/li><\/ul><\/li><\/ul><ul><li style=\"list-style-type: none;\"><ul><li>Les nostres\u00a0<b>g\u00e0bies compleixen o superen les mides m\u00ednimes<\/b>\u00a0establertes, assegurant que el teu gat tingui espai adequat per a la seva comoditat durant la seva estada.<\/li><\/ul><\/li><\/ul><p><b>Consultes confortables:<\/b><\/p><ul><li style=\"list-style-type: none;\"><ul><li>Oferim una\u00a0<b>sala de consulta\/examen segura, protegida i ben equipada.<\/b><\/li><\/ul><\/li><\/ul><ul><li style=\"list-style-type: none;\"><ul><li>Les nostres cites tenen una durada m\u00ednima de\u00a0<b>10 minuts<\/b>, i dediquem encara m\u00e9s temps a gats malalts, grans, ansiosos, o per a consultes de comportament i casos complexos.<\/li><\/ul><\/li><\/ul><p><b>Instal\u00b7lacions:<\/b><\/p><ul><li style=\"list-style-type: none;\"><ul><li>Comptem amb les\u00a0<b>instal\u00b7lacions necess\u00e0ries per anestesiar gats<\/b>, si \u00e9s requerit per a algun procediment.<\/li><\/ul><\/li><\/ul><p><b>Equipament per a gats:<\/b><\/p><ul><li style=\"list-style-type: none;\"><ul><li>Disposem d\u2019un\u00a0<b>equipament addicional amigable amb gats<\/b>, incloent eines per a l\u2019atenci\u00f3 dental, la qual cosa ens permet abordar una gamma m\u00e9s \u00e0mplia de necessitats m\u00e8diques.<\/li><\/ul><\/li><\/ul>\t\t\t\t\t\t\t\t<\/div>\n\t\t\t\t<\/div>\n\t\t\t\t<div class=\"elementor-element elementor-element-a6f8d62 elementor-align-center elementor-widget elementor-widget-button\" data-id=\"a6f8d62\" data-element_type=\"widget\" data-e-type=\"widget\" data-widget_type=\"button.default\">\n\t\t\t\t<div class=\"elementor-widget-container\">\n\t\t\t\t\t\t\t\t\t<div class=\"elementor-button-wrapper\">\n\t\t\t\t\t<a class=\"elementor-button elementor-button-link elementor-size-md\" href=\"tel:934086143\">\n\t\t\t\t\t\t<span class=\"elementor-button-content-wrapper\">\n\t\t\t\t\t\t<span class=\"elementor-button-icon\">\n\t\t\t\t<i aria-hidden=\"true\" class=\"far fa-calendar-alt\"><\/i>\t\t\t<\/span>\n\t\t\t\t\t\t\t\t\t<span class=\"elementor-button-text\">Demana Cita<\/span>\n\t\t\t\t\t<\/span>\n\t\t\t\t\t<\/a>\n\t\t\t\t<\/div>\n\t\t\t\t\t\t\t\t<\/div>\n\t\t\t\t<\/div>\n\t\t\t\t\t<\/div>\n\t\t<\/div>\n\t\t\t\t\t<\/div>\n\t\t<\/section>\n\t\t\t\t<\/div>\n\t\t","protected":false},"excerpt":{"rendered":"<p>A la\u00a0Cl\u00ednica Veterin\u00e0ria Anubis, hem obtingut la certificaci\u00f3 CAT FRIENDLY SILVER\u00a0atorgada per l\u2019organitzaci\u00f3 International Cat Care | For the love of cats (icatcare.org). Aquest reconeixement ens acredita com un centre de refer\u00e8ncia en la cura i el benestar dels gats, assegurant un entorn adaptat a les seves necessitats. El programa Cat Friendly Clinic, impulsat per &hellip; <\/p>\n","protected":false},"author":60,"featured_media":0,"parent":0,"menu_order":0,"comment_status":"closed","ping_status":"closed","template":"page-fullwidth.php","meta":{"_acf_changed":false,"content-type":"","footnotes":""},"class_list":["post-19568","page","type-page","status-publish","hentry"],"acf":[],"_links":{"self":[{"href":"https:\/\/www.unavets.com\/anubis\/ca\/wp-json\/wp\/v2\/pages\/19568","targetHints":{"allow":["GET"]}}],"collection":[{"href":"https:\/\/www.unavets.com\/anubis\/ca\/wp-json\/wp\/v2\/pages"}],"about":[{"href":"https:\/\/www.unavets.com\/anubis\/ca\/wp-json\/wp\/v2\/types\/page"}],"author":[{"embeddable":true,"href":"https:\/\/www.unavets.com\/anubis\/ca\/wp-json\/wp\/v2\/users\/60"}],"replies":[{"embeddable":true,"href":"https:\/\/www.unavets.com\/anubis\/ca\/wp-json\/wp\/v2\/comments?post=19568"}],"version-history":[{"count":14,"href":"https:\/\/www.unavets.com\/anubis\/ca\/wp-json\/wp\/v2\/pages\/19568\/revisions"}],"predecessor-version":[{"id":19855,"href":"https:\/\/www.unavets.com\/anubis\/ca\/wp-json\/wp\/v2\/pages\/19568\/revisions\/19855"}],"wp:attachment":[{"href":"https:\/\/www.unavets.com\/anubis\/ca\/wp-json\/wp\/v2\/media?parent=19568"}],"curies":[{"name":"wp","href":"https:\/\/api.w.org\/{rel}","templated":true}]}}