{"id":14950,"date":"2021-06-14T12:35:39","date_gmt":"2021-06-14T12:35:39","guid":{"rendered":"http:\/\/www.unavets.com\/anubis\/?page_id=14950"},"modified":"2023-07-13T13:03:21","modified_gmt":"2023-07-13T13:03:21","slug":"medicina-felina","status":"publish","type":"page","link":"https:\/\/www.unavets.com\/anubis\/ca\/medicina-felina\/","title":{"rendered":"Medicina Felina"},"content":{"rendered":"\t\t<div data-elementor-type=\"wp-page\" data-elementor-id=\"14950\" class=\"elementor elementor-14950 elementor-14603\" data-elementor-post-type=\"page\">\n\t\t\t\t\t\t<section class=\"elementor-section elementor-top-section elementor-element elementor-element-d993722 elementor-section-boxed elementor-section-height-default elementor-section-height-default\" data-id=\"d993722\" data-element_type=\"section\" data-e-type=\"section\" id=\"main-sec\">\n\t\t\t\t\t\t<div class=\"elementor-container elementor-column-gap-default\">\n\t\t\t\t\t<div class=\"elementor-column elementor-col-100 elementor-top-column elementor-element elementor-element-2048e61\" data-id=\"2048e61\" data-element_type=\"column\" data-e-type=\"column\">\n\t\t\t<div class=\"elementor-widget-wrap elementor-element-populated\">\n\t\t\t\t\t\t<div class=\"elementor-element elementor-element-1d02c2d elementor-widget elementor-widget-text-editor\" data-id=\"1d02c2d\" data-element_type=\"widget\" data-e-type=\"widget\" data-widget_type=\"text-editor.default\">\n\t\t\t\t<div class=\"elementor-widget-container\">\n\t\t\t\t\t\t\t\t\t<p>Els gats s\u00f3n molt diferent dels gossos. El seu comportament, tractament i fins i tot les seves malalties s\u00f3n totalment diferents, fet pel qual a Cl\u00ednica Veterinaria Anubis, Barcelona disposem d&#8217;instal\u00b7lacions dedicades exclusivament per a gats, com la sala d&#8217;espera, la sala de consultes i la sala d\u2019hospitalitzaci\u00f3.<\/p><p>Cl\u00ednica Veterinaria Anubis compta amb\u00a0veterinaris i auxiliars amb formaci\u00f3 espec\u00edfica en medicina felina, i saben com tractar amb ells.<\/p><h2><strong>Anubis Cl\u00ednica veterin\u00e0ria, ha obtingut el certificat internacional de Cl\u00ednica amable amb els gats<\/strong><\/h2><p>\u00a0<\/p><p>Portar els gats a la cl\u00ednica veterin\u00e0ria pot ser molt estressant, tant per a ells com per als seus cuidadors.<\/p><p>El programa <strong>Cat Friendly Clinic<\/strong> est\u00e0 dissenyat per ajudar a resoldre aquests problemes mitjan\u00e7ant la creaci\u00f3 de cl\u00edniques veterin\u00e0ries m\u00e9s acollidores per als gats, reduint aix\u00ed el seu estr\u00e8s i facilitant les visites veterin\u00e0ries tamb\u00e9 als seus cuidadors.<\/p><p>Les instal\u00b7lacions, personal i maneig dels gats a Anubis, l&#8217;ha fet mereixedora d&#8217;aquesta distinci\u00f3, nom\u00e9s 12 cl\u00edniques a Barcelona en tenen.<\/p>\t\t\t\t\t\t\t\t<\/div>\n\t\t\t\t<\/div>\n\t\t\t\t<div class=\"elementor-element elementor-element-895e75d elementor-align-center elementor-widget elementor-widget-button\" data-id=\"895e75d\" data-element_type=\"widget\" data-e-type=\"widget\" data-widget_type=\"button.default\">\n\t\t\t\t<div class=\"elementor-widget-container\">\n\t\t\t\t\t\t\t\t\t<div class=\"elementor-button-wrapper\">\n\t\t\t\t\t<a class=\"elementor-button elementor-button-link elementor-size-sm\" href=\"https:\/\/www.unavets.com\/anubis\/ca\/demana-cita\/\">\n\t\t\t\t\t\t<span class=\"elementor-button-content-wrapper\">\n\t\t\t\t\t\t<span class=\"elementor-button-icon\">\n\t\t\t\t<i aria-hidden=\"true\" class=\"far fa-calendar-alt\"><\/i>\t\t\t<\/span>\n\t\t\t\t\t\t\t\t\t<span class=\"elementor-button-text\">Demana Cita<\/span>\n\t\t\t\t\t<\/span>\n\t\t\t\t\t<\/a>\n\t\t\t\t<\/div>\n\t\t\t\t\t\t\t\t<\/div>\n\t\t\t\t<\/div>\n\t\t\t\t\t<\/div>\n\t\t<\/div>\n\t\t\t\t\t<\/div>\n\t\t<\/section>\n\t\t\t\t<section class=\"elementor-section elementor-top-section elementor-element elementor-element-0128c06 elementor-section-boxed elementor-section-height-default elementor-section-height-default\" data-id=\"0128c06\" data-element_type=\"section\" data-e-type=\"section\">\n\t\t\t\t\t\t<div class=\"elementor-container elementor-column-gap-default\">\n\t\t\t\t\t<div class=\"elementor-column elementor-col-33 elementor-top-column elementor-element elementor-element-8c28043\" data-id=\"8c28043\" data-element_type=\"column\" data-e-type=\"column\">\n\t\t\t<div class=\"elementor-widget-wrap elementor-element-populated\">\n\t\t\t\t\t\t<div class=\"elementor-element elementor-element-aff8c04 elementor-widget elementor-widget-image\" data-id=\"aff8c04\" data-element_type=\"widget\" data-e-type=\"widget\" data-widget_type=\"image.default\">\n\t\t\t\t<div class=\"elementor-widget-container\">\n\t\t\t\t\t\t\t\t\t\t\t\t\t\t\t<img fetchpriority=\"high\" width=\"500\" height=\"313\" class=\"attachment-large size-large wp-image-18416 lazy\" alt=\"silver cat friendly clinic amables con los gatos expertos en medicina felina\" data-src=\"https:\/\/www.unavets.com\/anubis\/wp-content\/uploads\/sites\/3\/2023\/07\/silver-cat-friendly-clinic.png\" data-lazy=\"https:\/\/www.unavets.com\/anubis\/wp-content\/uploads\/sites\/3\/2023\/07\/silver-cat-friendly-clinic.png\" \/>\t\t\t\t\t\t\t\t\t\t\t\t\t\t\t<\/div>\n\t\t\t\t<\/div>\n\t\t\t\t\t<\/div>\n\t\t<\/div>\n\t\t\t\t<div class=\"elementor-column elementor-col-66 elementor-top-column elementor-element elementor-element-6373250\" data-id=\"6373250\" data-element_type=\"column\" data-e-type=\"column\">\n\t\t\t<div class=\"elementor-widget-wrap elementor-element-populated\">\n\t\t\t\t\t\t<div class=\"elementor-element elementor-element-51e298e elementor-widget elementor-widget-image\" data-id=\"51e298e\" data-element_type=\"widget\" data-e-type=\"widget\" data-widget_type=\"image.default\">\n\t\t\t\t<div class=\"elementor-widget-container\">\n\t\t\t\t\t\t\t\t\t\t\t\t\t\t\t<img width=\"724\" height=\"683\" class=\"attachment-medium_large size-medium_large wp-image-18405 lazy\" alt=\"medicina felina expertos en barcelona\" data-src=\"https:\/\/www.unavets.com\/anubis\/wp-content\/uploads\/sites\/3\/2023\/07\/MicrosoftTeams-image-13-e1705937985382-768x725.jpg\" data-lazy=\"https:\/\/www.unavets.com\/anubis\/wp-content\/uploads\/sites\/3\/2023\/07\/MicrosoftTeams-image-13-e1705937985382-768x725.jpg\" \/>\t\t\t\t\t\t\t\t\t\t\t\t\t\t\t<\/div>\n\t\t\t\t<\/div>\n\t\t\t\t\t<\/div>\n\t\t<\/div>\n\t\t\t\t\t<\/div>\n\t\t<\/section>\n\t\t\t\t<\/div>\n\t\t","protected":false},"excerpt":{"rendered":"<p>Els gats s\u00f3n molt diferent dels gossos. El seu comportament, tractament i fins i tot les seves malalties s\u00f3n totalment diferents, fet pel qual a , disposem d&#8217;instal\u00b7lacions dedicades exclusivament per a gats, com la sala d&#8217;espera, la sala de consultes i la sala d\u2019hospitalitzaci\u00f3. compta amb\u00a0veterinaris i auxiliars amb formaci\u00f3 espec\u00edfica en medicina felina, &hellip; <\/p>\n","protected":false},"author":4,"featured_media":0,"parent":0,"menu_order":0,"comment_status":"closed","ping_status":"closed","template":"page-fullwidth.php","meta":{"_acf_changed":false,"content-type":"","footnotes":""},"class_list":["post-14950","page","type-page","status-publish","hentry"],"acf":[],"_links":{"self":[{"href":"https:\/\/www.unavets.com\/anubis\/ca\/wp-json\/wp\/v2\/pages\/14950","targetHints":{"allow":["GET"]}}],"collection":[{"href":"https:\/\/www.unavets.com\/anubis\/ca\/wp-json\/wp\/v2\/pages"}],"about":[{"href":"https:\/\/www.unavets.com\/anubis\/ca\/wp-json\/wp\/v2\/types\/page"}],"author":[{"embeddable":true,"href":"https:\/\/www.unavets.com\/anubis\/ca\/wp-json\/wp\/v2\/users\/4"}],"replies":[{"embeddable":true,"href":"https:\/\/www.unavets.com\/anubis\/ca\/wp-json\/wp\/v2\/comments?post=14950"}],"version-history":[{"count":0,"href":"https:\/\/www.unavets.com\/anubis\/ca\/wp-json\/wp\/v2\/pages\/14950\/revisions"}],"wp:attachment":[{"href":"https:\/\/www.unavets.com\/anubis\/ca\/wp-json\/wp\/v2\/media?parent=14950"}],"curies":[{"name":"wp","href":"https:\/\/api.w.org\/{rel}","templated":true}]}}