{"id":14412,"date":"2021-06-03T07:06:26","date_gmt":"2021-06-03T07:06:26","guid":{"rendered":"http:\/\/www.unavets.com\/anubis\/?page_id=14412"},"modified":"2025-11-28T08:25:01","modified_gmt":"2025-11-28T08:25:01","slug":"nostre-equip","status":"publish","type":"page","link":"https:\/\/www.unavets.com\/anubis\/ca\/nostre-equip\/","title":{"rendered":"Equip"},"content":{"rendered":"\t\t<div data-elementor-type=\"wp-page\" data-elementor-id=\"14412\" class=\"elementor elementor-14412 elementor-282\" data-elementor-post-type=\"page\">\n\t\t\t\t\t\t<section class=\"elementor-section elementor-top-section elementor-element elementor-element-2315038 pad-bot-0 elementor-section-boxed elementor-section-height-default elementor-section-height-default\" data-id=\"2315038\" data-element_type=\"section\" data-e-type=\"section\" id=\"main-sec\" data-settings=\"{&quot;background_background&quot;:&quot;classic&quot;}\">\n\t\t\t\t\t\t<div class=\"elementor-container elementor-column-gap-default\">\n\t\t\t\t\t<div class=\"elementor-column elementor-col-100 elementor-top-column elementor-element elementor-element-35c75b2\" data-id=\"35c75b2\" data-element_type=\"column\" data-e-type=\"column\">\n\t\t\t<div class=\"elementor-widget-wrap elementor-element-populated\">\n\t\t\t\t\t\t<div class=\"elementor-element elementor-element-28b1762 elementor-widget elementor-widget-text-editor\" data-id=\"28b1762\" data-element_type=\"widget\" data-e-type=\"widget\" data-widget_type=\"text-editor.default\">\n\t\t\t\t<div class=\"elementor-widget-container\">\n\t\t\t\t\t\t\t\t\t<p>L&#8217;equip de la Cl\u00ednica Veterin\u00e0ria Anubis est\u00e0 format per un total de 3 veterinaris: Marta, Miguel i Laura;\u00a0 i 2 auxiliars veterinaris, Facundo i Iz\u00e1n. Ells s\u00f3n els responsables de la salut de tots els nostres amics peluts.<\/p>\t\t\t\t\t\t\t\t<\/div>\n\t\t\t\t<\/div>\n\t\t\t\t\t<\/div>\n\t\t<\/div>\n\t\t\t\t\t<\/div>\n\t\t<\/section>\n\t\t\t\t<section class=\"elementor-section elementor-top-section elementor-element elementor-element-404f6f9 team-member elementor-section-boxed elementor-section-height-default elementor-section-height-default\" data-id=\"404f6f9\" data-element_type=\"section\" data-e-type=\"section\">\n\t\t\t\t\t\t<div class=\"elementor-container elementor-column-gap-default\">\n\t\t\t\t\t<div class=\"elementor-column elementor-col-100 elementor-top-column elementor-element elementor-element-b273a44\" data-id=\"b273a44\" data-element_type=\"column\" data-e-type=\"column\">\n\t\t\t<div class=\"elementor-widget-wrap elementor-element-populated\">\n\t\t\t\t\t\t<div class=\"elementor-element elementor-element-cf24fa7 elementor-hidden-tablet elementor-hidden-phone elementor-widget elementor-widget-section_titleleft\" data-id=\"cf24fa7\" data-element_type=\"widget\" data-e-type=\"widget\" data-widget_type=\"section_titleleft.default\">\n\t\t\t\t<div class=\"elementor-widget-container\">\n\t\t\t\t\t        <div class=\"ab_text-title fl-wrap\">\n            <h3>Veterinaris<\/h3><h4><\/h4><span class=\"section-separator fl-sec-sep\"><\/span>        <\/div>\n        \t\t\t\t<\/div>\n\t\t\t\t<\/div>\n\t\t\t\t<section class=\"elementor-section elementor-inner-section elementor-element elementor-element-bd796d8 elementor-section-boxed elementor-section-height-default elementor-section-height-default\" data-id=\"bd796d8\" data-element_type=\"section\" data-e-type=\"section\">\n\t\t\t\t\t\t<div class=\"elementor-container elementor-column-gap-default\">\n\t\t\t\t\t<div class=\"elementor-column elementor-col-25 elementor-inner-column elementor-element elementor-element-02474c2\" data-id=\"02474c2\" data-element_type=\"column\" data-e-type=\"column\">\n\t\t\t<div class=\"elementor-widget-wrap elementor-element-populated\">\n\t\t\t\t\t\t<div class=\"elementor-element elementor-element-1c7525b elementor-widget elementor-widget-team_box\" data-id=\"1c7525b\" data-element_type=\"widget\" data-e-type=\"widget\" data-widget_type=\"team_box.default\">\n\t\t\t\t<div class=\"elementor-widget-container\">\n\t\t\t\t\t            <div class=\"team-holder section-team fl-wrap\">\n                <div class=\"team-box-image\">\n                    <div class=\"team-photo\">\n                        <img decoding=\"async\" src=\"http:\/\/www.unavets.com\/anubis\/wp-content\/uploads\/sites\/3\/2022\/04\/Team-Marta-scaled.jpg\" class=\"respimg\">                                    \n                    <\/div>\n                    <div class=\"team-info\">\n                        <h3><a href=\"\">Marta Dell\u00e0 Bohigas<\/a><\/h3><h4>Directora Veterin\u00e0ria<\/h4>La Marta es veterin\u00e0ria des de 1994 per\u00f2 de fet, des que era petita ja sabia a que es dedicaria.\nAl acabar la carrera va marxar a la Universitat de Maisons Alfort a Paris, per tal de continuar la seva formaci\u00f3 en l'\u00e0mbit de la medicina interna, especialitzaci\u00f3 en cardio-renal.                     <\/div>\n                <\/div>\n            <\/div>\n        \t\t\t\t<\/div>\n\t\t\t\t<\/div>\n\t\t\t\t<div class=\"elementor-element elementor-element-201ed47 readmoretoggle elementor-widget elementor-widget-toggle\" data-id=\"201ed47\" data-element_type=\"widget\" data-e-type=\"widget\" data-widget_type=\"toggle.default\">\n\t\t\t\t<div class=\"elementor-widget-container\">\n\t\t\t\t\t\t\t<div class=\"elementor-toggle\">\n\t\t\t\t\t\t\t<div class=\"elementor-toggle-item\">\n\t\t\t\t\t<div id=\"elementor-tab-title-3361\" class=\"elementor-tab-title\" data-tab=\"1\" role=\"button\" aria-controls=\"elementor-tab-content-3361\" aria-expanded=\"false\">\n\t\t\t\t\t\t\t\t\t\t\t\t<a class=\"elementor-toggle-title\" tabindex=\"0\"> Llegir m\u00e9s<\/a>\n\t\t\t\t\t<\/div>\n\n\t\t\t\t\t<div id=\"elementor-tab-content-3361\" class=\"elementor-tab-content elementor-clearfix\" data-tab=\"1\" role=\"region\" aria-labelledby=\"elementor-tab-title-3361\"><p>A l&#8217;any 1998 va obrir la seva pr\u00f2pia Cl\u00ednica projecte en el qual va treballar fins el 2018. Sempre en formaci\u00f3 continuada, se sent atreta\u00a0 per la cardiologia en especial. Amant dels animals , no podria triar entre el gos i el gat per la qual cosa en te un de cada aixi com unes quantes tortugues de terra rescatades. Sense perdre mai la vesant cient\u00edfica que s&#8217;autoexigeix constantment, no pot deslligar la seva passi\u00f3 per aquesta professi\u00f3 amb el tracte emp\u00e0tic i amor\u00f3s que necessita per ser feli\u00e7 i transmetre el mateix als seus pacients. Amant de la seva fam\u00edlia a la que dedica la major part del seu temps lliure. Gaudeix del contacte amb la natura i els esports a l&#8217;aire lliure. Es una enamorada del Parc Natural de St. Lloren\u00e7 i l&#8217;Obac on viu i de la Costa Brava. Li agraden fer manualitats, la lectura i meditar una estoneta cada dia dins la velocitat del dia a dia.<\/p><\/div>\n\t\t\t\t<\/div>\n\t\t\t\t\t\t\t\t<\/div>\n\t\t\t\t\t\t<\/div>\n\t\t\t\t<\/div>\n\t\t\t\t\t<\/div>\n\t\t<\/div>\n\t\t\t\t<div class=\"elementor-column elementor-col-25 elementor-inner-column elementor-element elementor-element-b3d219a\" data-id=\"b3d219a\" data-element_type=\"column\" data-e-type=\"column\">\n\t\t\t<div class=\"elementor-widget-wrap elementor-element-populated\">\n\t\t\t\t\t\t<div class=\"elementor-element elementor-element-f3ea0f8 elementor-widget elementor-widget-team_box\" data-id=\"f3ea0f8\" data-element_type=\"widget\" data-e-type=\"widget\" data-widget_type=\"team_box.default\">\n\t\t\t\t<div class=\"elementor-widget-container\">\n\t\t\t\t\t            <div class=\"team-holder section-team fl-wrap\">\n                <div class=\"team-box-image\">\n                    <div class=\"team-photo\">\n                        <img decoding=\"async\" src=\"https:\/\/www.unavets.com\/anubis\/wp-content\/uploads\/sites\/3\/2025\/11\/Empleados-Pagina-web-20-scaled.jpg\" class=\"respimg\">                                    \n                    <\/div>\n                    <div class=\"team-info\">\n                        <h3><a href=\"\">Laura Carmona<\/a><\/h3><h4>Veterinari<\/h4>La Laura es va graduar l\u2019any 2016 a la Universitat Aut\u00f2noma de Barcelona. Durant els primers anys com a veterin\u00e0ria va treballar en diferents cl\u00edniques i hospitals, ampliant els seus coneixements mitjan\u00e7ant diverses formacions en l\u2019\u00e0mbit de la medicina interna i el diagn\u00f2stic per la imatge.                     <\/div>\n                <\/div>\n            <\/div>\n        \t\t\t\t<\/div>\n\t\t\t\t<\/div>\n\t\t\t\t<div class=\"elementor-element elementor-element-56cd442 readmoretoggle elementor-widget elementor-widget-toggle\" data-id=\"56cd442\" data-element_type=\"widget\" data-e-type=\"widget\" data-widget_type=\"toggle.default\">\n\t\t\t\t<div class=\"elementor-widget-container\">\n\t\t\t\t\t\t\t<div class=\"elementor-toggle\">\n\t\t\t\t\t\t\t<div class=\"elementor-toggle-item\">\n\t\t\t\t\t<div id=\"elementor-tab-title-9101\" class=\"elementor-tab-title\" data-tab=\"1\" role=\"button\" aria-controls=\"elementor-tab-content-9101\" aria-expanded=\"false\">\n\t\t\t\t\t\t\t\t\t\t\t\t<a class=\"elementor-toggle-title\" tabindex=\"0\"> Llegir m\u00e9s<\/a>\n\t\t\t\t\t<\/div>\n\n\t\t\t\t\t<div id=\"elementor-tab-content-9101\" class=\"elementor-tab-content elementor-clearfix\" data-tab=\"1\" role=\"region\" aria-labelledby=\"elementor-tab-title-9101\"><p>Tot i aix\u00ed, sempre ha tingut clar que la seva veritable passi\u00f3 \u00e9s la cirurgia, i per aix\u00f2 es va especialitzar cursant el postgrau de Cirurgia de Teixits Tous a la Universitat Cat\u00f2lica de Val\u00e8ncia.<\/p><p>En el seu temps lliure aprofita per entrenar i participar en curses d\u2019asfalt i trails de muntanya. Li encanta la natura i gaireb\u00e9 cada any recorre una part del Camino de Santiago.<\/p><\/div>\n\t\t\t\t<\/div>\n\t\t\t\t\t\t\t\t<\/div>\n\t\t\t\t\t\t<\/div>\n\t\t\t\t<\/div>\n\t\t\t\t\t<\/div>\n\t\t<\/div>\n\t\t\t\t<div class=\"elementor-column elementor-col-25 elementor-inner-column elementor-element elementor-element-cf169d0\" data-id=\"cf169d0\" data-element_type=\"column\" data-e-type=\"column\">\n\t\t\t<div class=\"elementor-widget-wrap elementor-element-populated\">\n\t\t\t\t\t\t<div class=\"elementor-element elementor-element-54f826a elementor-widget elementor-widget-team_box\" data-id=\"54f826a\" data-element_type=\"widget\" data-e-type=\"widget\" data-widget_type=\"team_box.default\">\n\t\t\t\t<div class=\"elementor-widget-container\">\n\t\t\t\t\t            <div class=\"team-holder section-team fl-wrap\">\n                <div class=\"team-box-image\">\n                    <div class=\"team-photo\">\n                        <img decoding=\"async\" src=\"https:\/\/www.unavets.com\/anubis\/wp-content\/uploads\/sites\/3\/2024\/04\/veterinario-en-barcelona-clinica-anubis-1.png\" class=\"respimg\">                                    \n                    <\/div>\n                    <div class=\"team-info\">\n                        <h3><a href=\"\">Miguel Barrero<\/a><\/h3><h4>Veterinari<\/h4>El Miguel es va graduar l\u2019any 2015 a la ULHT a Lisboa.\n Va realitzar pr\u00e0ctiques cl\u00edniques i un internat rotatori a l\u2019Hospital Veterinari Canis, de Girona. \nVa seguir la seva formaci\u00f3 realitzant el prestigi\u00f3s postgrau de dermatologia de l\u2019ESAVS (Universitat de Luxemburg).                     <\/div>\n                <\/div>\n            <\/div>\n        \t\t\t\t<\/div>\n\t\t\t\t<\/div>\n\t\t\t\t<div class=\"elementor-element elementor-element-b2aff08 readmoretoggle elementor-widget elementor-widget-toggle\" data-id=\"b2aff08\" data-element_type=\"widget\" data-e-type=\"widget\" data-widget_type=\"toggle.default\">\n\t\t\t\t<div class=\"elementor-widget-container\">\n\t\t\t\t\t\t\t<div class=\"elementor-toggle\">\n\t\t\t\t\t\t\t<div class=\"elementor-toggle-item\">\n\t\t\t\t\t<div id=\"elementor-tab-title-1871\" class=\"elementor-tab-title\" data-tab=\"1\" role=\"button\" aria-controls=\"elementor-tab-content-1871\" aria-expanded=\"false\">\n\t\t\t\t\t\t\t\t\t\t\t\t<a class=\"elementor-toggle-title\" tabindex=\"0\"> Llegir m\u00e9s<\/a>\n\t\t\t\t\t<\/div>\n\n\t\t\t\t\t<div id=\"elementor-tab-content-1871\" class=\"elementor-tab-content elementor-clearfix\" data-tab=\"1\" role=\"region\" aria-labelledby=\"elementor-tab-title-1871\"><p>Mentres, ha seguit exercint la tasca de veterinari cl\u00ednic (tamb\u00e9 enfocat en dermatologia) en diferents hospitals i cl\u00edniques, adquirint&nbsp; coneixements i experi\u00e8ncia per tal de poder atendre als vostres peluts de la manera m\u00e9s correcta, emp\u00e0tica i professional.<\/p><p>Amant dels animals des de petit, conviu amb els seus dos gats adoptats, la Desoi i el Zam.<\/p><p>En el seu temps lliure gaudeix de la platja, viatjar i, sobre tot, de les estones que passa amb els amics.<\/p><\/div>\n\t\t\t\t<\/div>\n\t\t\t\t\t\t\t\t<\/div>\n\t\t\t\t\t\t<\/div>\n\t\t\t\t<\/div>\n\t\t\t\t\t<\/div>\n\t\t<\/div>\n\t\t\t\t<div class=\"elementor-column elementor-col-25 elementor-inner-column elementor-element elementor-element-8146d5b nodata_bor\" data-id=\"8146d5b\" data-element_type=\"column\" data-e-type=\"column\">\n\t\t\t<div class=\"elementor-widget-wrap\">\n\t\t\t\t\t\t\t<\/div>\n\t\t<\/div>\n\t\t\t\t\t<\/div>\n\t\t<\/section>\n\t\t\t\t\t<\/div>\n\t\t<\/div>\n\t\t\t\t\t<\/div>\n\t\t<\/section>\n\t\t\t\t<section class=\"elementor-section elementor-top-section elementor-element elementor-element-b02b560 team-member elementor-section-boxed elementor-section-height-default elementor-section-height-default\" data-id=\"b02b560\" data-element_type=\"section\" data-e-type=\"section\">\n\t\t\t\t\t\t<div class=\"elementor-container elementor-column-gap-default\">\n\t\t\t\t\t<div class=\"elementor-column elementor-col-100 elementor-top-column elementor-element elementor-element-a6cceca\" data-id=\"a6cceca\" data-element_type=\"column\" data-e-type=\"column\">\n\t\t\t<div class=\"elementor-widget-wrap elementor-element-populated\">\n\t\t\t\t\t\t<div class=\"elementor-element elementor-element-f2e7d3c elementor-hidden-tablet elementor-hidden-phone elementor-widget elementor-widget-section_titleleft\" data-id=\"f2e7d3c\" data-element_type=\"widget\" data-e-type=\"widget\" data-widget_type=\"section_titleleft.default\">\n\t\t\t\t<div class=\"elementor-widget-container\">\n\t\t\t\t\t        <div class=\"ab_text-title fl-wrap\">\n            <h3>T\u00e8cnics i Auxiliars<\/h3><span class=\"section-separator fl-sec-sep\"><\/span>        <\/div>\n        \t\t\t\t<\/div>\n\t\t\t\t<\/div>\n\t\t\t\t<section class=\"elementor-section elementor-inner-section elementor-element elementor-element-5627ae0 elementor-section-boxed elementor-section-height-default elementor-section-height-default\" data-id=\"5627ae0\" data-element_type=\"section\" data-e-type=\"section\">\n\t\t\t\t\t\t<div class=\"elementor-container elementor-column-gap-default\">\n\t\t\t\t\t<div class=\"elementor-column elementor-col-25 elementor-inner-column elementor-element elementor-element-1635ad6\" data-id=\"1635ad6\" data-element_type=\"column\" data-e-type=\"column\">\n\t\t\t<div class=\"elementor-widget-wrap elementor-element-populated\">\n\t\t\t\t\t\t<div class=\"elementor-element elementor-element-45be740 elementor-widget elementor-widget-team_box\" data-id=\"45be740\" data-element_type=\"widget\" data-e-type=\"widget\" data-widget_type=\"team_box.default\">\n\t\t\t\t<div class=\"elementor-widget-container\">\n\t\t\t\t\t            <div class=\"team-holder section-team fl-wrap\">\n                <div class=\"team-box-image\">\n                    <div class=\"team-photo\">\n                        <img decoding=\"async\" src=\"https:\/\/www.unavets.com\/anubis\/wp-content\/uploads\/sites\/3\/2023\/02\/Facundo-Auxiliar-veterinario-scaled.jpg\" class=\"respimg\">                                    \n                    <\/div>\n                    <div class=\"team-info\">\n                        <h3><a href=\"\">Facundo Daniel Cabrera<\/a><\/h3><h4>Auxiliar Veterinari<\/h4>A Facundo des de petit li han apassionat els animals i aquesta passi\u00f3 li ha fet interesar-se pel m\u00f3n de la veterin\u00e0ria. Va arribar a la cl\u00ednica a finals del 2020 com estudiant en pr\u00e0ctiques d'un grau superior de Ganaderia i asistencia a la sanitat animal.                    <\/div>\n                <\/div>\n            <\/div>\n        \t\t\t\t<\/div>\n\t\t\t\t<\/div>\n\t\t\t\t<div class=\"elementor-element elementor-element-a4db3b1 readmoretoggle elementor-widget elementor-widget-toggle\" data-id=\"a4db3b1\" data-element_type=\"widget\" data-e-type=\"widget\" data-widget_type=\"toggle.default\">\n\t\t\t\t<div class=\"elementor-widget-container\">\n\t\t\t\t\t\t\t<div class=\"elementor-toggle\">\n\t\t\t\t\t\t\t<div class=\"elementor-toggle-item\">\n\t\t\t\t\t<div id=\"elementor-tab-title-1721\" class=\"elementor-tab-title\" data-tab=\"1\" role=\"button\" aria-controls=\"elementor-tab-content-1721\" aria-expanded=\"false\">\n\t\t\t\t\t\t\t\t\t\t\t\t<a class=\"elementor-toggle-title\" tabindex=\"0\"> Llegir m\u00e9s<\/a>\n\t\t\t\t\t<\/div>\n\n\t\t\t\t\t<div id=\"elementor-tab-content-1721\" class=\"elementor-tab-content elementor-clearfix\" data-tab=\"1\" role=\"region\" aria-labelledby=\"elementor-tab-title-1721\"><p>Li agrada tant el seu treball que va encaixar a la perfecci\u00f3 amb l&#8217;equip d&#8217;Anubis. Les seves aficions s\u00f3n el futbol, escoltar m\u00fasica i menjar un &#8220;buen asado&#8221;.<\/p><\/div>\n\t\t\t\t<\/div>\n\t\t\t\t\t\t\t\t<\/div>\n\t\t\t\t\t\t<\/div>\n\t\t\t\t<\/div>\n\t\t\t\t\t<\/div>\n\t\t<\/div>\n\t\t\t\t<div class=\"elementor-column elementor-col-25 elementor-inner-column elementor-element elementor-element-2813a32\" data-id=\"2813a32\" data-element_type=\"column\" data-e-type=\"column\">\n\t\t\t<div class=\"elementor-widget-wrap elementor-element-populated\">\n\t\t\t\t\t\t<div class=\"elementor-element elementor-element-d2fd6d0 elementor-widget elementor-widget-team_box\" data-id=\"d2fd6d0\" data-element_type=\"widget\" data-e-type=\"widget\" data-widget_type=\"team_box.default\">\n\t\t\t\t<div class=\"elementor-widget-container\">\n\t\t\t\t\t            <div class=\"team-holder section-team fl-wrap\">\n                <div class=\"team-box-image\">\n                    <div class=\"team-photo\">\n                        <img decoding=\"async\" src=\"https:\/\/www.unavets.com\/anubis\/wp-content\/uploads\/sites\/3\/2024\/01\/Izan-Munoz-scaled.jpg\" class=\"respimg\">                                    \n                    <\/div>\n                    <div class=\"team-info\">\n                        <h3><a href=\"\">Izan Mu\u00f1oz<\/a><\/h3><h4>Auxiliar Veterin\u00e0ria<\/h4>Izan Mu\u00f1oz va cursar el batxillerat social i posteriorment el cicle superior en integraci\u00f3 social. M\u00e9s tard, va realitzar el curs d'auxiliar t\u00e8cnic veterinari juntament amb el d'ensinistrament can\u00ed.                     <\/div>\n                <\/div>\n            <\/div>\n        \t\t\t\t<\/div>\n\t\t\t\t<\/div>\n\t\t\t\t<div class=\"elementor-element elementor-element-d76c525 readmoretoggle elementor-widget elementor-widget-toggle\" data-id=\"d76c525\" data-element_type=\"widget\" data-e-type=\"widget\" data-widget_type=\"toggle.default\">\n\t\t\t\t<div class=\"elementor-widget-container\">\n\t\t\t\t\t\t\t<div class=\"elementor-toggle\">\n\t\t\t\t\t\t\t<div class=\"elementor-toggle-item\">\n\t\t\t\t\t<div id=\"elementor-tab-title-2251\" class=\"elementor-tab-title\" data-tab=\"1\" role=\"button\" aria-controls=\"elementor-tab-content-2251\" aria-expanded=\"false\">\n\t\t\t\t\t\t\t\t\t\t\t\t<a class=\"elementor-toggle-title\" tabindex=\"0\"> Llegir m\u00e9s<\/a>\n\t\t\t\t\t<\/div>\n\n\t\t\t\t\t<div id=\"elementor-tab-content-2251\" class=\"elementor-tab-content elementor-clearfix\" data-tab=\"1\" role=\"region\" aria-labelledby=\"elementor-tab-title-2251\"><p>Sempre ha tingut molts animals a casa i \u00e9s el que el fa m\u00e9s feli\u00e7, per aix\u00f2 va decidir dedicar-s&#8217;hi. Li encanta la natura, sobretot fer senderisme per la muntanya. Tamb\u00e9 li agrada viatjar, veure documentals i passar temps amb els amics.<\/p><\/div>\n\t\t\t\t<\/div>\n\t\t\t\t\t\t\t\t<\/div>\n\t\t\t\t\t\t<\/div>\n\t\t\t\t<\/div>\n\t\t\t\t\t<\/div>\n\t\t<\/div>\n\t\t\t\t<div class=\"elementor-column elementor-col-25 elementor-inner-column elementor-element elementor-element-c6bbcf2 nodata_bor\" data-id=\"c6bbcf2\" data-element_type=\"column\" data-e-type=\"column\">\n\t\t\t<div class=\"elementor-widget-wrap\">\n\t\t\t\t\t\t\t<\/div>\n\t\t<\/div>\n\t\t\t\t<div class=\"elementor-column elementor-col-25 elementor-inner-column elementor-element elementor-element-3e95529 nodata_bor\" data-id=\"3e95529\" data-element_type=\"column\" data-e-type=\"column\">\n\t\t\t<div class=\"elementor-widget-wrap\">\n\t\t\t\t\t\t\t<\/div>\n\t\t<\/div>\n\t\t\t\t\t<\/div>\n\t\t<\/section>\n\t\t\t\t\t<\/div>\n\t\t<\/div>\n\t\t\t\t\t<\/div>\n\t\t<\/section>\n\t\t\t\t<\/div>\n\t\t","protected":false},"excerpt":{"rendered":"<p>L&#8217;equip de la Cl\u00ednica Veterin\u00e0ria Anubis est\u00e0 format per un total de 3 veterinaris: Marta, Miguel i Laura;\u00a0 i 2 auxiliars veterinaris, Facundo i Iz\u00e1n. Ells s\u00f3n els responsables de la salut de tots els nostres amics peluts. Veterinaris Marta Dell\u00e0 Bohigas Directora Veterin\u00e0ria La Marta es veterin\u00e0ria des de 1994 per\u00f2 de fet, des &hellip; <\/p>\n","protected":false},"author":8,"featured_media":0,"parent":0,"menu_order":0,"comment_status":"closed","ping_status":"closed","template":"page-fullwidth.php","meta":{"_acf_changed":false,"content-type":"","footnotes":""},"class_list":["post-14412","page","type-page","status-publish","hentry"],"acf":[],"_links":{"self":[{"href":"https:\/\/www.unavets.com\/anubis\/ca\/wp-json\/wp\/v2\/pages\/14412","targetHints":{"allow":["GET"]}}],"collection":[{"href":"https:\/\/www.unavets.com\/anubis\/ca\/wp-json\/wp\/v2\/pages"}],"about":[{"href":"https:\/\/www.unavets.com\/anubis\/ca\/wp-json\/wp\/v2\/types\/page"}],"author":[{"embeddable":true,"href":"https:\/\/www.unavets.com\/anubis\/ca\/wp-json\/wp\/v2\/users\/8"}],"replies":[{"embeddable":true,"href":"https:\/\/www.unavets.com\/anubis\/ca\/wp-json\/wp\/v2\/comments?post=14412"}],"version-history":[{"count":39,"href":"https:\/\/www.unavets.com\/anubis\/ca\/wp-json\/wp\/v2\/pages\/14412\/revisions"}],"predecessor-version":[{"id":19773,"href":"https:\/\/www.unavets.com\/anubis\/ca\/wp-json\/wp\/v2\/pages\/14412\/revisions\/19773"}],"wp:attachment":[{"href":"https:\/\/www.unavets.com\/anubis\/ca\/wp-json\/wp\/v2\/media?parent=14412"}],"curies":[{"name":"wp","href":"https:\/\/api.w.org\/{rel}","templated":true}]}}