{"id":13048,"date":"2021-01-08T14:11:22","date_gmt":"2021-01-08T14:11:22","guid":{"rendered":"http:\/\/www.unavets.com\/anubis\/?page_id=13048"},"modified":"2024-10-15T14:59:47","modified_gmt":"2024-10-15T14:59:47","slug":"cirurgia","status":"publish","type":"page","link":"https:\/\/www.unavets.com\/anubis\/ca\/serveis\/cirurgia\/","title":{"rendered":"Cirurgia"},"content":{"rendered":"\t\t<div data-elementor-type=\"wp-page\" data-elementor-id=\"13048\" class=\"elementor elementor-13048 elementor-819\" data-elementor-post-type=\"page\">\n\t\t\t\t\t\t<section class=\"elementor-section elementor-top-section elementor-element elementor-element-3b7f1f2 elementor-section-boxed elementor-section-height-default elementor-section-height-default\" data-id=\"3b7f1f2\" data-element_type=\"section\" data-e-type=\"section\" id=\"main-sec\">\n\t\t\t\t\t\t<div class=\"elementor-container elementor-column-gap-default\">\n\t\t\t\t\t<div class=\"elementor-column elementor-col-100 elementor-top-column elementor-element elementor-element-138c88c\" data-id=\"138c88c\" data-element_type=\"column\" data-e-type=\"column\">\n\t\t\t<div class=\"elementor-widget-wrap elementor-element-populated\">\n\t\t\t\t\t\t<div class=\"elementor-element elementor-element-ec83cf0 elementor-widget elementor-widget-section_titleleft\" data-id=\"ec83cf0\" data-element_type=\"widget\" data-e-type=\"widget\" data-widget_type=\"section_titleleft.default\">\n\t\t\t\t<div class=\"elementor-widget-container\">\n\t\t\t\t\t        <div class=\"ab_text-title fl-wrap\">\n            <h3>Servei de cirurgia y quir\u00f2fans<\/h3>En Cl\u00ednica Veterinaria Anubis de Barcelona \n disposem de quir\u00f2fan prove\u00eft amb equipament anest\u00e8sic, monitoritzaci\u00f3, material avan\u00e7at i amb personal qualificat per fer un seguiment de manera segura a tots els nostres pacients.\n<span class=\"section-separator fl-sec-sep\"><\/span>        <\/div>\n        \t\t\t\t<\/div>\n\t\t\t\t<\/div>\n\t\t\t\t\t<\/div>\n\t\t<\/div>\n\t\t\t\t\t<\/div>\n\t\t<\/section>\n\t\t\t\t<section class=\"elementor-section elementor-top-section elementor-element elementor-element-d993722 elementor-section-boxed elementor-section-height-default elementor-section-height-default\" data-id=\"d993722\" data-element_type=\"section\" data-e-type=\"section\">\n\t\t\t\t\t\t<div class=\"elementor-container elementor-column-gap-wide\">\n\t\t\t\t\t<div class=\"elementor-column elementor-col-50 elementor-top-column elementor-element elementor-element-065811d\" data-id=\"065811d\" data-element_type=\"column\" data-e-type=\"column\">\n\t\t\t<div class=\"elementor-widget-wrap elementor-element-populated\">\n\t\t\t\t\t\t<div class=\"elementor-element elementor-element-63d99ac elementor-widget elementor-widget-text-editor\" data-id=\"63d99ac\" data-element_type=\"widget\" data-e-type=\"widget\" data-widget_type=\"text-editor.default\">\n\t\t\t\t<div class=\"elementor-widget-container\">\n\t\t\t\t\t\t\t\t\t<p>L&#8217;equip de cirurgia i anestesiologia de petits animals d&#8217;Anubis es dedica principalment a cirurgies de teixits tous de rutina en gossos i gats.<\/p><p>Les nostres instal\u00b7lacions compten amb un quir\u00f2fan ben equipat, tant a nivell de monitoritzaci\u00f3 com d&#8217;equip anest\u00e8sic.<\/p><p><strong>Serveis de cirurgia<\/strong><\/p><p><span style=\"font-family: Muli, sans-serif;\">Castraci\u00f3\/esterilitzaci\u00f3 de mascles i femelles<\/span><\/p><ul><li><ul><li>Correcci\u00f3 d&#8217;h\u00e8rnies<\/li><li>Mastectomies parcials o radicals<\/li><li>Extracci\u00f3 de n\u00f2duls\/masses\/tumors<\/li><li>Laparotomies explorat\u00f2ries<\/li><li>Reparaci\u00f3 d&#8217;otohematomes<\/li><li>Neteja bucal i exod\u00f2ncies<\/li><\/ul><div>\u00a0<\/div><p><b>En casos espec\u00edfics, tamb\u00e9 podem oferir:<\/b><\/p><ul><li>Cirurgia de m\u00ednima invasi\u00f3 (laparosc\u00f2pia)<\/li><li>Cirurgia de trauma\/ortop\u00e8dia<\/li><li>Cirurgia oft\u00e0lmica<\/li><li>Cirurgia digestiva<\/li><\/ul><div>\u00a0<\/div><p><b>Altres procediments:<\/b><\/p><ul><li>Col\u00b7locaci\u00f3 de sonda d&#8217;alimentaci\u00f3<\/li><li>Recol\u00b7lecci\u00f3 de mostres diagn\u00f2stiques sota anest\u00e8sia<\/li><\/ul><\/li><\/ul>\t\t\t\t\t\t\t\t<\/div>\n\t\t\t\t<\/div>\n\t\t\t\t\t<\/div>\n\t\t<\/div>\n\t\t\t\t<div class=\"elementor-column elementor-col-50 elementor-top-column elementor-element elementor-element-2048e61\" data-id=\"2048e61\" data-element_type=\"column\" data-e-type=\"column\">\n\t\t\t<div class=\"elementor-widget-wrap elementor-element-populated\">\n\t\t\t\t\t\t<div class=\"elementor-element elementor-element-dc7c821 elementor-widget elementor-widget-image\" data-id=\"dc7c821\" data-element_type=\"widget\" data-e-type=\"widget\" data-widget_type=\"image.default\">\n\t\t\t\t<div class=\"elementor-widget-container\">\n\t\t\t\t\t\t\t\t\t\t\t\t\t\t\t<img fetchpriority=\"high\" width=\"650\" height=\"968\" class=\"attachment-large size-large wp-image-19419 lazy\" alt=\"\" data-src=\"https:\/\/www.unavets.com\/anubis\/wp-content\/uploads\/sites\/3\/2024\/10\/cirugia-veterinaria-anubis.jpg\" data-lazy=\"https:\/\/www.unavets.com\/anubis\/wp-content\/uploads\/sites\/3\/2024\/10\/cirugia-veterinaria-anubis.jpg\" \/>\t\t\t\t\t\t\t\t\t\t\t\t\t\t\t<\/div>\n\t\t\t\t<\/div>\n\t\t\t\t<div class=\"elementor-element elementor-element-9060f7f elementor-align-center elementor-widget elementor-widget-button\" data-id=\"9060f7f\" data-element_type=\"widget\" data-e-type=\"widget\" data-widget_type=\"button.default\">\n\t\t\t\t<div class=\"elementor-widget-container\">\n\t\t\t\t\t\t\t\t\t<div class=\"elementor-button-wrapper\">\n\t\t\t\t\t<a class=\"elementor-button elementor-button-link elementor-size-md\" href=\"https:\/\/www.unavets.com\/anubis\/ca\/demana-cita\/\">\n\t\t\t\t\t\t<span class=\"elementor-button-content-wrapper\">\n\t\t\t\t\t\t<span class=\"elementor-button-icon\">\n\t\t\t\t<i aria-hidden=\"true\" class=\"far fa-calendar-alt\"><\/i>\t\t\t<\/span>\n\t\t\t\t\t\t\t\t\t<span class=\"elementor-button-text\">Demana Cita<\/span>\n\t\t\t\t\t<\/span>\n\t\t\t\t\t<\/a>\n\t\t\t\t<\/div>\n\t\t\t\t\t\t\t\t<\/div>\n\t\t\t\t<\/div>\n\t\t\t\t\t<\/div>\n\t\t<\/div>\n\t\t\t\t\t<\/div>\n\t\t<\/section>\n\t\t\t\t<section class=\"elementor-section elementor-top-section elementor-element elementor-element-c6e8d26 elementor-section-boxed elementor-section-height-default elementor-section-height-default\" data-id=\"c6e8d26\" data-element_type=\"section\" data-e-type=\"section\">\n\t\t\t\t\t\t<div class=\"elementor-container elementor-column-gap-default\">\n\t\t\t\t\t<div class=\"elementor-column elementor-col-100 elementor-top-column elementor-element elementor-element-d92d362\" data-id=\"d92d362\" data-element_type=\"column\" data-e-type=\"column\">\n\t\t\t<div class=\"elementor-widget-wrap elementor-element-populated\">\n\t\t\t\t\t\t<div class=\"elementor-element elementor-element-70fb1ad elementor-widget elementor-widget-section_titleleft\" data-id=\"70fb1ad\" data-element_type=\"widget\" data-e-type=\"widget\" data-widget_type=\"section_titleleft.default\">\n\t\t\t\t<div class=\"elementor-widget-container\">\n\t\t\t\t\t        <div class=\"ab_text-title fl-wrap\">\n            <h3>Quan considerar la cirurgia?<\/h3><span class=\"section-separator fl-sec-sep\"><\/span>        <\/div>\n        \t\t\t\t<\/div>\n\t\t\t\t<\/div>\n\t\t\t\t\t<\/div>\n\t\t<\/div>\n\t\t\t\t\t<\/div>\n\t\t<\/section>\n\t\t\t\t<section class=\"elementor-section elementor-top-section elementor-element elementor-element-149f379 elementor-section-boxed elementor-section-height-default elementor-section-height-default\" data-id=\"149f379\" data-element_type=\"section\" data-e-type=\"section\">\n\t\t\t\t\t\t<div class=\"elementor-container elementor-column-gap-wide\">\n\t\t\t\t\t<div class=\"elementor-column elementor-col-50 elementor-top-column elementor-element elementor-element-2a8ea5b\" data-id=\"2a8ea5b\" data-element_type=\"column\" data-e-type=\"column\">\n\t\t\t<div class=\"elementor-widget-wrap elementor-element-populated\">\n\t\t\t\t\t\t<div class=\"elementor-element elementor-element-01118fc elementor-widget elementor-widget-image\" data-id=\"01118fc\" data-element_type=\"widget\" data-e-type=\"widget\" data-widget_type=\"image.default\">\n\t\t\t\t<div class=\"elementor-widget-container\">\n\t\t\t\t\t\t\t\t\t\t\t\t\t\t\t<img width=\"650\" height=\"524\" class=\"attachment-townhub-featured-image size-townhub-featured-image wp-image-19422 lazy\" alt=\"\" data-src=\"https:\/\/www.unavets.com\/anubis\/wp-content\/uploads\/sites\/3\/2024\/10\/cirugia-veterinaria-anubis2-650x524.jpg\" data-lazy=\"https:\/\/www.unavets.com\/anubis\/wp-content\/uploads\/sites\/3\/2024\/10\/cirugia-veterinaria-anubis2-650x524.jpg\" \/>\t\t\t\t\t\t\t\t\t\t\t\t\t\t\t<\/div>\n\t\t\t\t<\/div>\n\t\t\t\t\t<\/div>\n\t\t<\/div>\n\t\t\t\t<div class=\"elementor-column elementor-col-50 elementor-top-column elementor-element elementor-element-08b8459\" data-id=\"08b8459\" data-element_type=\"column\" data-e-type=\"column\">\n\t\t\t<div class=\"elementor-widget-wrap elementor-element-populated\">\n\t\t\t\t\t\t<div class=\"elementor-element elementor-element-e1b240e elementor-widget elementor-widget-text-editor\" data-id=\"e1b240e\" data-element_type=\"widget\" data-e-type=\"widget\" data-widget_type=\"text-editor.default\">\n\t\t\t\t<div class=\"elementor-widget-container\">\n\t\t\t\t\t\t\t\t\t<ul><li>En cas de lesions traumatol\u00f2giques<\/li><li>Diagn\u00f2stic i tractament quir\u00fargic de la coixesa<\/li><li>Diagn\u00f2stic i tractament de malalties del desenvolupament: displ\u00e0sia de maluc i colze<\/li><li>Pres\u00e8ncia de tumors<\/li><li>Abdomen agut<\/li><li>Malaltia del tracte urinari<\/li><li>Malaltia endotor\u00e0cica<\/li><li>Malaltia de les vies respirat\u00f2ries<\/li><li>Tractament de ferides complexes<\/li><li>Tractament preventiu m\u00ednimament invasiu<\/li><\/ul>\t\t\t\t\t\t\t\t<\/div>\n\t\t\t\t<\/div>\n\t\t\t\t<div class=\"elementor-element elementor-element-26eb396 elementor-align-center elementor-widget elementor-widget-button\" data-id=\"26eb396\" data-element_type=\"widget\" data-e-type=\"widget\" data-widget_type=\"button.default\">\n\t\t\t\t<div class=\"elementor-widget-container\">\n\t\t\t\t\t\t\t\t\t<div class=\"elementor-button-wrapper\">\n\t\t\t\t\t<a class=\"elementor-button elementor-button-link elementor-size-md\" href=\"https:\/\/www.unavets.com\/anubis\/ca\/demana-cita\/\">\n\t\t\t\t\t\t<span class=\"elementor-button-content-wrapper\">\n\t\t\t\t\t\t<span class=\"elementor-button-icon\">\n\t\t\t\t<i aria-hidden=\"true\" class=\"far fa-calendar-alt\"><\/i>\t\t\t<\/span>\n\t\t\t\t\t\t\t\t\t<span class=\"elementor-button-text\">Demana Cita<\/span>\n\t\t\t\t\t<\/span>\n\t\t\t\t\t<\/a>\n\t\t\t\t<\/div>\n\t\t\t\t\t\t\t\t<\/div>\n\t\t\t\t<\/div>\n\t\t\t\t\t<\/div>\n\t\t<\/div>\n\t\t\t\t\t<\/div>\n\t\t<\/section>\n\t\t\t\t<section class=\"elementor-section elementor-top-section elementor-element elementor-element-95cda27 elementor-section-boxed elementor-section-height-default elementor-section-height-default\" data-id=\"95cda27\" data-element_type=\"section\" data-e-type=\"section\">\n\t\t\t\t\t\t<div class=\"elementor-container elementor-column-gap-default\">\n\t\t\t\t\t<div class=\"elementor-column elementor-col-100 elementor-top-column elementor-element elementor-element-d95d879\" data-id=\"d95d879\" data-element_type=\"column\" data-e-type=\"column\">\n\t\t\t<div class=\"elementor-widget-wrap elementor-element-populated\">\n\t\t\t\t\t\t<div class=\"elementor-element elementor-element-4c242eb elementor-widget elementor-widget-text-editor\" data-id=\"4c242eb\" data-element_type=\"widget\" data-e-type=\"widget\" data-widget_type=\"text-editor.default\">\n\t\t\t\t<div class=\"elementor-widget-container\">\n\t\t\t\t\t\t\t\t\t<p>Oferim als nostres clients un servei de consulta prequir\u00fargica gratu\u00efta, on es poden plantejar totes les q\u00fcestions que sorgeixin arran del procediment quir\u00fargic.<\/p><p>Les proves prequir\u00fargiques ens ajudaran a minimitzar els riscos i a programar l&#8217;anest\u00e8sia, aix\u00ed com les cures postoperat\u00f2ries, de manera espec\u00edfica per a cada cas.<\/p><p>A Anubis prioritzem el benestar dels nostres pacients, i en els casos en qu\u00e8 considerem necess\u00e0ria l&#8217;hospitalitzaci\u00f3 nocturna, l&#8217;animal ser\u00e0 derivat a un hospital veterinari, on se li donar\u00e0 el suport necessari per aconseguir una recuperaci\u00f3 completa.<\/p><p>Estem a la vostra disposici\u00f3 per a qualsevol dubte que pugui sorgir al respecte.<\/p>\t\t\t\t\t\t\t\t<\/div>\n\t\t\t\t<\/div>\n\t\t\t\t\t<\/div>\n\t\t<\/div>\n\t\t\t\t\t<\/div>\n\t\t<\/section>\n\t\t\t\t<\/div>\n\t\t","protected":false},"excerpt":{"rendered":"<p>Servei de cirurgia y quir\u00f2fans En de disposem de quir\u00f2fan prove\u00eft amb equipament anest\u00e8sic, monitoritzaci\u00f3, material avan\u00e7at i amb personal qualificat per fer un seguiment de manera segura a tots els nostres pacients. L&#8217;equip de cirurgia i anestesiologia de petits animals d&#8217;Anubis es dedica principalment a cirurgies de teixits tous de rutina en gossos i &hellip; <\/p>\n","protected":false},"author":1,"featured_media":0,"parent":13567,"menu_order":0,"comment_status":"closed","ping_status":"closed","template":"page-fullwidth.php","meta":{"_acf_changed":false,"content-type":"","footnotes":""},"class_list":["post-13048","page","type-page","status-publish","hentry"],"acf":[],"_links":{"self":[{"href":"https:\/\/www.unavets.com\/anubis\/ca\/wp-json\/wp\/v2\/pages\/13048","targetHints":{"allow":["GET"]}}],"collection":[{"href":"https:\/\/www.unavets.com\/anubis\/ca\/wp-json\/wp\/v2\/pages"}],"about":[{"href":"https:\/\/www.unavets.com\/anubis\/ca\/wp-json\/wp\/v2\/types\/page"}],"author":[{"embeddable":true,"href":"https:\/\/www.unavets.com\/anubis\/ca\/wp-json\/wp\/v2\/users\/1"}],"replies":[{"embeddable":true,"href":"https:\/\/www.unavets.com\/anubis\/ca\/wp-json\/wp\/v2\/comments?post=13048"}],"version-history":[{"count":6,"href":"https:\/\/www.unavets.com\/anubis\/ca\/wp-json\/wp\/v2\/pages\/13048\/revisions"}],"predecessor-version":[{"id":19436,"href":"https:\/\/www.unavets.com\/anubis\/ca\/wp-json\/wp\/v2\/pages\/13048\/revisions\/19436"}],"up":[{"embeddable":true,"href":"https:\/\/www.unavets.com\/anubis\/ca\/wp-json\/wp\/v2\/pages\/13567"}],"wp:attachment":[{"href":"https:\/\/www.unavets.com\/anubis\/ca\/wp-json\/wp\/v2\/media?parent=13048"}],"curies":[{"name":"wp","href":"https:\/\/api.w.org\/{rel}","templated":true}]}}