{"id":14623,"date":"2021-06-09T15:45:12","date_gmt":"2021-06-09T15:45:12","guid":{"rendered":"http:\/\/www.unavets.com\/amedialua\/?page_id=14623"},"modified":"2025-11-19T19:49:02","modified_gmt":"2025-11-19T19:49:02","slug":"medicina-general","status":"publish","type":"page","link":"https:\/\/www.unavets.com\/amedialua\/es\/servicios\/medicina-general\/","title":{"rendered":"Medicina General"},"content":{"rendered":"\t\t<div data-elementor-type=\"wp-page\" data-elementor-id=\"14623\" class=\"elementor elementor-14623 elementor-14595\" data-elementor-post-type=\"page\">\n\t\t\t\t\t\t<section class=\"elementor-section elementor-top-section elementor-element elementor-element-d993722 elementor-section-boxed elementor-section-height-default elementor-section-height-default\" data-id=\"d993722\" data-element_type=\"section\" data-e-type=\"section\" id=\"main-sec\">\n\t\t\t\t\t\t<div class=\"elementor-container elementor-column-gap-default\">\n\t\t\t\t\t<div class=\"elementor-column elementor-col-100 elementor-top-column elementor-element elementor-element-065811d\" data-id=\"065811d\" data-element_type=\"column\" data-e-type=\"column\">\n\t\t\t<div class=\"elementor-widget-wrap elementor-element-populated\">\n\t\t\t\t\t\t<div class=\"elementor-element elementor-element-bd64108 elementor-widget elementor-widget-heading\" data-id=\"bd64108\" data-element_type=\"widget\" data-e-type=\"widget\" data-widget_type=\"heading.default\">\n\t\t\t\t<div class=\"elementor-widget-container\">\n\t\t\t\t\t<h2 class=\"elementor-heading-title elementor-size-default\"><h2 data-start=\"103\" data-end=\"163\">Medicina General Veterinaria: la base del cuidado cl\u00ednico<span style=\"font-size: 2.25rem\"><\/span><\/h2><\/h2>\t\t\t\t<\/div>\n\t\t\t\t<\/div>\n\t\t\t\t<div class=\"elementor-element elementor-element-63d99ac elementor-widget elementor-widget-text-editor\" data-id=\"63d99ac\" data-element_type=\"widget\" data-e-type=\"widget\" data-widget_type=\"text-editor.default\">\n\t\t\t\t<div class=\"elementor-widget-container\">\n\t\t\t\t\t\t\t\t\t<div class=\"ewa-rteLine\"><div class=\"ewa-rteLine\"><div class=\"ewa-rteLine\"><p data-start=\"165\" data-end=\"470\">La medicina general constituye el primer nivel de atenci\u00f3n veterinaria y es esencial para garantizar la salud a largo plazo de las mascotas. Su funci\u00f3n abarca desde la <strong data-start=\"333\" data-end=\"384\">prevenci\u00f3n y detecci\u00f3n temprana de enfermedades<\/strong>, hasta el <strong data-start=\"395\" data-end=\"437\">diagn\u00f3stico, tratamiento y seguimiento<\/strong> de patolog\u00edas agudas o cr\u00f3nicas.<\/p><p data-start=\"472\" data-end=\"849\">En <strong data-start=\"475\" data-end=\"521\">Hospital Veterinario A Media L\u00faa<\/strong>, nuestros veterinarios realizan una valoraci\u00f3n completa del paciente apoy\u00e1ndose en <strong data-start=\"605\" data-end=\"687\">pruebas anal\u00edticas, diagn\u00f3stico por imagen y exploraciones cl\u00ednicas detalladas<\/strong>. A partir de estos resultados, se establece un <strong data-start=\"735\" data-end=\"771\">plan terap\u00e9utico individualizado<\/strong> y se lleva a cabo un seguimiento que permita valorar la evoluci\u00f3n del animal.<\/p><p data-start=\"851\" data-end=\"1069\" data-is-last-node=\"\" data-is-only-node=\"\">Cuando la complejidad del caso lo requiere, nuestro equipo coordina la <strong data-start=\"922\" data-end=\"952\">derivaci\u00f3n a especialistas<\/strong> de distintas \u00e1reas para ofrecer un abordaje m\u00e1s profundo y garantizar el tratamiento m\u00e1s adecuado en cada situaci\u00f3n.<\/p><\/div><\/div><\/div>\t\t\t\t\t\t\t\t<\/div>\n\t\t\t\t<\/div>\n\t\t\t\t<div class=\"elementor-element elementor-element-c1c82c4 elementor-align-center elementor-widget elementor-widget-button\" data-id=\"c1c82c4\" data-element_type=\"widget\" data-e-type=\"widget\" data-widget_type=\"button.default\">\n\t\t\t\t<div class=\"elementor-widget-container\">\n\t\t\t\t\t\t\t\t\t<div class=\"elementor-button-wrapper\">\n\t\t\t\t\t<a class=\"elementor-button elementor-button-link elementor-size-md\" href=\"tel:881%20870%20739\">\n\t\t\t\t\t\t<span class=\"elementor-button-content-wrapper\">\n\t\t\t\t\t\t<span class=\"elementor-button-icon\">\n\t\t\t\t<i aria-hidden=\"true\" class=\"far fa-calendar-alt\"><\/i>\t\t\t<\/span>\n\t\t\t\t\t\t\t\t\t<span class=\"elementor-button-text\">Pide Cita<\/span>\n\t\t\t\t\t<\/span>\n\t\t\t\t\t<\/a>\n\t\t\t\t<\/div>\n\t\t\t\t\t\t\t\t<\/div>\n\t\t\t\t<\/div>\n\t\t\t\t<div class=\"elementor-element elementor-element-dc7c821 elementor-widget elementor-widget-image\" data-id=\"dc7c821\" data-element_type=\"widget\" data-e-type=\"widget\" data-widget_type=\"image.default\">\n\t\t\t\t<div class=\"elementor-widget-container\">\n\t\t\t\t\t\t\t\t\t\t\t\t\t\t\t<img fetchpriority=\"high\" width=\"606\" height=\"575\" class=\"attachment-medium_large size-medium_large wp-image-20198 lazy\" alt=\"\" data-src=\"https:\/\/www.unavets.com\/amedialua\/wp-content\/uploads\/sites\/38\/2023\/10\/Diseno-sin-titulo-15.png\" data-lazy=\"https:\/\/www.unavets.com\/amedialua\/wp-content\/uploads\/sites\/38\/2023\/10\/Diseno-sin-titulo-15.png\" \/>\t\t\t\t\t\t\t\t\t\t\t\t\t\t\t<\/div>\n\t\t\t\t<\/div>\n\t\t\t\t\t<\/div>\n\t\t<\/div>\n\t\t\t\t\t<\/div>\n\t\t<\/section>\n\t\t\t\t<\/div>\n\t\t","protected":false},"excerpt":{"rendered":"<p>La medicina general constituye el primer nivel de atenci\u00f3n m\u00e9dica veterinaria para las mascotas y es b\u00e1sica para la prevenci\u00f3n, detecci\u00f3n, tratamiento y seguimiento de las enfermedades. En , nuestros veterinarios mediante las pruebas anal\u00edticas necesarias diagnostican las patolog\u00edas del animal e instauran un tratamiento o deciden su derivaci\u00f3n a los especialistas. Pide Cita<\/p>\n","protected":false},"author":8,"featured_media":0,"parent":13564,"menu_order":0,"comment_status":"closed","ping_status":"closed","template":"page-fullwidth.php","meta":{"_acf_changed":false,"content-type":"","footnotes":""},"class_list":["post-14623","page","type-page","status-publish","hentry"],"acf":[],"_links":{"self":[{"href":"https:\/\/www.unavets.com\/amedialua\/es\/wp-json\/wp\/v2\/pages\/14623","targetHints":{"allow":["GET"]}}],"collection":[{"href":"https:\/\/www.unavets.com\/amedialua\/es\/wp-json\/wp\/v2\/pages"}],"about":[{"href":"https:\/\/www.unavets.com\/amedialua\/es\/wp-json\/wp\/v2\/types\/page"}],"author":[{"embeddable":true,"href":"https:\/\/www.unavets.com\/amedialua\/es\/wp-json\/wp\/v2\/users\/8"}],"replies":[{"embeddable":true,"href":"https:\/\/www.unavets.com\/amedialua\/es\/wp-json\/wp\/v2\/comments?post=14623"}],"version-history":[{"count":8,"href":"https:\/\/www.unavets.com\/amedialua\/es\/wp-json\/wp\/v2\/pages\/14623\/revisions"}],"predecessor-version":[{"id":20985,"href":"https:\/\/www.unavets.com\/amedialua\/es\/wp-json\/wp\/v2\/pages\/14623\/revisions\/20985"}],"up":[{"embeddable":true,"href":"https:\/\/www.unavets.com\/amedialua\/es\/wp-json\/wp\/v2\/pages\/13564"}],"wp:attachment":[{"href":"https:\/\/www.unavets.com\/amedialua\/es\/wp-json\/wp\/v2\/media?parent=14623"}],"curies":[{"name":"wp","href":"https:\/\/api.w.org\/{rel}","templated":true}]}}