{"id":13558,"date":"2020-10-03T08:10:58","date_gmt":"2020-10-03T08:10:58","guid":{"rendered":"http:\/\/www.unavets.com\/amedialua\/our-facilities\/"},"modified":"2023-10-20T13:36:28","modified_gmt":"2023-10-20T13:36:28","slug":"instalaciones","status":"publish","type":"page","link":"https:\/\/www.unavets.com\/amedialua\/es\/instalaciones\/","title":{"rendered":"Instalaciones"},"content":{"rendered":"\t\t<div data-elementor-type=\"wp-page\" data-elementor-id=\"13558\" class=\"elementor elementor-13558 elementor-281\" data-elementor-post-type=\"page\">\n\t\t\t\t\t\t<section class=\"elementor-section elementor-top-section elementor-element elementor-element-54cf215 pad-top-0 elementor-section-boxed elementor-section-height-default elementor-section-height-default\" data-id=\"54cf215\" data-element_type=\"section\" data-e-type=\"section\" id=\"main-sec\" data-settings=\"{&quot;background_background&quot;:&quot;classic&quot;}\">\n\t\t\t\t\t\t<div class=\"elementor-container elementor-column-gap-wide\">\n\t\t\t\t\t<div class=\"elementor-column elementor-col-100 elementor-top-column elementor-element elementor-element-d926441\" data-id=\"d926441\" data-element_type=\"column\" data-e-type=\"column\">\n\t\t\t<div class=\"elementor-widget-wrap elementor-element-populated\">\n\t\t\t\t\t\t<div class=\"elementor-element elementor-element-ac5c964 elementor-widget elementor-widget-text-editor\" data-id=\"ac5c964\" data-element_type=\"widget\" data-e-type=\"widget\" data-widget_type=\"text-editor.default\">\n\t\t\t\t<div class=\"elementor-widget-container\">\n\t\t\t\t\t\t\t\t\t<p>La cl\u00ednica veterinaria A Media L\u00faa cuenta con los mejores equipos e instalaciones a vuestra disposici\u00f3n para brindarte el m\u00e1s alto nivel de atenci\u00f3n.<\/p>\t\t\t\t\t\t\t\t<\/div>\n\t\t\t\t<\/div>\n\t\t\t\t<section class=\"elementor-section elementor-inner-section elementor-element elementor-element-98275a1 elementor-section-boxed elementor-section-height-default elementor-section-height-default\" data-id=\"98275a1\" data-element_type=\"section\" data-e-type=\"section\">\n\t\t\t\t\t\t<div class=\"elementor-container elementor-column-gap-default\">\n\t\t\t\t\t<div class=\"elementor-column elementor-col-50 elementor-inner-column elementor-element elementor-element-07b222c\" data-id=\"07b222c\" data-element_type=\"column\" data-e-type=\"column\">\n\t\t\t<div class=\"elementor-widget-wrap elementor-element-populated\">\n\t\t\t\t\t\t<div class=\"elementor-element elementor-element-44b52f4 elementor-widget elementor-widget-image\" data-id=\"44b52f4\" data-element_type=\"widget\" data-e-type=\"widget\" data-widget_type=\"image.default\">\n\t\t\t\t<div class=\"elementor-widget-container\">\n\t\t\t\t\t\t\t\t\t\t\t\t\t\t\t<img fetchpriority=\"high\" width=\"414\" height=\"586\" class=\"attachment-1536x1536 size-1536x1536 wp-image-19875 lazy\" alt=\"\" data-src=\"https:\/\/www.unavets.com\/amedialua\/wp-content\/uploads\/sites\/38\/2023\/10\/instalaciones-a-media-lua.png\" data-lazy=\"https:\/\/www.unavets.com\/amedialua\/wp-content\/uploads\/sites\/38\/2023\/10\/instalaciones-a-media-lua.png\" \/>\t\t\t\t\t\t\t\t\t\t\t\t\t\t\t<\/div>\n\t\t\t\t<\/div>\n\t\t\t\t\t<\/div>\n\t\t<\/div>\n\t\t\t\t<div class=\"elementor-column elementor-col-50 elementor-inner-column elementor-element elementor-element-e32254f\" data-id=\"e32254f\" data-element_type=\"column\" data-e-type=\"column\">\n\t\t\t<div class=\"elementor-widget-wrap elementor-element-populated\">\n\t\t\t\t\t\t<div class=\"elementor-element elementor-element-6494dd8 elementor-widget elementor-widget-text-editor\" data-id=\"6494dd8\" data-element_type=\"widget\" data-e-type=\"widget\" data-widget_type=\"text-editor.default\">\n\t\t\t\t<div class=\"elementor-widget-container\">\n\t\t\t\t\t\t\t\t\t<p><strong>\u2022 Salas de consulta:<\/strong> Disponemos de tres salas de consulta: dos espec\u00edficas para perros y una espec\u00edfica para gatos, perfectamente equipadas para atender las incidencias m\u00e1s frecuentes del d\u00eda a d\u00eda.<br \/><strong>\u2022 Sala de Rayos X:<\/strong> Dotada de un equipo de \u00faltima generaci\u00f3n en el que realizar estudios radiogr\u00e1ficos con la m\u00e1xima calidad y eficacia.<br \/><strong>\u2022 Sala de Ecograf\u00eda:<\/strong> Equipada con un ec\u00f3grafo de \u00faltima generaci\u00f3n para efectuar diagn\u00f3sticos por ultrasonidos.<br \/><strong>\u2022 Prequir\u00f3fano:<\/strong> Destinado a la preparaci\u00f3n prequir\u00fargica, cuenta con una zona aislada en la que los animales se recuperan tras una intervenci\u00f3n.<br \/><strong>\u2022 Quir\u00f3fano<\/strong>: Con un equipo completo de monitorizaci\u00f3n anest\u00e9sica, electrobistur\u00ed y material quir\u00fargico para afrontar con seguridad cualquier tipo de intervenci\u00f3n.<br \/><strong>\u2022 Hospital de Perros y Hospital de Gatos<\/strong>: Contamos con dos hospitales: uno para perros y otro para gatos, con el objetivo de minimizar el estr\u00e9s de los segundos. Ambos disponen de completa maquinaria para el correcto tratamiento de las mascotas, adem\u00e1s de jaulas dise\u00f1adas para ofrecerles la m\u00e1xima comodidad y dos jaulas de ox\u00edgenoterapia. Los hospitales cuentan tambi\u00e9n con una zona de descanso anexa, destinada a las hospitalizaciones presenciales nocturnas.<br \/><strong>\u2022 Laboratorio<\/strong>: Su maquinaria de \u00faltima generaci\u00f3n nos permite realizar diagn\u00f3sticos con mayor rapidez y exactitud.<br \/><strong>\u2022 Sala de Espera:<\/strong> Dividida en dos zonas: una espec\u00edfica para perros y otra espec\u00edfica para gatos, m\u00e1s recogida para evitar el estr\u00e9s de los felinos.&#8221;<\/p>\t\t\t\t\t\t\t\t<\/div>\n\t\t\t\t<\/div>\n\t\t\t\t\t<\/div>\n\t\t<\/div>\n\t\t\t\t\t<\/div>\n\t\t<\/section>\n\t\t\t\t<section class=\"elementor-section elementor-inner-section elementor-element elementor-element-cbd28ac elementor-section-boxed elementor-section-height-default elementor-section-height-default\" data-id=\"cbd28ac\" data-element_type=\"section\" data-e-type=\"section\">\n\t\t\t\t\t\t<div class=\"elementor-container elementor-column-gap-default\">\n\t\t\t\t\t<div class=\"elementor-column elementor-col-50 elementor-inner-column elementor-element elementor-element-e54cc90\" data-id=\"e54cc90\" data-element_type=\"column\" data-e-type=\"column\">\n\t\t\t<div class=\"elementor-widget-wrap elementor-element-populated\">\n\t\t\t\t\t\t<div class=\"elementor-element elementor-element-e77ffdd elementor-align-center elementor-widget elementor-widget-button\" data-id=\"e77ffdd\" data-element_type=\"widget\" data-e-type=\"widget\" data-widget_type=\"button.default\">\n\t\t\t\t<div class=\"elementor-widget-container\">\n\t\t\t\t\t\t\t\t\t<div class=\"elementor-button-wrapper\">\n\t\t\t\t\t<a class=\"elementor-button elementor-button-link elementor-size-sm\" href=\"https:\/\/www.unavets.com\/amedialua\/es\/nuestro-equipo\/\">\n\t\t\t\t\t\t<span class=\"elementor-button-content-wrapper\">\n\t\t\t\t\t\t\t\t\t<span class=\"elementor-button-text\">Nuestro Equipo<\/span>\n\t\t\t\t\t<\/span>\n\t\t\t\t\t<\/a>\n\t\t\t\t<\/div>\n\t\t\t\t\t\t\t\t<\/div>\n\t\t\t\t<\/div>\n\t\t\t\t\t<\/div>\n\t\t<\/div>\n\t\t\t\t<div class=\"elementor-column elementor-col-50 elementor-inner-column elementor-element elementor-element-dc3e6b5\" data-id=\"dc3e6b5\" data-element_type=\"column\" data-e-type=\"column\">\n\t\t\t<div class=\"elementor-widget-wrap elementor-element-populated\">\n\t\t\t\t\t\t<div class=\"elementor-element elementor-element-ebe1efe elementor-align-center elementor-widget elementor-widget-button\" data-id=\"ebe1efe\" data-element_type=\"widget\" data-e-type=\"widget\" data-widget_type=\"button.default\">\n\t\t\t\t<div class=\"elementor-widget-container\">\n\t\t\t\t\t\t\t\t\t<div class=\"elementor-button-wrapper\">\n\t\t\t\t\t<a class=\"elementor-button elementor-button-link elementor-size-sm\" href=\"https:\/\/www.unavets.com\/amedialua\/es\/servicios\/\">\n\t\t\t\t\t\t<span class=\"elementor-button-content-wrapper\">\n\t\t\t\t\t\t\t\t\t<span class=\"elementor-button-text\">Servicios<\/span>\n\t\t\t\t\t<\/span>\n\t\t\t\t\t<\/a>\n\t\t\t\t<\/div>\n\t\t\t\t\t\t\t\t<\/div>\n\t\t\t\t<\/div>\n\t\t\t\t\t<\/div>\n\t\t<\/div>\n\t\t\t\t\t<\/div>\n\t\t<\/section>\n\t\t\t\t\t<\/div>\n\t\t<\/div>\n\t\t\t\t\t<\/div>\n\t\t<\/section>\n\t\t\t\t<section class=\"elementor-section elementor-top-section elementor-element elementor-element-c64bf4c elementor-section-boxed elementor-section-height-default elementor-section-height-default\" data-id=\"c64bf4c\" data-element_type=\"section\" data-e-type=\"section\">\n\t\t\t\t\t\t<div class=\"elementor-container elementor-column-gap-default\">\n\t\t\t\t\t<div class=\"elementor-column elementor-col-100 elementor-top-column elementor-element elementor-element-46ea748\" data-id=\"46ea748\" data-element_type=\"column\" data-e-type=\"column\">\n\t\t\t<div class=\"elementor-widget-wrap elementor-element-populated\">\n\t\t\t\t\t\t<div class=\"elementor-element elementor-element-ad3e405 elementor-widget elementor-widget-gallery\" data-id=\"ad3e405\" data-element_type=\"widget\" data-e-type=\"widget\" data-settings=\"{&quot;columns&quot;:&quot;3&quot;,&quot;aspect_ratio&quot;:&quot;1:1&quot;,&quot;lazyload&quot;:&quot;yes&quot;,&quot;gallery_layout&quot;:&quot;grid&quot;,&quot;columns_tablet&quot;:2,&quot;columns_mobile&quot;:1,&quot;gap&quot;:{&quot;unit&quot;:&quot;px&quot;,&quot;size&quot;:10,&quot;sizes&quot;:[]},&quot;gap_tablet&quot;:{&quot;unit&quot;:&quot;px&quot;,&quot;size&quot;:10,&quot;sizes&quot;:[]},&quot;gap_mobile&quot;:{&quot;unit&quot;:&quot;px&quot;,&quot;size&quot;:10,&quot;sizes&quot;:[]},&quot;link_to&quot;:&quot;file&quot;,&quot;overlay_background&quot;:&quot;yes&quot;,&quot;content_hover_animation&quot;:&quot;fade-in&quot;}\" data-widget_type=\"gallery.default\">\n\t\t\t\t<div class=\"elementor-widget-container\">\n\t\t\t\t\t\t\t<div class=\"elementor-gallery__container\">\n\t\t\t\t\t\t\t<a class=\"e-gallery-item elementor-gallery-item elementor-animated-content\" href=\"https:\/\/www.unavets.com\/amedialua\/wp-content\/uploads\/sites\/38\/2023\/10\/R5__0695.jpg\" data-elementor-open-lightbox=\"yes\" data-elementor-lightbox-slideshow=\"ad3e405\" data-elementor-lightbox-title=\"R5__0695\" data-e-action-hash=\"#elementor-action%3Aaction%3Dlightbox%26settings%3DeyJpZCI6MTk3MjEsInVybCI6Imh0dHBzOlwvXC93d3cudW5hdmV0cy5jb21cL2FtZWRpYWx1YVwvd3AtY29udGVudFwvdXBsb2Fkc1wvc2l0ZXNcLzM4XC8yMDIzXC8xMFwvUjVfXzA2OTUuanBnIiwic2xpZGVzaG93IjoiYWQzZTQwNSJ9\">\n\t\t\t\t\t<div class=\"e-gallery-image elementor-gallery-item__image\" data-thumbnail=\"https:\/\/www.unavets.com\/amedialua\/wp-content\/uploads\/sites\/38\/2023\/10\/R5__0695.jpg\" data-width=\"724\" data-height=\"483\" aria-label=\"\" role=\"img\" ><\/div>\n\t\t\t\t\t\t\t\t\t\t\t<div class=\"elementor-gallery-item__overlay\"><\/div>\n\t\t\t\t\t\t\t\t\t\t\t\t\t\t<\/a>\n\t\t\t\t\t\t\t<a class=\"e-gallery-item elementor-gallery-item elementor-animated-content\" href=\"https:\/\/www.unavets.com\/amedialua\/wp-content\/uploads\/sites\/38\/2023\/10\/R5__0697.jpg\" data-elementor-open-lightbox=\"yes\" data-elementor-lightbox-slideshow=\"ad3e405\" data-elementor-lightbox-title=\"R5__0697\" data-e-action-hash=\"#elementor-action%3Aaction%3Dlightbox%26settings%3DeyJpZCI6MTk3MjMsInVybCI6Imh0dHBzOlwvXC93d3cudW5hdmV0cy5jb21cL2FtZWRpYWx1YVwvd3AtY29udGVudFwvdXBsb2Fkc1wvc2l0ZXNcLzM4XC8yMDIzXC8xMFwvUjVfXzA2OTcuanBnIiwic2xpZGVzaG93IjoiYWQzZTQwNSJ9\">\n\t\t\t\t\t<div class=\"e-gallery-image elementor-gallery-item__image\" data-thumbnail=\"https:\/\/www.unavets.com\/amedialua\/wp-content\/uploads\/sites\/38\/2023\/10\/R5__0697.jpg\" data-width=\"724\" data-height=\"483\" aria-label=\"\" role=\"img\" ><\/div>\n\t\t\t\t\t\t\t\t\t\t\t<div class=\"elementor-gallery-item__overlay\"><\/div>\n\t\t\t\t\t\t\t\t\t\t\t\t\t\t<\/a>\n\t\t\t\t\t\t\t<a class=\"e-gallery-item elementor-gallery-item elementor-animated-content\" href=\"https:\/\/www.unavets.com\/amedialua\/wp-content\/uploads\/sites\/38\/2023\/10\/R5__0680-copia.jpg\" data-elementor-open-lightbox=\"yes\" data-elementor-lightbox-slideshow=\"ad3e405\" data-elementor-lightbox-title=\"R5__0680 - copia\" data-e-action-hash=\"#elementor-action%3Aaction%3Dlightbox%26settings%3DeyJpZCI6MTk3MTcsInVybCI6Imh0dHBzOlwvXC93d3cudW5hdmV0cy5jb21cL2FtZWRpYWx1YVwvd3AtY29udGVudFwvdXBsb2Fkc1wvc2l0ZXNcLzM4XC8yMDIzXC8xMFwvUjVfXzA2ODAtY29waWEuanBnIiwic2xpZGVzaG93IjoiYWQzZTQwNSJ9\">\n\t\t\t\t\t<div class=\"e-gallery-image elementor-gallery-item__image\" data-thumbnail=\"https:\/\/www.unavets.com\/amedialua\/wp-content\/uploads\/sites\/38\/2023\/10\/R5__0680-copia.jpg\" data-width=\"724\" data-height=\"483\" aria-label=\"\" role=\"img\" ><\/div>\n\t\t\t\t\t\t\t\t\t\t\t<div class=\"elementor-gallery-item__overlay\"><\/div>\n\t\t\t\t\t\t\t\t\t\t\t\t\t\t<\/a>\n\t\t\t\t\t\t\t<a class=\"e-gallery-item elementor-gallery-item elementor-animated-content\" href=\"https:\/\/www.unavets.com\/amedialua\/wp-content\/uploads\/sites\/38\/2023\/10\/hospitalizacion.jpg\" data-elementor-open-lightbox=\"yes\" data-elementor-lightbox-slideshow=\"ad3e405\" data-elementor-lightbox-title=\"hospitalizacion\" data-e-action-hash=\"#elementor-action%3Aaction%3Dlightbox%26settings%3DeyJpZCI6MTk2ODYsInVybCI6Imh0dHBzOlwvXC93d3cudW5hdmV0cy5jb21cL2FtZWRpYWx1YVwvd3AtY29udGVudFwvdXBsb2Fkc1wvc2l0ZXNcLzM4XC8yMDIzXC8xMFwvaG9zcGl0YWxpemFjaW9uLmpwZyIsInNsaWRlc2hvdyI6ImFkM2U0MDUifQ%3D%3D\">\n\t\t\t\t\t<div class=\"e-gallery-image elementor-gallery-item__image\" data-thumbnail=\"https:\/\/www.unavets.com\/amedialua\/wp-content\/uploads\/sites\/38\/2023\/10\/hospitalizacion.jpg\" data-width=\"724\" data-height=\"483\" aria-label=\"\" role=\"img\" ><\/div>\n\t\t\t\t\t\t\t\t\t\t\t<div class=\"elementor-gallery-item__overlay\"><\/div>\n\t\t\t\t\t\t\t\t\t\t\t\t\t\t<\/a>\n\t\t\t\t\t\t\t<a class=\"e-gallery-item elementor-gallery-item elementor-animated-content\" href=\"https:\/\/www.unavets.com\/amedialua\/wp-content\/uploads\/sites\/38\/2023\/10\/R5__0657-copia-1.jpg\" data-elementor-open-lightbox=\"yes\" data-elementor-lightbox-slideshow=\"ad3e405\" data-elementor-lightbox-title=\"R5__0657 - copia\" data-e-action-hash=\"#elementor-action%3Aaction%3Dlightbox%26settings%3DeyJpZCI6MTk2ODgsInVybCI6Imh0dHBzOlwvXC93d3cudW5hdmV0cy5jb21cL2FtZWRpYWx1YVwvd3AtY29udGVudFwvdXBsb2Fkc1wvc2l0ZXNcLzM4XC8yMDIzXC8xMFwvUjVfXzA2NTctY29waWEtMS5qcGciLCJzbGlkZXNob3ciOiJhZDNlNDA1In0%3D\">\n\t\t\t\t\t<div class=\"e-gallery-image elementor-gallery-item__image\" data-thumbnail=\"https:\/\/www.unavets.com\/amedialua\/wp-content\/uploads\/sites\/38\/2023\/10\/R5__0657-copia-1.jpg\" data-width=\"724\" data-height=\"483\" aria-label=\"\" role=\"img\" ><\/div>\n\t\t\t\t\t\t\t\t\t\t\t<div class=\"elementor-gallery-item__overlay\"><\/div>\n\t\t\t\t\t\t\t\t\t\t\t\t\t\t<\/a>\n\t\t\t\t\t\t\t<a class=\"e-gallery-item elementor-gallery-item elementor-animated-content\" href=\"https:\/\/www.unavets.com\/amedialua\/wp-content\/uploads\/sites\/38\/2023\/10\/A-Media-Lua-coruna_cirugia.jpg\" data-elementor-open-lightbox=\"yes\" data-elementor-lightbox-slideshow=\"ad3e405\" data-elementor-lightbox-title=\"A Media Lua coru\u00f1a_cirugia\" data-e-action-hash=\"#elementor-action%3Aaction%3Dlightbox%26settings%3DeyJpZCI6MTk2NjUsInVybCI6Imh0dHBzOlwvXC93d3cudW5hdmV0cy5jb21cL2FtZWRpYWx1YVwvd3AtY29udGVudFwvdXBsb2Fkc1wvc2l0ZXNcLzM4XC8yMDIzXC8xMFwvQS1NZWRpYS1MdWEtY29ydW5hX2NpcnVnaWEuanBnIiwic2xpZGVzaG93IjoiYWQzZTQwNSJ9\">\n\t\t\t\t\t<div class=\"e-gallery-image elementor-gallery-item__image\" data-thumbnail=\"https:\/\/www.unavets.com\/amedialua\/wp-content\/uploads\/sites\/38\/2023\/10\/A-Media-Lua-coruna_cirugia.jpg\" data-width=\"724\" data-height=\"483\" aria-label=\"\" role=\"img\" ><\/div>\n\t\t\t\t\t\t\t\t\t\t\t<div class=\"elementor-gallery-item__overlay\"><\/div>\n\t\t\t\t\t\t\t\t\t\t\t\t\t\t<\/a>\n\t\t\t\t\t\t\t<a class=\"e-gallery-item elementor-gallery-item elementor-animated-content\" href=\"https:\/\/www.unavets.com\/amedialua\/wp-content\/uploads\/sites\/38\/2023\/10\/A-Media-Lua-coruna_-quienes-somos5-3.jpg\" data-elementor-open-lightbox=\"yes\" data-elementor-lightbox-slideshow=\"ad3e405\" data-elementor-lightbox-title=\"A Media Lua coru\u00f1a_ quienes somos5\" data-e-action-hash=\"#elementor-action%3Aaction%3Dlightbox%26settings%3DeyJpZCI6MTk2NTksInVybCI6Imh0dHBzOlwvXC93d3cudW5hdmV0cy5jb21cL2FtZWRpYWx1YVwvd3AtY29udGVudFwvdXBsb2Fkc1wvc2l0ZXNcLzM4XC8yMDIzXC8xMFwvQS1NZWRpYS1MdWEtY29ydW5hXy1xdWllbmVzLXNvbW9zNS0zLmpwZyIsInNsaWRlc2hvdyI6ImFkM2U0MDUifQ%3D%3D\">\n\t\t\t\t\t<div class=\"e-gallery-image elementor-gallery-item__image\" data-thumbnail=\"https:\/\/www.unavets.com\/amedialua\/wp-content\/uploads\/sites\/38\/2023\/10\/A-Media-Lua-coruna_-quienes-somos5-3.jpg\" data-width=\"724\" data-height=\"483\" aria-label=\"\" role=\"img\" ><\/div>\n\t\t\t\t\t\t\t\t\t\t\t<div class=\"elementor-gallery-item__overlay\"><\/div>\n\t\t\t\t\t\t\t\t\t\t\t\t\t\t<\/a>\n\t\t\t\t\t\t\t<a class=\"e-gallery-item elementor-gallery-item elementor-animated-content\" href=\"https:\/\/www.unavets.com\/amedialua\/wp-content\/uploads\/sites\/38\/2023\/10\/AMEDIA4.jpg\" data-elementor-open-lightbox=\"yes\" data-elementor-lightbox-slideshow=\"ad3e405\" data-elementor-lightbox-title=\"AMEDIA~4\" data-e-action-hash=\"#elementor-action%3Aaction%3Dlightbox%26settings%3DeyJpZCI6MTk2NDcsInVybCI6Imh0dHBzOlwvXC93d3cudW5hdmV0cy5jb21cL2FtZWRpYWx1YVwvd3AtY29udGVudFwvdXBsb2Fkc1wvc2l0ZXNcLzM4XC8yMDIzXC8xMFwvQU1FRElBNC5qcGciLCJzbGlkZXNob3ciOiJhZDNlNDA1In0%3D\">\n\t\t\t\t\t<div class=\"e-gallery-image elementor-gallery-item__image\" data-thumbnail=\"https:\/\/www.unavets.com\/amedialua\/wp-content\/uploads\/sites\/38\/2023\/10\/AMEDIA4.jpg\" data-width=\"724\" data-height=\"483\" aria-label=\"\" role=\"img\" ><\/div>\n\t\t\t\t\t\t\t\t\t\t\t<div class=\"elementor-gallery-item__overlay\"><\/div>\n\t\t\t\t\t\t\t\t\t\t\t\t\t\t<\/a>\n\t\t\t\t\t\t\t<a class=\"e-gallery-item elementor-gallery-item elementor-animated-content\" href=\"https:\/\/www.unavets.com\/amedialua\/wp-content\/uploads\/sites\/38\/2023\/10\/AM4C221.jpg\" data-elementor-open-lightbox=\"yes\" data-elementor-lightbox-slideshow=\"ad3e405\" data-elementor-lightbox-title=\"AM4C22~1\" data-e-action-hash=\"#elementor-action%3Aaction%3Dlightbox%26settings%3DeyJpZCI6MTk2NDMsInVybCI6Imh0dHBzOlwvXC93d3cudW5hdmV0cy5jb21cL2FtZWRpYWx1YVwvd3AtY29udGVudFwvdXBsb2Fkc1wvc2l0ZXNcLzM4XC8yMDIzXC8xMFwvQU00QzIyMS5qcGciLCJzbGlkZXNob3ciOiJhZDNlNDA1In0%3D\">\n\t\t\t\t\t<div class=\"e-gallery-image elementor-gallery-item__image\" data-thumbnail=\"https:\/\/www.unavets.com\/amedialua\/wp-content\/uploads\/sites\/38\/2023\/10\/AM4C221.jpg\" data-width=\"724\" data-height=\"483\" aria-label=\"\" role=\"img\" ><\/div>\n\t\t\t\t\t\t\t\t\t\t\t<div class=\"elementor-gallery-item__overlay\"><\/div>\n\t\t\t\t\t\t\t\t\t\t\t\t\t\t<\/a>\n\t\t\t\t\t<\/div>\n\t\t\t\t\t<\/div>\n\t\t\t\t<\/div>\n\t\t\t\t\t<\/div>\n\t\t<\/div>\n\t\t\t\t\t<\/div>\n\t\t<\/section>\n\t\t\t\t<\/div>\n\t\t","protected":false},"excerpt":{"rendered":"<p>La cl\u00ednica veterinaria A Media L\u00faa cuenta con los mejores equipos e instalaciones a vuestra disposici\u00f3n para brindarte el m\u00e1s alto nivel de atenci\u00f3n. \u2022 Salas de consulta: Disponemos de tres salas de consulta: dos espec\u00edficas para perros y una espec\u00edfica para gatos, perfectamente equipadas para atender las incidencias m\u00e1s frecuentes del d\u00eda a d\u00eda.\u2022 &hellip; <\/p>\n","protected":false},"author":1,"featured_media":0,"parent":0,"menu_order":0,"comment_status":"closed","ping_status":"closed","template":"page-fullwidth.php","meta":{"_acf_changed":false,"content-type":"","footnotes":""},"class_list":["post-13558","page","type-page","status-publish","hentry"],"acf":[],"_links":{"self":[{"href":"https:\/\/www.unavets.com\/amedialua\/es\/wp-json\/wp\/v2\/pages\/13558","targetHints":{"allow":["GET"]}}],"collection":[{"href":"https:\/\/www.unavets.com\/amedialua\/es\/wp-json\/wp\/v2\/pages"}],"about":[{"href":"https:\/\/www.unavets.com\/amedialua\/es\/wp-json\/wp\/v2\/types\/page"}],"author":[{"embeddable":true,"href":"https:\/\/www.unavets.com\/amedialua\/es\/wp-json\/wp\/v2\/users\/1"}],"replies":[{"embeddable":true,"href":"https:\/\/www.unavets.com\/amedialua\/es\/wp-json\/wp\/v2\/comments?post=13558"}],"version-history":[{"count":12,"href":"https:\/\/www.unavets.com\/amedialua\/es\/wp-json\/wp\/v2\/pages\/13558\/revisions"}],"predecessor-version":[{"id":20673,"href":"https:\/\/www.unavets.com\/amedialua\/es\/wp-json\/wp\/v2\/pages\/13558\/revisions\/20673"}],"wp:attachment":[{"href":"https:\/\/www.unavets.com\/amedialua\/es\/wp-json\/wp\/v2\/media?parent=13558"}],"curies":[{"name":"wp","href":"https:\/\/api.w.org\/{rel}","templated":true}]}}