{"id":12997,"date":"2021-01-04T08:19:34","date_gmt":"2021-01-04T08:19:34","guid":{"rendered":"http:\/\/www.unavets.com\/amedialua\/?page_id=12997"},"modified":"2023-10-17T12:00:08","modified_gmt":"2023-10-17T12:00:08","slug":"quienes-somos","status":"publish","type":"page","link":"https:\/\/www.unavets.com\/amedialua\/es\/quienes-somos\/","title":{"rendered":"Qui\u00e9nes Somos"},"content":{"rendered":"\t\t<div data-elementor-type=\"wp-page\" data-elementor-id=\"12997\" class=\"elementor elementor-12997 elementor-268\" data-elementor-post-type=\"page\">\n\t\t\t\t\t\t<section class=\"elementor-section elementor-top-section elementor-element elementor-element-54cf215 pad-top-0 elementor-section-boxed elementor-section-height-default elementor-section-height-default\" data-id=\"54cf215\" data-element_type=\"section\" data-e-type=\"section\" id=\"main-sec\" data-settings=\"{&quot;background_background&quot;:&quot;classic&quot;}\">\n\t\t\t\t\t\t<div class=\"elementor-container elementor-column-gap-default\">\n\t\t\t\t\t<div class=\"elementor-column elementor-col-100 elementor-top-column elementor-element elementor-element-d926441\" data-id=\"d926441\" data-element_type=\"column\" data-e-type=\"column\">\n\t\t\t<div class=\"elementor-widget-wrap elementor-element-populated\">\n\t\t\t\t\t\t<div class=\"elementor-element elementor-element-9725bcd elementor-widget elementor-widget-section_titleleft\" data-id=\"9725bcd\" data-element_type=\"widget\" data-e-type=\"widget\" data-widget_type=\"section_titleleft.default\">\n\t\t\t\t<div class=\"elementor-widget-container\">\n\t\t\t\t\t        <div class=\"ab_text-title fl-wrap\">\n            <h3>Cl\u00ednica Veterinaria en O Milladoiro, A Coru\u00f1a<\/h3>A Media L\u00faa: Tu cl\u00ednica veterinaria de confianza que ofrece atenci\u00f3n m\u00e9dica veterinaria los 365 d\u00edas del a\u00f1o<span class=\"section-separator fl-sec-sep\"><\/span>        <\/div>\n        \t\t\t\t<\/div>\n\t\t\t\t<\/div>\n\t\t\t\t<section class=\"elementor-section elementor-inner-section elementor-element elementor-element-35814f4 elementor-section-full_width elementor-section-height-default elementor-section-height-default\" data-id=\"35814f4\" data-element_type=\"section\" data-e-type=\"section\">\n\t\t\t\t\t\t<div class=\"elementor-container elementor-column-gap-wide\">\n\t\t\t\t\t<div class=\"elementor-column elementor-col-50 elementor-inner-column elementor-element elementor-element-7fa3f34\" data-id=\"7fa3f34\" data-element_type=\"column\" data-e-type=\"column\">\n\t\t\t<div class=\"elementor-widget-wrap elementor-element-populated\">\n\t\t\t\t\t\t<div class=\"elementor-element elementor-element-9e79898 elementor-widget elementor-widget-image\" data-id=\"9e79898\" data-element_type=\"widget\" data-e-type=\"widget\" data-widget_type=\"image.default\">\n\t\t\t\t<div class=\"elementor-widget-container\">\n\t\t\t\t\t\t\t\t\t\t\t\t\t\t\t<img fetchpriority=\"high\" width=\"786\" height=\"524\" class=\"attachment-townhub-single-image size-townhub-single-image wp-image-19526 lazy\" alt=\"\" data-src=\"https:\/\/www.unavets.com\/amedialua\/wp-content\/uploads\/sites\/38\/2023\/10\/A-MEDIA-LUA-QUIENES-SOMOS-786x524.jpg\" data-lazy=\"https:\/\/www.unavets.com\/amedialua\/wp-content\/uploads\/sites\/38\/2023\/10\/A-MEDIA-LUA-QUIENES-SOMOS-786x524.jpg\" \/>\t\t\t\t\t\t\t\t\t\t\t\t\t\t\t<\/div>\n\t\t\t\t<\/div>\n\t\t\t\t\t<\/div>\n\t\t<\/div>\n\t\t\t\t<div class=\"elementor-column elementor-col-50 elementor-inner-column elementor-element elementor-element-202374d\" data-id=\"202374d\" data-element_type=\"column\" data-e-type=\"column\">\n\t\t\t<div class=\"elementor-widget-wrap elementor-element-populated\">\n\t\t\t\t\t\t<div class=\"elementor-element elementor-element-3b393ce about-wrap elementor-widget elementor-widget-text-editor\" data-id=\"3b393ce\" data-element_type=\"widget\" data-e-type=\"widget\" data-widget_type=\"text-editor.default\">\n\t\t\t\t<div class=\"elementor-widget-container\">\n\t\t\t\t\t\t\t\t\t<p>Cl\u00ednica Veterinaria A Media L\u00faa abri\u00f3 sus puertas en septiembre de 2007 de la mano de Vicky y Mar\u00eda, buscando dar a nuestros pacientes y sus familias una atenci\u00f3n m\u00e9dica de calidad, sin olvidar la empat\u00eda y un trato cercano para ellos.<\/p><p>Durante todos estos a\u00f1os nuestro centro ha ido evolucionando, de una peque\u00f1a cl\u00ednica de barrio hasta convertirse en un hospital 24 horas. Actualmente nuestro equipo est\u00e1 formado por 10 veterinarios y 6 auxiliares.<\/p><p>Damos servicio a nuestros pacientes las 24 horas del d\u00eda, puesto que comprendemos la importancia de tener un equipo de confianza que te atienda d\u00eda a d\u00eda, pero tambi\u00e9n cuando las cosas se complican, sea la hora que sea.<\/p><p>En nuestro centro encontrar\u00e1s una atenci\u00f3n cercana, profesional y de confianza las 24 horas del d\u00eda, 365 d\u00edas a la semana.<\/p>\t\t\t\t\t\t\t\t<\/div>\n\t\t\t\t<\/div>\n\t\t\t\t\t<\/div>\n\t\t<\/div>\n\t\t\t\t\t<\/div>\n\t\t<\/section>\n\t\t\t\t<section class=\"elementor-section elementor-inner-section elementor-element elementor-element-31d68ae elementor-section-boxed elementor-section-height-default elementor-section-height-default\" data-id=\"31d68ae\" data-element_type=\"section\" data-e-type=\"section\">\n\t\t\t\t\t\t<div class=\"elementor-container elementor-column-gap-default\">\n\t\t\t\t\t<div class=\"elementor-column elementor-col-50 elementor-inner-column elementor-element elementor-element-8ddd41b\" data-id=\"8ddd41b\" data-element_type=\"column\" data-e-type=\"column\">\n\t\t\t<div class=\"elementor-widget-wrap elementor-element-populated\">\n\t\t\t\t\t\t<div class=\"elementor-element elementor-element-c87b63e elementor-align-center elementor-widget elementor-widget-button\" data-id=\"c87b63e\" data-element_type=\"widget\" data-e-type=\"widget\" data-widget_type=\"button.default\">\n\t\t\t\t<div class=\"elementor-widget-container\">\n\t\t\t\t\t\t\t\t\t<div class=\"elementor-button-wrapper\">\n\t\t\t\t\t<a class=\"elementor-button elementor-button-link elementor-size-sm\" href=\"\/amedialua\/es\/instalaciones\/\">\n\t\t\t\t\t\t<span class=\"elementor-button-content-wrapper\">\n\t\t\t\t\t\t\t\t\t<span class=\"elementor-button-text\">Instalaciones<\/span>\n\t\t\t\t\t<\/span>\n\t\t\t\t\t<\/a>\n\t\t\t\t<\/div>\n\t\t\t\t\t\t\t\t<\/div>\n\t\t\t\t<\/div>\n\t\t\t\t\t<\/div>\n\t\t<\/div>\n\t\t\t\t<div class=\"elementor-column elementor-col-50 elementor-inner-column elementor-element elementor-element-d044a7e\" data-id=\"d044a7e\" data-element_type=\"column\" data-e-type=\"column\">\n\t\t\t<div class=\"elementor-widget-wrap elementor-element-populated\">\n\t\t\t\t\t\t<div class=\"elementor-element elementor-element-75ee515 elementor-align-center elementor-widget elementor-widget-button\" data-id=\"75ee515\" data-element_type=\"widget\" data-e-type=\"widget\" data-widget_type=\"button.default\">\n\t\t\t\t<div class=\"elementor-widget-container\">\n\t\t\t\t\t\t\t\t\t<div class=\"elementor-button-wrapper\">\n\t\t\t\t\t<a class=\"elementor-button elementor-button-link elementor-size-sm\" href=\"\/amedialua\/es\/nuestro-equipo\/\">\n\t\t\t\t\t\t<span class=\"elementor-button-content-wrapper\">\n\t\t\t\t\t\t\t\t\t<span class=\"elementor-button-text\">Equipo<\/span>\n\t\t\t\t\t<\/span>\n\t\t\t\t\t<\/a>\n\t\t\t\t<\/div>\n\t\t\t\t\t\t\t\t<\/div>\n\t\t\t\t<\/div>\n\t\t\t\t\t<\/div>\n\t\t<\/div>\n\t\t\t\t\t<\/div>\n\t\t<\/section>\n\t\t\t\t\t<\/div>\n\t\t<\/div>\n\t\t\t\t\t<\/div>\n\t\t<\/section>\n\t\t\t\t<section class=\"elementor-section elementor-top-section elementor-element elementor-element-38295de elementor-section-boxed elementor-section-height-default elementor-section-height-default\" data-id=\"38295de\" data-element_type=\"section\" data-e-type=\"section\">\n\t\t\t\t\t\t<div class=\"elementor-container elementor-column-gap-default\">\n\t\t\t\t\t<div class=\"elementor-column elementor-col-100 elementor-top-column elementor-element elementor-element-c3d38f1\" data-id=\"c3d38f1\" data-element_type=\"column\" data-e-type=\"column\">\n\t\t\t<div class=\"elementor-widget-wrap elementor-element-populated\">\n\t\t\t\t\t\t<div class=\"elementor-element elementor-element-233379b elementor-widget elementor-widget-gallery\" data-id=\"233379b\" data-element_type=\"widget\" data-e-type=\"widget\" data-settings=\"{&quot;columns&quot;:&quot;3&quot;,&quot;aspect_ratio&quot;:&quot;1:1&quot;,&quot;lazyload&quot;:&quot;yes&quot;,&quot;gallery_layout&quot;:&quot;grid&quot;,&quot;columns_tablet&quot;:2,&quot;columns_mobile&quot;:1,&quot;gap&quot;:{&quot;unit&quot;:&quot;px&quot;,&quot;size&quot;:10,&quot;sizes&quot;:[]},&quot;gap_tablet&quot;:{&quot;unit&quot;:&quot;px&quot;,&quot;size&quot;:10,&quot;sizes&quot;:[]},&quot;gap_mobile&quot;:{&quot;unit&quot;:&quot;px&quot;,&quot;size&quot;:10,&quot;sizes&quot;:[]},&quot;link_to&quot;:&quot;file&quot;,&quot;overlay_background&quot;:&quot;yes&quot;,&quot;content_hover_animation&quot;:&quot;fade-in&quot;}\" data-widget_type=\"gallery.default\">\n\t\t\t\t<div class=\"elementor-widget-container\">\n\t\t\t\t\t\t\t<div class=\"elementor-gallery__container\">\n\t\t\t\t\t\t\t<a class=\"e-gallery-item elementor-gallery-item elementor-animated-content\" href=\"https:\/\/www.unavets.com\/amedialua\/wp-content\/uploads\/sites\/38\/2023\/10\/A-Media-Lua-coruna_-quienes-somos.jpg\" data-elementor-open-lightbox=\"yes\" data-elementor-lightbox-slideshow=\"233379b\" data-elementor-lightbox-title=\"A Media Lua coru\u00f1a_ quienes somos\" data-e-action-hash=\"#elementor-action%3Aaction%3Dlightbox%26settings%3DeyJpZCI6MTk1MzEsInVybCI6Imh0dHBzOlwvXC93d3cudW5hdmV0cy5jb21cL2FtZWRpYWx1YVwvd3AtY29udGVudFwvdXBsb2Fkc1wvc2l0ZXNcLzM4XC8yMDIzXC8xMFwvQS1NZWRpYS1MdWEtY29ydW5hXy1xdWllbmVzLXNvbW9zLmpwZyIsInNsaWRlc2hvdyI6IjIzMzM3OWIifQ%3D%3D\">\n\t\t\t\t\t<div class=\"e-gallery-image elementor-gallery-item__image\" data-thumbnail=\"https:\/\/www.unavets.com\/amedialua\/wp-content\/uploads\/sites\/38\/2023\/10\/A-Media-Lua-coruna_-quienes-somos.jpg\" data-width=\"724\" data-height=\"483\" aria-label=\"\" role=\"img\" ><\/div>\n\t\t\t\t\t\t\t\t\t\t\t<div class=\"elementor-gallery-item__overlay\"><\/div>\n\t\t\t\t\t\t\t\t\t\t\t\t\t\t<\/a>\n\t\t\t\t\t\t\t<a class=\"e-gallery-item elementor-gallery-item elementor-animated-content\" href=\"https:\/\/www.unavets.com\/amedialua\/wp-content\/uploads\/sites\/38\/2023\/10\/A-Media-Lua-coruna_-quienes-somos7.jpg\" data-elementor-open-lightbox=\"yes\" data-elementor-lightbox-slideshow=\"233379b\" data-elementor-lightbox-title=\"A Media Lua coru\u00f1a_ quienes somos7\" data-e-action-hash=\"#elementor-action%3Aaction%3Dlightbox%26settings%3DeyJpZCI6MTk1NDYsInVybCI6Imh0dHBzOlwvXC93d3cudW5hdmV0cy5jb21cL2FtZWRpYWx1YVwvd3AtY29udGVudFwvdXBsb2Fkc1wvc2l0ZXNcLzM4XC8yMDIzXC8xMFwvQS1NZWRpYS1MdWEtY29ydW5hXy1xdWllbmVzLXNvbW9zNy5qcGciLCJzbGlkZXNob3ciOiIyMzMzNzliIn0%3D\">\n\t\t\t\t\t<div class=\"e-gallery-image elementor-gallery-item__image\" data-thumbnail=\"https:\/\/www.unavets.com\/amedialua\/wp-content\/uploads\/sites\/38\/2023\/10\/A-Media-Lua-coruna_-quienes-somos7.jpg\" data-width=\"724\" data-height=\"483\" aria-label=\"\" role=\"img\" ><\/div>\n\t\t\t\t\t\t\t\t\t\t\t<div class=\"elementor-gallery-item__overlay\"><\/div>\n\t\t\t\t\t\t\t\t\t\t\t\t\t\t<\/a>\n\t\t\t\t\t\t\t<a class=\"e-gallery-item elementor-gallery-item elementor-animated-content\" href=\"https:\/\/www.unavets.com\/amedialua\/wp-content\/uploads\/sites\/38\/2023\/10\/A-Media-Lua-coruna_-quienes-somos4.jpg\" data-elementor-open-lightbox=\"yes\" data-elementor-lightbox-slideshow=\"233379b\" data-elementor-lightbox-title=\"A Media Lua coru\u00f1a_ quienes somos4\" data-e-action-hash=\"#elementor-action%3Aaction%3Dlightbox%26settings%3DeyJpZCI6MTk1MzMsInVybCI6Imh0dHBzOlwvXC93d3cudW5hdmV0cy5jb21cL2FtZWRpYWx1YVwvd3AtY29udGVudFwvdXBsb2Fkc1wvc2l0ZXNcLzM4XC8yMDIzXC8xMFwvQS1NZWRpYS1MdWEtY29ydW5hXy1xdWllbmVzLXNvbW9zNC5qcGciLCJzbGlkZXNob3ciOiIyMzMzNzliIn0%3D\">\n\t\t\t\t\t<div class=\"e-gallery-image elementor-gallery-item__image\" data-thumbnail=\"https:\/\/www.unavets.com\/amedialua\/wp-content\/uploads\/sites\/38\/2023\/10\/A-Media-Lua-coruna_-quienes-somos4.jpg\" data-width=\"724\" data-height=\"483\" aria-label=\"\" role=\"img\" ><\/div>\n\t\t\t\t\t\t\t\t\t\t\t<div class=\"elementor-gallery-item__overlay\"><\/div>\n\t\t\t\t\t\t\t\t\t\t\t\t\t\t<\/a>\n\t\t\t\t\t\t\t<a class=\"e-gallery-item elementor-gallery-item elementor-animated-content\" href=\"https:\/\/www.unavets.com\/amedialua\/wp-content\/uploads\/sites\/38\/2023\/10\/A-Media-Lua-coruna_-quienes-somos5.jpg\" data-elementor-open-lightbox=\"yes\" data-elementor-lightbox-slideshow=\"233379b\" data-elementor-lightbox-title=\"A Media Lua coru\u00f1a_ quienes somos5\" data-e-action-hash=\"#elementor-action%3Aaction%3Dlightbox%26settings%3DeyJpZCI6MTk1MzUsInVybCI6Imh0dHBzOlwvXC93d3cudW5hdmV0cy5jb21cL2FtZWRpYWx1YVwvd3AtY29udGVudFwvdXBsb2Fkc1wvc2l0ZXNcLzM4XC8yMDIzXC8xMFwvQS1NZWRpYS1MdWEtY29ydW5hXy1xdWllbmVzLXNvbW9zNS5qcGciLCJzbGlkZXNob3ciOiIyMzMzNzliIn0%3D\">\n\t\t\t\t\t<div class=\"e-gallery-image elementor-gallery-item__image\" data-thumbnail=\"https:\/\/www.unavets.com\/amedialua\/wp-content\/uploads\/sites\/38\/2023\/10\/A-Media-Lua-coruna_-quienes-somos5.jpg\" data-width=\"724\" data-height=\"483\" aria-label=\"\" role=\"img\" ><\/div>\n\t\t\t\t\t\t\t\t\t\t\t<div class=\"elementor-gallery-item__overlay\"><\/div>\n\t\t\t\t\t\t\t\t\t\t\t\t\t\t<\/a>\n\t\t\t\t\t\t\t<a class=\"e-gallery-item elementor-gallery-item elementor-animated-content\" href=\"https:\/\/www.unavets.com\/amedialua\/wp-content\/uploads\/sites\/38\/2023\/10\/A-Media-Lua-coruna_-quienes-somos6.jpg\" data-elementor-open-lightbox=\"yes\" data-elementor-lightbox-slideshow=\"233379b\" data-elementor-lightbox-title=\"A Media Lua coru\u00f1a_ quienes somos6\" data-e-action-hash=\"#elementor-action%3Aaction%3Dlightbox%26settings%3DeyJpZCI6MTk1MzcsInVybCI6Imh0dHBzOlwvXC93d3cudW5hdmV0cy5jb21cL2FtZWRpYWx1YVwvd3AtY29udGVudFwvdXBsb2Fkc1wvc2l0ZXNcLzM4XC8yMDIzXC8xMFwvQS1NZWRpYS1MdWEtY29ydW5hXy1xdWllbmVzLXNvbW9zNi5qcGciLCJzbGlkZXNob3ciOiIyMzMzNzliIn0%3D\">\n\t\t\t\t\t<div class=\"e-gallery-image elementor-gallery-item__image\" data-thumbnail=\"https:\/\/www.unavets.com\/amedialua\/wp-content\/uploads\/sites\/38\/2023\/10\/A-Media-Lua-coruna_-quienes-somos6.jpg\" data-width=\"724\" data-height=\"483\" aria-label=\"\" role=\"img\" ><\/div>\n\t\t\t\t\t\t\t\t\t\t\t<div class=\"elementor-gallery-item__overlay\"><\/div>\n\t\t\t\t\t\t\t\t\t\t\t\t\t\t<\/a>\n\t\t\t\t\t\t\t<a class=\"e-gallery-item elementor-gallery-item elementor-animated-content\" href=\"https:\/\/www.unavets.com\/amedialua\/wp-content\/uploads\/sites\/38\/2023\/10\/hero-page-a-media-lua-a-coruna-veterinarios-1-1.jpg\" data-elementor-open-lightbox=\"yes\" data-elementor-lightbox-slideshow=\"233379b\" data-elementor-lightbox-title=\"hero page a media lua a coru\u00f1a veterinarios\" data-e-action-hash=\"#elementor-action%3Aaction%3Dlightbox%26settings%3DeyJpZCI6MTk1NDEsInVybCI6Imh0dHBzOlwvXC93d3cudW5hdmV0cy5jb21cL2FtZWRpYWx1YVwvd3AtY29udGVudFwvdXBsb2Fkc1wvc2l0ZXNcLzM4XC8yMDIzXC8xMFwvaGVyby1wYWdlLWEtbWVkaWEtbHVhLWEtY29ydW5hLXZldGVyaW5hcmlvcy0xLTEuanBnIiwic2xpZGVzaG93IjoiMjMzMzc5YiJ9\">\n\t\t\t\t\t<div class=\"e-gallery-image elementor-gallery-item__image\" data-thumbnail=\"https:\/\/www.unavets.com\/amedialua\/wp-content\/uploads\/sites\/38\/2023\/10\/hero-page-a-media-lua-a-coruna-veterinarios-1-1.jpg\" data-width=\"724\" data-height=\"483\" aria-label=\"\" role=\"img\" ><\/div>\n\t\t\t\t\t\t\t\t\t\t\t<div class=\"elementor-gallery-item__overlay\"><\/div>\n\t\t\t\t\t\t\t\t\t\t\t\t\t\t<\/a>\n\t\t\t\t\t<\/div>\n\t\t\t\t\t<\/div>\n\t\t\t\t<\/div>\n\t\t\t\t\t<\/div>\n\t\t<\/div>\n\t\t\t\t\t<\/div>\n\t\t<\/section>\n\t\t\t\t<\/div>\n\t\t","protected":false},"excerpt":{"rendered":"<p>Cl\u00ednica Veterinaria en O Milladoiro, A Coru\u00f1a A Media L\u00faa: Tu cl\u00ednica veterinaria de confianza que ofrece atenci\u00f3n m\u00e9dica veterinaria los 365 d\u00edas del a\u00f1o Cl\u00ednica Veterinaria A Media L\u00faa abri\u00f3 sus puertas en septiembre de 2007 de la mano de Vicky y Mar\u00eda, buscando dar a nuestros pacientes y sus familias una atenci\u00f3n m\u00e9dica &hellip; <\/p>\n","protected":false},"author":1,"featured_media":0,"parent":0,"menu_order":0,"comment_status":"closed","ping_status":"closed","template":"page-fullwidth.php","meta":{"_acf_changed":false,"content-type":"","footnotes":""},"class_list":["post-12997","page","type-page","status-publish","hentry"],"acf":[],"_links":{"self":[{"href":"https:\/\/www.unavets.com\/amedialua\/es\/wp-json\/wp\/v2\/pages\/12997","targetHints":{"allow":["GET"]}}],"collection":[{"href":"https:\/\/www.unavets.com\/amedialua\/es\/wp-json\/wp\/v2\/pages"}],"about":[{"href":"https:\/\/www.unavets.com\/amedialua\/es\/wp-json\/wp\/v2\/types\/page"}],"author":[{"embeddable":true,"href":"https:\/\/www.unavets.com\/amedialua\/es\/wp-json\/wp\/v2\/users\/1"}],"replies":[{"embeddable":true,"href":"https:\/\/www.unavets.com\/amedialua\/es\/wp-json\/wp\/v2\/comments?post=12997"}],"version-history":[{"count":16,"href":"https:\/\/www.unavets.com\/amedialua\/es\/wp-json\/wp\/v2\/pages\/12997\/revisions"}],"predecessor-version":[{"id":19611,"href":"https:\/\/www.unavets.com\/amedialua\/es\/wp-json\/wp\/v2\/pages\/12997\/revisions\/19611"}],"wp:attachment":[{"href":"https:\/\/www.unavets.com\/amedialua\/es\/wp-json\/wp\/v2\/media?parent=12997"}],"curies":[{"name":"wp","href":"https:\/\/api.w.org\/{rel}","templated":true}]}}