{"id":13558,"date":"2020-10-03T08:10:58","date_gmt":"2020-10-03T08:10:58","guid":{"rendered":"http:\/\/www.unavets.com\/alella\/our-facilities\/"},"modified":"2025-07-08T08:07:09","modified_gmt":"2025-07-08T08:07:09","slug":"instalaciones","status":"publish","type":"page","link":"https:\/\/www.unavets.com\/alella\/es\/instalaciones\/","title":{"rendered":"Instalaciones"},"content":{"rendered":"\t\t<div data-elementor-type=\"wp-page\" data-elementor-id=\"13558\" class=\"elementor elementor-13558 elementor-281\" data-elementor-post-type=\"page\">\n\t\t\t\t\t\t<section class=\"elementor-section elementor-top-section elementor-element elementor-element-54cf215 pad-top-0 elementor-section-boxed elementor-section-height-default elementor-section-height-default\" data-id=\"54cf215\" data-element_type=\"section\" data-e-type=\"section\" id=\"main-sec\" data-settings=\"{&quot;background_background&quot;:&quot;classic&quot;}\">\n\t\t\t\t\t\t<div class=\"elementor-container elementor-column-gap-wide\">\n\t\t\t\t\t<div class=\"elementor-column elementor-col-100 elementor-top-column elementor-element elementor-element-d926441\" data-id=\"d926441\" data-element_type=\"column\" data-e-type=\"column\">\n\t\t\t<div class=\"elementor-widget-wrap elementor-element-populated\">\n\t\t\t\t\t\t<div class=\"elementor-element elementor-element-ac5c964 elementor-widget elementor-widget-text-editor\" data-id=\"ac5c964\" data-element_type=\"widget\" data-e-type=\"widget\" data-widget_type=\"text-editor.default\">\n\t\t\t\t<div class=\"elementor-widget-container\">\n\t\t\t\t\t\t\t\t\tEl Centro Veterinario Alella cuenta con los mejores equipos e instalaciones a nuestra disposici\u00f3n para brindarte el m\u00e1s alto nivel de atenci\u00f3n.\t\t\t\t\t\t\t\t<\/div>\n\t\t\t\t<\/div>\n\t\t\t\t<section class=\"elementor-section elementor-inner-section elementor-element elementor-element-98275a1 elementor-section-boxed elementor-section-height-default elementor-section-height-default\" data-id=\"98275a1\" data-element_type=\"section\" data-e-type=\"section\">\n\t\t\t\t\t\t<div class=\"elementor-container elementor-column-gap-default\">\n\t\t\t\t\t<div class=\"elementor-column elementor-col-50 elementor-inner-column elementor-element elementor-element-07b222c\" data-id=\"07b222c\" data-element_type=\"column\" data-e-type=\"column\">\n\t\t\t<div class=\"elementor-widget-wrap elementor-element-populated\">\n\t\t\t\t\t\t<div class=\"elementor-element elementor-element-44b52f4 elementor-widget elementor-widget-image\" data-id=\"44b52f4\" data-element_type=\"widget\" data-e-type=\"widget\" data-widget_type=\"image.default\">\n\t\t\t\t<div class=\"elementor-widget-container\">\n\t\t\t\t\t\t\t\t\t\t\t\t\t\t\t<img fetchpriority=\"high\" width=\"786\" height=\"524\" class=\"attachment-townhub-featured-image size-townhub-featured-image wp-image-17911 lazy\" alt=\"\" data-src=\"https:\/\/www.unavets.com\/alella\/wp-content\/uploads\/sites\/8\/2023\/03\/Cover-instalaciones-786x524.jpg\" data-lazy=\"https:\/\/www.unavets.com\/alella\/wp-content\/uploads\/sites\/8\/2023\/03\/Cover-instalaciones-786x524.jpg\" \/>\t\t\t\t\t\t\t\t\t\t\t\t\t\t\t<\/div>\n\t\t\t\t<\/div>\n\t\t\t\t\t<\/div>\n\t\t<\/div>\n\t\t\t\t<div class=\"elementor-column elementor-col-50 elementor-inner-column elementor-element elementor-element-e32254f\" data-id=\"e32254f\" data-element_type=\"column\" data-e-type=\"column\">\n\t\t\t<div class=\"elementor-widget-wrap elementor-element-populated\">\n\t\t\t\t\t\t<div class=\"elementor-element elementor-element-6494dd8 elementor-widget elementor-widget-text-editor\" data-id=\"6494dd8\" data-element_type=\"widget\" data-e-type=\"widget\" data-widget_type=\"text-editor.default\">\n\t\t\t\t<div class=\"elementor-widget-container\">\n\t\t\t\t\t\t\t\t\t<p>Disponemos de tecnolog\u00eda avanzada para la ayuda al diagn\u00f3stico, como:<\/p><ul><li>Laboratorio propio con ejecuci\u00f3n de anal\u00edticas inmediatas<\/li><li>Radiolog\u00eda digital directa<\/li><li>Ecograf\u00eda<\/li><li>Microscopio con monitor de TV<\/li><li>Quir\u00f3fano dotado de monitorizaci\u00f3n anest\u00e9sica, autoclave e instrumental de traumatolog\u00eda<\/li><li>Jaulas climatizadas de ingreso post quir\u00fargico<\/li><\/ul><p>Adem\u00e1s, en el Centro Veterinario Alella ofrecemos:<\/p><ul><li>Hospitalizaci\u00f3n de d\u00eda<\/li><li>Cuarentena para recuperaci\u00f3n de gatos callejeros.<\/li><\/ul>\t\t\t\t\t\t\t\t<\/div>\n\t\t\t\t<\/div>\n\t\t\t\t\t<\/div>\n\t\t<\/div>\n\t\t\t\t\t<\/div>\n\t\t<\/section>\n\t\t\t\t<section class=\"elementor-section elementor-inner-section elementor-element elementor-element-cbd28ac elementor-section-boxed elementor-section-height-default elementor-section-height-default\" data-id=\"cbd28ac\" data-element_type=\"section\" data-e-type=\"section\">\n\t\t\t\t\t\t<div class=\"elementor-container elementor-column-gap-default\">\n\t\t\t\t\t<div class=\"elementor-column elementor-col-50 elementor-inner-column elementor-element elementor-element-e54cc90\" data-id=\"e54cc90\" data-element_type=\"column\" data-e-type=\"column\">\n\t\t\t<div class=\"elementor-widget-wrap elementor-element-populated\">\n\t\t\t\t\t\t<div class=\"elementor-element elementor-element-5db3b67 elementor-align-center elementor-widget elementor-widget-button\" data-id=\"5db3b67\" data-element_type=\"widget\" data-e-type=\"widget\" data-widget_type=\"button.default\">\n\t\t\t\t<div class=\"elementor-widget-container\">\n\t\t\t\t\t\t\t\t\t<div class=\"elementor-button-wrapper\">\n\t\t\t\t\t<a class=\"elementor-button elementor-button-link elementor-size-sm\" href=\"http:\/\/www.unavets.com\/alella\/es\/nuestro-equipo\/\">\n\t\t\t\t\t\t<span class=\"elementor-button-content-wrapper\">\n\t\t\t\t\t\t\t\t\t<span class=\"elementor-button-text\">Nuestro Equipo<\/span>\n\t\t\t\t\t<\/span>\n\t\t\t\t\t<\/a>\n\t\t\t\t<\/div>\n\t\t\t\t\t\t\t\t<\/div>\n\t\t\t\t<\/div>\n\t\t\t\t\t<\/div>\n\t\t<\/div>\n\t\t\t\t<div class=\"elementor-column elementor-col-50 elementor-inner-column elementor-element elementor-element-dc3e6b5\" data-id=\"dc3e6b5\" data-element_type=\"column\" data-e-type=\"column\">\n\t\t\t<div class=\"elementor-widget-wrap elementor-element-populated\">\n\t\t\t\t\t\t<div class=\"elementor-element elementor-element-ebe1efe elementor-align-center elementor-widget elementor-widget-button\" data-id=\"ebe1efe\" data-element_type=\"widget\" data-e-type=\"widget\" data-widget_type=\"button.default\">\n\t\t\t\t<div class=\"elementor-widget-container\">\n\t\t\t\t\t\t\t\t\t<div class=\"elementor-button-wrapper\">\n\t\t\t\t\t<a class=\"elementor-button elementor-button-link elementor-size-sm\" href=\"http:\/\/www.unavets.com\/alella\/es\/servicios\/\">\n\t\t\t\t\t\t<span class=\"elementor-button-content-wrapper\">\n\t\t\t\t\t\t\t\t\t<span class=\"elementor-button-text\">Servicios<\/span>\n\t\t\t\t\t<\/span>\n\t\t\t\t\t<\/a>\n\t\t\t\t<\/div>\n\t\t\t\t\t\t\t\t<\/div>\n\t\t\t\t<\/div>\n\t\t\t\t\t<\/div>\n\t\t<\/div>\n\t\t\t\t\t<\/div>\n\t\t<\/section>\n\t\t\t\t\t<\/div>\n\t\t<\/div>\n\t\t\t\t\t<\/div>\n\t\t<\/section>\n\t\t\t\t<section class=\"elementor-section elementor-top-section elementor-element elementor-element-c64bf4c elementor-section-boxed elementor-section-height-default elementor-section-height-default\" data-id=\"c64bf4c\" data-element_type=\"section\" data-e-type=\"section\">\n\t\t\t\t\t\t<div class=\"elementor-container elementor-column-gap-default\">\n\t\t\t\t\t<div class=\"elementor-column elementor-col-100 elementor-top-column elementor-element elementor-element-46ea748\" data-id=\"46ea748\" data-element_type=\"column\" data-e-type=\"column\">\n\t\t\t<div class=\"elementor-widget-wrap elementor-element-populated\">\n\t\t\t\t\t\t<div class=\"elementor-element elementor-element-5d8ed52 elementor-widget elementor-widget-gallery\" data-id=\"5d8ed52\" data-element_type=\"widget\" data-e-type=\"widget\" data-settings=\"{&quot;columns&quot;:&quot;3&quot;,&quot;aspect_ratio&quot;:&quot;1:1&quot;,&quot;lazyload&quot;:&quot;yes&quot;,&quot;gallery_layout&quot;:&quot;grid&quot;,&quot;columns_tablet&quot;:2,&quot;columns_mobile&quot;:1,&quot;gap&quot;:{&quot;unit&quot;:&quot;px&quot;,&quot;size&quot;:10,&quot;sizes&quot;:[]},&quot;gap_tablet&quot;:{&quot;unit&quot;:&quot;px&quot;,&quot;size&quot;:10,&quot;sizes&quot;:[]},&quot;gap_mobile&quot;:{&quot;unit&quot;:&quot;px&quot;,&quot;size&quot;:10,&quot;sizes&quot;:[]},&quot;link_to&quot;:&quot;file&quot;,&quot;overlay_background&quot;:&quot;yes&quot;,&quot;content_hover_animation&quot;:&quot;fade-in&quot;}\" data-widget_type=\"gallery.default\">\n\t\t\t\t<div class=\"elementor-widget-container\">\n\t\t\t\t\t\t\t<div class=\"elementor-gallery__container\">\n\t\t\t\t\t\t\t<a class=\"e-gallery-item elementor-gallery-item elementor-animated-content\" href=\"https:\/\/www.unavets.com\/alella\/wp-content\/uploads\/sites\/8\/2023\/03\/7-e1751961980318.jpg\" data-elementor-open-lightbox=\"yes\" data-elementor-lightbox-slideshow=\"5d8ed52\" data-elementor-lightbox-title=\"7\" data-e-action-hash=\"#elementor-action%3Aaction%3Dlightbox%26settings%3DeyJpZCI6MTc5MTQsInVybCI6Imh0dHBzOlwvXC93d3cudW5hdmV0cy5jb21cL2FsZWxsYVwvd3AtY29udGVudFwvdXBsb2Fkc1wvc2l0ZXNcLzhcLzIwMjNcLzAzXC83LWUxNzUxOTYxOTgwMzE4LmpwZyIsInNsaWRlc2hvdyI6IjVkOGVkNTIifQ%3D%3D\">\n\t\t\t\t\t<div class=\"e-gallery-image elementor-gallery-item__image\" data-thumbnail=\"https:\/\/www.unavets.com\/alella\/wp-content\/uploads\/sites\/8\/2023\/03\/7-e1751961980318.jpg\" data-width=\"497\" data-height=\"529\" aria-label=\"\" role=\"img\" ><\/div>\n\t\t\t\t\t\t\t\t\t\t\t<div class=\"elementor-gallery-item__overlay\"><\/div>\n\t\t\t\t\t\t\t\t\t\t\t\t\t\t<\/a>\n\t\t\t\t\t\t\t<a class=\"e-gallery-item elementor-gallery-item elementor-animated-content\" href=\"https:\/\/www.unavets.com\/alella\/wp-content\/uploads\/sites\/8\/2021\/07\/Facilities_7-e1641812586864.jpg\" data-elementor-open-lightbox=\"yes\" data-elementor-lightbox-slideshow=\"5d8ed52\" data-elementor-lightbox-title=\"Consulta de gatos\" data-e-action-hash=\"#elementor-action%3Aaction%3Dlightbox%26settings%3DeyJpZCI6MTY3ODYsInVybCI6Imh0dHBzOlwvXC93d3cudW5hdmV0cy5jb21cL2FsZWxsYVwvd3AtY29udGVudFwvdXBsb2Fkc1wvc2l0ZXNcLzhcLzIwMjFcLzA3XC9GYWNpbGl0aWVzXzctZTE2NDE4MTI1ODY4NjQuanBnIiwic2xpZGVzaG93IjoiNWQ4ZWQ1MiJ9\">\n\t\t\t\t\t<div class=\"e-gallery-image elementor-gallery-item__image\" data-thumbnail=\"https:\/\/www.unavets.com\/alella\/wp-content\/uploads\/sites\/8\/2021\/07\/Facilities_7-683x1024.jpg\" data-width=\"683\" data-height=\"1024\" aria-label=\"\" role=\"img\" ><\/div>\n\t\t\t\t\t\t\t\t\t\t\t<div class=\"elementor-gallery-item__overlay\"><\/div>\n\t\t\t\t\t\t\t\t\t\t\t\t\t\t<\/a>\n\t\t\t\t\t\t\t<a class=\"e-gallery-item elementor-gallery-item elementor-animated-content\" href=\"https:\/\/www.unavets.com\/alella\/wp-content\/uploads\/sites\/8\/2021\/12\/20211011_092748-scaled-e1639579434548.jpg\" data-elementor-open-lightbox=\"yes\" data-elementor-lightbox-slideshow=\"5d8ed52\" data-elementor-lightbox-title=\"20211011_092748\" data-e-action-hash=\"#elementor-action%3Aaction%3Dlightbox%26settings%3DeyJpZCI6MTcyNjUsInVybCI6Imh0dHBzOlwvXC93d3cudW5hdmV0cy5jb21cL2FsZWxsYVwvd3AtY29udGVudFwvdXBsb2Fkc1wvc2l0ZXNcLzhcLzIwMjFcLzEyXC8yMDIxMTAxMV8wOTI3NDgtc2NhbGVkLWUxNjM5NTc5NDM0NTQ4LmpwZyIsInNsaWRlc2hvdyI6IjVkOGVkNTIifQ%3D%3D\">\n\t\t\t\t\t<div class=\"e-gallery-image elementor-gallery-item__image\" data-thumbnail=\"https:\/\/www.unavets.com\/alella\/wp-content\/uploads\/sites\/8\/2021\/12\/20211011_092748-1024x524.jpg\" data-width=\"724\" data-height=\"370\" aria-label=\"\" role=\"img\" ><\/div>\n\t\t\t\t\t\t\t\t\t\t\t<div class=\"elementor-gallery-item__overlay\"><\/div>\n\t\t\t\t\t\t\t\t\t\t\t\t\t\t<\/a>\n\t\t\t\t\t\t\t<a class=\"e-gallery-item elementor-gallery-item elementor-animated-content\" href=\"https:\/\/www.unavets.com\/alella\/wp-content\/uploads\/sites\/8\/2023\/03\/6-e1751962012133.jpg\" data-elementor-open-lightbox=\"yes\" data-elementor-lightbox-slideshow=\"5d8ed52\" data-elementor-lightbox-title=\"6\" data-e-action-hash=\"#elementor-action%3Aaction%3Dlightbox%26settings%3DeyJpZCI6MTc5MTcsInVybCI6Imh0dHBzOlwvXC93d3cudW5hdmV0cy5jb21cL2FsZWxsYVwvd3AtY29udGVudFwvdXBsb2Fkc1wvc2l0ZXNcLzhcLzIwMjNcLzAzXC82LWUxNzUxOTYyMDEyMTMzLmpwZyIsInNsaWRlc2hvdyI6IjVkOGVkNTIifQ%3D%3D\">\n\t\t\t\t\t<div class=\"e-gallery-image elementor-gallery-item__image\" data-thumbnail=\"https:\/\/www.unavets.com\/alella\/wp-content\/uploads\/sites\/8\/2023\/03\/6-e1751962012133.jpg\" data-width=\"507\" data-height=\"460\" aria-label=\"\" role=\"img\" ><\/div>\n\t\t\t\t\t\t\t\t\t\t\t<div class=\"elementor-gallery-item__overlay\"><\/div>\n\t\t\t\t\t\t\t\t\t\t\t\t\t\t<\/a>\n\t\t\t\t\t\t\t<a class=\"e-gallery-item elementor-gallery-item elementor-animated-content\" href=\"https:\/\/www.unavets.com\/alella\/wp-content\/uploads\/sites\/8\/2021\/12\/20211011_093254.jpg\" data-elementor-open-lightbox=\"yes\" data-elementor-lightbox-slideshow=\"5d8ed52\" data-elementor-lightbox-title=\"20211011_093254\" data-e-action-hash=\"#elementor-action%3Aaction%3Dlightbox%26settings%3DeyJpZCI6MTcyNTUsInVybCI6Imh0dHBzOlwvXC93d3cudW5hdmV0cy5jb21cL2FsZWxsYVwvd3AtY29udGVudFwvdXBsb2Fkc1wvc2l0ZXNcLzhcLzIwMjFcLzEyXC8yMDIxMTAxMV8wOTMyNTQuanBnIiwic2xpZGVzaG93IjoiNWQ4ZWQ1MiJ9\">\n\t\t\t\t\t<div class=\"e-gallery-image elementor-gallery-item__image\" data-thumbnail=\"https:\/\/www.unavets.com\/alella\/wp-content\/uploads\/sites\/8\/2021\/12\/20211011_093254-829x1024.jpg\" data-width=\"724\" data-height=\"894\" aria-label=\"\" role=\"img\" ><\/div>\n\t\t\t\t\t\t\t\t\t\t\t<div class=\"elementor-gallery-item__overlay\"><\/div>\n\t\t\t\t\t\t\t\t\t\t\t\t\t\t<\/a>\n\t\t\t\t\t\t\t<a class=\"e-gallery-item elementor-gallery-item elementor-animated-content\" href=\"https:\/\/www.unavets.com\/alella\/wp-content\/uploads\/sites\/8\/2021\/12\/Captura-2.png\" data-elementor-open-lightbox=\"yes\" data-elementor-lightbox-slideshow=\"5d8ed52\" data-elementor-lightbox-title=\"Captura\" data-e-action-hash=\"#elementor-action%3Aaction%3Dlightbox%26settings%3DeyJpZCI6MTcyNzcsInVybCI6Imh0dHBzOlwvXC93d3cudW5hdmV0cy5jb21cL2FsZWxsYVwvd3AtY29udGVudFwvdXBsb2Fkc1wvc2l0ZXNcLzhcLzIwMjFcLzEyXC9DYXB0dXJhLTIucG5nIiwic2xpZGVzaG93IjoiNWQ4ZWQ1MiJ9\">\n\t\t\t\t\t<div class=\"e-gallery-image elementor-gallery-item__image\" data-thumbnail=\"https:\/\/www.unavets.com\/alella\/wp-content\/uploads\/sites\/8\/2021\/12\/Captura-2.png\" data-width=\"457\" data-height=\"497\" aria-label=\"\" role=\"img\" ><\/div>\n\t\t\t\t\t\t\t\t\t\t\t<div class=\"elementor-gallery-item__overlay\"><\/div>\n\t\t\t\t\t\t\t\t\t\t\t\t\t\t<\/a>\n\t\t\t\t\t<\/div>\n\t\t\t\t\t<\/div>\n\t\t\t\t<\/div>\n\t\t\t\t\t<\/div>\n\t\t<\/div>\n\t\t\t\t\t<\/div>\n\t\t<\/section>\n\t\t\t\t<\/div>\n\t\t","protected":false},"excerpt":{"rendered":"<p>El Centro Veterinario Alella cuenta con los mejores equipos e instalaciones a nuestra disposici\u00f3n para brindarte el m\u00e1s alto nivel de atenci\u00f3n. Disponemos de tecnolog\u00eda avanzada para la ayuda al diagn\u00f3stico, como: Laboratorio propio con ejecuci\u00f3n de anal\u00edticas inmediatas Radiolog\u00eda digital directa Ecograf\u00eda Microscopio con monitor de TV Quir\u00f3fano dotado de monitorizaci\u00f3n anest\u00e9sica, autoclave e &hellip; <\/p>\n","protected":false},"author":1,"featured_media":0,"parent":0,"menu_order":0,"comment_status":"closed","ping_status":"closed","template":"page-fullwidth.php","meta":{"_acf_changed":false,"content-type":"","footnotes":""},"class_list":["post-13558","page","type-page","status-publish","hentry"],"acf":[],"_links":{"self":[{"href":"https:\/\/www.unavets.com\/alella\/es\/wp-json\/wp\/v2\/pages\/13558","targetHints":{"allow":["GET"]}}],"collection":[{"href":"https:\/\/www.unavets.com\/alella\/es\/wp-json\/wp\/v2\/pages"}],"about":[{"href":"https:\/\/www.unavets.com\/alella\/es\/wp-json\/wp\/v2\/types\/page"}],"author":[{"embeddable":true,"href":"https:\/\/www.unavets.com\/alella\/es\/wp-json\/wp\/v2\/users\/1"}],"replies":[{"embeddable":true,"href":"https:\/\/www.unavets.com\/alella\/es\/wp-json\/wp\/v2\/comments?post=13558"}],"version-history":[{"count":3,"href":"https:\/\/www.unavets.com\/alella\/es\/wp-json\/wp\/v2\/pages\/13558\/revisions"}],"predecessor-version":[{"id":18373,"href":"https:\/\/www.unavets.com\/alella\/es\/wp-json\/wp\/v2\/pages\/13558\/revisions\/18373"}],"wp:attachment":[{"href":"https:\/\/www.unavets.com\/alella\/es\/wp-json\/wp\/v2\/media?parent=13558"}],"curies":[{"name":"wp","href":"https:\/\/api.w.org\/{rel}","templated":true}]}}