{"id":14430,"date":"2021-06-03T07:27:45","date_gmt":"2021-06-03T07:27:45","guid":{"rendered":"http:\/\/www.unavets.com\/alella\/?page_id=14430"},"modified":"2025-07-08T07:42:53","modified_gmt":"2025-07-08T07:42:53","slug":"instal-lacions","status":"publish","type":"page","link":"https:\/\/www.unavets.com\/alella\/ca\/instal-lacions\/","title":{"rendered":"Instal\u00b7lacions"},"content":{"rendered":"\t\t<div data-elementor-type=\"wp-page\" data-elementor-id=\"14430\" class=\"elementor elementor-14430 elementor-281\" data-elementor-post-type=\"page\">\n\t\t\t\t\t\t<section class=\"elementor-section elementor-top-section elementor-element elementor-element-54cf215 pad-top-0 elementor-section-boxed elementor-section-height-default elementor-section-height-default\" data-id=\"54cf215\" data-element_type=\"section\" data-e-type=\"section\" id=\"main-sec\" data-settings=\"{&quot;background_background&quot;:&quot;classic&quot;}\">\n\t\t\t\t\t\t<div class=\"elementor-container elementor-column-gap-wide\">\n\t\t\t\t\t<div class=\"elementor-column elementor-col-100 elementor-top-column elementor-element elementor-element-d926441\" data-id=\"d926441\" data-element_type=\"column\" data-e-type=\"column\">\n\t\t\t<div class=\"elementor-widget-wrap elementor-element-populated\">\n\t\t\t\t\t\t<div class=\"elementor-element elementor-element-ac5c964 elementor-widget elementor-widget-text-editor\" data-id=\"ac5c964\" data-element_type=\"widget\" data-e-type=\"widget\" data-widget_type=\"text-editor.default\">\n\t\t\t\t<div class=\"elementor-widget-container\">\n\t\t\t\t\t\t\t\t\tAl Centre Veterinari Alella comptem amb els millors equips i instal\u00b7lacions a la nostra disposici\u00f3 per a brindar-te el m\u00e9s alt nivell d&#8217;atenci\u00f3.\t\t\t\t\t\t\t\t<\/div>\n\t\t\t\t<\/div>\n\t\t\t\t<section class=\"elementor-section elementor-inner-section elementor-element elementor-element-98275a1 elementor-section-boxed elementor-section-height-default elementor-section-height-default\" data-id=\"98275a1\" data-element_type=\"section\" data-e-type=\"section\">\n\t\t\t\t\t\t<div class=\"elementor-container elementor-column-gap-default\">\n\t\t\t\t\t<div class=\"elementor-column elementor-col-50 elementor-inner-column elementor-element elementor-element-cf88eb5\" data-id=\"cf88eb5\" data-element_type=\"column\" data-e-type=\"column\">\n\t\t\t<div class=\"elementor-widget-wrap elementor-element-populated\">\n\t\t\t\t\t\t<div class=\"elementor-element elementor-element-e3b245e elementor-widget elementor-widget-image\" data-id=\"e3b245e\" data-element_type=\"widget\" data-e-type=\"widget\" data-widget_type=\"image.default\">\n\t\t\t\t<div class=\"elementor-widget-container\">\n\t\t\t\t\t\t\t\t\t\t\t\t\t\t\t<img fetchpriority=\"high\" width=\"786\" height=\"524\" class=\"attachment-townhub-featured-image size-townhub-featured-image wp-image-17912 lazy\" alt=\"\" data-src=\"https:\/\/www.unavets.com\/alella\/wp-content\/uploads\/sites\/8\/2023\/03\/Cover-instalaciones-786x524.jpg\" data-lazy=\"https:\/\/www.unavets.com\/alella\/wp-content\/uploads\/sites\/8\/2023\/03\/Cover-instalaciones-786x524.jpg\" \/>\t\t\t\t\t\t\t\t\t\t\t\t\t\t\t<\/div>\n\t\t\t\t<\/div>\n\t\t\t\t\t<\/div>\n\t\t<\/div>\n\t\t\t\t<div class=\"elementor-column elementor-col-50 elementor-inner-column elementor-element elementor-element-e32254f\" data-id=\"e32254f\" data-element_type=\"column\" data-e-type=\"column\">\n\t\t\t<div class=\"elementor-widget-wrap elementor-element-populated\">\n\t\t\t\t\t\t<div class=\"elementor-element elementor-element-6494dd8 elementor-widget elementor-widget-text-editor\" data-id=\"6494dd8\" data-element_type=\"widget\" data-e-type=\"widget\" data-widget_type=\"text-editor.default\">\n\t\t\t\t<div class=\"elementor-widget-container\">\n\t\t\t\t\t\t\t\t\t<p>Disposem de tecnologia avan\u00e7ada per a l&#8217;ajuda al diagn\u00f2stic, amb:<\/p><ul><li>Laboratori propi amb execuci\u00f3 d&#8217;anal\u00edtiques immediates<\/li><li>Radiologia digital directa<\/li><li>Ecografia<\/li><li>Microscopi amb monitor de TV<\/li><li>Quir\u00f2fan equipat amb monitoratge anest\u00e8sic, autoclau, instrumental de traumatologia, g\u00e0bies climatitzades d&#8217;ingr\u00e9s postquir\u00fargic<\/li><\/ul><p>A m\u00e9s, en el Centre Veterinari Alella oferim:<\/p><ul><li>Hospitalitzaci\u00f3 de dia<\/li><li>Quarantena per a recuperaci\u00f3 de gats de carrer.<\/li><\/ul>\t\t\t\t\t\t\t\t<\/div>\n\t\t\t\t<\/div>\n\t\t\t\t\t<\/div>\n\t\t<\/div>\n\t\t\t\t\t<\/div>\n\t\t<\/section>\n\t\t\t\t<section class=\"elementor-section elementor-inner-section elementor-element elementor-element-77f7e13 elementor-section-boxed elementor-section-height-default elementor-section-height-default\" data-id=\"77f7e13\" data-element_type=\"section\" data-e-type=\"section\">\n\t\t\t\t\t\t<div class=\"elementor-container elementor-column-gap-default\">\n\t\t\t\t\t<div class=\"elementor-column elementor-col-50 elementor-inner-column elementor-element elementor-element-95177d9\" data-id=\"95177d9\" data-element_type=\"column\" data-e-type=\"column\">\n\t\t\t<div class=\"elementor-widget-wrap elementor-element-populated\">\n\t\t\t\t\t\t<div class=\"elementor-element elementor-element-190089f elementor-align-center elementor-widget elementor-widget-button\" data-id=\"190089f\" data-element_type=\"widget\" data-e-type=\"widget\" data-widget_type=\"button.default\">\n\t\t\t\t<div class=\"elementor-widget-container\">\n\t\t\t\t\t\t\t\t\t<div class=\"elementor-button-wrapper\">\n\t\t\t\t\t<a class=\"elementor-button elementor-button-link elementor-size-sm\" href=\"http:\/\/www.unavets.com\/alella\/ca\/nostre-equip\/\">\n\t\t\t\t\t\t<span class=\"elementor-button-content-wrapper\">\n\t\t\t\t\t\t\t\t\t<span class=\"elementor-button-text\">Nostre equip<\/span>\n\t\t\t\t\t<\/span>\n\t\t\t\t\t<\/a>\n\t\t\t\t<\/div>\n\t\t\t\t\t\t\t\t<\/div>\n\t\t\t\t<\/div>\n\t\t\t\t\t<\/div>\n\t\t<\/div>\n\t\t\t\t<div class=\"elementor-column elementor-col-50 elementor-inner-column elementor-element elementor-element-c303689\" data-id=\"c303689\" data-element_type=\"column\" data-e-type=\"column\">\n\t\t\t<div class=\"elementor-widget-wrap elementor-element-populated\">\n\t\t\t\t\t\t<div class=\"elementor-element elementor-element-1f82c98 elementor-align-center elementor-widget elementor-widget-button\" data-id=\"1f82c98\" data-element_type=\"widget\" data-e-type=\"widget\" data-widget_type=\"button.default\">\n\t\t\t\t<div class=\"elementor-widget-container\">\n\t\t\t\t\t\t\t\t\t<div class=\"elementor-button-wrapper\">\n\t\t\t\t\t<a class=\"elementor-button elementor-button-link elementor-size-sm\" href=\"http:\/\/www.unavets.com\/alella\/ca\/serveis\/\">\n\t\t\t\t\t\t<span class=\"elementor-button-content-wrapper\">\n\t\t\t\t\t\t\t\t\t<span class=\"elementor-button-text\">Serveis<\/span>\n\t\t\t\t\t<\/span>\n\t\t\t\t\t<\/a>\n\t\t\t\t<\/div>\n\t\t\t\t\t\t\t\t<\/div>\n\t\t\t\t<\/div>\n\t\t\t\t\t<\/div>\n\t\t<\/div>\n\t\t\t\t\t<\/div>\n\t\t<\/section>\n\t\t\t\t\t<\/div>\n\t\t<\/div>\n\t\t\t\t\t<\/div>\n\t\t<\/section>\n\t\t\t\t<section class=\"elementor-section elementor-top-section elementor-element elementor-element-3dc9cf8 elementor-section-boxed elementor-section-height-default elementor-section-height-default\" data-id=\"3dc9cf8\" data-element_type=\"section\" data-e-type=\"section\">\n\t\t\t\t\t\t<div class=\"elementor-container elementor-column-gap-default\">\n\t\t\t\t\t<div class=\"elementor-column elementor-col-100 elementor-top-column elementor-element elementor-element-1dec1ca\" data-id=\"1dec1ca\" data-element_type=\"column\" data-e-type=\"column\">\n\t\t\t<div class=\"elementor-widget-wrap elementor-element-populated\">\n\t\t\t\t\t\t<div class=\"elementor-element elementor-element-bdead33 elementor-widget elementor-widget-gallery\" data-id=\"bdead33\" data-element_type=\"widget\" data-e-type=\"widget\" data-settings=\"{&quot;columns&quot;:&quot;3&quot;,&quot;aspect_ratio&quot;:&quot;1:1&quot;,&quot;lazyload&quot;:&quot;yes&quot;,&quot;gallery_layout&quot;:&quot;grid&quot;,&quot;columns_tablet&quot;:2,&quot;columns_mobile&quot;:1,&quot;gap&quot;:{&quot;unit&quot;:&quot;px&quot;,&quot;size&quot;:10,&quot;sizes&quot;:[]},&quot;gap_tablet&quot;:{&quot;unit&quot;:&quot;px&quot;,&quot;size&quot;:10,&quot;sizes&quot;:[]},&quot;gap_mobile&quot;:{&quot;unit&quot;:&quot;px&quot;,&quot;size&quot;:10,&quot;sizes&quot;:[]},&quot;link_to&quot;:&quot;file&quot;,&quot;overlay_background&quot;:&quot;yes&quot;,&quot;content_hover_animation&quot;:&quot;fade-in&quot;}\" data-widget_type=\"gallery.default\">\n\t\t\t\t<div class=\"elementor-widget-container\">\n\t\t\t\t\t\t\t<div class=\"elementor-gallery__container\">\n\t\t\t\t\t\t\t<a class=\"e-gallery-item elementor-gallery-item elementor-animated-content\" href=\"https:\/\/www.unavets.com\/alella\/wp-content\/uploads\/sites\/8\/2023\/03\/7-e1751960520871.jpg\" data-elementor-open-lightbox=\"yes\" data-elementor-lightbox-slideshow=\"bdead33\" data-elementor-lightbox-title=\"7\" data-e-action-hash=\"#elementor-action%3Aaction%3Dlightbox%26settings%3DeyJpZCI6MTc5MTYsInVybCI6Imh0dHBzOlwvXC93d3cudW5hdmV0cy5jb21cL2FsZWxsYVwvd3AtY29udGVudFwvdXBsb2Fkc1wvc2l0ZXNcLzhcLzIwMjNcLzAzXC83LWUxNzUxOTYwNTIwODcxLmpwZyIsInNsaWRlc2hvdyI6ImJkZWFkMzMifQ%3D%3D\">\n\t\t\t\t\t<div class=\"e-gallery-image elementor-gallery-item__image\" data-thumbnail=\"https:\/\/www.unavets.com\/alella\/wp-content\/uploads\/sites\/8\/2023\/03\/7-e1751960520871.jpg\" data-width=\"508\" data-height=\"535\" aria-label=\"\" role=\"img\" ><\/div>\n\t\t\t\t\t\t\t\t\t\t\t<div class=\"elementor-gallery-item__overlay\"><\/div>\n\t\t\t\t\t\t\t\t\t\t\t\t\t\t<\/a>\n\t\t\t\t\t\t\t<a class=\"e-gallery-item elementor-gallery-item elementor-animated-content\" href=\"https:\/\/www.unavets.com\/alella\/wp-content\/uploads\/sites\/8\/2021\/07\/Facilities_7-e1641812586864.jpg\" data-elementor-open-lightbox=\"yes\" data-elementor-lightbox-slideshow=\"bdead33\" data-elementor-lightbox-title=\"Facilities\" data-e-action-hash=\"#elementor-action%3Aaction%3Dlightbox%26settings%3DeyJpZCI6MTY3ODQsInVybCI6Imh0dHBzOlwvXC93d3cudW5hdmV0cy5jb21cL2FsZWxsYVwvd3AtY29udGVudFwvdXBsb2Fkc1wvc2l0ZXNcLzhcLzIwMjFcLzA3XC9GYWNpbGl0aWVzXzctZTE2NDE4MTI1ODY4NjQuanBnIiwic2xpZGVzaG93IjoiYmRlYWQzMyJ9\">\n\t\t\t\t\t<div class=\"e-gallery-image elementor-gallery-item__image\" data-thumbnail=\"https:\/\/www.unavets.com\/alella\/wp-content\/uploads\/sites\/8\/2021\/07\/Facilities_7-683x1024.jpg\" data-width=\"683\" data-height=\"1024\" aria-label=\"\" role=\"img\" ><\/div>\n\t\t\t\t\t\t\t\t\t\t\t<div class=\"elementor-gallery-item__overlay\"><\/div>\n\t\t\t\t\t\t\t\t\t\t\t\t\t\t<\/a>\n\t\t\t\t\t\t\t<a class=\"e-gallery-item elementor-gallery-item elementor-animated-content\" href=\"https:\/\/www.unavets.com\/alella\/wp-content\/uploads\/sites\/8\/2021\/12\/20211011_092748-scaled-e1639579434548.jpg\" data-elementor-open-lightbox=\"yes\" data-elementor-lightbox-slideshow=\"bdead33\" data-elementor-lightbox-title=\"20211011_092748\" data-e-action-hash=\"#elementor-action%3Aaction%3Dlightbox%26settings%3DeyJpZCI6MTcyNjQsInVybCI6Imh0dHBzOlwvXC93d3cudW5hdmV0cy5jb21cL2FsZWxsYVwvd3AtY29udGVudFwvdXBsb2Fkc1wvc2l0ZXNcLzhcLzIwMjFcLzEyXC8yMDIxMTAxMV8wOTI3NDgtc2NhbGVkLWUxNjM5NTc5NDM0NTQ4LmpwZyIsInNsaWRlc2hvdyI6ImJkZWFkMzMifQ%3D%3D\">\n\t\t\t\t\t<div class=\"e-gallery-image elementor-gallery-item__image\" data-thumbnail=\"https:\/\/www.unavets.com\/alella\/wp-content\/uploads\/sites\/8\/2021\/12\/20211011_092748-1024x524.jpg\" data-width=\"724\" data-height=\"370\" aria-label=\"\" role=\"img\" ><\/div>\n\t\t\t\t\t\t\t\t\t\t\t<div class=\"elementor-gallery-item__overlay\"><\/div>\n\t\t\t\t\t\t\t\t\t\t\t\t\t\t<\/a>\n\t\t\t\t\t\t\t<a class=\"e-gallery-item elementor-gallery-item elementor-animated-content\" href=\"https:\/\/www.unavets.com\/alella\/wp-content\/uploads\/sites\/8\/2023\/03\/6-e1751960554758.jpg\" data-elementor-open-lightbox=\"yes\" data-elementor-lightbox-slideshow=\"bdead33\" data-elementor-lightbox-title=\"6\" data-e-action-hash=\"#elementor-action%3Aaction%3Dlightbox%26settings%3DeyJpZCI6MTc5MTksInVybCI6Imh0dHBzOlwvXC93d3cudW5hdmV0cy5jb21cL2FsZWxsYVwvd3AtY29udGVudFwvdXBsb2Fkc1wvc2l0ZXNcLzhcLzIwMjNcLzAzXC82LWUxNzUxOTYwNTU0NzU4LmpwZyIsInNsaWRlc2hvdyI6ImJkZWFkMzMifQ%3D%3D\">\n\t\t\t\t\t<div class=\"e-gallery-image elementor-gallery-item__image\" data-thumbnail=\"https:\/\/www.unavets.com\/alella\/wp-content\/uploads\/sites\/8\/2023\/03\/6-e1751960554758.jpg\" data-width=\"513\" data-height=\"435\" aria-label=\"\" role=\"img\" ><\/div>\n\t\t\t\t\t\t\t\t\t\t\t<div class=\"elementor-gallery-item__overlay\"><\/div>\n\t\t\t\t\t\t\t\t\t\t\t\t\t\t<\/a>\n\t\t\t\t\t\t\t<a class=\"e-gallery-item elementor-gallery-item elementor-animated-content\" href=\"https:\/\/www.unavets.com\/alella\/wp-content\/uploads\/sites\/8\/2021\/12\/20211011_093254.jpg\" data-elementor-open-lightbox=\"yes\" data-elementor-lightbox-slideshow=\"bdead33\" data-elementor-lightbox-title=\"20211011_093254\" data-e-action-hash=\"#elementor-action%3Aaction%3Dlightbox%26settings%3DeyJpZCI6MTcyNTQsInVybCI6Imh0dHBzOlwvXC93d3cudW5hdmV0cy5jb21cL2FsZWxsYVwvd3AtY29udGVudFwvdXBsb2Fkc1wvc2l0ZXNcLzhcLzIwMjFcLzEyXC8yMDIxMTAxMV8wOTMyNTQuanBnIiwic2xpZGVzaG93IjoiYmRlYWQzMyJ9\">\n\t\t\t\t\t<div class=\"e-gallery-image elementor-gallery-item__image\" data-thumbnail=\"https:\/\/www.unavets.com\/alella\/wp-content\/uploads\/sites\/8\/2021\/12\/20211011_093254-829x1024.jpg\" data-width=\"724\" data-height=\"894\" aria-label=\"\" role=\"img\" ><\/div>\n\t\t\t\t\t\t\t\t\t\t\t<div class=\"elementor-gallery-item__overlay\"><\/div>\n\t\t\t\t\t\t\t\t\t\t\t\t\t\t<\/a>\n\t\t\t\t\t\t\t<a class=\"e-gallery-item elementor-gallery-item elementor-animated-content\" href=\"https:\/\/www.unavets.com\/alella\/wp-content\/uploads\/sites\/8\/2021\/12\/Captura-2.png\" data-elementor-open-lightbox=\"yes\" data-elementor-lightbox-slideshow=\"bdead33\" data-elementor-lightbox-title=\"Captura\" data-e-action-hash=\"#elementor-action%3Aaction%3Dlightbox%26settings%3DeyJpZCI6MTcyNzYsInVybCI6Imh0dHBzOlwvXC93d3cudW5hdmV0cy5jb21cL2FsZWxsYVwvd3AtY29udGVudFwvdXBsb2Fkc1wvc2l0ZXNcLzhcLzIwMjFcLzEyXC9DYXB0dXJhLTIucG5nIiwic2xpZGVzaG93IjoiYmRlYWQzMyJ9\">\n\t\t\t\t\t<div class=\"e-gallery-image elementor-gallery-item__image\" data-thumbnail=\"https:\/\/www.unavets.com\/alella\/wp-content\/uploads\/sites\/8\/2021\/12\/Captura-2.png\" data-width=\"457\" data-height=\"497\" aria-label=\"\" role=\"img\" ><\/div>\n\t\t\t\t\t\t\t\t\t\t\t<div class=\"elementor-gallery-item__overlay\"><\/div>\n\t\t\t\t\t\t\t\t\t\t\t\t\t\t<\/a>\n\t\t\t\t\t<\/div>\n\t\t\t\t\t<\/div>\n\t\t\t\t<\/div>\n\t\t\t\t\t<\/div>\n\t\t<\/div>\n\t\t\t\t\t<\/div>\n\t\t<\/section>\n\t\t\t\t<\/div>\n\t\t","protected":false},"excerpt":{"rendered":"<p>Al Centre Veterinari Alella comptem amb els millors equips i instal\u00b7lacions a la nostra disposici\u00f3 per a brindar-te el m\u00e9s alt nivell d&#8217;atenci\u00f3. Disposem de tecnologia avan\u00e7ada per a l&#8217;ajuda al diagn\u00f2stic, amb: Laboratori propi amb execuci\u00f3 d&#8217;anal\u00edtiques immediates Radiologia digital directa Ecografia Microscopi amb monitor de TV Quir\u00f2fan equipat amb monitoratge anest\u00e8sic, autoclau, instrumental &hellip; <\/p>\n","protected":false},"author":6,"featured_media":0,"parent":0,"menu_order":0,"comment_status":"closed","ping_status":"closed","template":"page-fullwidth.php","meta":{"_acf_changed":false,"content-type":"","footnotes":""},"class_list":["post-14430","page","type-page","status-publish","hentry"],"acf":[],"_links":{"self":[{"href":"https:\/\/www.unavets.com\/alella\/ca\/wp-json\/wp\/v2\/pages\/14430","targetHints":{"allow":["GET"]}}],"collection":[{"href":"https:\/\/www.unavets.com\/alella\/ca\/wp-json\/wp\/v2\/pages"}],"about":[{"href":"https:\/\/www.unavets.com\/alella\/ca\/wp-json\/wp\/v2\/types\/page"}],"author":[{"embeddable":true,"href":"https:\/\/www.unavets.com\/alella\/ca\/wp-json\/wp\/v2\/users\/6"}],"replies":[{"embeddable":true,"href":"https:\/\/www.unavets.com\/alella\/ca\/wp-json\/wp\/v2\/comments?post=14430"}],"version-history":[{"count":3,"href":"https:\/\/www.unavets.com\/alella\/ca\/wp-json\/wp\/v2\/pages\/14430\/revisions"}],"predecessor-version":[{"id":18342,"href":"https:\/\/www.unavets.com\/alella\/ca\/wp-json\/wp\/v2\/pages\/14430\/revisions\/18342"}],"wp:attachment":[{"href":"https:\/\/www.unavets.com\/alella\/ca\/wp-json\/wp\/v2\/media?parent=14430"}],"curies":[{"name":"wp","href":"https:\/\/api.w.org\/{rel}","templated":true}]}}