{"id":13547,"date":"2021-01-04T08:19:34","date_gmt":"2021-01-04T08:19:34","guid":{"rendered":"http:\/\/www.unavets.com\/alella\/sobre-nosotras\/"},"modified":"2025-07-08T07:51:10","modified_gmt":"2025-07-08T07:51:10","slug":"qui-som","status":"publish","type":"page","link":"https:\/\/www.unavets.com\/alella\/ca\/qui-som\/","title":{"rendered":"Qui som"},"content":{"rendered":"\t\t<div data-elementor-type=\"wp-page\" data-elementor-id=\"13547\" class=\"elementor elementor-13547 elementor-268\" data-elementor-post-type=\"page\">\n\t\t\t\t\t\t<section class=\"elementor-section elementor-top-section elementor-element elementor-element-54cf215 pad-top-0 elementor-section-boxed elementor-section-height-default elementor-section-height-default\" data-id=\"54cf215\" data-element_type=\"section\" data-e-type=\"section\" id=\"main-sec\" data-settings=\"{&quot;background_background&quot;:&quot;classic&quot;}\">\n\t\t\t\t\t\t<div class=\"elementor-container elementor-column-gap-default\">\n\t\t\t\t\t<div class=\"elementor-column elementor-col-100 elementor-top-column elementor-element elementor-element-d926441\" data-id=\"d926441\" data-element_type=\"column\" data-e-type=\"column\">\n\t\t\t<div class=\"elementor-widget-wrap elementor-element-populated\">\n\t\t\t\t\t\t<div class=\"elementor-element elementor-element-9725bcd elementor-widget elementor-widget-section_titleleft\" data-id=\"9725bcd\" data-element_type=\"widget\" data-e-type=\"widget\" data-widget_type=\"section_titleleft.default\">\n\t\t\t\t<div class=\"elementor-widget-container\">\n\t\t\t\t\t        <div class=\"ab_text-title fl-wrap\">\n            <h3>Cl\u00ednica veterin\u00e0ria a Alella, Barcelona amb servei d'urg\u00e8ncies les 24h<\/h3>Ens avalen 29 anys d'experi\u00e8ncia en la cura de mascotes.<span class=\"section-separator fl-sec-sep\"><\/span>        <\/div>\n        \t\t\t\t<\/div>\n\t\t\t\t<\/div>\n\t\t\t\t<section class=\"elementor-section elementor-inner-section elementor-element elementor-element-35814f4 elementor-section-full_width elementor-section-height-default elementor-section-height-default\" data-id=\"35814f4\" data-element_type=\"section\" data-e-type=\"section\">\n\t\t\t\t\t\t<div class=\"elementor-container elementor-column-gap-wide\">\n\t\t\t\t\t<div class=\"elementor-column elementor-col-50 elementor-inner-column elementor-element elementor-element-87e032f\" data-id=\"87e032f\" data-element_type=\"column\" data-e-type=\"column\">\n\t\t\t<div class=\"elementor-widget-wrap elementor-element-populated\">\n\t\t\t\t\t\t<div class=\"elementor-element elementor-element-c9e367a elementor-widget elementor-widget-image\" data-id=\"c9e367a\" data-element_type=\"widget\" data-e-type=\"widget\" data-widget_type=\"image.default\">\n\t\t\t\t<div class=\"elementor-widget-container\">\n\t\t\t\t\t\t\t\t\t\t\t\t\t\t\t<img fetchpriority=\"high\" width=\"424\" height=\"432\" class=\"attachment-townhub-lcat-three size-townhub-lcat-three wp-image-17876 lazy\" alt=\"\" data-src=\"https:\/\/www.unavets.com\/alella\/wp-content\/uploads\/sites\/8\/2023\/03\/4.jpg\" data-lazy=\"https:\/\/www.unavets.com\/alella\/wp-content\/uploads\/sites\/8\/2023\/03\/4.jpg\" \/>\t\t\t\t\t\t\t\t\t\t\t\t\t\t\t<\/div>\n\t\t\t\t<\/div>\n\t\t\t\t\t<\/div>\n\t\t<\/div>\n\t\t\t\t<div class=\"elementor-column elementor-col-50 elementor-inner-column elementor-element elementor-element-202374d\" data-id=\"202374d\" data-element_type=\"column\" data-e-type=\"column\">\n\t\t\t<div class=\"elementor-widget-wrap elementor-element-populated\">\n\t\t\t\t\t\t<div class=\"elementor-element elementor-element-3b393ce about-wrap elementor-widget elementor-widget-text-editor\" data-id=\"3b393ce\" data-element_type=\"widget\" data-e-type=\"widget\" data-widget_type=\"text-editor.default\">\n\t\t\t\t<div class=\"elementor-widget-container\">\n\t\t\t\t\t\t\t\t\t<p>El Centre Veterinari Alella va ser inaugurat l&#8217;abril de 1992 en plena euf\u00f2ria ol\u00edmpica, una carrera inicialment dura i en solitari que va anar arrelant a poc a poc en la vida social de la poblaci\u00f3 d&#8217;Alella, la qual cosa va requerir la seva modernitzaci\u00f3 i trasllat el 1998 a Torrent Vallbona on se situa actualment. En ple centre urb\u00e0, molt pr\u00f2xim a la pla\u00e7a de l&#8217;Ajuntament i envoltat de comer\u00e7os, despatxos i locals de restauraci\u00f3.<\/p><p>En aquests 29 anys de servei veterinari al poble d&#8217;Alella i voltants, a m\u00e9s de l&#8217;\u00e0mbit privat tamb\u00e9 hem col\u00b7laborat amb l&#8217;Ajuntament en campanyes d&#8217;identificaci\u00f3 amb microxip, amb ADANA per a l&#8217;atenci\u00f3 dels animals abandonats i esterilitzacions de col\u00f2nies felines, i amb les protectores de Tei\u00e0, Vilanova, Vilassar de Dalt, Vilassar de Mar, Cabrils, tamb\u00e9 Societat de ca\u00e7adors, Federaci\u00f3 Columb\u00f2fila i Zool\u00f2gics privats.<\/p><p>Tamb\u00e9 ens sentim orgullosos d&#8217;haver col\u00b7laborat en la formaci\u00f3 de directors veterinaris de diverses Cl\u00edniques i Hospitals, que han realitzat pr\u00e0ctiques o treballat en el Centre Veterinari d&#8217;Alella.<\/p><p>Seguim doncs amb un plantejament molt clar del que volem, com a atenci\u00f3 veterin\u00e0ria de proximitat i amb una disposici\u00f3 professional actual i responsable cap als nostres pacients.<\/p><p>La Cl\u00ednica ofereix un horari ampli de dilluns a dissabte i un servei d&#8217;urg\u00e8ncies telef\u00f2nic i presencial compartit amb el Centre Veterinari de Cabrils, a m\u00e9s d&#8217;atenci\u00f3 domicili\u00e0ria si fos necessari.<\/p>\t\t\t\t\t\t\t\t<\/div>\n\t\t\t\t<\/div>\n\t\t\t\t\t<\/div>\n\t\t<\/div>\n\t\t\t\t\t<\/div>\n\t\t<\/section>\n\t\t\t\t<section class=\"elementor-section elementor-inner-section elementor-element elementor-element-4a33b8d elementor-section-boxed elementor-section-height-default elementor-section-height-default\" data-id=\"4a33b8d\" data-element_type=\"section\" data-e-type=\"section\">\n\t\t\t\t\t\t<div class=\"elementor-container elementor-column-gap-default\">\n\t\t\t\t\t<div class=\"elementor-column elementor-col-50 elementor-inner-column elementor-element elementor-element-fe81c6f\" data-id=\"fe81c6f\" data-element_type=\"column\" data-e-type=\"column\">\n\t\t\t<div class=\"elementor-widget-wrap elementor-element-populated\">\n\t\t\t\t\t\t<div class=\"elementor-element elementor-element-c772a4e elementor-align-center elementor-widget elementor-widget-button\" data-id=\"c772a4e\" data-element_type=\"widget\" data-e-type=\"widget\" data-widget_type=\"button.default\">\n\t\t\t\t<div class=\"elementor-widget-container\">\n\t\t\t\t\t\t\t\t\t<div class=\"elementor-button-wrapper\">\n\t\t\t\t\t<a class=\"elementor-button elementor-button-link elementor-size-sm\" href=\"\/alella\/ca\/instal-lacions\/\">\n\t\t\t\t\t\t<span class=\"elementor-button-content-wrapper\">\n\t\t\t\t\t\t\t\t\t<span class=\"elementor-button-text\">Instal\u00b7lacions<\/span>\n\t\t\t\t\t<\/span>\n\t\t\t\t\t<\/a>\n\t\t\t\t<\/div>\n\t\t\t\t\t\t\t\t<\/div>\n\t\t\t\t<\/div>\n\t\t\t\t\t<\/div>\n\t\t<\/div>\n\t\t\t\t<div class=\"elementor-column elementor-col-50 elementor-inner-column elementor-element elementor-element-67ba28b\" data-id=\"67ba28b\" data-element_type=\"column\" data-e-type=\"column\">\n\t\t\t<div class=\"elementor-widget-wrap elementor-element-populated\">\n\t\t\t\t\t\t<div class=\"elementor-element elementor-element-8c50465 elementor-align-center elementor-widget elementor-widget-button\" data-id=\"8c50465\" data-element_type=\"widget\" data-e-type=\"widget\" data-widget_type=\"button.default\">\n\t\t\t\t<div class=\"elementor-widget-container\">\n\t\t\t\t\t\t\t\t\t<div class=\"elementor-button-wrapper\">\n\t\t\t\t\t<a class=\"elementor-button elementor-button-link elementor-size-sm\" href=\"\/alella\/ca\/nostre-equip\/\">\n\t\t\t\t\t\t<span class=\"elementor-button-content-wrapper\">\n\t\t\t\t\t\t\t\t\t<span class=\"elementor-button-text\">Equip<\/span>\n\t\t\t\t\t<\/span>\n\t\t\t\t\t<\/a>\n\t\t\t\t<\/div>\n\t\t\t\t\t\t\t\t<\/div>\n\t\t\t\t<\/div>\n\t\t\t\t\t<\/div>\n\t\t<\/div>\n\t\t\t\t\t<\/div>\n\t\t<\/section>\n\t\t\t\t\t<\/div>\n\t\t<\/div>\n\t\t\t\t\t<\/div>\n\t\t<\/section>\n\t\t\t\t<section class=\"elementor-section elementor-top-section elementor-element elementor-element-9db3386 elementor-section-boxed elementor-section-height-default elementor-section-height-default\" data-id=\"9db3386\" data-element_type=\"section\" data-e-type=\"section\">\n\t\t\t\t\t\t<div class=\"elementor-container elementor-column-gap-default\">\n\t\t\t\t\t<div class=\"elementor-column elementor-col-100 elementor-top-column elementor-element elementor-element-681026c\" data-id=\"681026c\" data-element_type=\"column\" data-e-type=\"column\">\n\t\t\t<div class=\"elementor-widget-wrap elementor-element-populated\">\n\t\t\t\t\t\t<div class=\"elementor-element elementor-element-6047cd2 elementor-widget elementor-widget-gallery\" data-id=\"6047cd2\" data-element_type=\"widget\" data-e-type=\"widget\" data-settings=\"{&quot;columns&quot;:&quot;3&quot;,&quot;aspect_ratio&quot;:&quot;1:1&quot;,&quot;lazyload&quot;:&quot;yes&quot;,&quot;gallery_layout&quot;:&quot;grid&quot;,&quot;columns_tablet&quot;:2,&quot;columns_mobile&quot;:1,&quot;gap&quot;:{&quot;unit&quot;:&quot;px&quot;,&quot;size&quot;:10,&quot;sizes&quot;:[]},&quot;gap_tablet&quot;:{&quot;unit&quot;:&quot;px&quot;,&quot;size&quot;:10,&quot;sizes&quot;:[]},&quot;gap_mobile&quot;:{&quot;unit&quot;:&quot;px&quot;,&quot;size&quot;:10,&quot;sizes&quot;:[]},&quot;link_to&quot;:&quot;file&quot;,&quot;overlay_background&quot;:&quot;yes&quot;,&quot;content_hover_animation&quot;:&quot;fade-in&quot;}\" data-widget_type=\"gallery.default\">\n\t\t\t\t<div class=\"elementor-widget-container\">\n\t\t\t\t\t\t\t<div class=\"elementor-gallery__container\">\n\t\t\t\t\t\t\t<a class=\"e-gallery-item elementor-gallery-item elementor-animated-content\" href=\"https:\/\/www.unavets.com\/alella\/wp-content\/uploads\/sites\/8\/2021\/07\/About-Us_7.jpg\" data-elementor-open-lightbox=\"yes\" data-elementor-lightbox-slideshow=\"6047cd2\" data-elementor-lightbox-title=\"Eva\" data-e-action-hash=\"#elementor-action%3Aaction%3Dlightbox%26settings%3DeyJpZCI6MTY4MjQsInVybCI6Imh0dHBzOlwvXC93d3cudW5hdmV0cy5jb21cL2FsZWxsYVwvd3AtY29udGVudFwvdXBsb2Fkc1wvc2l0ZXNcLzhcLzIwMjFcLzA3XC9BYm91dC1Vc183LmpwZyIsInNsaWRlc2hvdyI6IjYwNDdjZDIifQ%3D%3D\">\n\t\t\t\t\t<div class=\"e-gallery-image elementor-gallery-item__image\" data-thumbnail=\"https:\/\/www.unavets.com\/alella\/wp-content\/uploads\/sites\/8\/2021\/07\/About-Us_7-683x1024.jpg\" data-width=\"683\" data-height=\"1024\" aria-label=\"\" role=\"img\" ><\/div>\n\t\t\t\t\t\t\t\t\t\t\t<div class=\"elementor-gallery-item__overlay\"><\/div>\n\t\t\t\t\t\t\t\t\t\t\t\t\t\t<\/a>\n\t\t\t\t\t\t\t<a class=\"e-gallery-item elementor-gallery-item elementor-animated-content\" href=\"https:\/\/www.unavets.com\/alella\/wp-content\/uploads\/sites\/8\/2021\/07\/About-Us_6.jpg\" data-elementor-open-lightbox=\"yes\" data-elementor-lightbox-slideshow=\"6047cd2\" data-elementor-lightbox-title=\"Consulta de gossos\" data-e-action-hash=\"#elementor-action%3Aaction%3Dlightbox%26settings%3DeyJpZCI6MTY4MjEsInVybCI6Imh0dHBzOlwvXC93d3cudW5hdmV0cy5jb21cL2FsZWxsYVwvd3AtY29udGVudFwvdXBsb2Fkc1wvc2l0ZXNcLzhcLzIwMjFcLzA3XC9BYm91dC1Vc182LmpwZyIsInNsaWRlc2hvdyI6IjYwNDdjZDIifQ%3D%3D\">\n\t\t\t\t\t<div class=\"e-gallery-image elementor-gallery-item__image\" data-thumbnail=\"https:\/\/www.unavets.com\/alella\/wp-content\/uploads\/sites\/8\/2021\/07\/About-Us_6-1024x683.jpg\" data-width=\"724\" data-height=\"483\" aria-label=\"\" role=\"img\" ><\/div>\n\t\t\t\t\t\t\t\t\t\t\t<div class=\"elementor-gallery-item__overlay\"><\/div>\n\t\t\t\t\t\t\t\t\t\t\t\t\t\t<\/a>\n\t\t\t\t\t\t\t<a class=\"e-gallery-item elementor-gallery-item elementor-animated-content\" href=\"https:\/\/www.unavets.com\/alella\/wp-content\/uploads\/sites\/8\/2023\/03\/Cover-instalaciones.jpg\" data-elementor-open-lightbox=\"yes\" data-elementor-lightbox-slideshow=\"6047cd2\" data-elementor-lightbox-title=\"Cover instalaciones\" data-e-action-hash=\"#elementor-action%3Aaction%3Dlightbox%26settings%3DeyJpZCI6MTc5MTIsInVybCI6Imh0dHBzOlwvXC93d3cudW5hdmV0cy5jb21cL2FsZWxsYVwvd3AtY29udGVudFwvdXBsb2Fkc1wvc2l0ZXNcLzhcLzIwMjNcLzAzXC9Db3Zlci1pbnN0YWxhY2lvbmVzLmpwZyIsInNsaWRlc2hvdyI6IjYwNDdjZDIifQ%3D%3D\">\n\t\t\t\t\t<div class=\"e-gallery-image elementor-gallery-item__image\" data-thumbnail=\"https:\/\/www.unavets.com\/alella\/wp-content\/uploads\/sites\/8\/2023\/03\/Cover-instalaciones.jpg\" data-width=\"724\" data-height=\"480\" aria-label=\"\" role=\"img\" ><\/div>\n\t\t\t\t\t\t\t\t\t\t\t<div class=\"elementor-gallery-item__overlay\"><\/div>\n\t\t\t\t\t\t\t\t\t\t\t\t\t\t<\/a>\n\t\t\t\t\t\t\t<a class=\"e-gallery-item elementor-gallery-item elementor-animated-content\" href=\"https:\/\/www.unavets.com\/alella\/wp-content\/uploads\/sites\/8\/2021\/07\/About-Us_2.jpg\" data-elementor-open-lightbox=\"yes\" data-elementor-lightbox-slideshow=\"6047cd2\" data-elementor-lightbox-title=\"Fa\u00e7ana\" data-e-action-hash=\"#elementor-action%3Aaction%3Dlightbox%26settings%3DeyJpZCI6MTY4MTUsInVybCI6Imh0dHBzOlwvXC93d3cudW5hdmV0cy5jb21cL2FsZWxsYVwvd3AtY29udGVudFwvdXBsb2Fkc1wvc2l0ZXNcLzhcLzIwMjFcLzA3XC9BYm91dC1Vc18yLmpwZyIsInNsaWRlc2hvdyI6IjYwNDdjZDIifQ%3D%3D\">\n\t\t\t\t\t<div class=\"e-gallery-image elementor-gallery-item__image\" data-thumbnail=\"https:\/\/www.unavets.com\/alella\/wp-content\/uploads\/sites\/8\/2021\/07\/About-Us_2-1024x683.jpg\" data-width=\"724\" data-height=\"483\" aria-label=\"\" role=\"img\" ><\/div>\n\t\t\t\t\t\t\t\t\t\t\t<div class=\"elementor-gallery-item__overlay\"><\/div>\n\t\t\t\t\t\t\t\t\t\t\t\t\t\t<\/a>\n\t\t\t\t\t\t\t<a class=\"e-gallery-item elementor-gallery-item elementor-animated-content\" href=\"https:\/\/www.unavets.com\/alella\/wp-content\/uploads\/sites\/8\/2023\/03\/3.jpg\" data-elementor-open-lightbox=\"yes\" data-elementor-lightbox-slideshow=\"6047cd2\" data-elementor-lightbox-title=\"3\" data-e-action-hash=\"#elementor-action%3Aaction%3Dlightbox%26settings%3DeyJpZCI6MTc4NzksInVybCI6Imh0dHBzOlwvXC93d3cudW5hdmV0cy5jb21cL2FsZWxsYVwvd3AtY29udGVudFwvdXBsb2Fkc1wvc2l0ZXNcLzhcLzIwMjNcLzAzXC8zLmpwZyIsInNsaWRlc2hvdyI6IjYwNDdjZDIifQ%3D%3D\">\n\t\t\t\t\t<div class=\"e-gallery-image elementor-gallery-item__image\" data-thumbnail=\"https:\/\/www.unavets.com\/alella\/wp-content\/uploads\/sites\/8\/2023\/03\/3.jpg\" data-width=\"387\" data-height=\"560\" aria-label=\"\" role=\"img\" ><\/div>\n\t\t\t\t\t\t\t\t\t\t\t<div class=\"elementor-gallery-item__overlay\"><\/div>\n\t\t\t\t\t\t\t\t\t\t\t\t\t\t<\/a>\n\t\t\t\t\t\t\t<a class=\"e-gallery-item elementor-gallery-item elementor-animated-content\" href=\"https:\/\/www.unavets.com\/alella\/wp-content\/uploads\/sites\/8\/2021\/07\/About-Us_4.jpg\" data-elementor-open-lightbox=\"yes\" data-elementor-lightbox-slideshow=\"6047cd2\" data-elementor-lightbox-title=\"Mascotes\" data-e-action-hash=\"#elementor-action%3Aaction%3Dlightbox%26settings%3DeyJpZCI6MTY4MzEsInVybCI6Imh0dHBzOlwvXC93d3cudW5hdmV0cy5jb21cL2FsZWxsYVwvd3AtY29udGVudFwvdXBsb2Fkc1wvc2l0ZXNcLzhcLzIwMjFcLzA3XC9BYm91dC1Vc180LmpwZyIsInNsaWRlc2hvdyI6IjYwNDdjZDIifQ%3D%3D\">\n\t\t\t\t\t<div class=\"e-gallery-image elementor-gallery-item__image\" data-thumbnail=\"https:\/\/www.unavets.com\/alella\/wp-content\/uploads\/sites\/8\/2021\/07\/About-Us_4-1024x683.jpg\" data-width=\"724\" data-height=\"483\" aria-label=\"\" role=\"img\" ><\/div>\n\t\t\t\t\t\t\t\t\t\t\t<div class=\"elementor-gallery-item__overlay\"><\/div>\n\t\t\t\t\t\t\t\t\t\t\t\t\t\t<\/a>\n\t\t\t\t\t\t\t<a class=\"e-gallery-item elementor-gallery-item elementor-animated-content\" href=\"https:\/\/www.unavets.com\/alella\/wp-content\/uploads\/sites\/8\/2023\/03\/5-e1751960957759.jpg\" data-elementor-open-lightbox=\"yes\" data-elementor-lightbox-slideshow=\"6047cd2\" data-elementor-lightbox-title=\"5\" data-e-action-hash=\"#elementor-action%3Aaction%3Dlightbox%26settings%3DeyJpZCI6MTc4NzMsInVybCI6Imh0dHBzOlwvXC93d3cudW5hdmV0cy5jb21cL2FsZWxsYVwvd3AtY29udGVudFwvdXBsb2Fkc1wvc2l0ZXNcLzhcLzIwMjNcLzAzXC81LWUxNzUxOTYwOTU3NzU5LmpwZyIsInNsaWRlc2hvdyI6IjYwNDdjZDIifQ%3D%3D\">\n\t\t\t\t\t<div class=\"e-gallery-image elementor-gallery-item__image\" data-thumbnail=\"https:\/\/www.unavets.com\/alella\/wp-content\/uploads\/sites\/8\/2023\/03\/5-e1751960957759.jpg\" data-width=\"401\" data-height=\"457\" aria-label=\"\" role=\"img\" ><\/div>\n\t\t\t\t\t\t\t\t\t\t\t<div class=\"elementor-gallery-item__overlay\"><\/div>\n\t\t\t\t\t\t\t\t\t\t\t\t\t\t<\/a>\n\t\t\t\t\t\t\t<a class=\"e-gallery-item elementor-gallery-item elementor-animated-content\" href=\"https:\/\/www.unavets.com\/alella\/wp-content\/uploads\/sites\/8\/2023\/03\/4.jpg\" data-elementor-open-lightbox=\"yes\" data-elementor-lightbox-slideshow=\"6047cd2\" data-elementor-lightbox-title=\"4\" data-e-action-hash=\"#elementor-action%3Aaction%3Dlightbox%26settings%3DeyJpZCI6MTc4NzYsInVybCI6Imh0dHBzOlwvXC93d3cudW5hdmV0cy5jb21cL2FsZWxsYVwvd3AtY29udGVudFwvdXBsb2Fkc1wvc2l0ZXNcLzhcLzIwMjNcLzAzXC80LmpwZyIsInNsaWRlc2hvdyI6IjYwNDdjZDIifQ%3D%3D\">\n\t\t\t\t\t<div class=\"e-gallery-image elementor-gallery-item__image\" data-thumbnail=\"https:\/\/www.unavets.com\/alella\/wp-content\/uploads\/sites\/8\/2023\/03\/4.jpg\" data-width=\"424\" data-height=\"432\" aria-label=\"\" role=\"img\" ><\/div>\n\t\t\t\t\t\t\t\t\t\t\t<div class=\"elementor-gallery-item__overlay\"><\/div>\n\t\t\t\t\t\t\t\t\t\t\t\t\t\t<\/a>\n\t\t\t\t\t\t\t<a class=\"e-gallery-item elementor-gallery-item elementor-animated-content\" href=\"https:\/\/www.unavets.com\/alella\/wp-content\/uploads\/sites\/8\/2023\/03\/1.jpg\" data-elementor-open-lightbox=\"yes\" data-elementor-lightbox-slideshow=\"6047cd2\" data-elementor-lightbox-title=\"1\" data-e-action-hash=\"#elementor-action%3Aaction%3Dlightbox%26settings%3DeyJpZCI6MTc4ODUsInVybCI6Imh0dHBzOlwvXC93d3cudW5hdmV0cy5jb21cL2FsZWxsYVwvd3AtY29udGVudFwvdXBsb2Fkc1wvc2l0ZXNcLzhcLzIwMjNcLzAzXC8xLmpwZyIsInNsaWRlc2hvdyI6IjYwNDdjZDIifQ%3D%3D\">\n\t\t\t\t\t<div class=\"e-gallery-image elementor-gallery-item__image\" data-thumbnail=\"https:\/\/www.unavets.com\/alella\/wp-content\/uploads\/sites\/8\/2023\/03\/1.jpg\" data-width=\"724\" data-height=\"633\" aria-label=\"\" role=\"img\" ><\/div>\n\t\t\t\t\t\t\t\t\t\t\t<div class=\"elementor-gallery-item__overlay\"><\/div>\n\t\t\t\t\t\t\t\t\t\t\t\t\t\t<\/a>\n\t\t\t\t\t<\/div>\n\t\t\t\t\t<\/div>\n\t\t\t\t<\/div>\n\t\t\t\t\t<\/div>\n\t\t<\/div>\n\t\t\t\t\t<\/div>\n\t\t<\/section>\n\t\t\t\t<\/div>\n\t\t","protected":false},"excerpt":{"rendered":"<p>Cl\u00ednica veterin\u00e0ria a Alella, Barcelona amb servei d&#8217;urg\u00e8ncies les 24h Ens avalen 29 anys d&#8217;experi\u00e8ncia en la cura de mascotes. El Centre Veterinari Alella va ser inaugurat l&#8217;abril de 1992 en plena euf\u00f2ria ol\u00edmpica, una carrera inicialment dura i en solitari que va anar arrelant a poc a poc en la vida social de la &hellip; <\/p>\n","protected":false},"author":1,"featured_media":0,"parent":0,"menu_order":0,"comment_status":"closed","ping_status":"closed","template":"page-fullwidth.php","meta":{"_acf_changed":false,"content-type":"","footnotes":""},"class_list":["post-13547","page","type-page","status-publish","hentry"],"acf":[],"_links":{"self":[{"href":"https:\/\/www.unavets.com\/alella\/ca\/wp-json\/wp\/v2\/pages\/13547","targetHints":{"allow":["GET"]}}],"collection":[{"href":"https:\/\/www.unavets.com\/alella\/ca\/wp-json\/wp\/v2\/pages"}],"about":[{"href":"https:\/\/www.unavets.com\/alella\/ca\/wp-json\/wp\/v2\/types\/page"}],"author":[{"embeddable":true,"href":"https:\/\/www.unavets.com\/alella\/ca\/wp-json\/wp\/v2\/users\/1"}],"replies":[{"embeddable":true,"href":"https:\/\/www.unavets.com\/alella\/ca\/wp-json\/wp\/v2\/comments?post=13547"}],"version-history":[{"count":3,"href":"https:\/\/www.unavets.com\/alella\/ca\/wp-json\/wp\/v2\/pages\/13547\/revisions"}],"predecessor-version":[{"id":18352,"href":"https:\/\/www.unavets.com\/alella\/ca\/wp-json\/wp\/v2\/pages\/13547\/revisions\/18352"}],"wp:attachment":[{"href":"https:\/\/www.unavets.com\/alella\/ca\/wp-json\/wp\/v2\/media?parent=13547"}],"curies":[{"name":"wp","href":"https:\/\/api.w.org\/{rel}","templated":true}]}}