{"id":20725,"date":"2025-07-10T08:20:32","date_gmt":"2025-07-10T08:20:32","guid":{"rendered":"https:\/\/www.unavets.com\/abatmarcet\/?page_id=20725"},"modified":"2025-09-11T12:07:27","modified_gmt":"2025-09-11T12:07:27","slug":"remitir-caso","status":"publish","type":"page","link":"https:\/\/www.unavets.com\/abatmarcet\/es\/remitir-caso\/","title":{"rendered":"Remitir Caso"},"content":{"rendered":"\t\t<div data-elementor-type=\"wp-page\" data-elementor-id=\"20725\" class=\"elementor elementor-20725\" data-elementor-post-type=\"page\">\n\t\t\t\t\t\t<section class=\"elementor-section elementor-top-section elementor-element elementor-element-1c9b9b7 elementor-section-boxed elementor-section-height-default elementor-section-height-default\" data-id=\"1c9b9b7\" data-element_type=\"section\" data-e-type=\"section\">\n\t\t\t\t\t\t<div class=\"elementor-container elementor-column-gap-wide\">\n\t\t\t\t\t<div class=\"elementor-column elementor-col-50 elementor-top-column elementor-element elementor-element-9c65d2c\" data-id=\"9c65d2c\" data-element_type=\"column\" data-e-type=\"column\">\n\t\t\t<div class=\"elementor-widget-wrap elementor-element-populated\">\n\t\t\t\t\t\t<div class=\"elementor-element elementor-element-b4c8946 elementor-widget elementor-widget-image\" data-id=\"b4c8946\" data-element_type=\"widget\" data-e-type=\"widget\" data-widget_type=\"image.default\">\n\t\t\t\t<div class=\"elementor-widget-container\">\n\t\t\t\t\t\t\t\t\t\t\t\t\t\t\t<img fetchpriority=\"high\" width=\"724\" height=\"483\" class=\"attachment-medium_large size-medium_large wp-image-21114 lazy\" alt=\"\" data-src=\"https:\/\/www.unavets.com\/abatmarcet\/wp-content\/uploads\/sites\/19\/2025\/09\/radio-abat-768x512.jpg\" data-lazy=\"https:\/\/www.unavets.com\/abatmarcet\/wp-content\/uploads\/sites\/19\/2025\/09\/radio-abat-768x512.jpg\" \/>\t\t\t\t\t\t\t\t\t\t\t\t\t\t\t<\/div>\n\t\t\t\t<\/div>\n\t\t\t\t\t<\/div>\n\t\t<\/div>\n\t\t\t\t<div class=\"elementor-column elementor-col-50 elementor-top-column elementor-element elementor-element-301d563\" data-id=\"301d563\" data-element_type=\"column\" data-e-type=\"column\">\n\t\t\t<div class=\"elementor-widget-wrap elementor-element-populated\">\n\t\t\t\t\t\t<div class=\"elementor-element elementor-element-b4353c6 elementor-widget elementor-widget-section_titleleft\" data-id=\"b4353c6\" data-element_type=\"widget\" data-e-type=\"widget\" data-widget_type=\"section_titleleft.default\">\n\t\t\t\t<div class=\"elementor-widget-container\">\n\t\t\t\t\t        <div class=\"ab_text-title fl-wrap\">\n            <h3>C\u00f3mo remitirnos un caso<\/h3>Servicio exclusivo para veterinarios<span class=\"section-separator fl-sec-sep\"><\/span>        <\/div>\n        \t\t\t\t<\/div>\n\t\t\t\t<\/div>\n\t\t\t\t<div class=\"elementor-element elementor-element-1eecad3 elementor-widget elementor-widget-text-editor\" data-id=\"1eecad3\" data-element_type=\"widget\" data-e-type=\"widget\" data-widget_type=\"text-editor.default\">\n\t\t\t\t<div class=\"elementor-widget-container\">\n\t\t\t\t\t\t\t\t\t<p>Si necesitas remitirnos un caso veterinario, sigue los siguientes pasos:<\/p><div>\u00a0<\/div><ol><li>Ll\u00e1manos al <a href=\"tel:937 889 816\">937 889 816<\/a>.<\/li><li>Rellena el formulario que encontrar\u00e1s m\u00e1s abajo.<\/li><li>Si tienes m\u00e1s informaci\u00f3n que quieras compartir\u00a0escr\u00edbenos al email <a href=\"mailto:referir.abatmarcet@unavets.com\">referir.abatmarcet@unavets.com<\/a>.<\/li><\/ol><p>Te iremos informando diariamente de la evoluci\u00f3n de tus pacientes teniendo la tranquilidad de que han recibido un trato\u00a0excepcional.<\/p>\t\t\t\t\t\t\t\t<\/div>\n\t\t\t\t<\/div>\n\t\t\t\t\t<\/div>\n\t\t<\/div>\n\t\t\t\t\t<\/div>\n\t\t<\/section>\n\t\t\t\t<section class=\"elementor-section elementor-top-section elementor-element elementor-element-303de50 elementor-section-boxed elementor-section-height-default elementor-section-height-default\" data-id=\"303de50\" data-element_type=\"section\" data-e-type=\"section\">\n\t\t\t\t\t\t<div class=\"elementor-container elementor-column-gap-wide\">\n\t\t\t\t\t<div class=\"elementor-column elementor-col-50 elementor-top-column elementor-element elementor-element-9aa6bed\" data-id=\"9aa6bed\" data-element_type=\"column\" data-e-type=\"column\">\n\t\t\t<div class=\"elementor-widget-wrap elementor-element-populated\">\n\t\t\t\t\t\t<div class=\"elementor-element elementor-element-fcb152a elementor-align-center elementor-widget elementor-widget-button\" data-id=\"fcb152a\" data-element_type=\"widget\" data-e-type=\"widget\" data-widget_type=\"button.default\">\n\t\t\t\t<div class=\"elementor-widget-container\">\n\t\t\t\t\t\t\t\t\t<div class=\"elementor-button-wrapper\">\n\t\t\t\t\t<a class=\"elementor-button elementor-button-link elementor-size-md\" href=\"https:\/\/www.unavets.com\/abatmarcet\/es\/formulario-remitir-caso\/\">\n\t\t\t\t\t\t<span class=\"elementor-button-content-wrapper\">\n\t\t\t\t\t\t\t\t\t<span class=\"elementor-button-text\">Formulario Remisi\u00f3n de caso<\/span>\n\t\t\t\t\t<\/span>\n\t\t\t\t\t<\/a>\n\t\t\t\t<\/div>\n\t\t\t\t\t\t\t\t<\/div>\n\t\t\t\t<\/div>\n\t\t\t\t\t<\/div>\n\t\t<\/div>\n\t\t\t\t<div class=\"elementor-column elementor-col-50 elementor-top-column elementor-element elementor-element-fdf8293\" data-id=\"fdf8293\" data-element_type=\"column\" data-e-type=\"column\">\n\t\t\t<div class=\"elementor-widget-wrap elementor-element-populated\">\n\t\t\t\t\t\t<div class=\"elementor-element elementor-element-2e85d45 elementor-align-center elementor-widget elementor-widget-button\" data-id=\"2e85d45\" data-element_type=\"widget\" data-e-type=\"widget\" data-widget_type=\"button.default\">\n\t\t\t\t<div class=\"elementor-widget-container\">\n\t\t\t\t\t\t\t\t\t<div class=\"elementor-button-wrapper\">\n\t\t\t\t\t<a class=\"elementor-button elementor-button-link elementor-size-md\" href=\"https:\/\/www.unavets.com\/abatmarcet\/es\/formulario-remitir-caso-diagnostico-por-imagen\/\">\n\t\t\t\t\t\t<span class=\"elementor-button-content-wrapper\">\n\t\t\t\t\t\t\t\t\t<span class=\"elementor-button-text\">Formulario Remisi\u00f3n de caso Diagn\u00f3stico por Imagen<\/span>\n\t\t\t\t\t<\/span>\n\t\t\t\t\t<\/a>\n\t\t\t\t<\/div>\n\t\t\t\t\t\t\t\t<\/div>\n\t\t\t\t<\/div>\n\t\t\t\t\t<\/div>\n\t\t<\/div>\n\t\t\t\t\t<\/div>\n\t\t<\/section>\n\t\t\t\t<\/div>\n\t\t","protected":false},"excerpt":{"rendered":"<p>C\u00f3mo remitirnos un caso Servicio exclusivo para veterinarios Si necesitas remitirnos un caso veterinario, sigue los siguientes pasos: \u00a0 Ll\u00e1manos al 937 889 816. Rellena el formulario que encontrar\u00e1s m\u00e1s abajo. Si tienes m\u00e1s informaci\u00f3n que quieras compartir\u00a0escr\u00edbenos al email referir.abatmarcet@unavets.com. Te iremos informando diariamente de la evoluci\u00f3n de tus pacientes teniendo la tranquilidad de &hellip; <\/p>\n","protected":false},"author":60,"featured_media":0,"parent":0,"menu_order":0,"comment_status":"closed","ping_status":"closed","template":"page-fullwidth.php","meta":{"_acf_changed":false,"content-type":"","footnotes":""},"class_list":["post-20725","page","type-page","status-publish","hentry"],"acf":[],"_links":{"self":[{"href":"https:\/\/www.unavets.com\/abatmarcet\/es\/wp-json\/wp\/v2\/pages\/20725","targetHints":{"allow":["GET"]}}],"collection":[{"href":"https:\/\/www.unavets.com\/abatmarcet\/es\/wp-json\/wp\/v2\/pages"}],"about":[{"href":"https:\/\/www.unavets.com\/abatmarcet\/es\/wp-json\/wp\/v2\/types\/page"}],"author":[{"embeddable":true,"href":"https:\/\/www.unavets.com\/abatmarcet\/es\/wp-json\/wp\/v2\/users\/60"}],"replies":[{"embeddable":true,"href":"https:\/\/www.unavets.com\/abatmarcet\/es\/wp-json\/wp\/v2\/comments?post=20725"}],"version-history":[{"count":13,"href":"https:\/\/www.unavets.com\/abatmarcet\/es\/wp-json\/wp\/v2\/pages\/20725\/revisions"}],"predecessor-version":[{"id":21119,"href":"https:\/\/www.unavets.com\/abatmarcet\/es\/wp-json\/wp\/v2\/pages\/20725\/revisions\/21119"}],"wp:attachment":[{"href":"https:\/\/www.unavets.com\/abatmarcet\/es\/wp-json\/wp\/v2\/media?parent=20725"}],"curies":[{"name":"wp","href":"https:\/\/api.w.org\/{rel}","templated":true}]}}