{"id":14493,"date":"2021-06-04T12:33:46","date_gmt":"2021-06-04T12:33:46","guid":{"rendered":"http:\/\/www.unavets.com\/abatmarcet\/?page_id=14493"},"modified":"2025-09-04T10:44:57","modified_gmt":"2025-09-04T10:44:57","slug":"cuidados-intensivos","status":"publish","type":"page","link":"https:\/\/www.unavets.com\/abatmarcet\/es\/cuidados-intensivos\/","title":{"rendered":"Cuidados Intensivos"},"content":{"rendered":"\t\t<div data-elementor-type=\"wp-page\" data-elementor-id=\"14493\" class=\"elementor elementor-14493\" data-elementor-post-type=\"page\">\n\t\t\t\t\t\t<section class=\"elementor-section elementor-top-section elementor-element elementor-element-d993722 elementor-section-boxed elementor-section-height-default elementor-section-height-default\" data-id=\"d993722\" data-element_type=\"section\" data-e-type=\"section\" id=\"main-sec\">\n\t\t\t\t\t\t<div class=\"elementor-container elementor-column-gap-default\">\n\t\t\t\t\t<div class=\"elementor-column elementor-col-50 elementor-top-column elementor-element elementor-element-065811d\" data-id=\"065811d\" data-element_type=\"column\" data-e-type=\"column\">\n\t\t\t<div class=\"elementor-widget-wrap elementor-element-populated\">\n\t\t\t\t\t\t<div class=\"elementor-element elementor-element-63d99ac elementor-widget elementor-widget-text-editor\" data-id=\"63d99ac\" data-element_type=\"widget\" data-e-type=\"widget\" data-widget_type=\"text-editor.default\">\n\t\t\t\t<div class=\"elementor-widget-container\">\n\t\t\t\t\t\t\t\t\t<p>El objetivo de los <strong>Cuidados Intensivos<\/strong> es el seguimiento de pacientes cr\u00edticos que, dependiendo de la complejidad y gravedad del caso, requieren cuidados constantes, monitorizaci\u00f3n, asistencia y terapia del m\u00e1s alto nivel.<\/p><p>Hospital Veterinario Abat Marcet, situado en Tarrasa, est\u00e1 equipado\u00a0con monitores multiparam\u00e9tricos, dispositivos de ox\u00edgeno e instalaciones c\u00f3modas que permitan una c\u00f3moda estancia en el hospital.\u00a0<\/p><p>Los principales casos de pacientes tratados en la <strong>Unidad de Cuidados Intensivos<\/strong> son coma por t\u00f3xicos, coma inducido, traumatismos craneoencef\u00e1licos, pacientes posquir\u00fargicos con dificultad para despertar, pacientes card\u00edacos y pacientes con enfermedades neurol\u00f3gicas graves (t\u00e9tanos, neuritis con insuficiencia respiratoria, estado epil\u00e9ptico, etc.).<\/p>\t\t\t\t\t\t\t\t<\/div>\n\t\t\t\t<\/div>\n\t\t\t\t<div class=\"elementor-element elementor-element-d98f0cb elementor-align-center elementor-widget elementor-widget-button\" data-id=\"d98f0cb\" data-element_type=\"widget\" data-e-type=\"widget\" data-widget_type=\"button.default\">\n\t\t\t\t<div class=\"elementor-widget-container\">\n\t\t\t\t\t\t\t\t\t<div class=\"elementor-button-wrapper\">\n\t\t\t\t\t<a class=\"elementor-button elementor-button-link elementor-size-md\" href=\"https:\/\/www.unavets.com\/abatmarcet\/es\/contacto\/\">\n\t\t\t\t\t\t<span class=\"elementor-button-content-wrapper\">\n\t\t\t\t\t\t<span class=\"elementor-button-icon\">\n\t\t\t\t<i aria-hidden=\"true\" class=\"far fa-calendar-alt\"><\/i>\t\t\t<\/span>\n\t\t\t\t\t\t\t\t\t<span class=\"elementor-button-text\">Pide cita<\/span>\n\t\t\t\t\t<\/span>\n\t\t\t\t\t<\/a>\n\t\t\t\t<\/div>\n\t\t\t\t\t\t\t\t<\/div>\n\t\t\t\t<\/div>\n\t\t\t\t\t<\/div>\n\t\t<\/div>\n\t\t\t\t<div class=\"elementor-column elementor-col-50 elementor-top-column elementor-element elementor-element-2048e61\" data-id=\"2048e61\" data-element_type=\"column\" data-e-type=\"column\">\n\t\t\t<div class=\"elementor-widget-wrap elementor-element-populated\">\n\t\t\t\t\t\t<div class=\"elementor-element elementor-element-dc7c821 elementor-widget elementor-widget-image\" data-id=\"dc7c821\" data-element_type=\"widget\" data-e-type=\"widget\" data-widget_type=\"image.default\">\n\t\t\t\t<div class=\"elementor-widget-container\">\n\t\t\t\t\t\t\t\t\t\t\t\t\t\t\t<img fetchpriority=\"high\" width=\"724\" height=\"483\" class=\"attachment-large size-large wp-image-20118 lazy\" alt=\"\" data-src=\"https:\/\/www.unavets.com\/abatmarcet\/wp-content\/uploads\/sites\/19\/2024\/09\/R5__8610.jpg\" data-lazy=\"https:\/\/www.unavets.com\/abatmarcet\/wp-content\/uploads\/sites\/19\/2024\/09\/R5__8610.jpg\" \/>\t\t\t\t\t\t\t\t\t\t\t\t\t\t\t<\/div>\n\t\t\t\t<\/div>\n\t\t\t\t\t<\/div>\n\t\t<\/div>\n\t\t\t\t\t<\/div>\n\t\t<\/section>\n\t\t\t\t<section class=\"elementor-section elementor-top-section elementor-element elementor-element-fb439b9 elementor-section-boxed elementor-section-height-default elementor-section-height-default\" data-id=\"fb439b9\" data-element_type=\"section\" data-e-type=\"section\">\n\t\t\t\t\t\t<div class=\"elementor-container elementor-column-gap-default\">\n\t\t\t\t\t<div class=\"elementor-column elementor-col-100 elementor-top-column elementor-element elementor-element-5f5ad87\" data-id=\"5f5ad87\" data-element_type=\"column\" data-e-type=\"column\">\n\t\t\t<div class=\"elementor-widget-wrap elementor-element-populated\">\n\t\t\t\t\t\t<div class=\"elementor-element elementor-element-4d2fbbd elementor-widget elementor-widget-text-editor\" data-id=\"4d2fbbd\" data-element_type=\"widget\" data-e-type=\"widget\" data-widget_type=\"text-editor.default\">\n\t\t\t\t<div class=\"elementor-widget-container\">\n\t\t\t\t\t\t\t\t\t<p><strong>\u00bfQu\u00e9 incluye el servicio?<\/strong><\/p><ul><li>Atenci\u00f3n permanente las 24 horas, los 365 d\u00edas del a\u00f1o.<\/li><li>Supervisi\u00f3n directa por veterinarios intensivistas y auxiliares especializados.<\/li><li>Monitorizaci\u00f3n continua (constantes vitales, fluidoterapia, control del dolor, etc).<\/li><li>Equipamiento completo: jaulas climatizadas, l\u00e1mparas de calor, sistemas de vigilancia y laboratorio onsite.<\/li><\/ul><p><strong>Hospitalizaci\u00f3n diferenciada por especie:<\/strong><\/p><ul><li>Perros: jaulas adaptadas a su tama\u00f1o, con acceso a patios ajardinados privados donde pueden pasear, hacer necesidades y tomar el sol acompa\u00f1ados.<\/li><li>Gatos: zonas separadas f\u00edsica y ac\u00fasticamente del resto, con jaulas confortables, control de humedad y temperatura, y protocolos calmantes (ej. feromonas Feliway\u00ae) para minimizar el estr\u00e9s.<\/li><\/ul><p><strong>\u00bfPor qu\u00e9 elegirnos?:<\/strong><\/p><ul><li>Atenci\u00f3n ininterrumpida y altamente especializada.<\/li><li>Instalaciones dise\u00f1adas para confort, recuperaci\u00f3n y seguridad.<\/li><li>Coordinaci\u00f3n directa con otras especialidades (cirug\u00eda, medicina interna, diagn\u00f3stico por imagen, etc.) para un abordaje integral.<\/li><\/ul><p><strong>Funcionamiento del servicio:<\/strong><\/p><ul><li>Se recomienda derivaci\u00f3n o cita previa, pero estamos preparados para recibir urgencias en cualquier momento.<\/li><li>Evaluaci\u00f3n inmediata al ingreso y planificaci\u00f3n de las pruebas necesarias para estabilizar al paciente y avanzar en su tratamiento.<\/li><\/ul>\t\t\t\t\t\t\t\t<\/div>\n\t\t\t\t<\/div>\n\t\t\t\t\t<\/div>\n\t\t<\/div>\n\t\t\t\t\t<\/div>\n\t\t<\/section>\n\t\t\t\t<\/div>\n\t\t","protected":false},"excerpt":{"rendered":"<p>El objetivo de los Cuidados Intensivos es el seguimiento de pacientes cr\u00edticos que, dependiendo de la complejidad y gravedad del caso, requieren cuidados constantes, monitorizaci\u00f3n, asistencia y terapia del m\u00e1s alto nivel. , situado en , est\u00e1 equipado\u00a0con monitores multiparam\u00e9tricos, dispositivos de ox\u00edgeno e instalaciones c\u00f3modas que permitan una c\u00f3moda estancia en el hospital.\u00a0 Los &hellip; <\/p>\n","protected":false},"author":4,"featured_media":0,"parent":0,"menu_order":0,"comment_status":"closed","ping_status":"closed","template":"page-fullwidth.php","meta":{"_acf_changed":false,"content-type":"","footnotes":""},"class_list":["post-14493","page","type-page","status-publish","hentry"],"acf":[],"_links":{"self":[{"href":"https:\/\/www.unavets.com\/abatmarcet\/es\/wp-json\/wp\/v2\/pages\/14493","targetHints":{"allow":["GET"]}}],"collection":[{"href":"https:\/\/www.unavets.com\/abatmarcet\/es\/wp-json\/wp\/v2\/pages"}],"about":[{"href":"https:\/\/www.unavets.com\/abatmarcet\/es\/wp-json\/wp\/v2\/types\/page"}],"author":[{"embeddable":true,"href":"https:\/\/www.unavets.com\/abatmarcet\/es\/wp-json\/wp\/v2\/users\/4"}],"replies":[{"embeddable":true,"href":"https:\/\/www.unavets.com\/abatmarcet\/es\/wp-json\/wp\/v2\/comments?post=14493"}],"version-history":[{"count":15,"href":"https:\/\/www.unavets.com\/abatmarcet\/es\/wp-json\/wp\/v2\/pages\/14493\/revisions"}],"predecessor-version":[{"id":20894,"href":"https:\/\/www.unavets.com\/abatmarcet\/es\/wp-json\/wp\/v2\/pages\/14493\/revisions\/20894"}],"wp:attachment":[{"href":"https:\/\/www.unavets.com\/abatmarcet\/es\/wp-json\/wp\/v2\/media?parent=14493"}],"curies":[{"name":"wp","href":"https:\/\/api.w.org\/{rel}","templated":true}]}}