{"id":13558,"date":"2020-10-03T08:10:58","date_gmt":"2020-10-03T08:10:58","guid":{"rendered":"http:\/\/www.unavets.com\/abatmarcet\/our-facilities\/"},"modified":"2026-01-14T08:47:22","modified_gmt":"2026-01-14T08:47:22","slug":"instalaciones","status":"publish","type":"page","link":"https:\/\/www.unavets.com\/abatmarcet\/es\/instalaciones\/","title":{"rendered":"Instalaciones"},"content":{"rendered":"\t\t<div data-elementor-type=\"wp-page\" data-elementor-id=\"13558\" class=\"elementor elementor-13558 elementor-281\" data-elementor-post-type=\"page\">\n\t\t\t\t\t\t<section class=\"elementor-section elementor-top-section elementor-element elementor-element-54cf215 pad-top-0 elementor-section-boxed elementor-section-height-default elementor-section-height-default\" data-id=\"54cf215\" data-element_type=\"section\" data-e-type=\"section\" id=\"main-sec\" data-settings=\"{&quot;background_background&quot;:&quot;classic&quot;}\">\n\t\t\t\t\t\t<div class=\"elementor-container elementor-column-gap-wide\">\n\t\t\t\t\t<div class=\"elementor-column elementor-col-100 elementor-top-column elementor-element elementor-element-d926441\" data-id=\"d926441\" data-element_type=\"column\" data-e-type=\"column\">\n\t\t\t<div class=\"elementor-widget-wrap elementor-element-populated\">\n\t\t\t\t\t\t<div class=\"elementor-element elementor-element-ac5c964 elementor-widget elementor-widget-text-editor\" data-id=\"ac5c964\" data-element_type=\"widget\" data-e-type=\"widget\" data-widget_type=\"text-editor.default\">\n\t\t\t\t<div class=\"elementor-widget-container\">\n\t\t\t\t\t\t\t\t\t<p>El Hospital Veterinario Abat Marcet cuenta con instalaciones preparadas para atender a su mascota:<\/p>\t\t\t\t\t\t\t\t<\/div>\n\t\t\t\t<\/div>\n\t\t\t\t<section class=\"elementor-section elementor-inner-section elementor-element elementor-element-98275a1 elementor-section-boxed elementor-section-height-default elementor-section-height-default\" data-id=\"98275a1\" data-element_type=\"section\" data-e-type=\"section\">\n\t\t\t\t\t\t<div class=\"elementor-container elementor-column-gap-default\">\n\t\t\t\t\t<div class=\"elementor-column elementor-col-50 elementor-inner-column elementor-element elementor-element-07b222c\" data-id=\"07b222c\" data-element_type=\"column\" data-e-type=\"column\">\n\t\t\t<div class=\"elementor-widget-wrap elementor-element-populated\">\n\t\t\t\t\t\t<div class=\"elementor-element elementor-element-44b52f4 elementor-widget elementor-widget-image\" data-id=\"44b52f4\" data-element_type=\"widget\" data-e-type=\"widget\" data-widget_type=\"image.default\">\n\t\t\t\t<div class=\"elementor-widget-container\">\n\t\t\t\t\t\t\t\t\t\t\t\t\t\t\t<img fetchpriority=\"high\" width=\"798\" height=\"532\" class=\"attachment-full size-full wp-image-20030 lazy\" alt=\"\" data-src=\"https:\/\/www.unavets.com\/abatmarcet\/wp-content\/uploads\/sites\/19\/2024\/09\/R5__8688.jpg\" data-lazy=\"https:\/\/www.unavets.com\/abatmarcet\/wp-content\/uploads\/sites\/19\/2024\/09\/R5__8688.jpg\" \/>\t\t\t\t\t\t\t\t\t\t\t\t\t\t\t<\/div>\n\t\t\t\t<\/div>\n\t\t\t\t\t<\/div>\n\t\t<\/div>\n\t\t\t\t<div class=\"elementor-column elementor-col-50 elementor-inner-column elementor-element elementor-element-e32254f\" data-id=\"e32254f\" data-element_type=\"column\" data-e-type=\"column\">\n\t\t\t<div class=\"elementor-widget-wrap elementor-element-populated\">\n\t\t\t\t\t\t<div class=\"elementor-element elementor-element-6494dd8 elementor-widget elementor-widget-text-editor\" data-id=\"6494dd8\" data-element_type=\"widget\" data-e-type=\"widget\" data-widget_type=\"text-editor.default\">\n\t\t\t\t<div class=\"elementor-widget-container\">\n\t\t\t\t\t\t\t\t\t<p>Nuestro personal e instalaciones est\u00e1n preparados para atender cualquier consulta, urgencia o cirug\u00eda lo m\u00e1s r\u00e1pidamente posible. As\u00ed como para ofrecer los cuidados necesarios en el servicio de hospitalizaci\u00f3n, donde nuestros pacientes son atendidos las 24 horas, por nuestros veterinarios.<\/p><p>Contamos con equipo tecnol\u00f3gico especializado en varias \u00e1reas:<\/p><ul><li>Laboratorio de an\u00e1lisis cl\u00ednicos<\/li><li>Aparato de rayos X<\/li><li>Ec\u00f3grafo<\/li><\/ul><p>entre otros.<\/p>\t\t\t\t\t\t\t\t<\/div>\n\t\t\t\t<\/div>\n\t\t\t\t\t<\/div>\n\t\t<\/div>\n\t\t\t\t\t<\/div>\n\t\t<\/section>\n\t\t\t\t<section class=\"elementor-section elementor-inner-section elementor-element elementor-element-cbd28ac elementor-section-boxed elementor-section-height-default elementor-section-height-default\" data-id=\"cbd28ac\" data-element_type=\"section\" data-e-type=\"section\">\n\t\t\t\t\t\t<div class=\"elementor-container elementor-column-gap-default\">\n\t\t\t\t\t<div class=\"elementor-column elementor-col-50 elementor-inner-column elementor-element elementor-element-e54cc90\" data-id=\"e54cc90\" data-element_type=\"column\" data-e-type=\"column\">\n\t\t\t<div class=\"elementor-widget-wrap elementor-element-populated\">\n\t\t\t\t\t\t<div class=\"elementor-element elementor-element-5db3b67 elementor-align-center elementor-widget elementor-widget-button\" data-id=\"5db3b67\" data-element_type=\"widget\" data-e-type=\"widget\" data-widget_type=\"button.default\">\n\t\t\t\t<div class=\"elementor-widget-container\">\n\t\t\t\t\t\t\t\t\t<div class=\"elementor-button-wrapper\">\n\t\t\t\t\t<a class=\"elementor-button elementor-button-link elementor-size-sm\" href=\"https:\/\/www.unavets.com\/abatmarcet\/es\/quienes-somos\/\">\n\t\t\t\t\t\t<span class=\"elementor-button-content-wrapper\">\n\t\t\t\t\t\t\t\t\t<span class=\"elementor-button-text\">Qui\u00e9nes somos<\/span>\n\t\t\t\t\t<\/span>\n\t\t\t\t\t<\/a>\n\t\t\t\t<\/div>\n\t\t\t\t\t\t\t\t<\/div>\n\t\t\t\t<\/div>\n\t\t\t\t\t<\/div>\n\t\t<\/div>\n\t\t\t\t<div class=\"elementor-column elementor-col-50 elementor-inner-column elementor-element elementor-element-dc3e6b5\" data-id=\"dc3e6b5\" data-element_type=\"column\" data-e-type=\"column\">\n\t\t\t<div class=\"elementor-widget-wrap elementor-element-populated\">\n\t\t\t\t\t\t<div class=\"elementor-element elementor-element-ebe1efe elementor-align-center elementor-widget elementor-widget-button\" data-id=\"ebe1efe\" data-element_type=\"widget\" data-e-type=\"widget\" data-widget_type=\"button.default\">\n\t\t\t\t<div class=\"elementor-widget-container\">\n\t\t\t\t\t\t\t\t\t<div class=\"elementor-button-wrapper\">\n\t\t\t\t\t<a class=\"elementor-button elementor-button-link elementor-size-sm\" href=\"\/abatmarcet\/es\/servicios\/\">\n\t\t\t\t\t\t<span class=\"elementor-button-content-wrapper\">\n\t\t\t\t\t\t\t\t\t<span class=\"elementor-button-text\">Servicios<\/span>\n\t\t\t\t\t<\/span>\n\t\t\t\t\t<\/a>\n\t\t\t\t<\/div>\n\t\t\t\t\t\t\t\t<\/div>\n\t\t\t\t<\/div>\n\t\t\t\t\t<\/div>\n\t\t<\/div>\n\t\t\t\t\t<\/div>\n\t\t<\/section>\n\t\t\t\t\t<\/div>\n\t\t<\/div>\n\t\t\t\t\t<\/div>\n\t\t<\/section>\n\t\t\t\t<section class=\"elementor-section elementor-top-section elementor-element elementor-element-c64bf4c elementor-section-boxed elementor-section-height-default elementor-section-height-default\" data-id=\"c64bf4c\" data-element_type=\"section\" data-e-type=\"section\">\n\t\t\t\t\t\t<div class=\"elementor-container elementor-column-gap-default\">\n\t\t\t\t\t<div class=\"elementor-column elementor-col-100 elementor-top-column elementor-element elementor-element-46ea748\" data-id=\"46ea748\" data-element_type=\"column\" data-e-type=\"column\">\n\t\t\t<div class=\"elementor-widget-wrap elementor-element-populated\">\n\t\t\t\t\t\t<div class=\"elementor-element elementor-element-0445400 elementor-widget elementor-widget-gallery\" data-id=\"0445400\" data-element_type=\"widget\" data-e-type=\"widget\" data-settings=\"{&quot;columns&quot;:&quot;3&quot;,&quot;aspect_ratio&quot;:&quot;1:1&quot;,&quot;lazyload&quot;:&quot;yes&quot;,&quot;gallery_layout&quot;:&quot;grid&quot;,&quot;columns_tablet&quot;:2,&quot;columns_mobile&quot;:1,&quot;gap&quot;:{&quot;unit&quot;:&quot;px&quot;,&quot;size&quot;:10,&quot;sizes&quot;:[]},&quot;gap_tablet&quot;:{&quot;unit&quot;:&quot;px&quot;,&quot;size&quot;:10,&quot;sizes&quot;:[]},&quot;gap_mobile&quot;:{&quot;unit&quot;:&quot;px&quot;,&quot;size&quot;:10,&quot;sizes&quot;:[]},&quot;link_to&quot;:&quot;file&quot;,&quot;overlay_background&quot;:&quot;yes&quot;,&quot;content_hover_animation&quot;:&quot;fade-in&quot;}\" data-widget_type=\"gallery.default\">\n\t\t\t\t<div class=\"elementor-widget-container\">\n\t\t\t\t\t\t\t<div class=\"elementor-gallery__container\">\n\t\t\t\t\t\t\t<a class=\"e-gallery-item elementor-gallery-item elementor-animated-content\" href=\"https:\/\/www.unavets.com\/abatmarcet\/wp-content\/uploads\/sites\/19\/2024\/09\/R5__9422.jpg\" data-elementor-open-lightbox=\"yes\" data-elementor-lightbox-slideshow=\"0445400\" data-elementor-lightbox-title=\"R5__9422.jpg\" data-e-action-hash=\"#elementor-action%3Aaction%3Dlightbox%26settings%3DeyJpZCI6MjAwMTgsInVybCI6Imh0dHBzOlwvXC93d3cudW5hdmV0cy5jb21cL2FiYXRtYXJjZXRcL3dwLWNvbnRlbnRcL3VwbG9hZHNcL3NpdGVzXC8xOVwvMjAyNFwvMDlcL1I1X185NDIyLmpwZyIsInNsaWRlc2hvdyI6IjA0NDU0MDAifQ%3D%3D\">\n\t\t\t\t\t<div class=\"e-gallery-image elementor-gallery-item__image\" data-thumbnail=\"https:\/\/www.unavets.com\/abatmarcet\/wp-content\/uploads\/sites\/19\/2024\/09\/R5__9422.jpg\" data-width=\"724\" data-height=\"905\" aria-label=\"\" role=\"img\" ><\/div>\n\t\t\t\t\t\t\t\t\t\t\t<div class=\"elementor-gallery-item__overlay\"><\/div>\n\t\t\t\t\t\t\t\t\t\t\t\t\t\t<\/a>\n\t\t\t\t\t\t\t<a class=\"e-gallery-item elementor-gallery-item elementor-animated-content\" href=\"https:\/\/www.unavets.com\/abatmarcet\/wp-content\/uploads\/sites\/19\/2024\/09\/R5__8883.jpg\" data-elementor-open-lightbox=\"yes\" data-elementor-lightbox-slideshow=\"0445400\" data-elementor-lightbox-title=\"R5__8883.jpg\" data-e-action-hash=\"#elementor-action%3Aaction%3Dlightbox%26settings%3DeyJpZCI6MjAwMjcsInVybCI6Imh0dHBzOlwvXC93d3cudW5hdmV0cy5jb21cL2FiYXRtYXJjZXRcL3dwLWNvbnRlbnRcL3VwbG9hZHNcL3NpdGVzXC8xOVwvMjAyNFwvMDlcL1I1X184ODgzLmpwZyIsInNsaWRlc2hvdyI6IjA0NDU0MDAifQ%3D%3D\">\n\t\t\t\t\t<div class=\"e-gallery-image elementor-gallery-item__image\" data-thumbnail=\"https:\/\/www.unavets.com\/abatmarcet\/wp-content\/uploads\/sites\/19\/2024\/09\/R5__8883.jpg\" data-width=\"724\" data-height=\"483\" aria-label=\"\" role=\"img\" ><\/div>\n\t\t\t\t\t\t\t\t\t\t\t<div class=\"elementor-gallery-item__overlay\"><\/div>\n\t\t\t\t\t\t\t\t\t\t\t\t\t\t<\/a>\n\t\t\t\t\t\t\t<a class=\"e-gallery-item elementor-gallery-item elementor-animated-content\" href=\"https:\/\/www.unavets.com\/abatmarcet\/wp-content\/uploads\/sites\/19\/2024\/09\/R5__8857.jpg\" data-elementor-open-lightbox=\"yes\" data-elementor-lightbox-slideshow=\"0445400\" data-elementor-lightbox-title=\"R5__8857.jpg\" data-e-action-hash=\"#elementor-action%3Aaction%3Dlightbox%26settings%3DeyJpZCI6MjAwNTksInVybCI6Imh0dHBzOlwvXC93d3cudW5hdmV0cy5jb21cL2FiYXRtYXJjZXRcL3dwLWNvbnRlbnRcL3VwbG9hZHNcL3NpdGVzXC8xOVwvMjAyNFwvMDlcL1I1X184ODU3LmpwZyIsInNsaWRlc2hvdyI6IjA0NDU0MDAifQ%3D%3D\">\n\t\t\t\t\t<div class=\"e-gallery-image elementor-gallery-item__image\" data-thumbnail=\"https:\/\/www.unavets.com\/abatmarcet\/wp-content\/uploads\/sites\/19\/2024\/09\/R5__8857.jpg\" data-width=\"724\" data-height=\"483\" aria-label=\"\" role=\"img\" ><\/div>\n\t\t\t\t\t\t\t\t\t\t\t<div class=\"elementor-gallery-item__overlay\"><\/div>\n\t\t\t\t\t\t\t\t\t\t\t\t\t\t<\/a>\n\t\t\t\t\t\t\t<a class=\"e-gallery-item elementor-gallery-item elementor-animated-content\" href=\"https:\/\/www.unavets.com\/abatmarcet\/wp-content\/uploads\/sites\/19\/2024\/09\/R5__8968.jpg\" data-elementor-open-lightbox=\"yes\" data-elementor-lightbox-slideshow=\"0445400\" data-elementor-lightbox-title=\"R5__8968.jpg\" data-e-action-hash=\"#elementor-action%3Aaction%3Dlightbox%26settings%3DeyJpZCI6MjAwNzEsInVybCI6Imh0dHBzOlwvXC93d3cudW5hdmV0cy5jb21cL2FiYXRtYXJjZXRcL3dwLWNvbnRlbnRcL3VwbG9hZHNcL3NpdGVzXC8xOVwvMjAyNFwvMDlcL1I1X184OTY4LmpwZyIsInNsaWRlc2hvdyI6IjA0NDU0MDAifQ%3D%3D\">\n\t\t\t\t\t<div class=\"e-gallery-image elementor-gallery-item__image\" data-thumbnail=\"https:\/\/www.unavets.com\/abatmarcet\/wp-content\/uploads\/sites\/19\/2024\/09\/R5__8968.jpg\" data-width=\"724\" data-height=\"483\" aria-label=\"\" role=\"img\" ><\/div>\n\t\t\t\t\t\t\t\t\t\t\t<div class=\"elementor-gallery-item__overlay\"><\/div>\n\t\t\t\t\t\t\t\t\t\t\t\t\t\t<\/a>\n\t\t\t\t\t\t\t<a class=\"e-gallery-item elementor-gallery-item elementor-animated-content\" href=\"https:\/\/www.unavets.com\/abatmarcet\/wp-content\/uploads\/sites\/19\/2024\/09\/R5__9007.jpg\" data-elementor-open-lightbox=\"yes\" data-elementor-lightbox-slideshow=\"0445400\" data-elementor-lightbox-title=\"R5__9007.jpg\" data-e-action-hash=\"#elementor-action%3Aaction%3Dlightbox%26settings%3DeyJpZCI6MjAwNzcsInVybCI6Imh0dHBzOlwvXC93d3cudW5hdmV0cy5jb21cL2FiYXRtYXJjZXRcL3dwLWNvbnRlbnRcL3VwbG9hZHNcL3NpdGVzXC8xOVwvMjAyNFwvMDlcL1I1X185MDA3LmpwZyIsInNsaWRlc2hvdyI6IjA0NDU0MDAifQ%3D%3D\">\n\t\t\t\t\t<div class=\"e-gallery-image elementor-gallery-item__image\" data-thumbnail=\"https:\/\/www.unavets.com\/abatmarcet\/wp-content\/uploads\/sites\/19\/2024\/09\/R5__9007.jpg\" data-width=\"724\" data-height=\"483\" aria-label=\"\" role=\"img\" ><\/div>\n\t\t\t\t\t\t\t\t\t\t\t<div class=\"elementor-gallery-item__overlay\"><\/div>\n\t\t\t\t\t\t\t\t\t\t\t\t\t\t<\/a>\n\t\t\t\t\t\t\t<a class=\"e-gallery-item elementor-gallery-item elementor-animated-content\" href=\"https:\/\/www.unavets.com\/abatmarcet\/wp-content\/uploads\/sites\/19\/2024\/09\/R5__8901.jpg\" data-elementor-open-lightbox=\"yes\" data-elementor-lightbox-slideshow=\"0445400\" data-elementor-lightbox-title=\"R5__8901.jpg\" data-e-action-hash=\"#elementor-action%3Aaction%3Dlightbox%26settings%3DeyJpZCI6MjAwMzYsInVybCI6Imh0dHBzOlwvXC93d3cudW5hdmV0cy5jb21cL2FiYXRtYXJjZXRcL3dwLWNvbnRlbnRcL3VwbG9hZHNcL3NpdGVzXC8xOVwvMjAyNFwvMDlcL1I1X184OTAxLmpwZyIsInNsaWRlc2hvdyI6IjA0NDU0MDAifQ%3D%3D\">\n\t\t\t\t\t<div class=\"e-gallery-image elementor-gallery-item__image\" data-thumbnail=\"https:\/\/www.unavets.com\/abatmarcet\/wp-content\/uploads\/sites\/19\/2024\/09\/R5__8901.jpg\" data-width=\"724\" data-height=\"483\" aria-label=\"\" role=\"img\" ><\/div>\n\t\t\t\t\t\t\t\t\t\t\t<div class=\"elementor-gallery-item__overlay\"><\/div>\n\t\t\t\t\t\t\t\t\t\t\t\t\t\t<\/a>\n\t\t\t\t\t\t\t<a class=\"e-gallery-item elementor-gallery-item elementor-animated-content\" href=\"https:\/\/www.unavets.com\/abatmarcet\/wp-content\/uploads\/sites\/19\/2024\/09\/R5__8699.jpg\" data-elementor-open-lightbox=\"yes\" data-elementor-lightbox-slideshow=\"0445400\" data-elementor-lightbox-title=\"R5__8699.jpg\" data-e-action-hash=\"#elementor-action%3Aaction%3Dlightbox%26settings%3DeyJpZCI6MjAwMjQsInVybCI6Imh0dHBzOlwvXC93d3cudW5hdmV0cy5jb21cL2FiYXRtYXJjZXRcL3dwLWNvbnRlbnRcL3VwbG9hZHNcL3NpdGVzXC8xOVwvMjAyNFwvMDlcL1I1X184Njk5LmpwZyIsInNsaWRlc2hvdyI6IjA0NDU0MDAifQ%3D%3D\">\n\t\t\t\t\t<div class=\"e-gallery-image elementor-gallery-item__image\" data-thumbnail=\"https:\/\/www.unavets.com\/abatmarcet\/wp-content\/uploads\/sites\/19\/2024\/09\/R5__8699.jpg\" data-width=\"650\" data-height=\"975\" aria-label=\"\" role=\"img\" ><\/div>\n\t\t\t\t\t\t\t\t\t\t\t<div class=\"elementor-gallery-item__overlay\"><\/div>\n\t\t\t\t\t\t\t\t\t\t\t\t\t\t<\/a>\n\t\t\t\t\t\t\t<a class=\"e-gallery-item elementor-gallery-item elementor-animated-content\" href=\"https:\/\/www.unavets.com\/abatmarcet\/wp-content\/uploads\/sites\/19\/2024\/09\/R5__9454.jpg\" data-elementor-open-lightbox=\"yes\" data-elementor-lightbox-slideshow=\"0445400\" data-elementor-lightbox-title=\"R5__9454.jpg\" data-e-action-hash=\"#elementor-action%3Aaction%3Dlightbox%26settings%3DeyJpZCI6MjAwNDYsInVybCI6Imh0dHBzOlwvXC93d3cudW5hdmV0cy5jb21cL2FiYXRtYXJjZXRcL3dwLWNvbnRlbnRcL3VwbG9hZHNcL3NpdGVzXC8xOVwvMjAyNFwvMDlcL1I1X185NDU0LmpwZyIsInNsaWRlc2hvdyI6IjA0NDU0MDAifQ%3D%3D\">\n\t\t\t\t\t<div class=\"e-gallery-image elementor-gallery-item__image\" data-thumbnail=\"https:\/\/www.unavets.com\/abatmarcet\/wp-content\/uploads\/sites\/19\/2024\/09\/R5__9454.jpg\" data-width=\"724\" data-height=\"483\" aria-label=\"\" role=\"img\" ><\/div>\n\t\t\t\t\t\t\t\t\t\t\t<div class=\"elementor-gallery-item__overlay\"><\/div>\n\t\t\t\t\t\t\t\t\t\t\t\t\t\t<\/a>\n\t\t\t\t\t\t\t<a class=\"e-gallery-item elementor-gallery-item elementor-animated-content\" href=\"https:\/\/www.unavets.com\/abatmarcet\/wp-content\/uploads\/sites\/19\/2024\/09\/R5__9226.jpg\" data-elementor-open-lightbox=\"yes\" data-elementor-lightbox-slideshow=\"0445400\" data-elementor-lightbox-title=\"R5__9226.jpg\" data-e-action-hash=\"#elementor-action%3Aaction%3Dlightbox%26settings%3DeyJpZCI6MjAwODMsInVybCI6Imh0dHBzOlwvXC93d3cudW5hdmV0cy5jb21cL2FiYXRtYXJjZXRcL3dwLWNvbnRlbnRcL3VwbG9hZHNcL3NpdGVzXC8xOVwvMjAyNFwvMDlcL1I1X185MjI2LmpwZyIsInNsaWRlc2hvdyI6IjA0NDU0MDAifQ%3D%3D\">\n\t\t\t\t\t<div class=\"e-gallery-image elementor-gallery-item__image\" data-thumbnail=\"https:\/\/www.unavets.com\/abatmarcet\/wp-content\/uploads\/sites\/19\/2024\/09\/R5__9226.jpg\" data-width=\"724\" data-height=\"483\" aria-label=\"\" role=\"img\" ><\/div>\n\t\t\t\t\t\t\t\t\t\t\t<div class=\"elementor-gallery-item__overlay\"><\/div>\n\t\t\t\t\t\t\t\t\t\t\t\t\t\t<\/a>\n\t\t\t\t\t<\/div>\n\t\t\t\t\t<\/div>\n\t\t\t\t<\/div>\n\t\t\t\t\t<\/div>\n\t\t<\/div>\n\t\t\t\t\t<\/div>\n\t\t<\/section>\n\t\t\t\t<\/div>\n\t\t","protected":false},"excerpt":{"rendered":"<p>El Hospital Veterinario Abat Marcet cuenta con instalaciones preparadas para atender a su mascota: Nuestro personal e instalaciones est\u00e1n preparados para atender cualquier consulta, urgencia o cirug\u00eda lo m\u00e1s r\u00e1pidamente posible. As\u00ed como para ofrecer los cuidados necesarios en el servicio de hospitalizaci\u00f3n, donde nuestros pacientes son atendidos las 24 horas, por nuestros veterinarios. Contamos &hellip; <\/p>\n","protected":false},"author":1,"featured_media":0,"parent":0,"menu_order":0,"comment_status":"closed","ping_status":"closed","template":"page-fullwidth.php","meta":{"_acf_changed":false,"content-type":"","footnotes":""},"class_list":["post-13558","page","type-page","status-publish","hentry"],"acf":[],"_links":{"self":[{"href":"https:\/\/www.unavets.com\/abatmarcet\/es\/wp-json\/wp\/v2\/pages\/13558","targetHints":{"allow":["GET"]}}],"collection":[{"href":"https:\/\/www.unavets.com\/abatmarcet\/es\/wp-json\/wp\/v2\/pages"}],"about":[{"href":"https:\/\/www.unavets.com\/abatmarcet\/es\/wp-json\/wp\/v2\/types\/page"}],"author":[{"embeddable":true,"href":"https:\/\/www.unavets.com\/abatmarcet\/es\/wp-json\/wp\/v2\/users\/1"}],"replies":[{"embeddable":true,"href":"https:\/\/www.unavets.com\/abatmarcet\/es\/wp-json\/wp\/v2\/comments?post=13558"}],"version-history":[{"count":21,"href":"https:\/\/www.unavets.com\/abatmarcet\/es\/wp-json\/wp\/v2\/pages\/13558\/revisions"}],"predecessor-version":[{"id":21236,"href":"https:\/\/www.unavets.com\/abatmarcet\/es\/wp-json\/wp\/v2\/pages\/13558\/revisions\/21236"}],"wp:attachment":[{"href":"https:\/\/www.unavets.com\/abatmarcet\/es\/wp-json\/wp\/v2\/media?parent=13558"}],"curies":[{"name":"wp","href":"https:\/\/api.w.org\/{rel}","templated":true}]}}