{"id":12972,"date":"2020-10-27T21:41:57","date_gmt":"2020-10-27T21:41:57","guid":{"rendered":"http:\/\/www.unavets.com\/abatmarcet\/internal-medicine-2\/"},"modified":"2025-12-02T08:18:22","modified_gmt":"2025-12-02T08:18:22","slug":"medicina-interna","status":"publish","type":"page","link":"https:\/\/www.unavets.com\/abatmarcet\/es\/medicina-interna\/","title":{"rendered":"Medicina interna veterinaria"},"content":{"rendered":"\t\t<div data-elementor-type=\"wp-page\" data-elementor-id=\"12972\" class=\"elementor elementor-12972 elementor-1131\" data-elementor-post-type=\"page\">\n\t\t\t\t\t\t<section class=\"elementor-section elementor-top-section elementor-element elementor-element-3b7f1f2 elementor-section-boxed elementor-section-height-default elementor-section-height-default\" data-id=\"3b7f1f2\" data-element_type=\"section\" data-e-type=\"section\" id=\"main-sec\">\n\t\t\t\t\t\t<div class=\"elementor-container elementor-column-gap-default\">\n\t\t\t\t\t<div class=\"elementor-column elementor-col-100 elementor-top-column elementor-element elementor-element-138c88c\" data-id=\"138c88c\" data-element_type=\"column\" data-e-type=\"column\">\n\t\t\t<div class=\"elementor-widget-wrap elementor-element-populated\">\n\t\t\t\t\t\t<div class=\"elementor-element elementor-element-ec83cf0 elementor-widget elementor-widget-section_titleleft\" data-id=\"ec83cf0\" data-element_type=\"widget\" data-e-type=\"widget\" data-widget_type=\"section_titleleft.default\">\n\t\t\t\t<div class=\"elementor-widget-container\">\n\t\t\t\t\t        <div class=\"ab_text-title fl-wrap\">\n            Los especialistas en medicina interna de Hospital Veterinario Abat Marcet en Terrassa, tratan problemas en los \u00f3rganos internos de tu mascota mediante procedimientos no quir\u00fargicos.\n<span class=\"section-separator fl-sec-sep\"><\/span>        <\/div>\n        \t\t\t\t<\/div>\n\t\t\t\t<\/div>\n\t\t\t\t\t<\/div>\n\t\t<\/div>\n\t\t\t\t\t<\/div>\n\t\t<\/section>\n\t\t\t\t<section class=\"elementor-section elementor-top-section elementor-element elementor-element-d993722 elementor-section-boxed elementor-section-height-default elementor-section-height-default\" data-id=\"d993722\" data-element_type=\"section\" data-e-type=\"section\">\n\t\t\t\t\t\t<div class=\"elementor-container elementor-column-gap-default\">\n\t\t\t\t\t<div class=\"elementor-column elementor-col-50 elementor-top-column elementor-element elementor-element-065811d\" data-id=\"065811d\" data-element_type=\"column\" data-e-type=\"column\">\n\t\t\t<div class=\"elementor-widget-wrap elementor-element-populated\">\n\t\t\t\t\t\t<div class=\"elementor-element elementor-element-63d99ac elementor-widget elementor-widget-text-editor\" data-id=\"63d99ac\" data-element_type=\"widget\" data-e-type=\"widget\" data-widget_type=\"text-editor.default\">\n\t\t\t\t<div class=\"elementor-widget-container\">\n\t\t\t\t\t\t\t\t\t<p>Los especialistas de Hospital Veterinario Abat Marcet en medicina interna centran su labor en la atenci\u00f3n de aquellos animales cuyo diagn\u00f3stico es m\u00e1s complejo, debido a que experimentan s\u00edntomas en varios \u00f3rganos, aparatos o sistemas del organismo, o padecen varias enfermedades.<\/p><p>La medicina interna constituye la rama principal de la cual derivan varias <strong>subespecialidades:<\/strong><\/p><ul><li>Endocrinolog\u00eda: estudia el sistema endocrino, compuesto por la gl\u00e1ndula tiroides, las gl\u00e1ndulas suprarrenales, el p\u00e1ncreas, el hipot\u00e1lamo y la gl\u00e1ndula pituitaria.<\/li><li>Gastroenterolog\u00eda: estudia el sistema digestivo, compuesto por el es\u00f3fago, el est\u00f3mago, los intestinos delgado y grueso, el h\u00edgado, los conductos biliares y el p\u00e1ncreas.<\/li><li>Nefrolog\u00eda: estudia la estructura y funci\u00f3n de los ri\u00f1ones, as\u00ed como la prevenci\u00f3n y el tratamiento de las enfermedades renales.<\/li><li>Urolog\u00eda: estudia el tracto urinario inferior, formado por la vejiga y la uretra.<\/li><li>Neumolog\u00eda: estudia las v\u00edas respiratorias superiores \u23e4que comprenden la nariz, la nasofaringe, la laringe y la tr\u00e1quea\u23e4 y las inferiores \u23e4que incluyen los bronquios y los pulmones\u23e4.<\/li><\/ul>\t\t\t\t\t\t\t\t<\/div>\n\t\t\t\t<\/div>\n\t\t\t\t\t<\/div>\n\t\t<\/div>\n\t\t\t\t<div class=\"elementor-column elementor-col-50 elementor-top-column elementor-element elementor-element-2048e61\" data-id=\"2048e61\" data-element_type=\"column\" data-e-type=\"column\">\n\t\t\t<div class=\"elementor-widget-wrap elementor-element-populated\">\n\t\t\t\t\t\t<div class=\"elementor-element elementor-element-dc7c821 elementor-widget elementor-widget-image\" data-id=\"dc7c821\" data-element_type=\"widget\" data-e-type=\"widget\" data-widget_type=\"image.default\">\n\t\t\t\t<div class=\"elementor-widget-container\">\n\t\t\t\t\t\t\t\t\t\t\t\t\t\t\t<img fetchpriority=\"high\" width=\"724\" height=\"483\" class=\"attachment-large size-large wp-image-20121 lazy\" alt=\"\" data-src=\"https:\/\/www.unavets.com\/abatmarcet\/wp-content\/uploads\/sites\/19\/2024\/09\/R5__8869.jpg\" data-lazy=\"https:\/\/www.unavets.com\/abatmarcet\/wp-content\/uploads\/sites\/19\/2024\/09\/R5__8869.jpg\" \/>\t\t\t\t\t\t\t\t\t\t\t\t\t\t\t<\/div>\n\t\t\t\t<\/div>\n\t\t\t\t<div class=\"elementor-element elementor-element-d62dfeb elementor-align-center elementor-widget elementor-widget-button\" data-id=\"d62dfeb\" data-element_type=\"widget\" data-e-type=\"widget\" data-widget_type=\"button.default\">\n\t\t\t\t<div class=\"elementor-widget-container\">\n\t\t\t\t\t\t\t\t\t<div class=\"elementor-button-wrapper\">\n\t\t\t\t\t<a class=\"elementor-button elementor-button-link elementor-size-md\" href=\"https:\/\/www.unavets.com\/abatmarcet\/es\/contacto\/\">\n\t\t\t\t\t\t<span class=\"elementor-button-content-wrapper\">\n\t\t\t\t\t\t<span class=\"elementor-button-icon\">\n\t\t\t\t<i aria-hidden=\"true\" class=\"far fa-calendar-alt\"><\/i>\t\t\t<\/span>\n\t\t\t\t\t\t\t\t\t<span class=\"elementor-button-text\">Pide cita<\/span>\n\t\t\t\t\t<\/span>\n\t\t\t\t\t<\/a>\n\t\t\t\t<\/div>\n\t\t\t\t\t\t\t\t<\/div>\n\t\t\t\t<\/div>\n\t\t\t\t\t<\/div>\n\t\t<\/div>\n\t\t\t\t\t<\/div>\n\t\t<\/section>\n\t\t\t\t<section class=\"elementor-section elementor-top-section elementor-element elementor-element-b361de5 elementor-section-boxed elementor-section-height-default elementor-section-height-default\" data-id=\"b361de5\" data-element_type=\"section\" data-e-type=\"section\">\n\t\t\t\t\t\t<div class=\"elementor-container elementor-column-gap-default\">\n\t\t\t\t\t<div class=\"elementor-column elementor-col-50 elementor-top-column elementor-element elementor-element-1fe0537\" data-id=\"1fe0537\" data-element_type=\"column\" data-e-type=\"column\">\n\t\t\t<div class=\"elementor-widget-wrap elementor-element-populated\">\n\t\t\t\t\t\t<div class=\"elementor-element elementor-element-6bd20d0 elementor-widget elementor-widget-image\" data-id=\"6bd20d0\" data-element_type=\"widget\" data-e-type=\"widget\" data-widget_type=\"image.default\">\n\t\t\t\t<div class=\"elementor-widget-container\">\n\t\t\t\t\t\t\t\t\t\t\t\t\t\t\t<img width=\"786\" height=\"524\" class=\"attachment-townhub-featured-image size-townhub-featured-image wp-image-18703 lazy\" alt=\"\" data-src=\"https:\/\/www.unavets.com\/abatmarcet\/wp-content\/uploads\/sites\/19\/2023\/04\/4-1-4-786x524.jpg\" data-lazy=\"https:\/\/www.unavets.com\/abatmarcet\/wp-content\/uploads\/sites\/19\/2023\/04\/4-1-4-786x524.jpg\" \/>\t\t\t\t\t\t\t\t\t\t\t\t\t\t\t<\/div>\n\t\t\t\t<\/div>\n\t\t\t\t<div class=\"elementor-element elementor-element-e47a712 elementor-align-center elementor-widget elementor-widget-button\" data-id=\"e47a712\" data-element_type=\"widget\" data-e-type=\"widget\" data-widget_type=\"button.default\">\n\t\t\t\t<div class=\"elementor-widget-container\">\n\t\t\t\t\t\t\t\t\t<div class=\"elementor-button-wrapper\">\n\t\t\t\t\t<a class=\"elementor-button elementor-button-link elementor-size-md\" href=\"https:\/\/www.unavets.com\/abatmarcet\/es\/contacto\/\">\n\t\t\t\t\t\t<span class=\"elementor-button-content-wrapper\">\n\t\t\t\t\t\t<span class=\"elementor-button-icon\">\n\t\t\t\t<i aria-hidden=\"true\" class=\"far fa-calendar-alt\"><\/i>\t\t\t<\/span>\n\t\t\t\t\t\t\t\t\t<span class=\"elementor-button-text\">Pide cita<\/span>\n\t\t\t\t\t<\/span>\n\t\t\t\t\t<\/a>\n\t\t\t\t<\/div>\n\t\t\t\t\t\t\t\t<\/div>\n\t\t\t\t<\/div>\n\t\t\t\t\t<\/div>\n\t\t<\/div>\n\t\t\t\t<div class=\"elementor-column elementor-col-50 elementor-top-column elementor-element elementor-element-50e3e32\" data-id=\"50e3e32\" data-element_type=\"column\" data-e-type=\"column\">\n\t\t\t<div class=\"elementor-widget-wrap elementor-element-populated\">\n\t\t\t\t\t\t<div class=\"elementor-element elementor-element-f1d65e2 elementor-widget elementor-widget-text-editor\" data-id=\"f1d65e2\" data-element_type=\"widget\" data-e-type=\"widget\" data-widget_type=\"text-editor.default\">\n\t\t\t\t<div class=\"elementor-widget-container\">\n\t\t\t\t\t\t\t\t\t<p><strong>Enfermedades comunes que abordamos:<\/strong><\/p><ul><li>Respiratorias: colapso traqueal y s\u00edndrome braquicef\u00e1lico, neumon\u00edas, fibrosis pulmonar, problemas bronquiales cr\u00f3nicos, etc.<\/li><li>Endocrinas: diabetes, Cushing, Addison, tiroides, acromegalia, insulinoma, etc.<\/li><li>Digestivas y hep\u00e1ticas: enfermedades esof\u00e1gicas, gastritis, megacolon, hernias, tumores digestivos, etc.<\/li><li>Hem\u00e1ticas e inmunol\u00f3gicas: anemias, trombocitopenias, poliartritis, linfadenitis, fiebre de origen desconocido, etc.<\/li><li>Renales y urinarias: enfermedad renal cr\u00f3nica, glomerulopat\u00edas, litiasis, prostatitis, etc.<\/li><li>Infecciosas: leishmania, ehrlichia, parvovirus, leptospirosis, virosis felinas, entre otras, etc.<\/li><\/ul><p><strong>Colaboraci\u00f3n multidisciplinar:<\/strong><br \/>Nuestro equipo de medicina interna trabaja codo con codo con <strong>diagn\u00f3stico por imagen, oncolog\u00eda, cirug\u00eda y dermatolog\u00eda<\/strong> para elaborar planes terap\u00e9uticos personalizados.<\/p>\t\t\t\t\t\t\t\t<\/div>\n\t\t\t\t<\/div>\n\t\t\t\t\t<\/div>\n\t\t<\/div>\n\t\t\t\t\t<\/div>\n\t\t<\/section>\n\t\t\t\t<section class=\"elementor-section elementor-top-section elementor-element elementor-element-6fa0a10 elementor-section-boxed elementor-section-height-default elementor-section-height-default\" data-id=\"6fa0a10\" data-element_type=\"section\" data-e-type=\"section\">\n\t\t\t\t\t\t<div class=\"elementor-container elementor-column-gap-default\">\n\t\t\t\t\t<div class=\"elementor-column elementor-col-100 elementor-top-column elementor-element elementor-element-e8fbfa4\" data-id=\"e8fbfa4\" data-element_type=\"column\" data-e-type=\"column\">\n\t\t\t<div class=\"elementor-widget-wrap elementor-element-populated\">\n\t\t\t\t\t\t<div class=\"elementor-element elementor-element-17474cd elementor-widget elementor-widget-text-editor\" data-id=\"17474cd\" data-element_type=\"widget\" data-e-type=\"widget\" data-widget_type=\"text-editor.default\">\n\t\t\t\t<div class=\"elementor-widget-container\">\n\t\t\t\t\t\t\t\t\t<p><strong>\u00bfPor qu\u00e9 elegirnos?<\/strong><\/p><ul><li>Diagn\u00f3stico integral y enfoque sist\u00e9mico.<\/li><li>Atenci\u00f3n continua y protocolizada<\/li><li>Coordinaci\u00f3n con otras especialidades para un abordaje hol\u00edstico.<\/li><\/ul><p><strong>C\u00f3mo funciona la consulta:<\/strong><\/p><ul><li>Cita previa recomendada; en caso urgente, se valorar\u00e1 la derivaci\u00f3n a Urgencias para estabilizaci\u00f3n y pruebas b\u00e1sicas el mismo d\u00eda<\/li><li>Facilita historial cl\u00ednico previo o pruebas ya realizadas (o env\u00edalas por email) para evitar duplicar diagn\u00f3sticos.<\/li><\/ul>\t\t\t\t\t\t\t\t<\/div>\n\t\t\t\t<\/div>\n\t\t\t\t\t<\/div>\n\t\t<\/div>\n\t\t\t\t\t<\/div>\n\t\t<\/section>\n\t\t\t\t<\/div>\n\t\t","protected":false},"excerpt":{"rendered":"<p>Los especialistas en medicina interna de en Terrassa, tratan problemas en los \u00f3rganos internos de tu mascota mediante procedimientos no quir\u00fargicos. Los especialistas de en medicina interna centran su labor en la atenci\u00f3n de aquellos animales cuyo diagn\u00f3stico es m\u00e1s complejo, debido a que experimentan s\u00edntomas en varios \u00f3rganos, aparatos o sistemas del organismo, o &hellip; <\/p>\n","protected":false},"author":6,"featured_media":0,"parent":0,"menu_order":0,"comment_status":"closed","ping_status":"closed","template":"page-fullwidth.php","meta":{"_acf_changed":false,"content-type":"","footnotes":""},"class_list":["post-12972","page","type-page","status-publish","hentry"],"acf":[],"_links":{"self":[{"href":"https:\/\/www.unavets.com\/abatmarcet\/es\/wp-json\/wp\/v2\/pages\/12972","targetHints":{"allow":["GET"]}}],"collection":[{"href":"https:\/\/www.unavets.com\/abatmarcet\/es\/wp-json\/wp\/v2\/pages"}],"about":[{"href":"https:\/\/www.unavets.com\/abatmarcet\/es\/wp-json\/wp\/v2\/types\/page"}],"author":[{"embeddable":true,"href":"https:\/\/www.unavets.com\/abatmarcet\/es\/wp-json\/wp\/v2\/users\/6"}],"replies":[{"embeddable":true,"href":"https:\/\/www.unavets.com\/abatmarcet\/es\/wp-json\/wp\/v2\/comments?post=12972"}],"version-history":[{"count":10,"href":"https:\/\/www.unavets.com\/abatmarcet\/es\/wp-json\/wp\/v2\/pages\/12972\/revisions"}],"predecessor-version":[{"id":21209,"href":"https:\/\/www.unavets.com\/abatmarcet\/es\/wp-json\/wp\/v2\/pages\/12972\/revisions\/21209"}],"wp:attachment":[{"href":"https:\/\/www.unavets.com\/abatmarcet\/es\/wp-json\/wp\/v2\/media?parent=12972"}],"curies":[{"name":"wp","href":"https:\/\/api.w.org\/{rel}","templated":true}]}}