{"id":12946,"date":"2020-10-15T12:40:09","date_gmt":"2020-10-15T12:40:09","guid":{"rendered":"http:\/\/www.unavets.com\/abatmarcet\/surgery\/"},"modified":"2026-01-14T08:55:36","modified_gmt":"2026-01-14T08:55:36","slug":"cirugia","status":"publish","type":"page","link":"https:\/\/www.unavets.com\/abatmarcet\/es\/servicios\/cirugia\/","title":{"rendered":"Cirug\u00eda"},"content":{"rendered":"\t\t<div data-elementor-type=\"wp-page\" data-elementor-id=\"12946\" class=\"elementor elementor-12946 elementor-819\" data-elementor-post-type=\"page\">\n\t\t\t\t\t\t<section class=\"elementor-section elementor-top-section elementor-element elementor-element-3b7f1f2 elementor-section-boxed elementor-section-height-default elementor-section-height-default\" data-id=\"3b7f1f2\" data-element_type=\"section\" data-e-type=\"section\" id=\"main-sec\">\n\t\t\t\t\t\t<div class=\"elementor-container elementor-column-gap-default\">\n\t\t\t\t\t<div class=\"elementor-column elementor-col-100 elementor-top-column elementor-element elementor-element-138c88c\" data-id=\"138c88c\" data-element_type=\"column\" data-e-type=\"column\">\n\t\t\t<div class=\"elementor-widget-wrap elementor-element-populated\">\n\t\t\t\t\t\t<div class=\"elementor-element elementor-element-ec83cf0 elementor-widget elementor-widget-section_titleleft\" data-id=\"ec83cf0\" data-element_type=\"widget\" data-e-type=\"widget\" data-widget_type=\"section_titleleft.default\">\n\t\t\t\t<div class=\"elementor-widget-container\">\n\t\t\t\t\t        <div class=\"ab_text-title fl-wrap\">\n            <h3>Servicio de cirug\u00eda y quir\u00f3fanos<\/h3><span class=\"section-separator fl-sec-sep\"><\/span>        <\/div>\n        \t\t\t\t<\/div>\n\t\t\t\t<\/div>\n\t\t\t\t\t<\/div>\n\t\t<\/div>\n\t\t\t\t\t<\/div>\n\t\t<\/section>\n\t\t\t\t<section class=\"elementor-section elementor-top-section elementor-element elementor-element-d993722 elementor-section-boxed elementor-section-height-default elementor-section-height-default\" data-id=\"d993722\" data-element_type=\"section\" data-e-type=\"section\">\n\t\t\t\t\t\t<div class=\"elementor-container elementor-column-gap-wide\">\n\t\t\t\t\t<div class=\"elementor-column elementor-col-50 elementor-top-column elementor-element elementor-element-065811d\" data-id=\"065811d\" data-element_type=\"column\" data-e-type=\"column\">\n\t\t\t<div class=\"elementor-widget-wrap elementor-element-populated\">\n\t\t\t\t\t\t<div class=\"elementor-element elementor-element-63d99ac elementor-widget elementor-widget-text-editor\" data-id=\"63d99ac\" data-element_type=\"widget\" data-e-type=\"widget\" data-widget_type=\"text-editor.default\">\n\t\t\t\t<div class=\"elementor-widget-container\">\n\t\t\t\t\t\t\t\t\t<p>En Hospital Veterinario Abat Marcet disponemos de pre-quir\u00f3fano y quir\u00f3fano dotado con equipamiento anest\u00e9sico, monitorizaci\u00f3n, material avanzado y con personal cualificado para supervisar de manera segura a todos nuestros pacientes.<\/p><p>Algunos procedimientos de cirug\u00eda general y otros m\u00e1s avanzados incluyen cirug\u00eda del o\u00eddo, cirug\u00eda de la piel, cirug\u00eda traumatol\u00f3gica, cirug\u00eda oral y la mayor\u00eda de cirug\u00edas de los tejidos blandos.<\/p><p>Estamos orgullosos del equipo de profesionales, experimentados y amantes de los animales, que tienes a tu disposici\u00f3n para ayudarte, a t\u00ed y a tus mascotas.<\/p><p><strong>Tipos de cirug\u00eda que realizamos:<\/strong><\/p><ul><li>Cirug\u00eda de tejidos blandos: extracci\u00f3n de masas, cirug\u00eda abdominal, tor\u00e1cica y reconstructiva, correcci\u00f3n de hernias, cirug\u00eda de gl\u00e1ndulas, etc.<\/li><li>Cirug\u00eda ortop\u00e9dica y traumatol\u00f3gica: reparaci\u00f3n de fracturas, correcci\u00f3n de luxaciones, t\u00e9cnicas avanzadas para rotura de ligamento cruzado, etc.<\/li><li>Cirug\u00eda m\u00ednimamente invasiva: laparoscopia y toracoscopia para diagn\u00f3stico y tratamiento con menor dolor postoperatorio.<\/li><li>Cirug\u00eda oncol\u00f3gica: extirpaci\u00f3n de tumores con control de m\u00e1rgenes y reconstrucci\u00f3n.<\/li><li>Cirug\u00eda de urgencia: torsi\u00f3n g\u00e1strica, cuerpos extra\u00f1os, traumatismos graves, entre otros.<\/li><\/ul>\t\t\t\t\t\t\t\t<\/div>\n\t\t\t\t<\/div>\n\t\t\t\t\t<\/div>\n\t\t<\/div>\n\t\t\t\t<div class=\"elementor-column elementor-col-50 elementor-top-column elementor-element elementor-element-2048e61\" data-id=\"2048e61\" data-element_type=\"column\" data-e-type=\"column\">\n\t\t\t<div class=\"elementor-widget-wrap elementor-element-populated\">\n\t\t\t\t\t\t<div class=\"elementor-element elementor-element-dc7c821 elementor-widget elementor-widget-image\" data-id=\"dc7c821\" data-element_type=\"widget\" data-e-type=\"widget\" data-widget_type=\"image.default\">\n\t\t\t\t<div class=\"elementor-widget-container\">\n\t\t\t\t\t\t\t\t\t\t\t\t\t\t\t<img fetchpriority=\"high\" width=\"724\" height=\"483\" class=\"attachment-large size-large wp-image-20189 lazy\" alt=\"\" data-src=\"https:\/\/www.unavets.com\/abatmarcet\/wp-content\/uploads\/sites\/19\/2024\/09\/R5__9007-2.jpg\" data-lazy=\"https:\/\/www.unavets.com\/abatmarcet\/wp-content\/uploads\/sites\/19\/2024\/09\/R5__9007-2.jpg\" \/>\t\t\t\t\t\t\t\t\t\t\t\t\t\t\t<\/div>\n\t\t\t\t<\/div>\n\t\t\t\t<div class=\"elementor-element elementor-element-6c7d8f0 elementor-align-center elementor-widget elementor-widget-button\" data-id=\"6c7d8f0\" data-element_type=\"widget\" data-e-type=\"widget\" data-widget_type=\"button.default\">\n\t\t\t\t<div class=\"elementor-widget-container\">\n\t\t\t\t\t\t\t\t\t<div class=\"elementor-button-wrapper\">\n\t\t\t\t\t<a class=\"elementor-button elementor-button-link elementor-size-md\" href=\"https:\/\/www.unavets.com\/abatmarcet\/es\/contacto\/\">\n\t\t\t\t\t\t<span class=\"elementor-button-content-wrapper\">\n\t\t\t\t\t\t<span class=\"elementor-button-icon\">\n\t\t\t\t<i aria-hidden=\"true\" class=\"far fa-calendar-alt\"><\/i>\t\t\t<\/span>\n\t\t\t\t\t\t\t\t\t<span class=\"elementor-button-text\">Pide cita<\/span>\n\t\t\t\t\t<\/span>\n\t\t\t\t\t<\/a>\n\t\t\t\t<\/div>\n\t\t\t\t\t\t\t\t<\/div>\n\t\t\t\t<\/div>\n\t\t\t\t\t<\/div>\n\t\t<\/div>\n\t\t\t\t\t<\/div>\n\t\t<\/section>\n\t\t\t\t<section class=\"elementor-section elementor-top-section elementor-element elementor-element-149f379 elementor-section-boxed elementor-section-height-default elementor-section-height-default\" data-id=\"149f379\" data-element_type=\"section\" data-e-type=\"section\">\n\t\t\t\t\t\t<div class=\"elementor-container elementor-column-gap-wide\">\n\t\t\t\t\t<div class=\"elementor-column elementor-col-50 elementor-top-column elementor-element elementor-element-2a8ea5b\" data-id=\"2a8ea5b\" data-element_type=\"column\" data-e-type=\"column\">\n\t\t\t<div class=\"elementor-widget-wrap elementor-element-populated\">\n\t\t\t\t\t\t<div class=\"elementor-element elementor-element-01118fc elementor-widget elementor-widget-image\" data-id=\"01118fc\" data-element_type=\"widget\" data-e-type=\"widget\" data-widget_type=\"image.default\">\n\t\t\t\t<div class=\"elementor-widget-container\">\n\t\t\t\t\t\t\t\t\t\t\t\t\t\t\t<img width=\"786\" height=\"524\" class=\"attachment-townhub-featured-image size-townhub-featured-image wp-image-20208 lazy\" alt=\"\" data-src=\"https:\/\/www.unavets.com\/abatmarcet\/wp-content\/uploads\/sites\/19\/2024\/09\/R5__8885-2-786x524.jpg\" data-lazy=\"https:\/\/www.unavets.com\/abatmarcet\/wp-content\/uploads\/sites\/19\/2024\/09\/R5__8885-2-786x524.jpg\" \/>\t\t\t\t\t\t\t\t\t\t\t\t\t\t\t<\/div>\n\t\t\t\t<\/div>\n\t\t\t\t\t<\/div>\n\t\t<\/div>\n\t\t\t\t<div class=\"elementor-column elementor-col-50 elementor-top-column elementor-element elementor-element-08b8459\" data-id=\"08b8459\" data-element_type=\"column\" data-e-type=\"column\">\n\t\t\t<div class=\"elementor-widget-wrap elementor-element-populated\">\n\t\t\t\t\t\t<div class=\"elementor-element elementor-element-70fb1ad elementor-widget elementor-widget-section_titleleft\" data-id=\"70fb1ad\" data-element_type=\"widget\" data-e-type=\"widget\" data-widget_type=\"section_titleleft.default\">\n\t\t\t\t<div class=\"elementor-widget-container\">\n\t\t\t\t\t        <div class=\"ab_text-title fl-wrap\">\n            <h3>\u00bfCu\u00e1ndo considerar la cirug\u00eda?<\/h3><span class=\"section-separator fl-sec-sep\"><\/span>        <\/div>\n        \t\t\t\t<\/div>\n\t\t\t\t<\/div>\n\t\t\t\t<div class=\"elementor-element elementor-element-e1b240e elementor-widget elementor-widget-text-editor\" data-id=\"e1b240e\" data-element_type=\"widget\" data-e-type=\"widget\" data-widget_type=\"text-editor.default\">\n\t\t\t\t<div class=\"elementor-widget-container\">\n\t\t\t\t\t\t\t\t\t<ul><li>Por lesiones traumatol\u00f3gicas<\/li><li>Diagn\u00f3stico y tratamiento quir\u00fargico de la cojera<\/li><li>Diagn\u00f3stico y tratamiento de las enfermedades del desarrollo: displasia de cadera y codo.<\/li><li>Presencia de tumores<\/li><li>Abdomen agudo<\/li><li>Enfermedad del tracto urinario<\/li><li>Enfermedad intrator\u00e1cica<\/li><li>Enfermedad de las v\u00edas respiratorias<\/li><li>Tratamiento de heridas complejas<\/li><li>Tratamiento preventivo m\u00ednimamente invasivo<\/li><\/ul>\t\t\t\t\t\t\t\t<\/div>\n\t\t\t\t<\/div>\n\t\t\t\t<div class=\"elementor-element elementor-element-5fb5779 elementor-align-center elementor-widget elementor-widget-button\" data-id=\"5fb5779\" data-element_type=\"widget\" data-e-type=\"widget\" data-widget_type=\"button.default\">\n\t\t\t\t<div class=\"elementor-widget-container\">\n\t\t\t\t\t\t\t\t\t<div class=\"elementor-button-wrapper\">\n\t\t\t\t\t<a class=\"elementor-button elementor-button-link elementor-size-md\" href=\"https:\/\/www.unavets.com\/abatmarcet\/es\/contacto\/\">\n\t\t\t\t\t\t<span class=\"elementor-button-content-wrapper\">\n\t\t\t\t\t\t<span class=\"elementor-button-icon\">\n\t\t\t\t<i aria-hidden=\"true\" class=\"far fa-calendar-alt\"><\/i>\t\t\t<\/span>\n\t\t\t\t\t\t\t\t\t<span class=\"elementor-button-text\">Pide cita<\/span>\n\t\t\t\t\t<\/span>\n\t\t\t\t\t<\/a>\n\t\t\t\t<\/div>\n\t\t\t\t\t\t\t\t<\/div>\n\t\t\t\t<\/div>\n\t\t\t\t\t<\/div>\n\t\t<\/div>\n\t\t\t\t\t<\/div>\n\t\t<\/section>\n\t\t\t\t<section class=\"elementor-section elementor-top-section elementor-element elementor-element-844179f elementor-section-boxed elementor-section-height-default elementor-section-height-default\" data-id=\"844179f\" data-element_type=\"section\" data-e-type=\"section\">\n\t\t\t\t\t\t<div class=\"elementor-container elementor-column-gap-wide\">\n\t\t\t\t\t<div class=\"elementor-column elementor-col-100 elementor-top-column elementor-element elementor-element-1b6f3c3\" data-id=\"1b6f3c3\" data-element_type=\"column\" data-e-type=\"column\">\n\t\t\t<div class=\"elementor-widget-wrap elementor-element-populated\">\n\t\t\t\t\t\t<div class=\"elementor-element elementor-element-3ee0b7d elementor-widget elementor-widget-text-editor\" data-id=\"3ee0b7d\" data-element_type=\"widget\" data-e-type=\"widget\" data-widget_type=\"text-editor.default\">\n\t\t\t\t<div class=\"elementor-widget-container\">\n\t\t\t\t\t\t\t\t\t<p><strong>Colaboraci\u00f3n multidisciplinar:<\/strong><\/p><p>Trabajamos estrechamente con los servicios de anestesia, diagn\u00f3stico por imagen, medicina interna y cuidados intensivos para planificar cada intervenci\u00f3n y garantizar un manejo integral del paciente.<\/p><p><strong>Por qu\u00e9 elegirnos:<\/strong><\/p><ul><li>Tecnolog\u00eda quir\u00fargica y anest\u00e9sica de \u00faltima generaci\u00f3n.<\/li><li>Recuperaci\u00f3n monitorizada en hospitalizaci\u00f3n o UCI.<\/li><li>Comunicaci\u00f3n continua con el propietario durante todo el proceso.<\/li><\/ul><p><strong>C\u00f3mo funciona el servicio:<\/strong><\/p><ul><li>Se realiza una evaluaci\u00f3n previa completa, incluyendo pruebas de imagen y an\u00e1lisis preanest\u00e9sicos.<\/li><li>El plan quir\u00fargico se adapta a la condici\u00f3n y necesidades del paciente.<\/li><li>Seguimiento postoperatorio personalizado para optimizar la recuperaci\u00f3n y detectar posibles complicaciones de forma temprana.<\/li><\/ul>\t\t\t\t\t\t\t\t<\/div>\n\t\t\t\t<\/div>\n\t\t\t\t\t<\/div>\n\t\t<\/div>\n\t\t\t\t\t<\/div>\n\t\t<\/section>\n\t\t\t\t<\/div>\n\t\t","protected":false},"excerpt":{"rendered":"<p>Servicio de cirug\u00eda y quir\u00f3fanos En disponemos de pre-quir\u00f3fano y quir\u00f3fano dotado con equipamiento anest\u00e9sico, monitorizaci\u00f3n, material avanzado y con personal cualificado para supervisar de manera segura a todos nuestros pacientes. Algunos procedimientos de cirug\u00eda general y otros m\u00e1s avanzados incluyen cirug\u00eda del o\u00eddo, cirug\u00eda de la piel, cirug\u00eda traumatol\u00f3gica, cirug\u00eda oral y la mayor\u00eda &hellip; <\/p>\n","protected":false},"author":4,"featured_media":0,"parent":13564,"menu_order":0,"comment_status":"closed","ping_status":"closed","template":"page-fullwidth.php","meta":{"_acf_changed":false,"content-type":"","footnotes":""},"class_list":["post-12946","page","type-page","status-publish","hentry"],"acf":[],"_links":{"self":[{"href":"https:\/\/www.unavets.com\/abatmarcet\/es\/wp-json\/wp\/v2\/pages\/12946","targetHints":{"allow":["GET"]}}],"collection":[{"href":"https:\/\/www.unavets.com\/abatmarcet\/es\/wp-json\/wp\/v2\/pages"}],"about":[{"href":"https:\/\/www.unavets.com\/abatmarcet\/es\/wp-json\/wp\/v2\/types\/page"}],"author":[{"embeddable":true,"href":"https:\/\/www.unavets.com\/abatmarcet\/es\/wp-json\/wp\/v2\/users\/4"}],"replies":[{"embeddable":true,"href":"https:\/\/www.unavets.com\/abatmarcet\/es\/wp-json\/wp\/v2\/comments?post=12946"}],"version-history":[{"count":12,"href":"https:\/\/www.unavets.com\/abatmarcet\/es\/wp-json\/wp\/v2\/pages\/12946\/revisions"}],"predecessor-version":[{"id":21253,"href":"https:\/\/www.unavets.com\/abatmarcet\/es\/wp-json\/wp\/v2\/pages\/12946\/revisions\/21253"}],"up":[{"embeddable":true,"href":"https:\/\/www.unavets.com\/abatmarcet\/es\/wp-json\/wp\/v2\/pages\/13564"}],"wp:attachment":[{"href":"https:\/\/www.unavets.com\/abatmarcet\/es\/wp-json\/wp\/v2\/media?parent=12946"}],"curies":[{"name":"wp","href":"https:\/\/api.w.org\/{rel}","templated":true}]}}