{"id":12814,"date":"2020-10-27T21:13:07","date_gmt":"2020-10-27T21:13:07","guid":{"rendered":"http:\/\/www.unavets.com\/abatmarcet\/exotic-pet-care\/"},"modified":"2025-09-04T14:51:45","modified_gmt":"2025-09-04T14:51:45","slug":"animales-exoticos","status":"publish","type":"page","link":"https:\/\/www.unavets.com\/abatmarcet\/es\/animales-exoticos\/","title":{"rendered":"Animales Ex\u00f3ticos"},"content":{"rendered":"\t\t<div data-elementor-type=\"wp-page\" data-elementor-id=\"12814\" class=\"elementor elementor-12814 elementor-1110\" data-elementor-post-type=\"page\">\n\t\t\t\t\t\t<section class=\"elementor-section elementor-top-section elementor-element elementor-element-3b7f1f2 elementor-section-boxed elementor-section-height-default elementor-section-height-default\" data-id=\"3b7f1f2\" data-element_type=\"section\" data-e-type=\"section\" id=\"main-sec\">\n\t\t\t\t\t\t<div class=\"elementor-container elementor-column-gap-default\">\n\t\t\t\t\t<div class=\"elementor-column elementor-col-100 elementor-top-column elementor-element elementor-element-138c88c\" data-id=\"138c88c\" data-element_type=\"column\" data-e-type=\"column\">\n\t\t\t<div class=\"elementor-widget-wrap\">\n\t\t\t\t\t\t\t<\/div>\n\t\t<\/div>\n\t\t\t\t\t<\/div>\n\t\t<\/section>\n\t\t\t\t<section class=\"elementor-section elementor-top-section elementor-element elementor-element-d993722 elementor-section-boxed elementor-section-height-default elementor-section-height-default\" data-id=\"d993722\" data-element_type=\"section\" data-e-type=\"section\">\n\t\t\t\t\t\t<div class=\"elementor-container elementor-column-gap-default\">\n\t\t\t\t\t<div class=\"elementor-column elementor-col-50 elementor-top-column elementor-element elementor-element-065811d\" data-id=\"065811d\" data-element_type=\"column\" data-e-type=\"column\">\n\t\t\t<div class=\"elementor-widget-wrap elementor-element-populated\">\n\t\t\t\t\t\t<div class=\"elementor-element elementor-element-ec83cf0 elementor-widget elementor-widget-section_titleleft\" data-id=\"ec83cf0\" data-element_type=\"widget\" data-e-type=\"widget\" data-widget_type=\"section_titleleft.default\">\n\t\t\t\t<div class=\"elementor-widget-container\">\n\t\t\t\t\t        <div class=\"ab_text-title fl-wrap\">\n            <h3>\u00bfTienes un reptil, un ave, un conejo, un roedor o un hur\u00f3n? <\/h3>En el Hospital Veterinario Abat Marcet tambi\u00e9n atendemos animales ex\u00f3ticos. Ofrecemos atenci\u00f3n m\u00e9dica b\u00e1sica y diagn\u00f3stica adaptada a cada especie, siempre con un manejo delicado para minimizar el estr\u00e9s.<span class=\"section-separator fl-sec-sep\"><\/span>        <\/div>\n        \t\t\t\t<\/div>\n\t\t\t\t<\/div>\n\t\t\t\t<div class=\"elementor-element elementor-element-63d99ac elementor-widget__width-initial elementor-widget elementor-widget-text-editor\" data-id=\"63d99ac\" data-element_type=\"widget\" data-e-type=\"widget\" data-widget_type=\"text-editor.default\">\n\t\t\t\t<div class=\"elementor-widget-container\">\n\t\t\t\t\t\t\t\t\t<p>Xavier Valls, pionero en la medicina y cirug\u00eda de animales ex\u00f3ticos en Espa\u00f1a, tiene una amplia experiencia y reconocimiento en el \u00e1mbito de la salud de estas especies. Es experto en diagn\u00f3stico por imagen, endoscopia y cirug\u00eda de m\u00ednima invasi\u00f3n, y ha publicado numerosos art\u00edculos y libros de referencia en el sector.<\/p>\n<p>En nuestro servicio de ex\u00f3ticos ofrecemos:<\/p>\n<p>\u2022 <b>Consultas especializadas:<\/b> Atenci\u00f3n integral para la salud de tu mascota ex\u00f3tica, desde revisiones rutinarias hasta diagn\u00f3sticos y tratamientos complejos.<\/p>\n<p>\u2022 <b>Cirug\u00eda de m\u00ednima invasi\u00f3n:<\/b> T\u00e9cnicas quir\u00fargicas avanzadas que minimizan el dolor y facilitan la recuperaci\u00f3n de tu mascota.<\/p>\n<p>\u2022 <b>Endoscopia:<\/b> Exploraci\u00f3n del interior del organismo de tu mascota para un diagn\u00f3stico y tratamiento m\u00e1s precisos.<\/p>\n<p>\u2022 <b>Diagn\u00f3stico por imagen:<\/b> Radiograf\u00eda, ecograf\u00eda y TAC para obtener im\u00e1genes detalladas del cuerpo de tu mascota y detectar posibles enfermedades.<\/p>\n<p>\u2022 <b>An\u00e1lisis de laboratorio<\/b>: An\u00e1lisis completos para evaluar el estado de salud de tu mascota.<\/p>\t\t\t\t\t\t\t\t<\/div>\n\t\t\t\t<\/div>\n\t\t\t\t\t<\/div>\n\t\t<\/div>\n\t\t\t\t<div class=\"elementor-column elementor-col-50 elementor-top-column elementor-element elementor-element-2048e61\" data-id=\"2048e61\" data-element_type=\"column\" data-e-type=\"column\">\n\t\t\t<div class=\"elementor-widget-wrap elementor-element-populated\">\n\t\t\t\t\t\t<div class=\"elementor-element elementor-element-dc7c821 elementor-widget elementor-widget-image\" data-id=\"dc7c821\" data-element_type=\"widget\" data-e-type=\"widget\" data-widget_type=\"image.default\">\n\t\t\t\t<div class=\"elementor-widget-container\">\n\t\t\t\t\t\t\t\t\t\t\t\t\t\t\t<img fetchpriority=\"high\" width=\"520\" height=\"520\" class=\"attachment-large size-large wp-image-20331 lazy\" alt=\"\" data-src=\"https:\/\/www.unavets.com\/abatmarcet\/wp-content\/uploads\/sites\/19\/2024\/09\/exoticos-abat-marcet-2.jpg\" data-lazy=\"https:\/\/www.unavets.com\/abatmarcet\/wp-content\/uploads\/sites\/19\/2024\/09\/exoticos-abat-marcet-2.jpg\" \/>\t\t\t\t\t\t\t\t\t\t\t\t\t\t\t<\/div>\n\t\t\t\t<\/div>\n\t\t\t\t<div class=\"elementor-element elementor-element-23c61d2 elementor-align-center elementor-widget elementor-widget-button\" data-id=\"23c61d2\" data-element_type=\"widget\" data-e-type=\"widget\" data-widget_type=\"button.default\">\n\t\t\t\t<div class=\"elementor-widget-container\">\n\t\t\t\t\t\t\t\t\t<div class=\"elementor-button-wrapper\">\n\t\t\t\t\t<a class=\"elementor-button elementor-button-link elementor-size-md\" href=\"https:\/\/www.unavets.com\/abatmarcet\/es\/contacto\/\">\n\t\t\t\t\t\t<span class=\"elementor-button-content-wrapper\">\n\t\t\t\t\t\t<span class=\"elementor-button-icon\">\n\t\t\t\t<i aria-hidden=\"true\" class=\"far fa-calendar-alt\"><\/i>\t\t\t<\/span>\n\t\t\t\t\t\t\t\t\t<span class=\"elementor-button-text\">Pide cita<\/span>\n\t\t\t\t\t<\/span>\n\t\t\t\t\t<\/a>\n\t\t\t\t<\/div>\n\t\t\t\t\t\t\t\t<\/div>\n\t\t\t\t<\/div>\n\t\t\t\t\t<\/div>\n\t\t<\/div>\n\t\t\t\t\t<\/div>\n\t\t<\/section>\n\t\t\t\t<section class=\"elementor-section elementor-top-section elementor-element elementor-element-eff119f elementor-section-boxed elementor-section-height-default elementor-section-height-default\" data-id=\"eff119f\" data-element_type=\"section\" data-e-type=\"section\">\n\t\t\t\t\t\t<div class=\"elementor-container elementor-column-gap-default\">\n\t\t\t\t\t<div class=\"elementor-column elementor-col-100 elementor-top-column elementor-element elementor-element-09f3f3c\" data-id=\"09f3f3c\" data-element_type=\"column\" data-e-type=\"column\">\n\t\t\t<div class=\"elementor-widget-wrap elementor-element-populated\">\n\t\t\t\t\t\t<div class=\"elementor-element elementor-element-667be44 elementor-widget elementor-widget-text-editor\" data-id=\"667be44\" data-element_type=\"widget\" data-e-type=\"widget\" data-widget_type=\"text-editor.default\">\n\t\t\t\t<div class=\"elementor-widget-container\">\n\t\t\t\t\t\t\t\t\t<p><strong>Por qu\u00e9 elegirnos:<\/strong><\/p><ul><li>Experiencia en medicina general de ex\u00f3ticos.<\/li><li>Abordaje individualizado y respetuoso con cada especie.<\/li><\/ul>\t\t\t\t\t\t\t\t<\/div>\n\t\t\t\t<\/div>\n\t\t\t\t<div class=\"elementor-element elementor-element-d5cfb62 elementor-alert-info elementor-widget elementor-widget-alert\" data-id=\"d5cfb62\" data-element_type=\"widget\" data-e-type=\"widget\" data-widget_type=\"alert.default\">\n\t\t\t\t<div class=\"elementor-widget-container\">\n\t\t\t\t\t\t\t<div class=\"elementor-alert\" role=\"alert\">\n\n\t\t\t\t\t\t<span class=\"elementor-alert-title\">IMPORTANTE<\/span>\n\t\t\t\n\t\t\t\t\t\t<span class=\"elementor-alert-description\">NO SE REALIZAN HOSPITALIZACIONES DE ANIMALES EX\u00d3TICOS. \n\n<\/span>\n\t\t\t\n\t\t\t\t\t\t<button type=\"button\" class=\"elementor-alert-dismiss\" aria-label=\"Descartar esta alerta.\">\n\t\t\t\t\t\t\t\t\t<span aria-hidden=\"true\">&times;<\/span>\n\t\t\t\t\t\t\t<\/button>\n\t\t\t\n\t\t<\/div>\n\t\t\t\t\t\t<\/div>\n\t\t\t\t<\/div>\n\t\t\t\t\t<\/div>\n\t\t<\/div>\n\t\t\t\t\t<\/div>\n\t\t<\/section>\n\t\t\t\t<\/div>\n\t\t","protected":false},"excerpt":{"rendered":"<p>\u00bfTienes un reptil, un ave, un conejo, un roedor o un hur\u00f3n? En el Hospital Veterinario Abat Marcet tambi\u00e9n atendemos animales ex\u00f3ticos. Ofrecemos atenci\u00f3n m\u00e9dica b\u00e1sica y diagn\u00f3stica adaptada a cada especie, siempre con un manejo delicado para minimizar el estr\u00e9s. Xavier Valls, pionero en la medicina y cirug\u00eda de animales ex\u00f3ticos en Espa\u00f1a, tiene &hellip; <\/p>\n","protected":false},"author":6,"featured_media":0,"parent":0,"menu_order":0,"comment_status":"closed","ping_status":"closed","template":"page-fullwidth.php","meta":{"_acf_changed":false,"content-type":"","footnotes":""},"class_list":["post-12814","page","type-page","status-publish","hentry"],"acf":[],"_links":{"self":[{"href":"https:\/\/www.unavets.com\/abatmarcet\/es\/wp-json\/wp\/v2\/pages\/12814","targetHints":{"allow":["GET"]}}],"collection":[{"href":"https:\/\/www.unavets.com\/abatmarcet\/es\/wp-json\/wp\/v2\/pages"}],"about":[{"href":"https:\/\/www.unavets.com\/abatmarcet\/es\/wp-json\/wp\/v2\/types\/page"}],"author":[{"embeddable":true,"href":"https:\/\/www.unavets.com\/abatmarcet\/es\/wp-json\/wp\/v2\/users\/6"}],"replies":[{"embeddable":true,"href":"https:\/\/www.unavets.com\/abatmarcet\/es\/wp-json\/wp\/v2\/comments?post=12814"}],"version-history":[{"count":22,"href":"https:\/\/www.unavets.com\/abatmarcet\/es\/wp-json\/wp\/v2\/pages\/12814\/revisions"}],"predecessor-version":[{"id":20961,"href":"https:\/\/www.unavets.com\/abatmarcet\/es\/wp-json\/wp\/v2\/pages\/12814\/revisions\/20961"}],"wp:attachment":[{"href":"https:\/\/www.unavets.com\/abatmarcet\/es\/wp-json\/wp\/v2\/media?parent=12814"}],"curies":[{"name":"wp","href":"https:\/\/api.w.org\/{rel}","templated":true}]}}