{"id":20973,"date":"2025-09-04T15:29:53","date_gmt":"2025-09-04T15:29:53","guid":{"rendered":"https:\/\/www.unavets.com\/abatmarcet\/?page_id=20973"},"modified":"2025-11-03T11:07:05","modified_gmt":"2025-11-03T11:07:05","slug":"diagnostic-per-imatge-2","status":"publish","type":"page","link":"https:\/\/www.unavets.com\/abatmarcet\/ca\/diagnostic-per-imatge-2\/","title":{"rendered":"Diagn\u00f2stic per Imatge"},"content":{"rendered":"\t\t<div data-elementor-type=\"wp-page\" data-elementor-id=\"20973\" class=\"elementor elementor-20973 elementor-20905\" data-elementor-post-type=\"page\">\n\t\t\t\t\t\t<section class=\"elementor-section elementor-top-section elementor-element elementor-element-0d706a4 elementor-section-boxed elementor-section-height-default elementor-section-height-default\" data-id=\"0d706a4\" data-element_type=\"section\" data-e-type=\"section\">\n\t\t\t\t\t\t<div class=\"elementor-container elementor-column-gap-default\">\n\t\t\t\t\t<div class=\"elementor-column elementor-col-100 elementor-top-column elementor-element elementor-element-cc05fb8\" data-id=\"cc05fb8\" data-element_type=\"column\" data-e-type=\"column\">\n\t\t\t<div class=\"elementor-widget-wrap elementor-element-populated\">\n\t\t\t\t\t\t<div class=\"elementor-element elementor-element-a7e52bd elementor-widget elementor-widget-section_titleleft\" data-id=\"a7e52bd\" data-element_type=\"widget\" data-e-type=\"widget\" data-widget_type=\"section_titleleft.default\">\n\t\t\t\t<div class=\"elementor-widget-container\">\n\t\t\t\t\t        <div class=\"ab_text-title fl-wrap\">\n            <h3>Per qu\u00e8 s\u00f3n importants les proves de diagn\u00f2stic?<\/h3><span class=\"section-separator fl-sec-sep\"><\/span>        <\/div>\n        \t\t\t\t<\/div>\n\t\t\t\t<\/div>\n\t\t\t\t\t<\/div>\n\t\t<\/div>\n\t\t\t\t\t<\/div>\n\t\t<\/section>\n\t\t\t\t<section class=\"elementor-section elementor-top-section elementor-element elementor-element-bfcaf9a elementor-section-boxed elementor-section-height-default elementor-section-height-default\" data-id=\"bfcaf9a\" data-element_type=\"section\" data-e-type=\"section\">\n\t\t\t\t\t\t<div class=\"elementor-container elementor-column-gap-default\">\n\t\t\t\t\t<div class=\"elementor-column elementor-col-50 elementor-top-column elementor-element elementor-element-ef1e9c6\" data-id=\"ef1e9c6\" data-element_type=\"column\" data-e-type=\"column\">\n\t\t\t<div class=\"elementor-widget-wrap elementor-element-populated\">\n\t\t\t\t\t\t<div class=\"elementor-element elementor-element-791b370 elementor-widget elementor-widget-text-editor\" data-id=\"791b370\" data-element_type=\"widget\" data-e-type=\"widget\" data-widget_type=\"text-editor.default\">\n\t\t\t\t<div class=\"elementor-widget-container\">\n\t\t\t\t\t\t\t\t\t<p>Quan el teu gos o gat t\u00e9 un problema de salut, els nostres veterinaris de Hospital Veterinari Abat Marcet utilitzen diverses t\u00e8cniques per con\u00e8ixer l\u2019origen del problema.<\/p>\n<p>Els canvis en la temperatura corporal, el pes, la gana i els nivells d\u2019energia poden assenyalar un problema que requereix d\u2019una inspecci\u00f3 addicional. Parts del cos que s\u2019han tornat sensibles o la retic\u00e8ncia de l\u2019animal a posar pes a les extremitats poden indicar un problema que no es veu a simple vista.<\/p>\n<p>En aquests casos, el metge pot aconsellar una o diverses proves que poden proporcionar informaci\u00f3 sobre qu\u00e8 passa al cos de la mascota. En alguns casos, \u00e9s possible que ni tan sols sospiteu que l\u2019animal t\u00e9 cap dificultat, per\u00f2 una prova pot revelar un problema de salut incipient que es pot tractar abans que esdevingui un problema m\u00e9s greu.<\/p>\t\t\t\t\t\t\t\t<\/div>\n\t\t\t\t<\/div>\n\t\t\t\t<div class=\"elementor-element elementor-element-d5e6b08 elementor-align-center elementor-widget elementor-widget-button\" data-id=\"d5e6b08\" data-element_type=\"widget\" data-e-type=\"widget\" data-widget_type=\"button.default\">\n\t\t\t\t<div class=\"elementor-widget-container\">\n\t\t\t\t\t\t\t\t\t<div class=\"elementor-button-wrapper\">\n\t\t\t\t\t<a class=\"elementor-button elementor-button-link elementor-size-md\" href=\"https:\/\/www.unavets.com\/abatmarcet\/ca\/contacte\/\">\n\t\t\t\t\t\t<span class=\"elementor-button-content-wrapper\">\n\t\t\t\t\t\t<span class=\"elementor-button-icon\">\n\t\t\t\t<i aria-hidden=\"true\" class=\"far fa-calendar-alt\"><\/i>\t\t\t<\/span>\n\t\t\t\t\t\t\t\t\t<span class=\"elementor-button-text\">Demana Cita<\/span>\n\t\t\t\t\t<\/span>\n\t\t\t\t\t<\/a>\n\t\t\t\t<\/div>\n\t\t\t\t\t\t\t\t<\/div>\n\t\t\t\t<\/div>\n\t\t\t\t\t<\/div>\n\t\t<\/div>\n\t\t\t\t<div class=\"elementor-column elementor-col-50 elementor-top-column elementor-element elementor-element-26c29c0\" data-id=\"26c29c0\" data-element_type=\"column\" data-e-type=\"column\">\n\t\t\t<div class=\"elementor-widget-wrap elementor-element-populated\">\n\t\t\t\t\t\t<div class=\"elementor-element elementor-element-da43ed1 elementor-widget elementor-widget-image\" data-id=\"da43ed1\" data-element_type=\"widget\" data-e-type=\"widget\" data-widget_type=\"image.default\">\n\t\t\t\t<div class=\"elementor-widget-container\">\n\t\t\t\t\t\t\t\t\t\t\t\t\t\t\t<img fetchpriority=\"high\" width=\"724\" height=\"483\" class=\"attachment-large size-large wp-image-20201 lazy\" alt=\"\" data-src=\"https:\/\/www.unavets.com\/abatmarcet\/wp-content\/uploads\/sites\/19\/2024\/09\/R5__9226-2.jpg\" data-lazy=\"https:\/\/www.unavets.com\/abatmarcet\/wp-content\/uploads\/sites\/19\/2024\/09\/R5__9226-2.jpg\" \/>\t\t\t\t\t\t\t\t\t\t\t\t\t\t\t<\/div>\n\t\t\t\t<\/div>\n\t\t\t\t\t<\/div>\n\t\t<\/div>\n\t\t\t\t\t<\/div>\n\t\t<\/section>\n\t\t\t\t<section class=\"elementor-section elementor-top-section elementor-element elementor-element-0c7db4d elementor-section-boxed elementor-section-height-default elementor-section-height-default\" data-id=\"0c7db4d\" data-element_type=\"section\" data-e-type=\"section\">\n\t\t\t\t\t\t<div class=\"elementor-container elementor-column-gap-default\">\n\t\t\t\t\t<div class=\"elementor-column elementor-col-100 elementor-top-column elementor-element elementor-element-852d0b6\" data-id=\"852d0b6\" data-element_type=\"column\" data-e-type=\"column\">\n\t\t\t<div class=\"elementor-widget-wrap elementor-element-populated\">\n\t\t\t\t\t\t<div class=\"elementor-element elementor-element-0ad4b92 elementor-widget elementor-widget-text-editor\" data-id=\"0ad4b92\" data-element_type=\"widget\" data-e-type=\"widget\" data-widget_type=\"text-editor.default\">\n\t\t\t\t<div class=\"elementor-widget-container\">\n\t\t\t\t\t\t\t\t\t<p><b>Col\u00b7laboraci\u00f3 multidisciplin\u00e0ria<\/b><\/p>\n<p>Els nostres especialistes en diagn\u00f2stic per imatge treballen estretament amb medicina interna, cirurgia i urg\u00e8ncies per agilitzar el diagn\u00f2stic i l&#8217;inici del tractament.<\/p>\n<p><b>Avantatges per al pacient:<\/b><\/p>\n<ul>\n<li>\n<p>Proves segures i m\u00ednimament invasives.<\/p>\n<\/li>\n<li>\n<p>Resultats r\u00e0pids i fiables.<\/p>\n<\/li>\n<li>\n<p>Possibilitat d&#8217;estudis avan\u00e7ats mitjan\u00e7ant col\u00b7laboraci\u00f3 externa.<\/p>\n<\/li>\n<\/ul>\t\t\t\t\t\t\t\t<\/div>\n\t\t\t\t<\/div>\n\t\t\t\t\t<\/div>\n\t\t<\/div>\n\t\t\t\t\t<\/div>\n\t\t<\/section>\n\t\t\t\t<section class=\"elementor-section elementor-top-section elementor-element elementor-element-549bb39 elementor-section-boxed elementor-section-height-default elementor-section-height-default\" data-id=\"549bb39\" data-element_type=\"section\" data-e-type=\"section\">\n\t\t\t\t\t\t<div class=\"elementor-container elementor-column-gap-default\">\n\t\t\t\t\t<div class=\"elementor-column elementor-col-100 elementor-top-column elementor-element elementor-element-6e612dd\" data-id=\"6e612dd\" data-element_type=\"column\" data-e-type=\"column\">\n\t\t\t<div class=\"elementor-widget-wrap elementor-element-populated\">\n\t\t\t\t\t\t<div class=\"elementor-element elementor-element-23c0c77 elementor-widget elementor-widget-section_titleleft\" data-id=\"23c0c77\" data-element_type=\"widget\" data-e-type=\"widget\" data-widget_type=\"section_titleleft.default\">\n\t\t\t\t<div class=\"elementor-widget-container\">\n\t\t\t\t\t        <div class=\"ab_text-title fl-wrap\">\n            <h3>Proves de diagn\u00f2stic per la imatge a l\u2019Hospital Veterinari Abat Marcet<\/h3><span class=\"section-separator fl-sec-sep\"><\/span>        <\/div>\n        \t\t\t\t<\/div>\n\t\t\t\t<\/div>\n\t\t\t\t\t<\/div>\n\t\t<\/div>\n\t\t\t\t\t<\/div>\n\t\t<\/section>\n\t\t\t\t<section class=\"elementor-section elementor-top-section elementor-element elementor-element-4989c64 elementor-section-boxed elementor-section-height-default elementor-section-height-default\" data-id=\"4989c64\" data-element_type=\"section\" data-e-type=\"section\">\n\t\t\t\t\t\t<div class=\"elementor-container elementor-column-gap-default\">\n\t\t\t\t\t<div class=\"elementor-column elementor-col-50 elementor-top-column elementor-element elementor-element-67085c5\" data-id=\"67085c5\" data-element_type=\"column\" data-e-type=\"column\">\n\t\t\t<div class=\"elementor-widget-wrap elementor-element-populated\">\n\t\t\t\t\t\t<div class=\"elementor-element elementor-element-e8e7672 elementor-widget elementor-widget-image\" data-id=\"e8e7672\" data-element_type=\"widget\" data-e-type=\"widget\" data-widget_type=\"image.default\">\n\t\t\t\t<div class=\"elementor-widget-container\">\n\t\t\t\t\t\t\t\t\t\t\t\t\t\t\t<img width=\"724\" height=\"481\" class=\"attachment-medium_large size-medium_large wp-image-21169 lazy\" alt=\"\" data-src=\"https:\/\/www.unavets.com\/abatmarcet\/wp-content\/uploads\/sites\/19\/2025\/11\/radio-abat-768x510.jpg\" data-lazy=\"https:\/\/www.unavets.com\/abatmarcet\/wp-content\/uploads\/sites\/19\/2025\/11\/radio-abat-768x510.jpg\" \/>\t\t\t\t\t\t\t\t\t\t\t\t\t\t\t<\/div>\n\t\t\t\t<\/div>\n\t\t\t\t<div class=\"elementor-element elementor-element-48120d6 elementor-align-center elementor-widget elementor-widget-button\" data-id=\"48120d6\" data-element_type=\"widget\" data-e-type=\"widget\" data-widget_type=\"button.default\">\n\t\t\t\t<div class=\"elementor-widget-container\">\n\t\t\t\t\t\t\t\t\t<div class=\"elementor-button-wrapper\">\n\t\t\t\t\t<a class=\"elementor-button elementor-button-link elementor-size-md\" href=\"https:\/\/www.unavets.com\/abatmarcet\/ca\/contacte\/\">\n\t\t\t\t\t\t<span class=\"elementor-button-content-wrapper\">\n\t\t\t\t\t\t<span class=\"elementor-button-icon\">\n\t\t\t\t<i aria-hidden=\"true\" class=\"far fa-calendar-alt\"><\/i>\t\t\t<\/span>\n\t\t\t\t\t\t\t\t\t<span class=\"elementor-button-text\">Demana Cita<\/span>\n\t\t\t\t\t<\/span>\n\t\t\t\t\t<\/a>\n\t\t\t\t<\/div>\n\t\t\t\t\t\t\t\t<\/div>\n\t\t\t\t<\/div>\n\t\t\t\t\t<\/div>\n\t\t<\/div>\n\t\t\t\t<div class=\"elementor-column elementor-col-50 elementor-top-column elementor-element elementor-element-f4ea86e\" data-id=\"f4ea86e\" data-element_type=\"column\" data-e-type=\"column\">\n\t\t\t<div class=\"elementor-widget-wrap elementor-element-populated\">\n\t\t\t\t\t\t<div class=\"elementor-element elementor-element-0fca432 elementor-widget elementor-widget-text-editor\" data-id=\"0fca432\" data-element_type=\"widget\" data-e-type=\"widget\" data-widget_type=\"text-editor.default\">\n\t\t\t\t<div class=\"elementor-widget-container\">\n\t\t\t\t\t\t\t\t\t<p>L&#8217;Hospital Veterinari Abat Marcet ofereix proves de diagn\u00f2stic per imatge com ara:<\/p>\n<ul>\n<li><b>Radiografia digital:<\/b> genera imatges m\u00e9s n\u00edtides que els aparells de raigs X tradicionals, amb una menor emissi\u00f3 de radiaci\u00f3 i una exposici\u00f3 m\u00e9s curta, cosa que suposa una millora en rapidesa i qualitat. Permet visualitzar la radiografia en un ordinador al moment i incloure-la en diferents suports inform\u00e0tics.<\/li>\n<li><b>Ecografia abdominal i tor\u00e0cica:<\/b> permeten visualitzar lesions en \u00f2rgans i altres trastorns. L&#8217;ecografia no utilitza radiaci\u00f3 ionitzant, fet que la fa segura per al seguiment d&#8217;embarassos i per a ex\u00e0mens freq\u00fcents.<\/li>\n<li><b>Ecocardiografia:<\/b> \u00e9s una t\u00e8cnica d&#8217;imatge que utilitza ultrasons per visualitzar el cor en moviment i en temps real. Permet avaluar la forma, la mida, la for\u00e7a de contracci\u00f3 del m\u00fascul card\u00edac i el funcionament de les v\u00e0lvules. \u00c9s una eina clau per al diagn\u00f2stic de malalties card\u00edaques, ja que no \u00e9s invasiva, no requereix sedaci\u00f3 en la majoria dels casos i no emet radiaci\u00f3.<\/li>\n<li><b>Endosc\u00f2pia digestiva i respirat\u00f2ria:<\/b> s&#8217;utilitza per visualitzar l&#8217;interior d&#8217;\u00f2rgans i cavitats del cos. \u00c9s \u00fatil per diagnosticar problemes digestius, sagnats, inflamacions, \u00falceres o per detectar anomalies.<\/li>\n<li><b>TAC:<\/b> \u00e9s una prova de diagn\u00f2stic per imatge que utilitza raigs X per crear imatges transversals detallades d&#8217;\u00f2rgans, ossos, teixits tous i vasos sanguinis dins del cos. A difer\u00e8ncia d&#8217;una radiografia convencional que produeix una imatge bidimensional, el TAC pren m\u00faltiples imatges des de diferents angles i despr\u00e9s les combina per generar imatges tridimensionals i d&#8217;alta resoluci\u00f3.<\/li>\n<\/ul>\n<p>Aquestes proves s\u00f3n eines importants que poden ajudar el veterinari a mantenir sans els animals de companyia durant tota la seva vida.<\/p>\t\t\t\t\t\t\t\t<\/div>\n\t\t\t\t<\/div>\n\t\t\t\t\t<\/div>\n\t\t<\/div>\n\t\t\t\t\t<\/div>\n\t\t<\/section>\n\t\t\t\t<\/div>\n\t\t","protected":false},"excerpt":{"rendered":"<p>Per qu\u00e8 s\u00f3n importants les proves de diagn\u00f2stic? Quan el teu gos o gat t\u00e9 un problema de salut, els nostres veterinaris de Hospital Veterinari Abat Marcet utilitzen diverses t\u00e8cniques per con\u00e8ixer l\u2019origen del problema. Els canvis en la temperatura corporal, el pes, la gana i els nivells d\u2019energia poden assenyalar un problema que requereix &hellip; <\/p>\n","protected":false},"author":60,"featured_media":0,"parent":0,"menu_order":0,"comment_status":"closed","ping_status":"closed","template":"page-fullwidth.php","meta":{"_acf_changed":false,"content-type":"","footnotes":""},"class_list":["post-20973","page","type-page","status-publish","hentry"],"acf":[],"_links":{"self":[{"href":"https:\/\/www.unavets.com\/abatmarcet\/ca\/wp-json\/wp\/v2\/pages\/20973","targetHints":{"allow":["GET"]}}],"collection":[{"href":"https:\/\/www.unavets.com\/abatmarcet\/ca\/wp-json\/wp\/v2\/pages"}],"about":[{"href":"https:\/\/www.unavets.com\/abatmarcet\/ca\/wp-json\/wp\/v2\/types\/page"}],"author":[{"embeddable":true,"href":"https:\/\/www.unavets.com\/abatmarcet\/ca\/wp-json\/wp\/v2\/users\/60"}],"replies":[{"embeddable":true,"href":"https:\/\/www.unavets.com\/abatmarcet\/ca\/wp-json\/wp\/v2\/comments?post=20973"}],"version-history":[{"count":10,"href":"https:\/\/www.unavets.com\/abatmarcet\/ca\/wp-json\/wp\/v2\/pages\/20973\/revisions"}],"predecessor-version":[{"id":21174,"href":"https:\/\/www.unavets.com\/abatmarcet\/ca\/wp-json\/wp\/v2\/pages\/20973\/revisions\/21174"}],"wp:attachment":[{"href":"https:\/\/www.unavets.com\/abatmarcet\/ca\/wp-json\/wp\/v2\/media?parent=20973"}],"curies":[{"name":"wp","href":"https:\/\/api.w.org\/{rel}","templated":true}]}}