{"id":14671,"date":"2021-06-10T10:48:20","date_gmt":"2021-06-10T10:48:20","guid":{"rendered":"http:\/\/www.unavets.com\/abatmarcet\/?page_id=14671"},"modified":"2025-09-05T12:25:10","modified_gmt":"2025-09-05T12:25:10","slug":"cures-intensives","status":"publish","type":"page","link":"https:\/\/www.unavets.com\/abatmarcet\/ca\/cures-intensives\/","title":{"rendered":"Cures Intensives"},"content":{"rendered":"\t\t<div data-elementor-type=\"wp-page\" data-elementor-id=\"14671\" class=\"elementor elementor-14671 elementor-14493\" data-elementor-post-type=\"page\">\n\t\t\t\t\t\t<section class=\"elementor-section elementor-top-section elementor-element elementor-element-d993722 elementor-section-boxed elementor-section-height-default elementor-section-height-default\" data-id=\"d993722\" data-element_type=\"section\" data-e-type=\"section\" id=\"main-sec\">\n\t\t\t\t\t\t<div class=\"elementor-container elementor-column-gap-default\">\n\t\t\t\t\t<div class=\"elementor-column elementor-col-50 elementor-top-column elementor-element elementor-element-065811d\" data-id=\"065811d\" data-element_type=\"column\" data-e-type=\"column\">\n\t\t\t<div class=\"elementor-widget-wrap elementor-element-populated\">\n\t\t\t\t\t\t<div class=\"elementor-element elementor-element-63d99ac elementor-widget elementor-widget-text-editor\" data-id=\"63d99ac\" data-element_type=\"widget\" data-e-type=\"widget\" data-widget_type=\"text-editor.default\">\n\t\t\t\t<div class=\"elementor-widget-container\">\n\t\t\t\t\t\t\t\t\t<p>L&#8217;objectiu de la <strong>unitat de cures intensives<\/strong> \u00e9s gestionar la recuperaci\u00f3 estable de pacients en estat cr\u00edtic, que depenent de la complexitat i severitat del cas, requereixen tractament continu, monitoratge, assist\u00e8ncia i bones dosis de ter\u00e0pia.<\/p><p>Hospital Veterinari Abat Marcet, situat a Terrassa, est\u00e0 prove\u00efta amb monitors multiparam\u00e8trics, oxigen i\u00a0 instal\u00b7lacions c\u00f2modes que permeten una estada confortable a l&#8217;Hospital.<\/p><p>En general, la <strong>unitat de cures intensives<\/strong> tracta una \u00e0mplia gamma de problemes, incloent-hi , entre d\u2019altres, el coma t\u00f2xic, coma indu\u00eft, trauma cranioencef\u00e0lic, pacients amb dificultat de despertar en el postoperatori, problemes de cor i greus problemes neurol\u00f2gics (t\u00e8tanus, neuritis amb insufici\u00e8ncia respirat\u00f2ria, estat epil\u00e8ptic, etc.).<\/p>\t\t\t\t\t\t\t\t<\/div>\n\t\t\t\t<\/div>\n\t\t\t\t<div class=\"elementor-element elementor-element-0bff96e elementor-align-center elementor-widget elementor-widget-button\" data-id=\"0bff96e\" data-element_type=\"widget\" data-e-type=\"widget\" data-widget_type=\"button.default\">\n\t\t\t\t<div class=\"elementor-widget-container\">\n\t\t\t\t\t\t\t\t\t<div class=\"elementor-button-wrapper\">\n\t\t\t\t\t<a class=\"elementor-button elementor-button-link elementor-size-md\" href=\"https:\/\/www.unavets.com\/abatmarcet\/ca\/contacte\/\">\n\t\t\t\t\t\t<span class=\"elementor-button-content-wrapper\">\n\t\t\t\t\t\t<span class=\"elementor-button-icon\">\n\t\t\t\t<i aria-hidden=\"true\" class=\"far fa-calendar-alt\"><\/i>\t\t\t<\/span>\n\t\t\t\t\t\t\t\t\t<span class=\"elementor-button-text\">Demana Cita<\/span>\n\t\t\t\t\t<\/span>\n\t\t\t\t\t<\/a>\n\t\t\t\t<\/div>\n\t\t\t\t\t\t\t\t<\/div>\n\t\t\t\t<\/div>\n\t\t\t\t\t<\/div>\n\t\t<\/div>\n\t\t\t\t<div class=\"elementor-column elementor-col-50 elementor-top-column elementor-element elementor-element-2048e61\" data-id=\"2048e61\" data-element_type=\"column\" data-e-type=\"column\">\n\t\t\t<div class=\"elementor-widget-wrap elementor-element-populated\">\n\t\t\t\t\t\t<div class=\"elementor-element elementor-element-dc7c821 elementor-widget elementor-widget-image\" data-id=\"dc7c821\" data-element_type=\"widget\" data-e-type=\"widget\" data-widget_type=\"image.default\">\n\t\t\t\t<div class=\"elementor-widget-container\">\n\t\t\t\t\t\t\t\t\t\t\t\t\t\t\t<img fetchpriority=\"high\" width=\"724\" height=\"483\" class=\"attachment-large size-large wp-image-20117 lazy\" alt=\"\" data-src=\"https:\/\/www.unavets.com\/abatmarcet\/wp-content\/uploads\/sites\/19\/2024\/09\/R5__8610.jpg\" data-lazy=\"https:\/\/www.unavets.com\/abatmarcet\/wp-content\/uploads\/sites\/19\/2024\/09\/R5__8610.jpg\" \/>\t\t\t\t\t\t\t\t\t\t\t\t\t\t\t<\/div>\n\t\t\t\t<\/div>\n\t\t\t\t\t<\/div>\n\t\t<\/div>\n\t\t\t\t\t<\/div>\n\t\t<\/section>\n\t\t\t\t<section class=\"elementor-section elementor-top-section elementor-element elementor-element-804e7a5 elementor-section-boxed elementor-section-height-default elementor-section-height-default\" data-id=\"804e7a5\" data-element_type=\"section\" data-e-type=\"section\">\n\t\t\t\t\t\t<div class=\"elementor-container elementor-column-gap-default\">\n\t\t\t\t\t<div class=\"elementor-column elementor-col-100 elementor-top-column elementor-element elementor-element-ab80799\" data-id=\"ab80799\" data-element_type=\"column\" data-e-type=\"column\">\n\t\t\t<div class=\"elementor-widget-wrap elementor-element-populated\">\n\t\t\t\t\t\t<div class=\"elementor-element elementor-element-ef1ac3b elementor-widget elementor-widget-text-editor\" data-id=\"ef1ac3b\" data-element_type=\"widget\" data-e-type=\"widget\" data-widget_type=\"text-editor.default\">\n\t\t\t\t<div class=\"elementor-widget-container\">\n\t\t\t\t\t\t\t\t\t<p><strong>Qu\u00e8 inclou el servei:<\/strong><\/p><ul><li><p>Atenci\u00f3 permanent les 24 hores, els 365 dies de l&#8217;any.<\/p><\/li><li><p>Supervisi\u00f3 directa per veterinaris intensivistes i auxiliars especialitzats.<\/p><\/li><li><p>Monitoratge continu (constants vitals, fluidoter\u00e0pia, control del dolor, etc.).<\/p><\/li><li><p>Equipament complet: g\u00e0bies climatitzades, l\u00e0mpades de calor, sistemes de vigil\u00e0ncia i laboratori in situ.<\/p><\/li><li><p>Hospitalitzaci\u00f3 diferenciada per esp\u00e8cie:<\/p><ul><li><p>Gossos: g\u00e0bies adaptades a la seva mida, amb acc\u00e9s a patis enjardinats privats on poden passejar, fer les seves necessitats i prendre el sol acompanyats.<\/p><\/li><li><p>Gats: zones separades f\u00edsicament i ac\u00fasticament de la resta, amb g\u00e0bies confortables, control d&#8217;humitat i temperatura, i protocols calmants (p. ex., feromones Feliway\u00ae) per minimitzar l&#8217;estr\u00e8s.<\/p><\/li><\/ul><\/li><\/ul><p><strong>Per qu\u00e8 triar-nos:<\/strong><\/p><ul><li><p>Atenci\u00f3 ininterrompuda i altament especialitzada.<\/p><\/li><li><p>Instal\u00b7lacions dissenyades per al confort, la recuperaci\u00f3 i la seguretat.<\/p><\/li><li><p>Coordinaci\u00f3 directa amb altres especialitats (cirurgia, medicina interna, diagn\u00f2stic per imatge, etc.) per a un abordatge integral.<\/p><\/li><\/ul><p><strong>Funcionament del servei:<\/strong><\/p><ul><li><p>Es recomana derivaci\u00f3 o cita pr\u00e8via, per\u00f2 estem preparats per rebre urg\u00e8ncies en qualsevol moment.<\/p><\/li><li><p>Avaluaci\u00f3 immediata en l&#8217;ingr\u00e9s i planificaci\u00f3 de les proves necess\u00e0ries per estabilitzar el pacient i avan\u00e7ar en el seu tractament.<\/p><\/li><\/ul>\t\t\t\t\t\t\t\t<\/div>\n\t\t\t\t<\/div>\n\t\t\t\t\t<\/div>\n\t\t<\/div>\n\t\t\t\t\t<\/div>\n\t\t<\/section>\n\t\t\t\t<\/div>\n\t\t","protected":false},"excerpt":{"rendered":"<p>L&#8217;objectiu de la unitat de cures intensives \u00e9s gestionar la recuperaci\u00f3 estable de pacients en estat cr\u00edtic, que depenent de la complexitat i severitat del cas, requereixen tractament continu, monitoratge, assist\u00e8ncia i bones dosis de ter\u00e0pia. , situat a , est\u00e0 prove\u00efta amb monitors multiparam\u00e8trics, oxigen i\u00a0 instal\u00b7lacions c\u00f2modes que permeten una estada confortable a &hellip; <\/p>\n","protected":false},"author":4,"featured_media":0,"parent":0,"menu_order":0,"comment_status":"closed","ping_status":"closed","template":"page-fullwidth.php","meta":{"_acf_changed":false,"content-type":"","footnotes":""},"class_list":["post-14671","page","type-page","status-publish","hentry"],"acf":[],"_links":{"self":[{"href":"https:\/\/www.unavets.com\/abatmarcet\/ca\/wp-json\/wp\/v2\/pages\/14671","targetHints":{"allow":["GET"]}}],"collection":[{"href":"https:\/\/www.unavets.com\/abatmarcet\/ca\/wp-json\/wp\/v2\/pages"}],"about":[{"href":"https:\/\/www.unavets.com\/abatmarcet\/ca\/wp-json\/wp\/v2\/types\/page"}],"author":[{"embeddable":true,"href":"https:\/\/www.unavets.com\/abatmarcet\/ca\/wp-json\/wp\/v2\/users\/4"}],"replies":[{"embeddable":true,"href":"https:\/\/www.unavets.com\/abatmarcet\/ca\/wp-json\/wp\/v2\/comments?post=14671"}],"version-history":[{"count":12,"href":"https:\/\/www.unavets.com\/abatmarcet\/ca\/wp-json\/wp\/v2\/pages\/14671\/revisions"}],"predecessor-version":[{"id":21032,"href":"https:\/\/www.unavets.com\/abatmarcet\/ca\/wp-json\/wp\/v2\/pages\/14671\/revisions\/21032"}],"wp:attachment":[{"href":"https:\/\/www.unavets.com\/abatmarcet\/ca\/wp-json\/wp\/v2\/media?parent=14671"}],"curies":[{"name":"wp","href":"https:\/\/api.w.org\/{rel}","templated":true}]}}