{"id":13076,"date":"2021-01-08T14:39:52","date_gmt":"2021-01-08T14:39:52","guid":{"rendered":"http:\/\/www.unavets.com\/abatmarcet\/?page_id=13076"},"modified":"2025-09-05T12:21:21","modified_gmt":"2025-09-05T12:21:21","slug":"medicina-interna","status":"publish","type":"page","link":"https:\/\/www.unavets.com\/abatmarcet\/ca\/medicina-interna\/","title":{"rendered":"Medicina interna"},"content":{"rendered":"\t\t<div data-elementor-type=\"wp-page\" data-elementor-id=\"13076\" class=\"elementor elementor-13076 elementor-1131\" data-elementor-post-type=\"page\">\n\t\t\t\t\t\t<section class=\"elementor-section elementor-top-section elementor-element elementor-element-3b7f1f2 elementor-section-boxed elementor-section-height-default elementor-section-height-default\" data-id=\"3b7f1f2\" data-element_type=\"section\" data-e-type=\"section\" id=\"main-sec\">\n\t\t\t\t\t\t<div class=\"elementor-container elementor-column-gap-default\">\n\t\t\t\t\t<div class=\"elementor-column elementor-col-100 elementor-top-column elementor-element elementor-element-138c88c\" data-id=\"138c88c\" data-element_type=\"column\" data-e-type=\"column\">\n\t\t\t<div class=\"elementor-widget-wrap elementor-element-populated\">\n\t\t\t\t\t\t<div class=\"elementor-element elementor-element-ec83cf0 elementor-widget elementor-widget-section_titleleft\" data-id=\"ec83cf0\" data-element_type=\"widget\" data-e-type=\"widget\" data-widget_type=\"section_titleleft.default\">\n\t\t\t\t<div class=\"elementor-widget-container\">\n\t\t\t\t\t        <div class=\"ab_text-title fl-wrap\">\n            Els especialistes en medicina interna de Hospital Veterinari Abat Marcet de Terrassa, tracten problemes\n en els organs iInterns de la teva mascota mitjan\u00e7ant tractaments no quir\u00fargics.<span class=\"section-separator fl-sec-sep\"><\/span>        <\/div>\n        \t\t\t\t<\/div>\n\t\t\t\t<\/div>\n\t\t\t\t\t<\/div>\n\t\t<\/div>\n\t\t\t\t\t<\/div>\n\t\t<\/section>\n\t\t\t\t<section class=\"elementor-section elementor-top-section elementor-element elementor-element-d993722 elementor-section-boxed elementor-section-height-default elementor-section-height-default\" data-id=\"d993722\" data-element_type=\"section\" data-e-type=\"section\">\n\t\t\t\t\t\t<div class=\"elementor-container elementor-column-gap-default\">\n\t\t\t\t\t<div class=\"elementor-column elementor-col-50 elementor-top-column elementor-element elementor-element-065811d\" data-id=\"065811d\" data-element_type=\"column\" data-e-type=\"column\">\n\t\t\t<div class=\"elementor-widget-wrap elementor-element-populated\">\n\t\t\t\t\t\t<div class=\"elementor-element elementor-element-63d99ac elementor-widget elementor-widget-text-editor\" data-id=\"63d99ac\" data-element_type=\"widget\" data-e-type=\"widget\" data-widget_type=\"text-editor.default\">\n\t\t\t\t<div class=\"elementor-widget-container\">\n\t\t\t\t\t\t\t\t\t<p>Els especialistes de Hospital Veterinari Abat Marcet en medicina interna centren la seva tasca en l&#8217;atenci\u00f3 de malalts amb un diagn\u00f2stic complex, que presenten s\u00edmptomes en diversos \u00f2rgans, aparells o sistemes de l&#8217;organisme o b\u00e9 pateixen diverses malalties.<\/p><p>La medicina interna constitueix la branca principal de la qual en deriven diverses subespecialitats:<\/p><ul><li>Endocrinologia: estudia el sistema endocr\u00ed, compost per la gl\u00e0ndula tiroide, les gl\u00e0ndules suprarenals, el p\u00e0ncrees, l&#8217;hipot\u00e0lem i la gl\u00e0ndula pitu\u00eft\u00e0ria.<\/li><li>Gastroenterologia: estudia el sistema digestiu, compost per l&#8217;es\u00f2fag, l&#8217;est\u00f3mac, els intestins prim i gruixut, el fetge, els conductes biliars i el p\u00e0ncrees.<\/li><li>Nefrologia: estudia l&#8217;estructura i funci\u00f3 del rony\u00f3, incloent-hi la prevenci\u00f3 i tractament de les malalties renals.<\/li><li>Urologia: estudia el tracte urinari inferior, format per la bufeta i la uretra.<\/li><li>Pneumologia: estudia les vies respirat\u00f2ries superiors (incloent-hi el nas, la nasofaringe, la laringe i la tr\u00e0quea) i les inferiors (incloent-hi els bronquis i els pulmons).<\/li><\/ul>\t\t\t\t\t\t\t\t<\/div>\n\t\t\t\t<\/div>\n\t\t\t\t\t<\/div>\n\t\t<\/div>\n\t\t\t\t<div class=\"elementor-column elementor-col-50 elementor-top-column elementor-element elementor-element-2048e61\" data-id=\"2048e61\" data-element_type=\"column\" data-e-type=\"column\">\n\t\t\t<div class=\"elementor-widget-wrap elementor-element-populated\">\n\t\t\t\t\t\t<div class=\"elementor-element elementor-element-dc7c821 elementor-widget elementor-widget-image\" data-id=\"dc7c821\" data-element_type=\"widget\" data-e-type=\"widget\" data-widget_type=\"image.default\">\n\t\t\t\t<div class=\"elementor-widget-container\">\n\t\t\t\t\t\t\t\t\t\t\t\t\t\t\t<img fetchpriority=\"high\" width=\"724\" height=\"483\" class=\"attachment-large size-large wp-image-20120 lazy\" alt=\"\" data-src=\"https:\/\/www.unavets.com\/abatmarcet\/wp-content\/uploads\/sites\/19\/2024\/09\/R5__8869.jpg\" data-lazy=\"https:\/\/www.unavets.com\/abatmarcet\/wp-content\/uploads\/sites\/19\/2024\/09\/R5__8869.jpg\" \/>\t\t\t\t\t\t\t\t\t\t\t\t\t\t\t<\/div>\n\t\t\t\t<\/div>\n\t\t\t\t<div class=\"elementor-element elementor-element-60e17cd elementor-align-center elementor-widget elementor-widget-button\" data-id=\"60e17cd\" data-element_type=\"widget\" data-e-type=\"widget\" data-widget_type=\"button.default\">\n\t\t\t\t<div class=\"elementor-widget-container\">\n\t\t\t\t\t\t\t\t\t<div class=\"elementor-button-wrapper\">\n\t\t\t\t\t<a class=\"elementor-button elementor-button-link elementor-size-md\" href=\"https:\/\/www.unavets.com\/abatmarcet\/ca\/contacte\/\">\n\t\t\t\t\t\t<span class=\"elementor-button-content-wrapper\">\n\t\t\t\t\t\t<span class=\"elementor-button-icon\">\n\t\t\t\t<i aria-hidden=\"true\" class=\"far fa-calendar-alt\"><\/i>\t\t\t<\/span>\n\t\t\t\t\t\t\t\t\t<span class=\"elementor-button-text\">Demana cita<\/span>\n\t\t\t\t\t<\/span>\n\t\t\t\t\t<\/a>\n\t\t\t\t<\/div>\n\t\t\t\t\t\t\t\t<\/div>\n\t\t\t\t<\/div>\n\t\t\t\t\t<\/div>\n\t\t<\/div>\n\t\t\t\t\t<\/div>\n\t\t<\/section>\n\t\t\t\t<section class=\"elementor-section elementor-top-section elementor-element elementor-element-708cfe4 elementor-section-boxed elementor-section-height-default elementor-section-height-default\" data-id=\"708cfe4\" data-element_type=\"section\" data-e-type=\"section\">\n\t\t\t\t\t\t<div class=\"elementor-container elementor-column-gap-default\">\n\t\t\t\t\t<div class=\"elementor-column elementor-col-50 elementor-top-column elementor-element elementor-element-05bd52b\" data-id=\"05bd52b\" data-element_type=\"column\" data-e-type=\"column\">\n\t\t\t<div class=\"elementor-widget-wrap elementor-element-populated\">\n\t\t\t\t\t\t<div class=\"elementor-element elementor-element-f3ce37c elementor-widget elementor-widget-image\" data-id=\"f3ce37c\" data-element_type=\"widget\" data-e-type=\"widget\" data-widget_type=\"image.default\">\n\t\t\t\t<div class=\"elementor-widget-container\">\n\t\t\t\t\t\t\t\t\t\t\t\t\t\t\t<img width=\"724\" height=\"489\" class=\"attachment-large size-large wp-image-18701 lazy\" alt=\"\" data-src=\"https:\/\/www.unavets.com\/abatmarcet\/wp-content\/uploads\/sites\/19\/2023\/04\/4-1-4-1024x691.jpg\" data-lazy=\"https:\/\/www.unavets.com\/abatmarcet\/wp-content\/uploads\/sites\/19\/2023\/04\/4-1-4-1024x691.jpg\" \/>\t\t\t\t\t\t\t\t\t\t\t\t\t\t\t<\/div>\n\t\t\t\t<\/div>\n\t\t\t\t<div class=\"elementor-element elementor-element-654f9f2 elementor-align-center elementor-widget elementor-widget-button\" data-id=\"654f9f2\" data-element_type=\"widget\" data-e-type=\"widget\" data-widget_type=\"button.default\">\n\t\t\t\t<div class=\"elementor-widget-container\">\n\t\t\t\t\t\t\t\t\t<div class=\"elementor-button-wrapper\">\n\t\t\t\t\t<a class=\"elementor-button elementor-button-link elementor-size-md\" href=\"https:\/\/www.unavets.com\/abatmarcet\/ca\/contacte\/\">\n\t\t\t\t\t\t<span class=\"elementor-button-content-wrapper\">\n\t\t\t\t\t\t<span class=\"elementor-button-icon\">\n\t\t\t\t<i aria-hidden=\"true\" class=\"far fa-calendar-alt\"><\/i>\t\t\t<\/span>\n\t\t\t\t\t\t\t\t\t<span class=\"elementor-button-text\">Demana cita<\/span>\n\t\t\t\t\t<\/span>\n\t\t\t\t\t<\/a>\n\t\t\t\t<\/div>\n\t\t\t\t\t\t\t\t<\/div>\n\t\t\t\t<\/div>\n\t\t\t\t\t<\/div>\n\t\t<\/div>\n\t\t\t\t<div class=\"elementor-column elementor-col-50 elementor-top-column elementor-element elementor-element-4bb04a0\" data-id=\"4bb04a0\" data-element_type=\"column\" data-e-type=\"column\">\n\t\t\t<div class=\"elementor-widget-wrap elementor-element-populated\">\n\t\t\t\t\t\t<div class=\"elementor-element elementor-element-1033525 elementor-widget elementor-widget-text-editor\" data-id=\"1033525\" data-element_type=\"widget\" data-e-type=\"widget\" data-widget_type=\"text-editor.default\">\n\t\t\t\t<div class=\"elementor-widget-container\">\n\t\t\t\t\t\t\t\t\t<h4><strong>Malalties comunes que tractem:<\/strong><\/h4><ul><li><p><b>Respirat\u00f2ries:<\/b> Col\u00b7lapse traqueal i s\u00edndrome braquicef\u00e0lica, pneum\u00f2nies, fibrosi pulmonar, problemes bronquials cr\u00f2nics, etc.<\/p><\/li><li><p><b>Endocrines:<\/b> Diabetis, Cushing, Addison, tiroide, acromeg\u00e0lia, insulinoma, etc.<\/p><\/li><li><p><b>Digestives i hep\u00e0tiques:<\/b> Malalties esof\u00e0giques, gastritis, megac\u00f2lon, h\u00e8rnies, tumors digestius, etc.<\/p><\/li><li><p><b>Hem\u00e0tiques i immunol\u00f2giques:<\/b> An\u00e8mies, trombocitop\u00e8nies, poliartritis, limfadenitis, febre d&#8217;origen desconegut, etc.<\/p><\/li><li><p><b>Renals i urin\u00e0ries:<\/b> Malaltia renal cr\u00f2nica, glomerulopaties, litiasi, prostatitis, etc.<\/p><\/li><li><p><b>Infeccioses:<\/b> Leishm\u00e0nia, ehrlichia, parvovirus, leptospirosi, virosis felines, entre d&#8217;altres, etc.<\/p><\/li><\/ul>\t\t\t\t\t\t\t\t<\/div>\n\t\t\t\t<\/div>\n\t\t\t\t\t<\/div>\n\t\t<\/div>\n\t\t\t\t\t<\/div>\n\t\t<\/section>\n\t\t\t\t<section class=\"elementor-section elementor-top-section elementor-element elementor-element-db48ea7 elementor-section-boxed elementor-section-height-default elementor-section-height-default\" data-id=\"db48ea7\" data-element_type=\"section\" data-e-type=\"section\">\n\t\t\t\t\t\t<div class=\"elementor-container elementor-column-gap-default\">\n\t\t\t\t\t<div class=\"elementor-column elementor-col-100 elementor-top-column elementor-element elementor-element-6bb1628\" data-id=\"6bb1628\" data-element_type=\"column\" data-e-type=\"column\">\n\t\t\t<div class=\"elementor-widget-wrap elementor-element-populated\">\n\t\t\t\t\t\t<div class=\"elementor-element elementor-element-e3fcd6f elementor-widget elementor-widget-text-editor\" data-id=\"e3fcd6f\" data-element_type=\"widget\" data-e-type=\"widget\" data-widget_type=\"text-editor.default\">\n\t\t\t\t<div class=\"elementor-widget-container\">\n\t\t\t\t\t\t\t\t\t<h4><strong>Col\u00b7laboraci\u00f3 multidisciplin\u00e0ria:<\/strong><\/h4><p>El nostre equip de medicina interna treballa colze a colze amb <b>diagn\u00f2stic per imatge, oncologia, cirurgia i dermatologia<\/b> per elaborar plans terap\u00e8utics personalitzats.<\/p><h4><strong>Per qu\u00e8 triar-nos?<\/strong><\/h4><ul><li><p>Diagn\u00f2stic integral i enfocament sist\u00e8mic.<\/p><\/li><li><p>Atenci\u00f3 cont\u00ednua i protocol\u00b7litzada.<\/p><\/li><li><p>Coordinaci\u00f3 amb altres especialitats per a un abordatge hol\u00edstic.<\/p><\/li><\/ul><p><strong>Com funciona la consulta:<\/strong><\/p><ul><li><p>Cita pr\u00e8via recomanada; en cas urgent, es valorar\u00e0 la derivaci\u00f3 a Urg\u00e8ncies per a estabilitzaci\u00f3 i proves b\u00e0siques el mateix dia.<\/p><\/li><li><p>Facilita l&#8217;historial cl\u00ednic previ o proves ja realitzades (o envia-les per correu electr\u00f2nic) per evitar duplicar diagn\u00f2stics.<\/p><\/li><\/ul>\t\t\t\t\t\t\t\t<\/div>\n\t\t\t\t<\/div>\n\t\t\t\t\t<\/div>\n\t\t<\/div>\n\t\t\t\t\t<\/div>\n\t\t<\/section>\n\t\t\t\t<\/div>\n\t\t","protected":false},"excerpt":{"rendered":"<p>Els especialistes en medicina interna de de Terrassa, tracten problemes en els organs iInterns de la teva mascota mitjan\u00e7ant tractaments no quir\u00fargics. Els especialistes de en medicina interna centren la seva tasca en l&#8217;atenci\u00f3 de malalts amb un diagn\u00f2stic complex, que presenten s\u00edmptomes en diversos \u00f2rgans, aparells o sistemes de l&#8217;organisme o b\u00e9 pateixen diverses &hellip; <\/p>\n","protected":false},"author":1,"featured_media":0,"parent":0,"menu_order":0,"comment_status":"closed","ping_status":"closed","template":"page-fullwidth.php","meta":{"_acf_changed":false,"content-type":"","footnotes":""},"class_list":["post-13076","page","type-page","status-publish","hentry"],"acf":[],"_links":{"self":[{"href":"https:\/\/www.unavets.com\/abatmarcet\/ca\/wp-json\/wp\/v2\/pages\/13076","targetHints":{"allow":["GET"]}}],"collection":[{"href":"https:\/\/www.unavets.com\/abatmarcet\/ca\/wp-json\/wp\/v2\/pages"}],"about":[{"href":"https:\/\/www.unavets.com\/abatmarcet\/ca\/wp-json\/wp\/v2\/types\/page"}],"author":[{"embeddable":true,"href":"https:\/\/www.unavets.com\/abatmarcet\/ca\/wp-json\/wp\/v2\/users\/1"}],"replies":[{"embeddable":true,"href":"https:\/\/www.unavets.com\/abatmarcet\/ca\/wp-json\/wp\/v2\/comments?post=13076"}],"version-history":[{"count":9,"href":"https:\/\/www.unavets.com\/abatmarcet\/ca\/wp-json\/wp\/v2\/pages\/13076\/revisions"}],"predecessor-version":[{"id":21016,"href":"https:\/\/www.unavets.com\/abatmarcet\/ca\/wp-json\/wp\/v2\/pages\/13076\/revisions\/21016"}],"wp:attachment":[{"href":"https:\/\/www.unavets.com\/abatmarcet\/ca\/wp-json\/wp\/v2\/media?parent=13076"}],"curies":[{"name":"wp","href":"https:\/\/api.w.org\/{rel}","templated":true}]}}