{"id":13020,"date":"2021-01-08T13:27:32","date_gmt":"2021-01-08T13:27:32","guid":{"rendered":"http:\/\/www.unavets.com\/abatmarcet\/?page_id=13020"},"modified":"2025-09-09T17:00:01","modified_gmt":"2025-09-09T17:00:01","slug":"animals-exotics","status":"publish","type":"page","link":"https:\/\/www.unavets.com\/abatmarcet\/ca\/animals-exotics\/","title":{"rendered":"Animals Ex\u00f2tics"},"content":{"rendered":"\t\t<div data-elementor-type=\"wp-page\" data-elementor-id=\"13020\" class=\"elementor elementor-13020 elementor-1110\" data-elementor-post-type=\"page\">\n\t\t\t\t\t\t<section class=\"elementor-section elementor-top-section elementor-element elementor-element-3b7f1f2 elementor-section-boxed elementor-section-height-default elementor-section-height-default\" data-id=\"3b7f1f2\" data-element_type=\"section\" data-e-type=\"section\" id=\"main-sec\">\n\t\t\t\t\t\t<div class=\"elementor-container elementor-column-gap-default\">\n\t\t\t\t\t<div class=\"elementor-column elementor-col-100 elementor-top-column elementor-element elementor-element-138c88c\" data-id=\"138c88c\" data-element_type=\"column\" data-e-type=\"column\">\n\t\t\t<div class=\"elementor-widget-wrap elementor-element-populated\">\n\t\t\t\t\t\t<div class=\"elementor-element elementor-element-ec83cf0 elementor-widget elementor-widget-section_titleleft\" data-id=\"ec83cf0\" data-element_type=\"widget\" data-e-type=\"widget\" data-widget_type=\"section_titleleft.default\">\n\t\t\t\t<div class=\"elementor-widget-container\">\n\t\t\t\t\t        <div class=\"ab_text-title fl-wrap\">\n            <h3>Tens un r\u00e8ptil, un ocell, un conill, un rosegador o una fura? <\/h3>Al Hospital Veterinari Abat Marcet tamb\u00e9 atenem animals ex\u00f2tics. Oferim atenci\u00f3 m\u00e8dica b\u00e0sica i diagn\u00f2stica adaptada a cada esp\u00e8cie, sempre amb un maneig delicat per minimitzar l'estr\u00e8s.<span class=\"section-separator fl-sec-sep\"><\/span>        <\/div>\n        \t\t\t\t<\/div>\n\t\t\t\t<\/div>\n\t\t\t\t\t<\/div>\n\t\t<\/div>\n\t\t\t\t\t<\/div>\n\t\t<\/section>\n\t\t\t\t<section class=\"elementor-section elementor-top-section elementor-element elementor-element-d993722 elementor-section-boxed elementor-section-height-default elementor-section-height-default\" data-id=\"d993722\" data-element_type=\"section\" data-e-type=\"section\">\n\t\t\t\t\t\t<div class=\"elementor-container elementor-column-gap-default\">\n\t\t\t\t\t<div class=\"elementor-column elementor-col-50 elementor-top-column elementor-element elementor-element-065811d\" data-id=\"065811d\" data-element_type=\"column\" data-e-type=\"column\">\n\t\t\t<div class=\"elementor-widget-wrap elementor-element-populated\">\n\t\t\t\t\t\t<div class=\"elementor-element elementor-element-63d99ac elementor-widget elementor-widget-text-editor\" data-id=\"63d99ac\" data-element_type=\"widget\" data-e-type=\"widget\" data-widget_type=\"text-editor.default\">\n\t\t\t\t<div class=\"elementor-widget-container\">\n\t\t\t\t\t\t\t\t\t<p>Xavier Valls, pioner en la medicina i cirurgia d&#8217;animals ex\u00f2tics a Espanya, compta amb una \u00e0mplia experi\u00e8ncia i reconeixement en l&#8217;\u00e0mbit de la salut d&#8217;aquestes esp\u00e8cies. \u00c9s expert en diagn\u00f2stic per imatge, endosc\u00f2pia i cirurgia de m\u00ednima invasi\u00f3, i ha publicat nombrosos articles i llibres de refer\u00e8ncia en el sector.<\/p><p>\u00a0<\/p><p>E<b>n el nostre servei d&#8217;ex\u00f2tics oferim:<\/b><\/p><p><b>\u2022 Consultes especialitzades<\/b>: Atenci\u00f3 integral per a la salut de la teva mascota ex\u00f2tica, des de revisions rutin\u00e0ries fins a diagn\u00f2stics i tractaments complexos.<\/p><p>\u2022<b> Cirurgia de m\u00ednima invasi\u00f3<\/b>: T\u00e8cniques quir\u00fargiques avan\u00e7ades que minimitzen el dolor i la recuperaci\u00f3 de la teva mascota.\u00a0<\/p><p>\u2022 <b>Endosc\u00f2pia<\/b>: Exploraci\u00f3 de l&#8217;interior de l&#8217;organisme de la teva mascota per a un diagn\u00f2stic i tractament m\u00e9s precisos.<\/p><p>\u2022 <b>Diagn\u00f2stic pe la imatge:<\/b> Radiografia, ecografia i TAC per a obtenir imatges detallades del cos de la teva mascota i detectar possibles malalties.<\/p><p>\u2022 <b>An\u00e0lisi de laboratori: <\/b>An\u00e0lisis completes per a avaluar l&#8217;estat de salut de la teva mascota.<\/p><p>\u00a0<\/p>\t\t\t\t\t\t\t\t<\/div>\n\t\t\t\t<\/div>\n\t\t\t\t<div class=\"elementor-element elementor-element-c4adebf elementor-align-center elementor-widget elementor-widget-button\" data-id=\"c4adebf\" data-element_type=\"widget\" data-e-type=\"widget\" data-widget_type=\"button.default\">\n\t\t\t\t<div class=\"elementor-widget-container\">\n\t\t\t\t\t\t\t\t\t<div class=\"elementor-button-wrapper\">\n\t\t\t\t\t<a class=\"elementor-button elementor-button-link elementor-size-md\" href=\"https:\/\/www.unavets.com\/abatmarcet\/ca\/contacte\/\">\n\t\t\t\t\t\t<span class=\"elementor-button-content-wrapper\">\n\t\t\t\t\t\t<span class=\"elementor-button-icon\">\n\t\t\t\t<i aria-hidden=\"true\" class=\"far fa-calendar-alt\"><\/i>\t\t\t<\/span>\n\t\t\t\t\t\t\t\t\t<span class=\"elementor-button-text\">Demana cita<\/span>\n\t\t\t\t\t<\/span>\n\t\t\t\t\t<\/a>\n\t\t\t\t<\/div>\n\t\t\t\t\t\t\t\t<\/div>\n\t\t\t\t<\/div>\n\t\t\t\t\t<\/div>\n\t\t<\/div>\n\t\t\t\t<div class=\"elementor-column elementor-col-50 elementor-top-column elementor-element elementor-element-2048e61\" data-id=\"2048e61\" data-element_type=\"column\" data-e-type=\"column\">\n\t\t\t<div class=\"elementor-widget-wrap elementor-element-populated\">\n\t\t\t\t\t\t<div class=\"elementor-element elementor-element-dc7c821 elementor-widget elementor-widget-image\" data-id=\"dc7c821\" data-element_type=\"widget\" data-e-type=\"widget\" data-widget_type=\"image.default\">\n\t\t\t\t<div class=\"elementor-widget-container\">\n\t\t\t\t\t\t\t\t\t\t\t\t\t\t\t<img fetchpriority=\"high\" width=\"520\" height=\"520\" class=\"attachment-large size-large wp-image-20329 lazy\" alt=\"\" data-src=\"https:\/\/www.unavets.com\/abatmarcet\/wp-content\/uploads\/sites\/19\/2024\/09\/exoticos-abat-marcet-2.jpg\" data-lazy=\"https:\/\/www.unavets.com\/abatmarcet\/wp-content\/uploads\/sites\/19\/2024\/09\/exoticos-abat-marcet-2.jpg\" \/>\t\t\t\t\t\t\t\t\t\t\t\t\t\t\t<\/div>\n\t\t\t\t<\/div>\n\t\t\t\t\t<\/div>\n\t\t<\/div>\n\t\t\t\t\t<\/div>\n\t\t<\/section>\n\t\t\t\t<section class=\"elementor-section elementor-top-section elementor-element elementor-element-1736222 elementor-section-boxed elementor-section-height-default elementor-section-height-default\" data-id=\"1736222\" data-element_type=\"section\" data-e-type=\"section\">\n\t\t\t\t\t\t<div class=\"elementor-container elementor-column-gap-default\">\n\t\t\t\t\t<div class=\"elementor-column elementor-col-100 elementor-top-column elementor-element elementor-element-014d44d\" data-id=\"014d44d\" data-element_type=\"column\" data-e-type=\"column\">\n\t\t\t<div class=\"elementor-widget-wrap elementor-element-populated\">\n\t\t\t\t\t\t<div class=\"elementor-element elementor-element-9911d7b elementor-widget elementor-widget-text-editor\" data-id=\"9911d7b\" data-element_type=\"widget\" data-e-type=\"widget\" data-widget_type=\"text-editor.default\">\n\t\t\t\t<div class=\"elementor-widget-container\">\n\t\t\t\t\t\t\t\t\t<p><b>Per qu\u00e8 triar-nos:<\/b><\/p><ul><li><p>Experi\u00e8ncia en medicina general d&#8217;ex\u00f2tics.<\/p><\/li><li><p>Abordatge individualitzat i respectu\u00f3s amb cada esp\u00e8cie.<\/p><\/li><\/ul>\t\t\t\t\t\t\t\t<\/div>\n\t\t\t\t<\/div>\n\t\t\t\t<div class=\"elementor-element elementor-element-21b5480 elementor-alert-info elementor-widget elementor-widget-alert\" data-id=\"21b5480\" data-element_type=\"widget\" data-e-type=\"widget\" data-widget_type=\"alert.default\">\n\t\t\t\t<div class=\"elementor-widget-container\">\n\t\t\t\t\t\t\t<div class=\"elementor-alert\" role=\"alert\">\n\n\t\t\t\t\t\t<span class=\"elementor-alert-title\">IMPORTANT<\/span>\n\t\t\t\n\t\t\t\t\t\t<span class=\"elementor-alert-description\">NO ES FAN HOSPITALITZACIONS D'ANIMALS EX\u00d2TICS.\n\n<\/span>\n\t\t\t\n\t\t\t\t\t\t<button type=\"button\" class=\"elementor-alert-dismiss\" aria-label=\"Descarta aquesta alerta.\">\n\t\t\t\t\t\t\t\t\t<span aria-hidden=\"true\">&times;<\/span>\n\t\t\t\t\t\t\t<\/button>\n\t\t\t\n\t\t<\/div>\n\t\t\t\t\t\t<\/div>\n\t\t\t\t<\/div>\n\t\t\t\t\t<\/div>\n\t\t<\/div>\n\t\t\t\t\t<\/div>\n\t\t<\/section>\n\t\t\t\t<\/div>\n\t\t","protected":false},"excerpt":{"rendered":"<p>Tens un r\u00e8ptil, un ocell, un conill, un rosegador o una fura? Al Hospital Veterinari Abat Marcet tamb\u00e9 atenem animals ex\u00f2tics. Oferim atenci\u00f3 m\u00e8dica b\u00e0sica i diagn\u00f2stica adaptada a cada esp\u00e8cie, sempre amb un maneig delicat per minimitzar l&#8217;estr\u00e8s. Xavier Valls, pioner en la medicina i cirurgia d&#8217;animals ex\u00f2tics a Espanya, compta amb una \u00e0mplia &hellip; <\/p>\n","protected":false},"author":1,"featured_media":0,"parent":0,"menu_order":0,"comment_status":"closed","ping_status":"closed","template":"page-fullwidth.php","meta":{"_acf_changed":false,"content-type":"","footnotes":""},"class_list":["post-13020","page","type-page","status-publish","hentry"],"acf":[],"_links":{"self":[{"href":"https:\/\/www.unavets.com\/abatmarcet\/ca\/wp-json\/wp\/v2\/pages\/13020","targetHints":{"allow":["GET"]}}],"collection":[{"href":"https:\/\/www.unavets.com\/abatmarcet\/ca\/wp-json\/wp\/v2\/pages"}],"about":[{"href":"https:\/\/www.unavets.com\/abatmarcet\/ca\/wp-json\/wp\/v2\/types\/page"}],"author":[{"embeddable":true,"href":"https:\/\/www.unavets.com\/abatmarcet\/ca\/wp-json\/wp\/v2\/users\/1"}],"replies":[{"embeddable":true,"href":"https:\/\/www.unavets.com\/abatmarcet\/ca\/wp-json\/wp\/v2\/comments?post=13020"}],"version-history":[{"count":13,"href":"https:\/\/www.unavets.com\/abatmarcet\/ca\/wp-json\/wp\/v2\/pages\/13020\/revisions"}],"predecessor-version":[{"id":21109,"href":"https:\/\/www.unavets.com\/abatmarcet\/ca\/wp-json\/wp\/v2\/pages\/13020\/revisions\/21109"}],"wp:attachment":[{"href":"https:\/\/www.unavets.com\/abatmarcet\/ca\/wp-json\/wp\/v2\/media?parent=13020"}],"curies":[{"name":"wp","href":"https:\/\/api.w.org\/{rel}","templated":true}]}}